{"id":12,"date":"2017-11-23T13:21:48","date_gmt":"2017-11-23T12:21:48","guid":{"rendered":"https:\/\/www.sorhea.com\/?page_id=12"},"modified":"2026-03-05T15:06:31","modified_gmt":"2026-03-05T14:06:31","slug":"our-products","status":"publish","type":"page","link":"https:\/\/www.sorhea.com\/de\/our-products\/","title":{"rendered":"Unsere Produkte"},"content":{"rendered":"<div class=\"wpb-content-wrapper\"><p>[vc_row full_width=&#8220;stretch_row&#8220; css=&#8220;.vc_custom_1511516383864{padding-top: 10px !important;padding-bottom: 20px !important;background-color: #333333 !important;}&#8220;][vc_column]<div class=\"dt-fancy-separator title-left h3-size style-disabled\" style=\"width: 100%;\"><div class=\"dt-fancy-title\" style=\"color: #ffffff;\"><span class=\"separator-holder separator-left\"><\/span>SORHEA - innovative Produkte f\u00fcr Ihre Sicherheit<span class=\"separator-holder separator-right\"><\/span><\/div><\/div>[vc_column_text css=&#8220;.vc_custom_1609842231402{margin-bottom: 20px !important;padding-top: 20px !important;}&#8220; el_class=&#8220;dark-bkgd-text&#8220;]Um Eindringlinge in gesch\u00fctzten Bereichen zu entdecken, stehen mehrere Produkte zur Installation bereit. SORHEA bietet 8 Produktreihen mit 8 verschiedenen Technologien an, die zum Schutz aller Arten von sensiblen Standorten geeignet sind. Alle unsere Produkte und Technologien verf\u00fcgen \u00fcber ihre individuellen Vorteile, technischen Eigenschaften und Installationsempfehlungen.<\/p>\n<p>Die innovativen und einzigartigen Produkte von SORHEA passen sich den Anforderungen an. Ausgestattet mit modernster Software und zuverl\u00e4ssiger Hardware k\u00f6nnen diese Produkte jegliche Kategorie von gef\u00e4hrdeten Standorten sch\u00fctzen.[\/vc_column_text][vc_cta h2=&#8220;Unsere Unternehmensbrosch\u00fcre&#8220; h2_font_container=&#8220;tag:h2|font_size:20|text_align:left|color:%23333333|line_height:3&#8243; h2_use_theme_fonts=&#8220;yes&#8220; style=&#8220;custom&#8220; add_button=&#8220;left&#8220; btn_title=&#8220;Brosch\u00fcre herunterladen&#8220; btn_style=&#8220;custom&#8220; btn_custom_background=&#8220;#d40000&#8243; btn_custom_text=&#8220;#ffffff&#8220; btn_align=&#8220;center&#8220; btn_i_icon_fontawesome=&#8220;fas fa-file-pdf&#8220; css=&#8220;.vc_custom_1706282629304{border-right-width: 5px !important;border-left-width: 5px !important;padding-top: 10px !important;padding-bottom: 10px !important;border-left-color: #d40000 !important;border-right-color: #d40000 !important;}&#8220; use_custom_fonts_h2=&#8220;true&#8220; btn_button_block=&#8220;true&#8220; btn_add_icon=&#8220;true&#8220; custom_text=&#8220;#333333&#8243; btn_link=&#8220;url:https%3A%2F%2Fwww.sorhea.com%2Fde%2Fwp-content%2Fuploads%2Fsites%2F7%2F2024%2F01%2FBrochure-Corporate-DE_2023_V2_compressed.pdf|target:_blank&#8220; h2_el_class=&#8220;no-bottom-margin&#8220;][\/vc_cta][\/vc_column][\/vc_row][vc_row css=&#8220;.vc_custom_1551101553176{padding-top: 50px !important;padding-bottom: 40px !important;}&#8220; el_class=&#8220;dark-arrow&#8220;][vc_column css=&#8220;.vc_custom_1511625829584{padding-top: 30px !important;padding-right: 30px !important;padding-bottom: 30px !important;padding-left: 30px !important;background-color: #f3f3f3 !important;}&#8220;]<div class=\"dt-fancy-separator title-left h3-size title-color\" style=\"width: 100%;\"><div class=\"dt-fancy-title\"><span class=\"separator-holder separator-left\" style=\"border-color: #d40000;\"><\/span>Infrarotschranken<span class=\"separator-holder separator-right\" style=\"border-color: #d40000;\"><\/span><\/div><\/div>[vc_row_inner css=&#8220;.vc_custom_1511624983515{padding-top: 20px !important;}&#8220;][vc_column_inner width=&#8220;1\/3&#8243;][vc_single_image image=&#8220;177&#8243; img_size=&#8220;full&#8220; css=&#8220;.vc_custom_1511626044170{margin-bottom: 0px !important;}&#8220; image_hovers=&#8220;false&#8220;][\/vc_column_inner][vc_column_inner width=&#8220;2\/3&#8243;][vc_column_text]SORHEA-Infrarotschranken funktionieren mit der Aktiv-Infrarottechnologie, d. h. Sendung und Empfang von Lichtstrahlen. Die Lichtschranken werden so aufgestellt, dass sie eine regelrechte immaterielle und nicht sichtbare Schutzwand bilden.<\/p>\n<p>Das Lichtspektrum, also die Wellenl\u00e4ngen des sichtbaren Lichts, liegt zwischen 380 und 780 Nanometer. Tats\u00e4chlich haben IR-Strahlen eine Wellenl\u00e4nge von 950nm, die gr\u00f6\u00dfer als die des sichtbaren Lichts ist, wodurch der Perimeterschutz somit unsichtbar wird.[\/vc_column_text]<style type=\"text\/css\" data-type=\"the7_shortcodes-inline-css\">#default-btn-fa10459dfd641821606d8752b7655d6e.ico-right-side > i {\n  margin-right: 0px;\n  margin-left: 8px;\n}\n#default-btn-fa10459dfd641821606d8752b7655d6e > i {\n  margin-right: 8px;\n}<\/style><div class=\"btn-align-right\"><a href=\"http:\/\/www.sorhea.com\/de\/product-family\/infrared-barriers\/\" class=\"default-btn-shortcode dt-btn dt-btn-m link-hover-off  vc_custom_1606816262735\" id=\"default-btn-fa10459dfd641821606d8752b7655d6e\"><span>Unsere Produktreihe<\/span><\/a><\/div>[\/vc_column_inner][\/vc_row_inner][\/vc_column][\/vc_row][vc_row css=&#8220;.vc_custom_1511626619697{padding-bottom: 40px !important;}&#8220;][vc_column css=&#8220;.vc_custom_1511625829584{padding-top: 30px !important;padding-right: 30px !important;padding-bottom: 30px !important;padding-left: 30px !important;background-color: #f3f3f3 !important;}&#8220;]<div class=\"dt-fancy-separator title-left h3-size title-color\" style=\"width: 100%;\"><div class=\"dt-fancy-title\"><span class=\"separator-holder separator-left\" style=\"border-color: #d40000;\"><\/span>Zaundetektionssysteme<span class=\"separator-holder separator-right\" style=\"border-color: #d40000;\"><\/span><\/div><\/div>[vc_row_inner css=&#8220;.vc_custom_1511624983515{padding-top: 20px !important;}&#8220;][vc_column_inner width=&#8220;1\/3&#8243;][vc_single_image image=&#8220;170&#8243; img_size=&#8220;full&#8220; css=&#8220;.vc_custom_1511626060154{margin-bottom: 0px !important;}&#8220; image_hovers=&#8220;false&#8220;][\/vc_column_inner][vc_column_inner width=&#8220;2\/3&#8243;][vc_column_text]Detektionskabel von SORHEA sind mit einem Beschleunigungsmesser ausgestattet. Diese Sensoren erkennen Bewegungsvariationen eines Objekts nach drei Achsen und vergleichen diese mit einem voreingestellten Nullpunkt.<\/p>\n<p>Durch die besonderen Eigenschaften des Sensors kann das gesamte Zaunfeld Einbruchsversuche wie Durchtrennen, \u00dcberklettern oder Ausrei\u00dfen erkennen, da jede durch einen Einbruchsversuch ausgel\u00f6ste Vibration (ausgenommen Wind) vom Sensor erfasst und als Alarminformation weitergeleitet wird.[\/vc_column_text]<style type=\"text\/css\" data-type=\"the7_shortcodes-inline-css\">#default-btn-4804602733623aebfd151c9340d9c84b.ico-right-side > i {\n  margin-right: 0px;\n  margin-left: 8px;\n}\n#default-btn-4804602733623aebfd151c9340d9c84b > i {\n  margin-right: 8px;\n}<\/style><div class=\"btn-align-right\"><a href=\"http:\/\/www.sorhea.com\/de\/product-family\/shock-detectors\/\" class=\"default-btn-shortcode dt-btn dt-btn-m link-hover-off  vc_custom_1606816377853\" id=\"default-btn-4804602733623aebfd151c9340d9c84b\"><span>Unsere Produktreihe<\/span><\/a><\/div>[\/vc_column_inner][\/vc_row_inner][\/vc_column][\/vc_row][vc_row css=&#8220;.vc_custom_1511626619697{padding-bottom: 40px !important;}&#8220;][vc_column css=&#8220;.vc_custom_1511625829584{padding-top: 30px !important;padding-right: 30px !important;padding-bottom: 30px !important;padding-left: 30px !important;background-color: #f3f3f3 !important;}&#8220;]<div class=\"dt-fancy-separator title-left h3-size title-color\" style=\"width: 100%;\"><div class=\"dt-fancy-title\"><span class=\"separator-holder separator-left\" style=\"border-color: #d40000;\"><\/span>Glasfaser<span class=\"separator-holder separator-right\" style=\"border-color: #d40000;\"><\/span><\/div><\/div>[vc_row_inner css=&#8220;.vc_custom_1511624983515{padding-top: 20px !important;}&#8220;][vc_column_inner width=&#8220;1\/3&#8243;][vc_single_image image=&#8220;6140&#8243; img_size=&#8220;full&#8220; css=&#8220;.vc_custom_1739460836100{margin-bottom: 0px !important;}&#8220; image_hovers=&#8220;false&#8220;][\/vc_column_inner][vc_column_inner width=&#8220;2\/3&#8243;][vc_column_text css=&#8220;&#8220;]W\u00e4hrend qualitative Systeme niedrigere Alarmschwellen festlegen und somit mehr unerw\u00fcnschte Alarme erzeugen, erm\u00f6glichen die quantitativen Systeme von SORHEA die Definition h\u00f6herer Schwellenwerte,<br \/>\nwodurch diese Anzahl unerw\u00fcnschter Alarme erheblich reduziert wird.<br \/>\nDas folgende Diagramm zur quantitativen Signalverarbeitung veranschaulicht die Messleistung und erm\u00f6glicht die Anpassung der Schwellenwerte, um nur die gew\u00fcnschten Ereignisse zu erkennen.[\/vc_column_text]<style type=\"text\/css\" data-type=\"the7_shortcodes-inline-css\">#default-btn-ed3913664680fddbdbf1c20e11019fd2.ico-right-side > i {\n  margin-right: 0px;\n  margin-left: 8px;\n}\n#default-btn-ed3913664680fddbdbf1c20e11019fd2 > i {\n  margin-right: 8px;\n}<\/style><div class=\"btn-align-right\"><a href=\"https:\/\/www.sorhea.com\/de\/?post_type=dt_gallery&amp;p=6130&amp;preview=true\" class=\"default-btn-shortcode dt-btn dt-btn-m link-hover-off  vc_custom_1739461529595\" id=\"default-btn-ed3913664680fddbdbf1c20e11019fd2\"><span>Unsere Produktreihe<\/span><\/a><\/div>[\/vc_column_inner][\/vc_row_inner][\/vc_column][\/vc_row][vc_row disable_element=&#8220;yes&#8220;][vc_column css=&#8220;.vc_custom_1511625829584{padding-top: 30px !important;padding-right: 30px !important;padding-bottom: 30px !important;padding-left: 30px !important;background-color: #f3f3f3 !important;}&#8220;]<div class=\"dt-fancy-separator title-left h3-size title-color\" style=\"width: 100%;\"><div class=\"dt-fancy-title\"><span class=\"separator-holder separator-left\" style=\"border-color: #d40000;\"><\/span>Detektionsz\u00e4une<span class=\"separator-holder separator-right\" style=\"border-color: #d40000;\"><\/span><\/div><\/div>[vc_row_inner css=&#8220;.vc_custom_1511624983515{padding-top: 20px !important;}&#8220;][vc_column_inner width=&#8220;1\/3&#8243;][vc_single_image image=&#8220;92&#8243; img_size=&#8220;full&#8220; css=&#8220;.vc_custom_1511626392526{margin-bottom: 0px !important;}&#8220; image_hovers=&#8220;false&#8220;][\/vc_column_inner][vc_column_inner width=&#8220;2\/3&#8243;][vc_column_text]Detector fences are a patented very high-security solution. The first function of these products is to physically prevent an intrusion.<\/p>\n<p>The fence panels mounted on the poles consist of two plates (with electric current running through each of them), isolated from each other. Any cutting or tearing-down attempts creates a short-circuit and triggers an alarm.[\/vc_column_text]<style type=\"text\/css\" data-type=\"the7_shortcodes-inline-css\">#default-btn-0a32197f42643d3e19968c9ffafba395.ico-right-side > i {\n  margin-right: 0px;\n  margin-left: 8px;\n}\n#default-btn-0a32197f42643d3e19968c9ffafba395 > i {\n  margin-right: 8px;\n}<\/style><div class=\"btn-align-right\"><a href=\"http:\/\/www.sorhea.com\/de\/product-family\/detector-fences\/\" class=\"default-btn-shortcode dt-btn dt-btn-m link-hover-off  vc_custom_1606816395423\" id=\"default-btn-0a32197f42643d3e19968c9ffafba395\"><span>Unsere Produktreihe<\/span><\/a><\/div>[\/vc_column_inner][\/vc_row_inner][\/vc_column][\/vc_row][vc_row css=&#8220;.vc_custom_1551101586524{padding-top: 40px !important;padding-bottom: 40px !important;}&#8220;][vc_column css=&#8220;.vc_custom_1511625829584{padding-top: 30px !important;padding-right: 30px !important;padding-bottom: 30px !important;padding-left: 30px !important;background-color: #f3f3f3 !important;}&#8220;]<div class=\"dt-fancy-separator title-left h3-size title-color\" style=\"width: 100%;\"><div class=\"dt-fancy-title\"><span class=\"separator-holder separator-left\" style=\"border-color: #d40000;\"><\/span>Dual-Technologie-Sensoren<span class=\"separator-holder separator-right\" style=\"border-color: #d40000;\"><\/span><\/div><\/div>[vc_row_inner css=&#8220;.vc_custom_1511624983515{padding-top: 20px !important;}&#8220;][vc_column_inner width=&#8220;1\/3&#8243;][vc_single_image image=&#8220;164&#8243; img_size=&#8220;full&#8220; css=&#8220;.vc_custom_1511626132395{margin-bottom: 0px !important;}&#8220; image_hovers=&#8220;false&#8220;][\/vc_column_inner][vc_column_inner width=&#8220;2\/3&#8243;][vc_column_text]Die Dual-Technologie-Sensoren verbinden einen Passiv-Infrarot-Sensor (PIR) mit einem Mikrowellensensor mit Doppler-Effekt. Bei einem Einbruchsversuch entdeckt der Passiv-Infrarot-Sensor Temperaturunterschiede im Erfassungskegel.<\/p>\n<p>Der Doppler-Detektor verwendet eine Mikrowellen-Sender- und Empf\u00e4ngerantenne, die einen Impuls aussendet und das von der Umgebung reflektierte Signal analysiert. Die Frequenzunterschiede zwischen dem gesendeten Signal und dem empfangenen Signal liefern Informationen \u00fcber die beweglichen Objekte im Erfassungsbereich.[\/vc_column_text]<style type=\"text\/css\" data-type=\"the7_shortcodes-inline-css\">#default-btn-94b1c5227657b3c534e3044bc2658bda.ico-right-side > i {\n  margin-right: 0px;\n  margin-left: 8px;\n}\n#default-btn-94b1c5227657b3c534e3044bc2658bda > i {\n  margin-right: 8px;\n}<\/style><div class=\"btn-align-right\"><a href=\"http:\/\/www.sorhea.com\/de\/product-family\/dual-technology-detectors\/\" class=\"default-btn-shortcode dt-btn dt-btn-m link-hover-off  vc_custom_1606816407281\" id=\"default-btn-94b1c5227657b3c534e3044bc2658bda\"><span>Unsere Produktreihe<\/span><\/a><\/div>[\/vc_column_inner][\/vc_row_inner][\/vc_column][\/vc_row][vc_row css=&#8220;.vc_custom_1511626628012{padding-bottom: 40px !important;}&#8220;][vc_column css=&#8220;.vc_custom_1511625829584{padding-top: 30px !important;padding-right: 30px !important;padding-bottom: 30px !important;padding-left: 30px !important;background-color: #f3f3f3 !important;}&#8220;]<div class=\"dt-fancy-separator title-left h3-size title-color\" style=\"width: 100%;\"><div class=\"dt-fancy-title\"><span class=\"separator-holder separator-left\" style=\"border-color: #d40000;\"><\/span>Videoanalyse<span class=\"separator-holder separator-right\" style=\"border-color: #d40000;\"><\/span><\/div><\/div>[vc_row_inner css=&#8220;.vc_custom_1511624983515{padding-top: 20px !important;}&#8220;][vc_column_inner width=&#8220;1\/3&#8243;][vc_single_image image=&#8220;632&#8243; img_size=&#8220;full&#8220; css=&#8220;.vc_custom_1524829552646{margin-bottom: 0px !important;}&#8220; image_hovers=&#8220;false&#8220;][\/vc_column_inner][vc_column_inner width=&#8220;2\/3&#8243;][vc_column_text]Die Videoanalyse ist eine Softwaretechnologie, die Videobilddaten von z.B. Thermalkameras analysiert.<\/p>\n<p>Ziel ist es, alle Aktivit\u00e4ten im \u00fcberwachten Bildbereich unabh\u00e4ngig von den Umgebungsbedingungen zu erfassen und diese Bilder anschlie\u00dfend zu analysieren, um die Detektion zu optimieren. Alarminformationen werden gem\u00e4\u00df den gew\u00e4hlten Voreinstellungen \u00fcbertragen.[\/vc_column_text]<style type=\"text\/css\" data-type=\"the7_shortcodes-inline-css\">#default-btn-4f0c1475b84e64fad86b6711b291e419.ico-right-side > i {\n  margin-right: 0px;\n  margin-left: 8px;\n}\n#default-btn-4f0c1475b84e64fad86b6711b291e419 > i {\n  margin-right: 8px;\n}<\/style><div class=\"btn-align-right\"><a href=\"http:\/\/www.sorhea.com\/de\/product-family\/thermal-detection-and-video-analysis\/\" class=\"default-btn-shortcode dt-btn dt-btn-m link-hover-off  vc_custom_1606816597341\" id=\"default-btn-4f0c1475b84e64fad86b6711b291e419\"><span>Unsere Produktreihe<\/span><\/a><\/div>[\/vc_column_inner][\/vc_row_inner][\/vc_column][\/vc_row][vc_row css=&#8220;.vc_custom_1551101680613{padding-top: 0px !important;padding-bottom: 40px !important;}&#8220;][vc_column css=&#8220;.vc_custom_1511625829584{padding-top: 30px !important;padding-right: 30px !important;padding-bottom: 30px !important;padding-left: 30px !important;background-color: #f3f3f3 !important;}&#8220;]<div class=\"dt-fancy-separator title-left h3-size title-color\" style=\"width: 100%;\"><div class=\"dt-fancy-title\"><span class=\"separator-holder separator-left\" style=\"border-color: #d40000;\"><\/span>Integration<span class=\"separator-holder separator-right\" style=\"border-color: #d40000;\"><\/span><\/div><\/div>[vc_row_inner css=&#8220;.vc_custom_1511624983515{padding-top: 20px !important;}&#8220;][vc_column_inner width=&#8220;1\/3&#8243;][vc_single_image image=&#8220;1216&#8243; img_size=&#8220;full&#8220; css=&#8220;.vc_custom_1523634140546{margin-bottom: 0px !important;}&#8220; image_hovers=&#8220;false&#8220;][\/vc_column_inner][vc_column_inner width=&#8220;2\/3&#8243;][vc_column_text]Wir haben den Maxibus Universal Hub entwickelt, der Alarminformationen f\u00fcr alle unsere Produkte, sowie f\u00fcr Produkte von Drittanbietern zentralisiert.<br \/>\nEr erm\u00f6glicht die Verbindung zu den verschiedenen Alarmbetriebssystemen (VMS, Alarmzentralen, Leitstellensysteme).<br \/>\nAlle unsere Produkte sind auf diesem Konzentrator entweder nativ oder \u00fcber das 8-INPUT-FERNMODUL (MI8), unser Funk- oder Kabelkommunikationsmodul, vernetzt.<br \/>\nMaxibus Universal ist mit den Alarmbetriebssystemen verbunden: \u00fcber Relaisausgang (potentialfreier Kontakt), \u00fcber das ModBus-Protokoll (RTU oder TCP) oder \u00fcber die Smart Bridge-Software, unser Gateway zu Videomanagementsystemen wie Milestone, Genetec und Qognify.[\/vc_column_text]<style type=\"text\/css\" data-type=\"the7_shortcodes-inline-css\">#default-btn-bfe08846bae54d7707d8c93f62fe595a.ico-right-side > i {\n  margin-right: 0px;\n  margin-left: 8px;\n}\n#default-btn-bfe08846bae54d7707d8c93f62fe595a > i {\n  margin-right: 8px;\n}<\/style><div class=\"btn-align-right\"><a href=\"http:\/\/www.sorhea.com\/de\/product-family\/integration\/\" class=\"default-btn-shortcode dt-btn dt-btn-m link-hover-off  vc_custom_1606816607648\" id=\"default-btn-bfe08846bae54d7707d8c93f62fe595a\"><span>Unsere Produktreihe<\/span><\/a><\/div>[\/vc_column_inner][\/vc_row_inner][\/vc_column][\/vc_row]<\/p>\n<\/div>","protected":false},"excerpt":{"rendered":"<p>[vc_row full_width=&#8220;stretch_row&#8220; css=&#8220;.vc_custom_1511516383864{padding-top: 10px !important;padding-bottom: 20px !important;background-color: #333333 !important;}&#8220;][vc_column][vc_column_text css=&#8220;.vc_custom_1609842231402{margin-bottom: 20px !important;padding-top: 20px !important;}&#8220; el_class=&#8220;dark-bkgd-text&#8220;]Um Eindringlinge in gesch\u00fctzten Bereichen zu entdecken, stehen mehrere Produkte zur Installation bereit. SORHEA bietet 8 Produktreihen mit 8 verschiedenen Technologien an, die zum Schutz aller Arten von sensiblen Standorten geeignet sind. Alle unsere Produkte und Technologien verf\u00fcgen \u00fcber ihre individuellen&hellip;<\/p>\n","protected":false},"author":1,"featured_media":0,"parent":0,"menu_order":0,"comment_status":"closed","ping_status":"closed","template":"","meta":{"jetpack_post_was_ever_published":false,"footnotes":""},"class_list":["post-12","page","type-page","status-publish","hentry","description-off"],"jetpack_sharing_enabled":true,"jetpack_shortlink":"https:\/\/wp.me\/PaCgoX-c","_links":{"self":[{"href":"https:\/\/www.sorhea.com\/de\/wp-json\/wp\/v2\/pages\/12","targetHints":{"allow":["GET"]}}],"collection":[{"href":"https:\/\/www.sorhea.com\/de\/wp-json\/wp\/v2\/pages"}],"about":[{"href":"https:\/\/www.sorhea.com\/de\/wp-json\/wp\/v2\/types\/page"}],"author":[{"embeddable":true,"href":"https:\/\/www.sorhea.com\/de\/wp-json\/wp\/v2\/users\/1"}],"replies":[{"embeddable":true,"href":"https:\/\/www.sorhea.com\/de\/wp-json\/wp\/v2\/comments?post=12"}],"version-history":[{"count":67,"href":"https:\/\/www.sorhea.com\/de\/wp-json\/wp\/v2\/pages\/12\/revisions"}],"predecessor-version":[{"id":6179,"href":"https:\/\/www.sorhea.com\/de\/wp-json\/wp\/v2\/pages\/12\/revisions\/6179"}],"wp:attachment":[{"href":"https:\/\/www.sorhea.com\/de\/wp-json\/wp\/v2\/media?parent=12"}],"curies":[{"name":"wp","href":"https:\/\/api.w.org\/{rel}","templated":true}]}}