{"id":24,"date":"2017-11-23T13:58:57","date_gmt":"2017-11-23T12:58:57","guid":{"rendered":"https:\/\/www.sorhea.com\/?page_id=24"},"modified":"2026-03-05T11:48:39","modified_gmt":"2026-03-05T10:48:39","slug":"about-us","status":"publish","type":"page","link":"https:\/\/www.sorhea.com\/de\/about-us\/","title":{"rendered":"\u00dcber uns"},"content":{"rendered":"<div class=\"wpb-content-wrapper\"><p>[vc_row full_width=&#8220;stretch_row&#8220; css=&#8220;.vc_custom_1511516713882{padding-top: 10px !important;padding-bottom: 20px !important;background-color: #333333 !important;}&#8220;][vc_column]<div class=\"dt-fancy-separator title-left h3-size style-disabled\" style=\"width: 100%;\"><div class=\"dt-fancy-title\" style=\"color: #ffffff;\"><span class=\"separator-holder separator-left\"><\/span>\u00dcber uns<span class=\"separator-holder separator-right\"><\/span><\/div><\/div>[vc_column_text css=&#8220;.vc_custom_1707922069905{margin-bottom: 20px !important;padding-top: 20px !important;}&#8220; el_class=&#8220;dark-bkgd-text&#8220;]Mit mehr als 37 Jahren Erfahrung und rund 25.000 km installierten Detektionssystemen, hat sich der franz\u00f6sische Hersteller SORHEA als f\u00fchrender europ\u00e4ischer Spezialist f\u00fcr Perimeter\u00fcberwachung etabliert, und ist heute ein bedeutender Akteur auf dem internationalen Sicherheitsmarkt.<\/p>\n<p>Die von unseren Teams und Tochtergesellschaften in Frankreich (85 Mitarbeiter) sowie im Ausland (USA, Kanada, Belgien, Gro\u00dfbritannien und Deutschland) entwickelten und vertriebenen Technologien decken alle Anwendungsbereiche der Perimetersicherheit ab.[\/vc_column_text][vc_btn title=&#8220;Unternehmensbrosch\u00fcre herunterladen&#8220; style=&#8220;custom&#8220; custom_background=&#8220;#ed0000&#8243; custom_text=&#8220;#ffffff&#8220; link=&#8220;url:https%3A%2F%2Fwww.sorhea.com%2Fde%2Fwp-content%2Fuploads%2Fsites%2F7%2F2024%2F11%2FBrochure-Corporate-DE_2024_Low-Rez.pdf|target:_blank&#8220;][\/vc_column][\/vc_row][vc_row el_class=&#8220;dark-arrow&#8220; css=&#8220;.vc_custom_1533632284037{padding-top: 50px !important;padding-bottom: 40px !important;}&#8220;][vc_column width=&#8220;2\/3&#8243;]<div class=\"dt-fancy-separator title-left h3-size style-disabled title-color\" style=\"width: 100%;\"><div class=\"dt-fancy-title\"><span class=\"separator-holder separator-left\"><\/span>Unser Unternehmen<span class=\"separator-holder separator-right\"><\/span><\/div><\/div>[vc_column_text css=&#8220;.vc_custom_1695892874216{margin-bottom: 20px !important;padding-top: 20px !important;}&#8220;]Seit 1987 entwirft, fertigt und vertreibt SORHEA elektronische Perimetersicherungssysteme (PSS) zum Schutz von gef\u00e4hrdeten Industrieanlagen und Kritischer Infrastruktur. Das Produktangebot basiert auf dem Konzept der Fr\u00fcherkennung. Ein Eindringling auf einem \u00fcberwachten Gel\u00e4nde wird bereits am \u00e4u\u00dfersten Perimeter detektiert, bevor er in die zu sch\u00fctzenden Geb\u00e4ude eindringen kann.[\/vc_column_text]<style type=\"text\/css\" data-type=\"the7_shortcodes-inline-css\">#default-btn-f534e64aa19d3bba2b6667204cca3c8d.ico-right-side > i {\n  margin-right: 0px;\n  margin-left: 8px;\n}\n#default-btn-f534e64aa19d3bba2b6667204cca3c8d > i {\n  margin-right: 8px;\n}<\/style><div class=\"btn-align-left\"><a href=\"https:\/\/www.sorhea.com\/de\/about-us\/our-activity\/\" class=\"default-btn-shortcode dt-btn dt-btn-m link-hover-off  vc_custom_1606490085171\" id=\"default-btn-f534e64aa19d3bba2b6667204cca3c8d\"><span>Mehr erfahren<\/span><\/a><\/div>[\/vc_column][vc_column width=&#8220;1\/3&#8243;][vc_single_image image=&#8220;235&#8243; img_size=&#8220;full&#8220; alignment=&#8220;center&#8220; image_hovers=&#8220;false&#8220;][\/vc_column][\/vc_row][vc_row full_width=&#8220;stretch_row&#8220; css=&#8220;.vc_custom_1533631909407{padding-top: 10px !important;padding-bottom: 10px !important;background-color: #f3f3f3 !important;}&#8220;][vc_column width=&#8220;1\/3&#8243;][vc_single_image image=&#8220;1334&#8243; img_size=&#8220;full&#8220; alignment=&#8220;center&#8220; image_hovers=&#8220;false&#8220;][\/vc_column][vc_column width=&#8220;2\/3&#8243;]<div class=\"dt-fancy-separator title-left h3-size style-disabled title-color\" style=\"width: 100%;\"><div class=\"dt-fancy-title\"><span class=\"separator-holder separator-left\"><\/span>8 Technologien zum Schutz Ihrer Anlagen und Standorte<span class=\"separator-holder separator-right\"><\/span><\/div><\/div>[vc_column_text css=&#8220;.vc_custom_1607783984022{margin-bottom: 20px !important;padding-top: 20px !important;}&#8220;]Wir bieten die vollst\u00e4ndigste Produktreihe auf dem Markt, um Ihre Sicherheitsprobleme aller Art zu l\u00f6sen.<\/p>\n<p>Unsere Produktreihe, insbesondere unsere Systeme mit integriertem <strong>Funknetzwerk<\/strong> oder <strong>Solarmodul<\/strong>, bieten innovative L\u00f6sungen zum Schutz gro\u00dfer Perimeter:<\/p>\n<ul>\n<li>Immaterielle Barrieren: Infrarot, Mikrowelle<\/li>\n<li>Thermaldetektoren &amp; Videoanalyse, Dual-Technologie Sensoren<\/li>\n<li>Physische Barrieren: Detektionskabel, elektrifizierter Detektionszaun<\/li>\n<\/ul>\n<p>[\/vc_column_text]<style type=\"text\/css\" data-type=\"the7_shortcodes-inline-css\">#default-btn-7b5810fbd4639d7294c237047ffcd1b7.ico-right-side > i {\n  margin-right: 0px;\n  margin-left: 8px;\n}\n#default-btn-7b5810fbd4639d7294c237047ffcd1b7 > i {\n  margin-right: 8px;\n}<\/style><div class=\"btn-align-left\"><a href=\"https:\/\/www.sorhea.com\/de\/our-products\/\" class=\"default-btn-shortcode dt-btn dt-btn-m link-hover-off  vc_custom_1606490970498\" id=\"default-btn-7b5810fbd4639d7294c237047ffcd1b7\"><span>Mehr erfahren<\/span><\/a><\/div>[\/vc_column][\/vc_row][vc_row css=&#8220;.vc_custom_1533632635913{padding-top: 40px !important;padding-bottom: 40px !important;}&#8220;][vc_column width=&#8220;2\/3&#8243;]<div class=\"dt-fancy-separator title-left h3-size style-disabled title-color\" style=\"width: 100%;\"><div class=\"dt-fancy-title\"><span class=\"separator-holder separator-left\"><\/span>Unser Extra-Service<span class=\"separator-holder separator-right\"><\/span><\/div><\/div>[vc_column_text css=&#8220;.vc_custom_1610743470939{margin-bottom: 20px !important;padding-top: 20px !important;}&#8220;]SORHEA bietet eine Reihe von Serviceleistungen vor und nach dem Kauf an. Wir unterst\u00fctzen Sie bei Ihrem \u00dcberwachungsprojekt und der Installation der Sicherheitssysteme.[\/vc_column_text]<style type=\"text\/css\" data-type=\"the7_shortcodes-inline-css\">#default-btn-b363231a981c5ace11429b1fc1dd23a2.ico-right-side > i {\n  margin-right: 0px;\n  margin-left: 8px;\n}\n#default-btn-b363231a981c5ace11429b1fc1dd23a2 > i {\n  margin-right: 8px;\n}<\/style><div class=\"btn-align-left\"><a href=\"https:\/\/www.sorhea.com\/de\/about-us\/the-extra-service\/\" class=\"default-btn-shortcode dt-btn dt-btn-m link-hover-off  vc_custom_1606490301361\" id=\"default-btn-b363231a981c5ace11429b1fc1dd23a2\"><span>Mehr erfahren<\/span><\/a><\/div>[\/vc_column][vc_column width=&#8220;1\/3&#8243;][vc_single_image image=&#8220;243&#8243; img_size=&#8220;full&#8220; alignment=&#8220;center&#8220; image_hovers=&#8220;false&#8220;][\/vc_column][\/vc_row][vc_row full_width=&#8220;stretch_row&#8220; css=&#8220;.vc_custom_1533629905575{padding-top: 10px !important;padding-bottom: 10px !important;background-color: #f3f3f3 !important;}&#8220;][vc_column width=&#8220;1\/3&#8243;][vc_single_image image=&#8220;348&#8243; img_size=&#8220;full&#8220; alignment=&#8220;center&#8220; image_hovers=&#8220;false&#8220;][\/vc_column][vc_column width=&#8220;2\/3&#8243;]<div class=\"dt-fancy-separator title-left h3-size style-disabled title-color\" style=\"width: 100%;\"><div class=\"dt-fancy-title\"><span class=\"separator-holder separator-left\"><\/span>Verpflichtungen, die den Unterschied machen<span class=\"separator-holder separator-right\"><\/span><\/div><\/div>[vc_column_text css=&#8220;.vc_custom_1605017560883{margin-bottom: 20px !important;padding-top: 20px !important;}&#8220;]<\/p>\n<ul>\n<li><strong>Qualit\u00e4tsgarantie:<\/strong> \u00fcber 30 Jahre Erfahrung im Dienst unserer Kunden<\/li>\n<li><strong>Kundenspezifischer Service:<\/strong> wir unterst\u00fctzen unsere Kunden in allen Projektphasen<\/li>\n<li><strong>Experten vor Ort:<\/strong> f\u00fcr bauliche Anpassungen, Fragen vor dem Kauf und Unterst\u00fctzung bei der Inbetriebnahme<\/li>\n<li><strong>Exklusive internationale Vertriebspartner<\/strong><\/li>\n<li><strong>Netzwerk von geschulten Installateuren\/Systemintegratoren<\/strong><\/li>\n<\/ul>\n<p>[\/vc_column_text][\/vc_column][\/vc_row][vc_row css=&#8220;.vc_custom_1533632647723{padding-top: 40px !important;padding-bottom: 40px !important;}&#8220;][vc_column width=&#8220;2\/3&#8243;]<div class=\"dt-fancy-separator title-left h3-size style-disabled title-color\" style=\"width: 100%;\"><div class=\"dt-fancy-title\"><span class=\"separator-holder separator-left\"><\/span>Unsere Anwendungsbereiche<span class=\"separator-holder separator-right\"><\/span><\/div><\/div>[vc_column_text css=&#8220;.vc_custom_1612696649812{margin-bottom: 20px !important;padding-top: 20px !important;}&#8220;]F\u00fcr SORHEA ist jede Betriebsanlage und jeder Kunde wichtig. Dank unserer umfangreichen Produktpalette k\u00f6nnen wir uns jedem Standort mit kundenspezifischen und einzigartigen L\u00f6sungen anpassen.[\/vc_column_text]<style type=\"text\/css\" data-type=\"the7_shortcodes-inline-css\">#default-btn-f1685e98dc9d87fc77d0cbee7a76f6fd.ico-right-side > i {\n  margin-right: 0px;\n  margin-left: 8px;\n}\n#default-btn-f1685e98dc9d87fc77d0cbee7a76f6fd > i {\n  margin-right: 8px;\n}<\/style><div class=\"btn-align-left\"><a href=\"https:\/\/www.sorhea.com\/de\/about-us\/our-references\/\" class=\"default-btn-shortcode dt-btn dt-btn-m link-hover-off  vc_custom_1606490769193\" id=\"default-btn-f1685e98dc9d87fc77d0cbee7a76f6fd\"><span>Mehr erfahren<\/span><\/a><\/div>[\/vc_column][vc_column width=&#8220;1\/3&#8243;][vc_video link=&#8220;https:\/\/youtu.be\/sx_pncYSAv0&#8243;][\/vc_column][\/vc_row][vc_row full_width=&#8220;stretch_row&#8220; css=&#8220;.vc_custom_1606489557502{padding-top: 10px !important;padding-bottom: 10px !important;background-color: #f3f3f3 !important;}&#8220;][vc_column width=&#8220;1\/3&#8243;][vc_single_image image=&#8220;6353&#8243; img_size=&#8220;full&#8220; alignment=&#8220;center&#8220; css=&#8220;&#8220; image_hovers=&#8220;false&#8220;][\/vc_column][vc_column width=&#8220;2\/3&#8243;][vc_column_text css=&#8220;.vc_custom_1766135704593{margin-bottom: 20px !important;padding-left: 15px !important;}&#8220;]<strong>HIRSCH Group ist eine f\u00fchrende franz\u00f6sische Unternehmensgruppe mit Premium-Sicherheitsl\u00f6sungen.<\/strong><\/p>\n<p>&#8222;Unsere Aufgabe ist es, den physischen Zugang zu wichtigen vitalen Standorten in drei Bereichen zu sichern: Perimeterschutz, Zugangskontrolle und Cloud-Video\u00fcberwachungsl\u00f6sungen.<\/p>\n<p>Unsere 14 in Frankreich und international vertretenen Konzernmitglieder, sind Experten f\u00fcr die Entwicklung, Herstellung und den Verkauf von High-End-L\u00f6sungen f\u00fcr Perimeter-Intrusion Detection-Systeme (PIDS) und f\u00fcr die Zutrittskontrolle.&#8220;[\/vc_column_text]<style type=\"text\/css\" data-type=\"the7_shortcodes-inline-css\">#default-btn-5ad48befbc8cb761293a001563402de3.ico-right-side > i {\n  margin-right: 0px;\n  margin-left: 8px;\n}\n#default-btn-5ad48befbc8cb761293a001563402de3 > i {\n  margin-right: 8px;\n}<\/style><div class=\"btn-align-left\"><a href=\"https:\/\/www.vitaprotech.com\/en\/\" class=\"default-btn-shortcode dt-btn dt-btn-m link-hover-off  vc_custom_1605017883208\" target=\"_blank\" id=\"default-btn-5ad48befbc8cb761293a001563402de3\" rel=\"nofollow\"><span>Entdecken Sie VITAPROTECH<\/span><\/a><\/div>[\/vc_column][\/vc_row]<\/p>\n<\/div>","protected":false},"excerpt":{"rendered":"<p>[vc_row full_width=&#8220;stretch_row&#8220; css=&#8220;.vc_custom_1511516713882{padding-top: 10px !important;padding-bottom: 20px !important;background-color: #333333 !important;}&#8220;][vc_column][vc_column_text css=&#8220;.vc_custom_1707922069905{margin-bottom: 20px !important;padding-top: 20px !important;}&#8220; el_class=&#8220;dark-bkgd-text&#8220;]Mit mehr als 37 Jahren Erfahrung und rund 25.000 km installierten Detektionssystemen, hat sich der franz\u00f6sische Hersteller SORHEA als f\u00fchrender europ\u00e4ischer Spezialist f\u00fcr Perimeter\u00fcberwachung etabliert, und ist heute ein bedeutender Akteur auf dem internationalen Sicherheitsmarkt. Die von unseren Teams und Tochtergesellschaften&hellip;<\/p>\n","protected":false},"author":1,"featured_media":0,"parent":0,"menu_order":0,"comment_status":"closed","ping_status":"closed","template":"","meta":{"jetpack_post_was_ever_published":false,"footnotes":""},"class_list":["post-24","page","type-page","status-publish","hentry","description-off"],"jetpack_sharing_enabled":true,"jetpack_shortlink":"https:\/\/wp.me\/PaCgoX-o","_links":{"self":[{"href":"https:\/\/www.sorhea.com\/de\/wp-json\/wp\/v2\/pages\/24","targetHints":{"allow":["GET"]}}],"collection":[{"href":"https:\/\/www.sorhea.com\/de\/wp-json\/wp\/v2\/pages"}],"about":[{"href":"https:\/\/www.sorhea.com\/de\/wp-json\/wp\/v2\/types\/page"}],"author":[{"embeddable":true,"href":"https:\/\/www.sorhea.com\/de\/wp-json\/wp\/v2\/users\/1"}],"replies":[{"embeddable":true,"href":"https:\/\/www.sorhea.com\/de\/wp-json\/wp\/v2\/comments?post=24"}],"version-history":[{"count":79,"href":"https:\/\/www.sorhea.com\/de\/wp-json\/wp\/v2\/pages\/24\/revisions"}],"predecessor-version":[{"id":6371,"href":"https:\/\/www.sorhea.com\/de\/wp-json\/wp\/v2\/pages\/24\/revisions\/6371"}],"wp:attachment":[{"href":"https:\/\/www.sorhea.com\/de\/wp-json\/wp\/v2\/media?parent=24"}],"curies":[{"name":"wp","href":"https:\/\/api.w.org\/{rel}","templated":true}]}}