{"id":250,"date":"2017-11-24T10:22:58","date_gmt":"2017-11-24T09:22:58","guid":{"rendered":"https:\/\/www.sorhea.com\/?page_id=250"},"modified":"2026-03-05T11:51:43","modified_gmt":"2026-03-05T10:51:43","slug":"our-activity","status":"publish","type":"page","link":"https:\/\/www.sorhea.com\/de\/about-us\/our-activity\/","title":{"rendered":"Unser Betrieb"},"content":{"rendered":"<div class=\"wpb-content-wrapper\"><p>[vc_row full_width=&#8220;stretch_row&#8220; css=&#8220;.vc_custom_1511516383864{padding-top: 10px !important;padding-bottom: 20px !important;background-color: #333333 !important;}&#8220;][vc_column]<div class=\"dt-fancy-separator title-left h3-size style-disabled\" style=\"width: 100%;\"><div class=\"dt-fancy-title\" style=\"color: #ffffff;\"><span class=\"separator-holder separator-left\"><\/span>Unser Unternehmen<span class=\"separator-holder separator-right\"><\/span><\/div><\/div>[vc_column_text css=&#8220;.vc_custom_1695892753791{margin-bottom: 20px !important;padding-top: 20px !important;}&#8220; el_class=&#8220;dark-bkgd-text&#8220;]Seit 1987 entwickelt, produziert und vertreibt SORHEA elektronische Perimetersicherungssysteme (PSS) zum Schutz von sensiblen Standorten, gef\u00e4hrdeten Industrieanlagen oder Privatanwesen. Das Produktangebot basiert auf dem Konzept der Fr\u00fcherkennung, d.h. ein Eindringling wird fr\u00fchestm\u00f6glich auf einem \u00fcberwachten Gel\u00e4nde erfasst, bevor er in das Innere eines Geb\u00e4udes vordringen kann.[\/vc_column_text][\/vc_column][\/vc_row][vc_row el_class=&#8220;dark-arrow&#8220; css=&#8220;.vc_custom_1511518511840{padding-top: 50px !important;padding-bottom: 20px !important;}&#8220;][vc_column css=&#8220;.vc_custom_1511518565017{padding-top: 15px !important;}&#8220;][vc_cta h2=&#8220;Unternehmensbrosch\u00fcre in PDF&#8220; h2_font_container=&#8220;tag:h2|font_size:20px|text_align:left|line_height:48px&#8220; h2_use_theme_fonts=&#8220;yes&#8220; style=&#8220;custom&#8220; add_button=&#8220;left&#8220; btn_title=&#8220;Download&#8220; btn_style=&#8220;custom&#8220; btn_custom_background=&#8220;#d40000&#8243; btn_custom_text=&#8220;#ffffff&#8220; btn_align=&#8220;center&#8220; btn_i_icon_fontawesome=&#8220;fas fa-file-pdf&#8220; css=&#8220;.vc_custom_1731507795290{border-right-width: 5px !important;border-left-width: 5px !important;padding-top: 15px !important;padding-bottom: 15px !important;border-left-color: #d40000 !important;border-right-color: #d40000 !important;}&#8220; use_custom_fonts_h2=&#8220;true&#8220; btn_button_block=&#8220;true&#8220; btn_add_icon=&#8220;true&#8220; btn_link=&#8220;url:https%3A%2F%2Fwww.sorhea.com%2Fde%2Fwp-content%2Fuploads%2Fsites%2F7%2F2024%2F11%2FBrochure-Corporate-DE_2024_Low-Rez.pdf|target:_blank&#8220; custom_background=&#8220;#f3f3f3&#8243; custom_text=&#8220;#333333&#8243; h2_el_class=&#8220;no-bottom-margin&#8220; btn_el_class=&#8220;theme-font-button&#8220;][\/vc_cta][\/vc_column][\/vc_row][vc_row css=&#8220;.vc_custom_1511519561579{margin-bottom: 20px !important;}&#8220;][vc_column]<div class=\"dt-fancy-separator title-left h3-size title-color\" style=\"width: 100%;\"><div class=\"dt-fancy-title\"><span class=\"separator-holder separator-left\"><\/span>Fachwissen eines franz\u00f6sischen Herstellers<span class=\"separator-holder separator-right\"><\/span><\/div><\/div>[\/vc_column][\/vc_row][vc_row][vc_column offset=&#8220;vc_hidden-lg vc_hidden-md vc_hidden-sm&#8220;][vc_single_image image=&#8220;299&#8243; img_size=&#8220;full&#8220; alignment=&#8220;center&#8220; image_hovers=&#8220;false&#8220;][\/vc_column][vc_column width=&#8220;2\/3&#8243;][vc_column_text css=&#8220;&#8220;]Dank unserer best\u00e4ndigen Innovation und unserer Politik des externen Wachstums bietet SORHEA heute die vollst\u00e4ndigste Produktreihe auf dem Markt: Infrarotschranken, Detektorkabel f\u00fcr Z\u00e4une und Mauern, Dual-Technologie-Sensoren, Hochfrequenzschranken, W\u00e4rmebild-Detektoren oder auch aktive Zaunschutzsysteme. SORHEAs St\u00e4rke liegt in der Flexibilit\u00e4t, sich allen Sicherheitsanforderungen anzupassen. SORHEA entwickelt kundenspezifische Produkte, um den strengsten Anforderungen der Kunden zu entsprechen. Dank der 38-j\u00e4hrigen Erfahrung konnte SORHEA L\u00f6sungen entwickeln, damit sich alle Produkte in markt\u00fcbliche Video- und Geb\u00e4udemanagementsysteme integrieren lassen.<\/p>\n<p>Und letztendlich garantiert seit \u00fcber 38 Jahren die Produktions- und Qualit\u00e4tskontrolle (ISO 9001-Zertifizerung &#8211; Version 2015) die Zuverl\u00e4ssigkeit der SORHEA-Produkte.[\/vc_column_text][\/vc_column][vc_column width=&#8220;1\/3&#8243; offset=&#8220;vc_hidden-xs&#8220;][vc_single_image image=&#8220;299&#8243; img_size=&#8220;full&#8220; alignment=&#8220;right&#8220; image_hovers=&#8220;false&#8220;][\/vc_column][\/vc_row][vc_row css=&#8220;.vc_custom_1511519703089{margin-bottom: 20px !important;}&#8220;][vc_column]<div class=\"dt-fancy-separator title-right h3-size title-color\" style=\"width: 100%;\"><div class=\"dt-fancy-title\"><span class=\"separator-holder separator-left\"><\/span>Perimeterschutz<span class=\"separator-holder separator-right\"><\/span><\/div><\/div>[\/vc_column][\/vc_row][vc_row][vc_column offset=&#8220;vc_hidden-lg vc_hidden-md vc_hidden-sm&#8220;][vc_single_image image=&#8220;304&#8243; img_size=&#8220;full&#8220; alignment=&#8220;center&#8220; image_hovers=&#8220;false&#8220;][\/vc_column][vc_column width=&#8220;1\/3&#8243; offset=&#8220;vc_hidden-xs&#8220;][vc_single_image image=&#8220;304&#8243; img_size=&#8220;full&#8220; image_hovers=&#8220;false&#8220;][\/vc_column][vc_column width=&#8220;2\/3&#8243;][vc_column_text css=&#8220;&#8220;]Die wachsenden Ver\u00e4nderungen der modernen Gesellschaft verst\u00e4rken die Nachfrage nach Sicherheitssystemen in verschiedenen Bereichen.<\/p>\n<p>Der Markt f\u00fcr elektronische \u00dcberwachungssysteme entwickelte sich in den 80er Jahren, wobei einige Detektionssysteme ausschlie\u00dflich in Geb\u00e4uden installiert wurden. Seit \u00fcber 38 Jahren hat sich SORHEA als Fachhersteller auf einem neuen Markt f\u00fcr Freiland\u00fcberwachungssysteme etabliert.<\/p>\n<p>Unsere Ger\u00e4te werden meistens au\u00dferhalb der Geb\u00e4ude installiert und melden die Anwesenheit von Eindringlingen, bevor diese die gef\u00e4hrdeten Anlagen betreten k\u00f6nnen.[\/vc_column_text][\/vc_column][\/vc_row][vc_row][vc_column]<div class=\"hr-thin style-line\" style=\"width: 100%;border-top-width: 1px;\"><\/div>[vc_column_text css=&#8220;&#8220;]<q class=\"h3-size shortcode-pullquote wf-cell align-right wf-1\"><p>Seit \u00fcber 38 Jahren sind wir spezialisiert auf Perimeterschutzsysteme<\/p>\n<\/q>[\/vc_column_text]<div class=\"ult-spacer spacer-69ded94bb0cb0\" data-id=\"69ded94bb0cb0\" data-height=\"10\" data-height-mobile=\"10\" data-height-tab=\"10\" data-height-tab-portrait=\"\" data-height-mobile-landscape=\"\" style=\"clear:both;display:block;\"><\/div><div class=\"hr-thin style-line\" style=\"width: 100%;border-top-width: 1px;\"><\/div>[\/vc_column][\/vc_row][vc_row css=&#8220;.vc_custom_1511520439171{padding-top: 30px !important;}&#8220;][vc_column width=&#8220;1\/2&#8243;][vc_column_text css=&#8220;.vc_custom_1607788027879{margin-bottom: 30px !important;}&#8220;]Eins\u00e4tze von Sicherheitsdiensten k\u00f6nnen durch diese Systeme schneller, fr\u00fcher und effizienter erfolgen. Ein Perimeterschutzsystem \u00fcberwacht auch Warenlager im Freien.<\/p>\n<p>Perimeterschutz erfordert robuste und zuverl\u00e4ssige Produkte, die unter extremsten Witterungsbedingungen funktionieren m\u00fcssen. Zahlreiche Technologien stehen auf dem Markt zur Verf\u00fcgung, um den verschiedensten Anforderungen gerecht zu werden.[\/vc_column_text][\/vc_column][vc_column width=&#8220;1\/2&#8243;][vc_column_text css=&#8220;.vc_custom_1511520485689{margin-bottom: 30px !important;}&#8220;]Der Perimeterschutzmarkt wird von der steigenden Nachfrage nach Sicherung sensibler Standorte getragen. Gro\u00dfe Nachfrage besteht in der Transport- und Logistikindustrie, f\u00fcr Chemieanlagen und Kernkraftwerke, Unternehmen mit hochsensiblen Produktionsanlagen, Freilager, Vollzugsanstalten usw.<\/p>\n<p>Das Gef\u00fchl der Unsicherheit und die steigende Anzahl von \u00dcberf\u00e4llen auf Privath\u00e4user \u00fcberzeugen auch Privateigent\u00fcmer, ihre Anwesen mit Perimeterschutzsystemen auszustatten.[\/vc_column_text][\/vc_column][\/vc_row]<\/p>\n<\/div>","protected":false},"excerpt":{"rendered":"<p>[vc_row full_width=&#8220;stretch_row&#8220; css=&#8220;.vc_custom_1511516383864{padding-top: 10px !important;padding-bottom: 20px !important;background-color: #333333 !important;}&#8220;][vc_column][vc_column_text css=&#8220;.vc_custom_1695892753791{margin-bottom: 20px !important;padding-top: 20px !important;}&#8220; el_class=&#8220;dark-bkgd-text&#8220;]Seit 1987 entwickelt, produziert und vertreibt SORHEA elektronische Perimetersicherungssysteme (PSS) zum Schutz von sensiblen Standorten, gef\u00e4hrdeten Industrieanlagen oder Privatanwesen. Das Produktangebot basiert auf dem Konzept der Fr\u00fcherkennung, d.h. ein Eindringling wird fr\u00fchestm\u00f6glich auf einem \u00fcberwachten Gel\u00e4nde erfasst, bevor er in das&hellip;<\/p>\n","protected":false},"author":1,"featured_media":0,"parent":24,"menu_order":0,"comment_status":"closed","ping_status":"closed","template":"","meta":{"jetpack_post_was_ever_published":false,"footnotes":""},"class_list":["post-250","page","type-page","status-publish","hentry","description-off"],"jetpack_sharing_enabled":true,"jetpack_shortlink":"https:\/\/wp.me\/PaCgoX-42","_links":{"self":[{"href":"https:\/\/www.sorhea.com\/de\/wp-json\/wp\/v2\/pages\/250","targetHints":{"allow":["GET"]}}],"collection":[{"href":"https:\/\/www.sorhea.com\/de\/wp-json\/wp\/v2\/pages"}],"about":[{"href":"https:\/\/www.sorhea.com\/de\/wp-json\/wp\/v2\/types\/page"}],"author":[{"embeddable":true,"href":"https:\/\/www.sorhea.com\/de\/wp-json\/wp\/v2\/users\/1"}],"replies":[{"embeddable":true,"href":"https:\/\/www.sorhea.com\/de\/wp-json\/wp\/v2\/comments?post=250"}],"version-history":[{"count":74,"href":"https:\/\/www.sorhea.com\/de\/wp-json\/wp\/v2\/pages\/250\/revisions"}],"predecessor-version":[{"id":6162,"href":"https:\/\/www.sorhea.com\/de\/wp-json\/wp\/v2\/pages\/250\/revisions\/6162"}],"up":[{"embeddable":true,"href":"https:\/\/www.sorhea.com\/de\/wp-json\/wp\/v2\/pages\/24"}],"wp:attachment":[{"href":"https:\/\/www.sorhea.com\/de\/wp-json\/wp\/v2\/media?parent=250"}],"curies":[{"name":"wp","href":"https:\/\/api.w.org\/{rel}","templated":true}]}}