{"id":252,"date":"2017-11-24T10:23:30","date_gmt":"2017-11-24T09:23:30","guid":{"rendered":"https:\/\/www.sorhea.com\/?page_id=252"},"modified":"2026-03-05T14:24:17","modified_gmt":"2026-03-05T13:24:17","slug":"the-extra-service","status":"publish","type":"page","link":"https:\/\/www.sorhea.com\/de\/about-us\/the-extra-service\/","title":{"rendered":"Unser Extra-Service"},"content":{"rendered":"<div class=\"wpb-content-wrapper\"><p>[vc_row full_width=&#8220;stretch_row&#8220; css=&#8220;.vc_custom_1511516383864{padding-top: 10px !important;padding-bottom: 20px !important;background-color: #333333 !important;}&#8220;][vc_column]<div class=\"dt-fancy-separator title-left h3-size style-disabled\" style=\"width: 100%;\"><div class=\"dt-fancy-title\" style=\"color: #ffffff;\"><span class=\"separator-holder separator-left\"><\/span>Unser Extra-Service<span class=\"separator-holder separator-right\"><\/span><\/div><\/div>[vc_column_text el_class=&#8220;dark-bkgd-text&#8220; css=&#8220;.vc_custom_1607530031945{margin-bottom: 20px !important;padding-top: 20px !important;}&#8220;]SORHEA bietet eine Reihe von Serviceleistungen vor und nach dem Kauf an. Wir unterst\u00fctzen Sie bei Ihrem \u00dcberwachungsprojekt und der Installation der Sicherheitssysteme.[\/vc_column_text][\/vc_column][\/vc_row][vc_row el_class=&#8220;dark-arrow&#8220; css=&#8220;.vc_custom_1511516789691{padding-top: 50px !important;padding-bottom: 20px !important;}&#8220;][vc_column css=&#8220;.vc_custom_1511520956582{padding-top: 15px !important;}&#8220;]<div class=\"dt-fancy-separator title-left h3-size title-color\" style=\"width: 100%;\"><div class=\"dt-fancy-title\"><span class=\"separator-holder separator-left\"><\/span>Neu 2024<span class=\"separator-holder separator-right\"><\/span><\/div><\/div>[\/vc_column][\/vc_row][vc_row][vc_column][vc_row_inner][vc_column_inner offset=&#8220;vc_hidden-lg vc_hidden-md vc_hidden-sm&#8220;][vc_single_image image=&#8220;2951&#8243; img_size=&#8220;full&#8220; alignment=&#8220;center&#8220; image_hovers=&#8220;false&#8220;][\/vc_column_inner][vc_column_inner width=&#8220;1\/3&#8243; offset=&#8220;vc_hidden-xs&#8220;][vc_single_image image=&#8220;5801&#8243; img_size=&#8220;full&#8220; image_hovers=&#8220;false&#8220;][\/vc_column_inner][vc_column_inner width=&#8220;2\/3&#8243;][vc_column_text]SORHEA f\u00fchrt einen neuen Garantieservice ein, den j\u00e4hrlichen Servicevertrag!<br \/>\nSORHEA ist der Garant f\u00fcr zuverl\u00e4ssige und nachhaltige Sicherheit. Heute setzen wir uns f\u00fcr Ihre Sicherheit ein und f\u00fchren den j\u00e4hrlichen Servicevertrag ein, der Ihnen eine 10-j\u00e4hrige Herstellergarantie<br \/>\nauf Produkte und Teile bietet.[\/vc_column_text][vc_cta h2=&#8220;Verkaufsabteilung kontaktieren:&#8220; h2_font_container=&#8220;tag:h2|font_size:20|text_align:left|line_height:26px&#8220; h2_use_theme_fonts=&#8220;yes&#8220; h4=&#8220;+49 (0)6142 4811950&#8243; h4_font_container=&#8220;tag:h2|font_size:16|text_align:left|color:%23d40000&#8243; h4_use_theme_fonts=&#8220;yes&#8220; style=&#8220;custom&#8220; add_button=&#8220;right&#8220; btn_title=&#8220;Per E-Mail&#8220; btn_style=&#8220;custom&#8220; btn_custom_background=&#8220;#d40000&#8243; btn_custom_text=&#8220;#ffffff&#8220; btn_align=&#8220;center&#8220; btn_i_icon_fontawesome=&#8220;far fa-envelope&#8220; use_custom_fonts_h2=&#8220;true&#8220; use_custom_fonts_h4=&#8220;true&#8220; btn_button_block=&#8220;true&#8220; btn_add_icon=&#8220;true&#8220; custom_background=&#8220;#f3f3f3&#8243; custom_text=&#8220;#333333&#8243; btn_link=&#8220;url:mailto%3Akontakt%40sorhea.com&#8220; css=&#8220;.vc_custom_1699868463962{border-right-width: 5px !important;border-left-width: 5px !important;padding-top: 10px !important;padding-bottom: 10px !important;border-left-color: #d40000 !important;border-right-color: #d40000 !important;}&#8220; h2_el_class=&#8220;no-bottom-margin&#8220; h4_el_class=&#8220;no-bottom-margin&#8220; btn_el_class=&#8220;theme-font-button&#8220;][\/vc_cta][\/vc_column_inner][\/vc_row_inner][\/vc_column][\/vc_row][vc_row el_class=&#8220;dark-arrow&#8220; css=&#8220;.vc_custom_1511516789691{padding-top: 50px !important;padding-bottom: 20px !important;}&#8220;][vc_column css=&#8220;.vc_custom_1511520956582{padding-top: 15px !important;}&#8220;]<div class=\"dt-fancy-separator title-left h3-size title-color\" style=\"width: 100%;\"><div class=\"dt-fancy-title\"><span class=\"separator-holder separator-left\"><\/span>Vertriebsdienste<span class=\"separator-holder separator-right\"><\/span><\/div><\/div>[\/vc_column][\/vc_row][vc_row][vc_column][vc_tabs interval=&#8220;0&#8243; title_size=&#8220;h5&#8243; style=&#8220;tab-style-three&#8220; el_class=&#8220;no-bottom-margin&#8220;][vc_tab title=&#8220;Standortstudie&#8220; tab_id=&#8220;5e7e93b1-b1ab-8&#8243;][vc_row_inner][vc_column_inner offset=&#8220;vc_hidden-lg vc_hidden-md vc_hidden-sm&#8220;][vc_single_image image=&#8220;319&#8243; img_size=&#8220;full&#8220; alignment=&#8220;center&#8220; image_hovers=&#8220;false&#8220;][\/vc_column_inner][vc_column_inner width=&#8220;2\/3&#8243;][vc_column_text]SORHEA unterst\u00fctzt Sie bei Ihrem Entscheidungsprozess durch Standortstudien und Pr\u00fcfung Ihrer Spezifikationen. Wir stellen Ihnen zahlreiche Tools wie Produktkataloge, Brosch\u00fcren und technische Installationsanweisungen zur Verf\u00fcgung, damit Sie das Angebot und die Produkte kennenlernen und verstehen. Unsere Vertriebsabteilung bietet Ihnen einen vollst\u00e4ndig ma\u00dfgeschneiderten Service, damit Sie die Durchf\u00fchrbarkeit Ihres Projekts validieren k\u00f6nnen und empfiehlt Ihnen, die f\u00fcr Ihren Bedarf geeignete Technologie und das beste Produkt.[\/vc_column_text][vc_cta h2=&#8220;Verkaufsabteilung kontaktieren:&#8220; h2_font_container=&#8220;tag:h2|font_size:20|text_align:left|line_height:26px&#8220; h2_use_theme_fonts=&#8220;yes&#8220; h4=&#8220;+49 (0)6142 4811950&#8243; h4_font_container=&#8220;tag:h2|font_size:16|text_align:left|color:%23d40000&#8243; h4_use_theme_fonts=&#8220;yes&#8220; style=&#8220;custom&#8220; add_button=&#8220;right&#8220; btn_title=&#8220;Per E-Mail&#8220; btn_style=&#8220;custom&#8220; btn_custom_background=&#8220;#d40000&#8243; btn_custom_text=&#8220;#ffffff&#8220; btn_align=&#8220;center&#8220; btn_i_icon_fontawesome=&#8220;far fa-envelope&#8220; use_custom_fonts_h2=&#8220;true&#8220; use_custom_fonts_h4=&#8220;true&#8220; btn_button_block=&#8220;true&#8220; btn_add_icon=&#8220;true&#8220; custom_background=&#8220;#f3f3f3&#8243; custom_text=&#8220;#333333&#8243; btn_link=&#8220;url:mailto%3Akontakt%40sorhea.com&#8220; css=&#8220;.vc_custom_1699868463962{border-right-width: 5px !important;border-left-width: 5px !important;padding-top: 10px !important;padding-bottom: 10px !important;border-left-color: #d40000 !important;border-right-color: #d40000 !important;}&#8220; h2_el_class=&#8220;no-bottom-margin&#8220; h4_el_class=&#8220;no-bottom-margin&#8220; btn_el_class=&#8220;theme-font-button&#8220;][\/vc_cta][\/vc_column_inner][vc_column_inner width=&#8220;1\/3&#8243; offset=&#8220;vc_hidden-xs&#8220;][vc_single_image image=&#8220;319&#8243; img_size=&#8220;full&#8220; alignment=&#8220;right&#8220; image_hovers=&#8220;false&#8220;][\/vc_column_inner][\/vc_row_inner][\/vc_tab][vc_tab title=&#8220;Technische Schulungen&#8220; tab_id=&#8220;efa5290f-84c5-3&#8243;][vc_row_inner][vc_column_inner offset=&#8220;vc_hidden-lg vc_hidden-md vc_hidden-sm&#8220;][vc_single_image image=&#8220;340&#8243; img_size=&#8220;full&#8220; alignment=&#8220;center&#8220; image_hovers=&#8220;false&#8220;][\/vc_column_inner][vc_column_inner width=&#8220;2\/3&#8243;][vc_column_text]Zur Verbesserung Ihrer Kenntnisse der korrekten Installation und Wartung unserer Produkte bietet Sorhea eine breite Palette von technischen Schulungsmodulen an. Diese Schulungsprogramme sind am Besten f\u00fcr Techniker geeignet.<\/p>\n<p>Wir k\u00f6nnen diese Schulungen auch vor Ort durchf\u00fchren. Ben\u00f6tigen Sie weitere Informationen, dann wenden Sie sich gezielt an unsere Schulungsabteilung.[\/vc_column_text][vc_cta h2=&#8220;Schulungsabteilung kontaktieren:&#8220; h2_font_container=&#8220;font_size:20|line_height:26px&#8220; h2_use_theme_fonts=&#8220;yes&#8220; h4=&#8220;+33 (0)4 26 22 15 66&#8243; h4_font_container=&#8220;font_size:16|color:%23d40000&#8243; h4_use_theme_fonts=&#8220;yes&#8220; style=&#8220;custom&#8220; add_button=&#8220;right&#8220; btn_title=&#8220;Per E-Mail&#8220; btn_style=&#8220;custom&#8220; btn_custom_background=&#8220;#d40000&#8243; btn_custom_text=&#8220;#ffffff&#8220; btn_align=&#8220;center&#8220; btn_i_icon_fontawesome=&#8220;far fa-envelope&#8220; use_custom_fonts_h2=&#8220;true&#8220; use_custom_fonts_h4=&#8220;true&#8220; btn_button_block=&#8220;true&#8220; btn_add_icon=&#8220;true&#8220; custom_background=&#8220;#f3f3f3&#8243; custom_text=&#8220;#333333&#8243; btn_link=&#8220;url:mailto%3Aformation%40sorhea.fr&#8220; css=&#8220;.vc_custom_1606490423187{border-right-width: 5px !important;border-left-width: 5px !important;padding-top: 10px !important;padding-bottom: 10px !important;border-left-color: #d40000 !important;border-right-color: #d40000 !important;}&#8220; h2_el_class=&#8220;no-bottom-margin&#8220; h4_el_class=&#8220;no-bottom-margin&#8220; btn_el_class=&#8220;theme-font-button&#8220;][\/vc_cta][\/vc_column_inner][vc_column_inner width=&#8220;1\/3&#8243; offset=&#8220;vc_hidden-xs&#8220;][vc_single_image image=&#8220;340&#8243; img_size=&#8220;full&#8220; alignment=&#8220;right&#8220; image_hovers=&#8220;false&#8220;][\/vc_column_inner][\/vc_row_inner][\/vc_tab][\/vc_tabs][\/vc_column][\/vc_row][vc_row css=&#8220;.vc_custom_1511523573940{padding-top: 20px !important;padding-bottom: 20px !important;}&#8220;][vc_column]<div class=\"dt-fancy-separator title-right h3-size title-color\" style=\"width: 100%;\"><div class=\"dt-fancy-title\"><span class=\"separator-holder separator-left\"><\/span>Verkaufsverwaltung<span class=\"separator-holder separator-right\"><\/span><\/div><\/div>[\/vc_column][\/vc_row][vc_row][vc_column][vc_row_inner][vc_column_inner offset=&#8220;vc_hidden-lg vc_hidden-md vc_hidden-sm&#8220;][vc_single_image image=&#8220;2951&#8243; img_size=&#8220;full&#8220; alignment=&#8220;center&#8220; image_hovers=&#8220;false&#8220;][\/vc_column_inner][vc_column_inner width=&#8220;1\/3&#8243; offset=&#8220;vc_hidden-xs&#8220;][vc_single_image image=&#8220;2951&#8243; img_size=&#8220;full&#8220; image_hovers=&#8220;false&#8220;][\/vc_column_inner][vc_column_inner width=&#8220;2\/3&#8243;][vc_column_text]In der Auftragsphase steht Ihnen der Support unserer Verkaufsverwaltung zur Verf\u00fcgung: die Auftragsbest\u00e4tigung mit Empfangsbest\u00e4tigung rekapituliert die Produkte und Lieferfristen Ex Works.<\/p>\n<p>Die Mitarbeiter unserer Verkaufsverwaltung beantworten alle Ihre Fragen zur Bestellung und Lieferung. Wir engagieren uns f\u00fcr pers\u00f6nliche Unterst\u00fctzung, damit Sie die bestellten Produkte korrekt erhalten.[\/vc_column_text][vc_cta h2=&#8220;Leiterin der Auftragsbearbeitung kontaktieren:&#8220; h2_font_container=&#8220;font_size:20|line_height:26px&#8220; h2_use_theme_fonts=&#8220;yes&#8220; h4=&#8220;Ludivine GABERT: +33 (0)4 87 24 20 19&#8243; h4_font_container=&#8220;font_size:16|color:%23d40000&#8243; h4_use_theme_fonts=&#8220;yes&#8220; style=&#8220;custom&#8220; add_button=&#8220;right&#8220; btn_title=&#8220;Per E-Mail&#8220; btn_style=&#8220;custom&#8220; btn_custom_background=&#8220;#d40000&#8243; btn_custom_text=&#8220;#ffffff&#8220; btn_align=&#8220;center&#8220; btn_i_icon_fontawesome=&#8220;far fa-envelope&#8220; use_custom_fonts_h2=&#8220;true&#8220; use_custom_fonts_h4=&#8220;true&#8220; btn_button_block=&#8220;true&#8220; btn_add_icon=&#8220;true&#8220; custom_background=&#8220;#f3f3f3&#8243; custom_text=&#8220;#333333&#8243; btn_link=&#8220;url:mailto%3Al.gabert%40sorhea.fr&#8220; css=&#8220;.vc_custom_1606490486576{border-right-width: 5px !important;border-left-width: 5px !important;padding-top: 10px !important;padding-bottom: 10px !important;border-left-color: #d40000 !important;border-right-color: #d40000 !important;}&#8220; h2_el_class=&#8220;no-bottom-margin&#8220; h4_el_class=&#8220;no-bottom-margin&#8220; btn_el_class=&#8220;theme-font-button&#8220;][\/vc_cta][\/vc_column_inner][\/vc_row_inner][\/vc_column][\/vc_row][vc_row css=&#8220;.vc_custom_1511523573940{padding-top: 20px !important;padding-bottom: 20px !important;}&#8220;][vc_column]<div class=\"dt-fancy-separator title-left h3-size title-color\" style=\"width: 100%;\"><div class=\"dt-fancy-title\"><span class=\"separator-holder separator-left\"><\/span>Kundendienst<span class=\"separator-holder separator-right\"><\/span><\/div><\/div>[\/vc_column][\/vc_row][vc_row][vc_column][vc_tabs interval=&#8220;0&#8243; title_size=&#8220;h5&#8243; style=&#8220;tab-style-three&#8220; el_class=&#8220;no-bottom-margin&#8220;][vc_tab title=&#8220;Kundendienst vor Ort&#8220; tab_id=&#8220;5e7e93b1-b1ab-8&#8243;][vc_row_inner][vc_column_inner offset=&#8220;vc_hidden-lg vc_hidden-md vc_hidden-sm&#8220;][vc_single_image image=&#8220;346&#8243; img_size=&#8220;full&#8220; alignment=&#8220;center&#8220; image_hovers=&#8220;false&#8220;][\/vc_column_inner][vc_column_inner width=&#8220;2\/3&#8243;][vc_column_text]Fragen Sie nach einem Angebot f\u00fcr technischen Kundendienst vor Ort f\u00fcr die Aufstellung und Feinabstimmung des neu installierten Systems. Die Standard-Garantielaufzeit betr\u00e4gt 24 Monate.[\/vc_column_text][vc_cta h2=&#8220;Technisches Support-Team kontaktieren:&#8220; h2_font_container=&#8220;tag:h2|font_size:20|text_align:left|line_height:26px&#8220; h2_use_theme_fonts=&#8220;yes&#8220; h4=&#8220;+49 (0)151 42144232&#8243; h4_font_container=&#8220;tag:h2|font_size:16|text_align:left|color:%23d40000&#8243; h4_use_theme_fonts=&#8220;yes&#8220; style=&#8220;custom&#8220; add_button=&#8220;right&#8220; btn_title=&#8220;Per E-Mail&#8220; btn_style=&#8220;custom&#8220; btn_custom_background=&#8220;#d40000&#8243; btn_custom_text=&#8220;#ffffff&#8220; btn_align=&#8220;center&#8220; btn_i_icon_fontawesome=&#8220;far fa-envelope&#8220; use_custom_fonts_h2=&#8220;true&#8220; use_custom_fonts_h4=&#8220;true&#8220; btn_button_block=&#8220;true&#8220; btn_add_icon=&#8220;true&#8220; custom_background=&#8220;#f3f3f3&#8243; custom_text=&#8220;#333333&#8243; btn_link=&#8220;url:mailto%3Atechnik%40sorhea.com&#8220; css=&#8220;.vc_custom_1643361240768{border-right-width: 5px !important;border-left-width: 5px !important;padding-top: 10px !important;padding-bottom: 10px !important;border-left-color: #d40000 !important;border-right-color: #d40000 !important;}&#8220; h2_el_class=&#8220;no-bottom-margin&#8220; h4_el_class=&#8220;no-bottom-margin&#8220; btn_el_class=&#8220;theme-font-button&#8220;][\/vc_cta][\/vc_column_inner][vc_column_inner width=&#8220;1\/3&#8243; offset=&#8220;vc_hidden-xs&#8220;][vc_single_image image=&#8220;346&#8243; img_size=&#8220;full&#8220; image_hovers=&#8220;false&#8220;][\/vc_column_inner][\/vc_row_inner][\/vc_tab][vc_tab title=&#8220;Hotline&#8220; tab_id=&#8220;efa5290f-84c5-3&#8243;][vc_row_inner][vc_column_inner offset=&#8220;vc_hidden-lg vc_hidden-md vc_hidden-sm&#8220;][vc_single_image image=&#8220;348&#8243; img_size=&#8220;full&#8220; alignment=&#8220;center&#8220; image_hovers=&#8220;false&#8220;][\/vc_column_inner][vc_column_inner width=&#8220;2\/3&#8243;][vc_column_text]Die SORHEA-Techniker teilen ihr Fachwissen mit Ihnen, damit Sie auf alle Ihre Fragen die besten Antworten erhalten.<\/p>\n<p>Die Hotline ist von Montag bis Donnerstag von 8:30 &#8211; 12:30 Uhr und von 13:30 &#8211; 17:00 Uhr, sowie Freitag von 8:30 &#8211; 12:30 und von 13:30 &#8211; 16:30 Uhr erreichbar.[\/vc_column_text][vc_cta h2=&#8220;Technisches Support-Team kontaktieren:&#8220; h2_font_container=&#8220;font_size:20|line_height:26px&#8220; h2_use_theme_fonts=&#8220;yes&#8220; h4=&#8220;+33 (0)4 87 24 20 20&#8243; h4_font_container=&#8220;font_size:16|color:%23d40000&#8243; h4_use_theme_fonts=&#8220;yes&#8220; style=&#8220;custom&#8220; add_button=&#8220;right&#8220; btn_title=&#8220;Per E-Mail&#8220; btn_style=&#8220;custom&#8220; btn_custom_background=&#8220;#d40000&#8243; btn_custom_text=&#8220;#ffffff&#8220; btn_align=&#8220;center&#8220; btn_i_icon_fontawesome=&#8220;far fa-envelope&#8220; use_custom_fonts_h2=&#8220;true&#8220; use_custom_fonts_h4=&#8220;true&#8220; btn_button_block=&#8220;true&#8220; btn_add_icon=&#8220;true&#8220; custom_background=&#8220;#f3f3f3&#8243; custom_text=&#8220;#333333&#8243; btn_link=&#8220;url:mailto%3Asav%40sorhea.fr&#8220; css=&#8220;.vc_custom_1606490543864{border-right-width: 5px !important;border-left-width: 5px !important;padding-top: 10px !important;padding-bottom: 10px !important;border-left-color: #d40000 !important;border-right-color: #d40000 !important;}&#8220; h2_el_class=&#8220;no-bottom-margin&#8220; h4_el_class=&#8220;no-bottom-margin&#8220; btn_el_class=&#8220;theme-font-button&#8220;][\/vc_cta][\/vc_column_inner][vc_column_inner width=&#8220;1\/3&#8243; offset=&#8220;vc_hidden-xs&#8220;][vc_single_image image=&#8220;348&#8243; img_size=&#8220;full&#8220; image_hovers=&#8220;false&#8220;][\/vc_column_inner][\/vc_row_inner][\/vc_tab][\/vc_tabs][\/vc_column][\/vc_row]<\/p>\n<\/div>","protected":false},"excerpt":{"rendered":"<p>[vc_row full_width=&#8220;stretch_row&#8220; css=&#8220;.vc_custom_1511516383864{padding-top: 10px !important;padding-bottom: 20px !important;background-color: #333333 !important;}&#8220;][vc_column][vc_column_text el_class=&#8220;dark-bkgd-text&#8220; css=&#8220;.vc_custom_1607530031945{margin-bottom: 20px !important;padding-top: 20px !important;}&#8220;]SORHEA bietet eine Reihe von Serviceleistungen vor und nach dem Kauf an. Wir unterst\u00fctzen Sie bei Ihrem \u00dcberwachungsprojekt und der Installation der Sicherheitssysteme.[\/vc_column_text][\/vc_column][\/vc_row][vc_row el_class=&#8220;dark-arrow&#8220; css=&#8220;.vc_custom_1511516789691{padding-top: 50px !important;padding-bottom: 20px !important;}&#8220;][vc_column css=&#8220;.vc_custom_1511520956582{padding-top: 15px !important;}&#8220;][\/vc_column][\/vc_row][vc_row][vc_column][vc_row_inner][vc_column_inner offset=&#8220;vc_hidden-lg vc_hidden-md vc_hidden-sm&#8220;][vc_single_image image=&#8220;2951&#8243; img_size=&#8220;full&#8220; alignment=&#8220;center&#8220; image_hovers=&#8220;false&#8220;][\/vc_column_inner][vc_column_inner width=&#8220;1\/3&#8243; offset=&#8220;vc_hidden-xs&#8220;][vc_single_image&hellip;<\/p>\n","protected":false},"author":1,"featured_media":0,"parent":24,"menu_order":0,"comment_status":"closed","ping_status":"closed","template":"","meta":{"jetpack_post_was_ever_published":false,"footnotes":""},"class_list":["post-252","page","type-page","status-publish","hentry","description-off"],"jetpack_sharing_enabled":true,"jetpack_shortlink":"https:\/\/wp.me\/PaCgoX-44","_links":{"self":[{"href":"https:\/\/www.sorhea.com\/de\/wp-json\/wp\/v2\/pages\/252","targetHints":{"allow":["GET"]}}],"collection":[{"href":"https:\/\/www.sorhea.com\/de\/wp-json\/wp\/v2\/pages"}],"about":[{"href":"https:\/\/www.sorhea.com\/de\/wp-json\/wp\/v2\/types\/page"}],"author":[{"embeddable":true,"href":"https:\/\/www.sorhea.com\/de\/wp-json\/wp\/v2\/users\/1"}],"replies":[{"embeddable":true,"href":"https:\/\/www.sorhea.com\/de\/wp-json\/wp\/v2\/comments?post=252"}],"version-history":[{"count":52,"href":"https:\/\/www.sorhea.com\/de\/wp-json\/wp\/v2\/pages\/252\/revisions"}],"predecessor-version":[{"id":5802,"href":"https:\/\/www.sorhea.com\/de\/wp-json\/wp\/v2\/pages\/252\/revisions\/5802"}],"up":[{"embeddable":true,"href":"https:\/\/www.sorhea.com\/de\/wp-json\/wp\/v2\/pages\/24"}],"wp:attachment":[{"href":"https:\/\/www.sorhea.com\/de\/wp-json\/wp\/v2\/media?parent=252"}],"curies":[{"name":"wp","href":"https:\/\/api.w.org\/{rel}","templated":true}]}}