{"id":26,"date":"2017-11-23T13:59:32","date_gmt":"2017-11-23T12:59:32","guid":{"rendered":"https:\/\/www.sorhea.com\/?page_id=26"},"modified":"2026-03-05T14:49:28","modified_gmt":"2026-03-05T13:49:28","slug":"your-needs","status":"publish","type":"page","link":"https:\/\/www.sorhea.com\/de\/your-needs\/","title":{"rendered":"Ihre Anforderungen"},"content":{"rendered":"<div class=\"wpb-content-wrapper\"><p>[vc_row full_width=&#8220;stretch_row&#8220; css=&#8220;.vc_custom_1511516383864{padding-top: 10px !important;padding-bottom: 20px !important;background-color: #333333 !important;}&#8220;][vc_column]<div class=\"dt-fancy-separator title-left h3-size style-disabled\" style=\"width: 100%;\"><div class=\"dt-fancy-title\" style=\"color: #ffffff;\"><span class=\"separator-holder separator-left\"><\/span>L\u00f6sungen f\u00fcr jede spezifische Anwendung und alle Ihre Bed\u00fcrfnisse<span class=\"separator-holder separator-right\"><\/span><\/div><\/div>[vc_column_text el_class=&#8220;dark-bkgd-text&#8220; css=&#8220;.vc_custom_1643011954439{margin-bottom: 20px !important;padding-top: 20px !important;}&#8220;]SORHEA bietet das breiteste und umfassendste Sortiment an Perimeterdetektionssystemen auf dem Markt. Unsere Produkte passen sich allen Besonderheiten sensibler Standorte an. Und mit unserem breiten L\u00f6sungsangebot sind wir der beste Partner f\u00fcr Ihre Sicherheit.<\/p>\n<p>Ganz gleich, ob es sich um die Sicherung Ihres Gel\u00e4ndes, eines Tors, einer Fassade, eines Dachs, einer Umfassungsmauer oder sogar einer speziellen Anwendung (z. B. einer Eisenbahninfrastruktur) handelt, wir arbeiten daran, die L\u00f6sung zu finden, die Ihnen den der besten Schutz bietet. SORHEA deckt alle Konfigurationen ab, alle Anwendungen sind m\u00f6glich. Wir bieten auch personalisierte L\u00f6sungen an, die speziell auf Ihre spezifischen Sicherheitsprobleme zugeschnitten sind.[\/vc_column_text][\/vc_column][\/vc_row][vc_row full_width=&#8220;stretch_row&#8220; css=&#8220;.vc_custom_1642673921197{padding-top: 50px !important;background-color: #ffffff !important;}&#8220; el_class=&#8220;dark-arrow&#8220;][vc_column]<div class=\"dt-fancy-separator h2-size title-color\" style=\"width: 50%;\"><div class=\"dt-fancy-title\"><span class=\"separator-holder separator-left\"><\/span>Ihre Anwendungen<span class=\"separator-holder separator-right\"><\/span><\/div><\/div><div class=\"dt-fancy-separator h3-size style-disabled accent-title-color\" style=\"width: 50%;\"><div class=\"dt-fancy-title\"><span class=\"separator-holder separator-left\"><\/span>spezielle L\u00f6sungen<span class=\"separator-holder separator-right\"><\/span><\/div><\/div>[\/vc_column][\/vc_row][vc_row css=&#8220;.vc_custom_1562335237729{padding-top: 30px !important;padding-bottom: 20px !important;}&#8220;][vc_column width=&#8220;1\/3&#8243;][\/vc_column][vc_column width=&#8220;1\/3&#8243;]<div class=\"ult-content-box-container \" >\t\t<div class=\"ult-content-box\" style=\"background-color:#f3f3f3;box-shadow: px px px px none;padding:0px;-webkit-transition: all 700ms ease;-moz-transition: all 700ms ease;-ms-transition: all 700ms ease;-o-transition: all 700ms ease;transition: all 700ms ease;\"  data-hover_box_shadow=\"none\"     data-bg=\"#f3f3f3\" >[vc_single_image image=&#8220;4552&#8243; img_size=&#8220;full&#8220; alignment=&#8220;center&#8220; image_hovers=&#8220;false&#8220;][vc_column_text css=&#8220;.vc_custom_1643818572061{padding-right: 15px !important;padding-left: 15px !important;}&#8220;]<\/p>\n<h5 style=\"text-align: center;\">Absichern Eisenbahn-Infrastruktur<\/h5>\n<p style=\"text-align: center;\">BAHNGLEISE, BAHNBETRIEBSWERK, TUNNEL<\/p>\n<p>[\/vc_column_text]<style type=\"text\/css\" data-type=\"the7_shortcodes-inline-css\">#default-btn-4221f9a8413fb4f37c1cbb1aa2958957.ico-right-side > i {\n  margin-right: 0px;\n  margin-left: 8px;\n}\n#default-btn-4221f9a8413fb4f37c1cbb1aa2958957 > i {\n  margin-right: 8px;\n}<\/style><div class=\"btn-align-center\"><a href=\"http:\/\/www.sorhea.com\/de\/your-needs\/secure-rail-infrastructure\/\" class=\"default-btn-shortcode dt-btn dt-btn-m link-hover-off  vc_custom_1642674195241\" id=\"default-btn-4221f9a8413fb4f37c1cbb1aa2958957\"><span>Unsere L\u00f6sungen<\/span><\/a><\/div>\t\t<\/div><\/div>[\/vc_column][vc_column width=&#8220;1\/3&#8243;][\/vc_column][\/vc_row][vc_row full_width=&#8220;stretch_row&#8220; css=&#8220;.vc_custom_1642673908299{padding-top: 20px !important;background-color: #ffffff !important;}&#8220;][vc_column]<div class=\"dt-fancy-separator h2-size title-color\" style=\"width: 50%;\"><div class=\"dt-fancy-title\"><span class=\"separator-holder separator-left\"><\/span>Ihre Anforderungen<span class=\"separator-holder separator-right\"><\/span><\/div><\/div>[\/vc_column][\/vc_row][vc_row css=&#8220;.vc_custom_1562335237729{padding-top: 30px !important;padding-bottom: 20px !important;}&#8220;][vc_column width=&#8220;1\/3&#8243;]<div class=\"ult-content-box-container \" >\t\t<div class=\"ult-content-box\" style=\"background-color:#f3f3f3;box-shadow: px px px px none;padding:0px;-webkit-transition: all 700ms ease;-moz-transition: all 700ms ease;-ms-transition: all 700ms ease;-o-transition: all 700ms ease;transition: all 700ms ease;\"  data-hover_box_shadow=\"none\"     data-bg=\"#f3f3f3\" >[vc_single_image image=&#8220;2067&#8243; img_size=&#8220;full&#8220; alignment=&#8220;center&#8220; image_hovers=&#8220;false&#8220;][vc_column_text css=&#8220;.vc_custom_1643540870383{padding-right: 15px !important;padding-left: 15px !important;}&#8220;]<\/p>\n<h5 style=\"text-align: center;\">Sicherung der Peripherie<\/h5>\n<p style=\"text-align: center;\">Sie m\u00f6chten Ihren Standort vor Einbrechern sch\u00fctzen und Sie haben bereits einen mechanischen Einbruchschutz installiert<\/p>\n<p>[\/vc_column_text]<style type=\"text\/css\" data-type=\"the7_shortcodes-inline-css\">#default-btn-3483419c81c34c83af982f7f8c2e1949.ico-right-side > i {\n  margin-right: 0px;\n  margin-left: 8px;\n}\n#default-btn-3483419c81c34c83af982f7f8c2e1949 > i {\n  margin-right: 8px;\n}<\/style><div class=\"btn-align-center\"><a href=\"https:\/\/www.sorhea.com\/de\/your-needs\/secure-my-perimeter\/\" class=\"default-btn-shortcode dt-btn dt-btn-m link-hover-off  vc_custom_1643189047467\" id=\"default-btn-3483419c81c34c83af982f7f8c2e1949\"><span>Unsere L\u00f6sungen<\/span><\/a><\/div>\t\t<\/div><\/div>[\/vc_column][vc_column width=&#8220;1\/3&#8243;]<div class=\"ult-content-box-container \" >\t\t<div class=\"ult-content-box\" style=\"background-color:#f3f3f3;box-shadow: px px px px none;padding:0px;-webkit-transition: all 700ms ease;-moz-transition: all 700ms ease;-ms-transition: all 700ms ease;-o-transition: all 700ms ease;transition: all 700ms ease;\"  data-hover_box_shadow=\"none\"     data-bg=\"#f3f3f3\" >[vc_single_image image=&#8220;3435&#8243; img_size=&#8220;full&#8220; alignment=&#8220;center&#8220; image_hovers=&#8220;false&#8220;][vc_column_text css=&#8220;.vc_custom_1643541331246{padding-right: 15px !important;padding-left: 15px !important;}&#8220;]<\/p>\n<h5 style=\"text-align: center;\">Sicherung eines Zauns<\/h5>\n<p style=\"text-align: center;\">Sie m\u00f6chten Ihren Standort vor Eindringlingen sch\u00fctzen und Ihr Standort ist bereits zum physischem Schutz mit Z\u00e4unen umgeben<\/p>\n<p>[\/vc_column_text]<style type=\"text\/css\" data-type=\"the7_shortcodes-inline-css\">#default-btn-f67a4d8462bbca0073d237c0f4bf1737.ico-right-side > i {\n  margin-right: 0px;\n  margin-left: 8px;\n}\n#default-btn-f67a4d8462bbca0073d237c0f4bf1737 > i {\n  margin-right: 8px;\n}<\/style><div class=\"btn-align-center\"><a href=\"https:\/\/www.sorhea.com\/de\/your-needs\/sicherung-eines-zauns\/\" class=\"default-btn-shortcode dt-btn dt-btn-m link-hover-off  vc_custom_1643194387425\" id=\"default-btn-f67a4d8462bbca0073d237c0f4bf1737\"><span>Unsere L\u00f6sungen<\/span><\/a><\/div>\t\t<\/div><\/div>[\/vc_column][vc_column width=&#8220;1\/3&#8243;]<div class=\"ult-content-box-container \" >\t\t<div class=\"ult-content-box\" style=\"background-color:#f3f3f3;box-shadow: px px px px none;padding:0px;-webkit-transition: all 700ms ease;-moz-transition: all 700ms ease;-ms-transition: all 700ms ease;-o-transition: all 700ms ease;transition: all 700ms ease;\"  data-hover_box_shadow=\"none\"     data-bg=\"#f3f3f3\" >[vc_single_image image=&#8220;445&#8243; img_size=&#8220;full&#8220; alignment=&#8220;center&#8220; image_hovers=&#8220;false&#8220;][vc_column_text css=&#8220;.vc_custom_1643540926189{padding-right: 15px !important;padding-left: 15px !important;}&#8220;]<\/p>\n<h5 style=\"text-align: center;\">Sicherung der Zug\u00e4nge<\/h5>\n<p style=\"text-align: center;\">Sie m\u00f6chten die Sicherheit an Ihren Zug\u00e4ngen verst\u00e4rken ?<\/p>\n<p>[\/vc_column_text]<style type=\"text\/css\" data-type=\"the7_shortcodes-inline-css\">#default-btn-1cfe601312114fa523fbd74eb2cba7c7.ico-right-side > i {\n  margin-right: 0px;\n  margin-left: 8px;\n}\n#default-btn-1cfe601312114fa523fbd74eb2cba7c7 > i {\n  margin-right: 8px;\n}<\/style><div class=\"btn-align-center\"><a href=\"http:\/\/www.sorhea.com\/de\/your-needs\/secure-my-site-entrance\/\" class=\"default-btn-shortcode dt-btn dt-btn-m link-hover-off  vc_custom_1606813391542\" id=\"default-btn-1cfe601312114fa523fbd74eb2cba7c7\"><span>Unsere L\u00f6sungen<\/span><\/a><\/div>\t\t<\/div><\/div>[\/vc_column][\/vc_row][vc_row css=&#8220;.vc_custom_1511619708073{padding-top: 50px !important;padding-bottom: 20px !important;}&#8220;][vc_column width=&#8220;1\/3&#8243;]<div class=\"ult-content-box-container \" >\t\t<div class=\"ult-content-box\" style=\"background-color:#f3f3f3;box-shadow: px px px px none;padding:0px;-webkit-transition: all 700ms ease;-moz-transition: all 700ms ease;-ms-transition: all 700ms ease;-o-transition: all 700ms ease;transition: all 700ms ease;\"  data-hover_box_shadow=\"none\"     data-bg=\"#f3f3f3\" >[vc_single_image image=&#8220;446&#8243; img_size=&#8220;full&#8220; alignment=&#8220;center&#8220; image_hovers=&#8220;false&#8220;][vc_column_text css=&#8220;.vc_custom_1643542565810{padding-right: 15px !important;padding-left: 15px !important;}&#8220;]<\/p>\n<h5 style=\"text-align: center;\">Sicherung eines Geb\u00e4udes<\/h5>\n<p style=\"text-align: center;\">Sie m\u00f6chten die verschiedenen Geb\u00e4ude\u00f6ffnungen sowie Fassaden und Dachfl\u00e4chen Ihrer Liegenschaft sch\u00fctzen ?<\/p>\n<p>[\/vc_column_text]<style type=\"text\/css\" data-type=\"the7_shortcodes-inline-css\">#default-btn-9bba63db747723edc9291a81cf4acad2.ico-right-side > i {\n  margin-right: 0px;\n  margin-left: 8px;\n}\n#default-btn-9bba63db747723edc9291a81cf4acad2 > i {\n  margin-right: 8px;\n}<\/style><div class=\"btn-align-center\"><a href=\"http:\/\/www.sorhea.com\/de\/your-needs\/secure-my-building\/\" class=\"default-btn-shortcode dt-btn dt-btn-m link-hover-off  vc_custom_1606813409363\" id=\"default-btn-9bba63db747723edc9291a81cf4acad2\"><span>Unsere L\u00f6sungen<\/span><\/a><\/div>\t\t<\/div><\/div>[\/vc_column][vc_column width=&#8220;1\/3&#8243;]<div class=\"ult-content-box-container \" >\t\t<div class=\"ult-content-box\" style=\"background-color:#f3f3f3;box-shadow: px px px px none;padding:0px;-webkit-transition: all 700ms ease;-moz-transition: all 700ms ease;-ms-transition: all 700ms ease;-o-transition: all 700ms ease;transition: all 700ms ease;\"  data-hover_box_shadow=\"none\"     data-bg=\"#f3f3f3\" >[vc_single_image image=&#8220;441&#8243; img_size=&#8220;full&#8220; alignment=&#8220;center&#8220; image_hovers=&#8220;false&#8220;][vc_column_text css=&#8220;.vc_custom_1643541020268{padding-right: 15px !important;padding-left: 15px !important;}&#8220;]<\/p>\n<h5 style=\"text-align: center;\">Sicherung eines bestimmten Bereichs<\/h5>\n<p style=\"text-align: center;\">M\u00f6chten Sie einen bestimmten gef\u00e4hrdeten Bereich auf Ihrem Standort sch\u00fctzen, z. B. eine Lager- oder Entladezone, einen Parkplatz, eine Laderampe ?<\/p>\n<p>[\/vc_column_text]<style type=\"text\/css\" data-type=\"the7_shortcodes-inline-css\">#default-btn-1443a32c851ad9c24ee0c11ce6202cf0.ico-right-side > i {\n  margin-right: 0px;\n  margin-left: 8px;\n}\n#default-btn-1443a32c851ad9c24ee0c11ce6202cf0 > i {\n  margin-right: 8px;\n}<\/style><div class=\"btn-align-center\"><a href=\"http:\/\/www.sorhea.com\/de\/your-needs\/secure-a-specific-area\/\" class=\"default-btn-shortcode dt-btn dt-btn-m link-hover-off  vc_custom_1606813367563\" id=\"default-btn-1443a32c851ad9c24ee0c11ce6202cf0\"><span>Unsere L\u00f6sungen<\/span><\/a><\/div>\t\t<\/div><\/div>[\/vc_column][vc_column width=&#8220;1\/3&#8243;]<div class=\"ult-content-box-container \" >\t\t<div class=\"ult-content-box\" style=\"background-color:#f3f3f3;box-shadow: px px px px none;padding:0px;-webkit-transition: all 700ms ease;-moz-transition: all 700ms ease;-ms-transition: all 700ms ease;-o-transition: all 700ms ease;transition: all 700ms ease;\"  data-hover_box_shadow=\"none\"     data-bg=\"#f3f3f3\" >[vc_single_image image=&#8220;447&#8243; img_size=&#8220;full&#8220; alignment=&#8220;center&#8220; image_hovers=&#8220;false&#8220;][vc_column_text css=&#8220;.vc_custom_1643541634422{padding-right: 15px !important;padding-left: 15px !important;}&#8220;]<\/p>\n<h5 style=\"text-align: center;\">Kundenspezifische L\u00f6sungen<\/h5>\n<p style=\"text-align: center;\">Gibt es geografische, umweltbedingte Einschr\u00e4nkungen oder sonstige Auflagen f\u00fcr Ihre Sicherheit ?<\/p>\n<p>[\/vc_column_text]<style type=\"text\/css\" data-type=\"the7_shortcodes-inline-css\">#default-btn-544b50f9005ae238694abc9358993add.ico-right-side > i {\n  margin-right: 0px;\n  margin-left: 8px;\n}\n#default-btn-544b50f9005ae238694abc9358993add > i {\n  margin-right: 8px;\n}<\/style><div class=\"btn-align-center\"><a href=\"http:\/\/www.sorhea.com\/de\/your-needs\/custom-solutions\/\" class=\"default-btn-shortcode dt-btn dt-btn-m link-hover-off  vc_custom_1606813418166\" id=\"default-btn-544b50f9005ae238694abc9358993add\"><span>Unsere L\u00f6sungen<\/span><\/a><\/div>\t\t<\/div><\/div>[\/vc_column][\/vc_row][vc_row css=&#8220;.vc_custom_1511619708073{padding-top: 50px !important;padding-bottom: 20px !important;}&#8220;][vc_column width=&#8220;1\/3&#8243;][\/vc_column][vc_column width=&#8220;1\/3&#8243;]<div class=\"ult-content-box-container \" >\t\t<div class=\"ult-content-box\" style=\"background-color:#f3f3f3;box-shadow: px px px px none;padding:0px;-webkit-transition: all 700ms ease;-moz-transition: all 700ms ease;-ms-transition: all 700ms ease;-o-transition: all 700ms ease;transition: all 700ms ease;\"  data-hover_box_shadow=\"none\"     data-bg=\"#f3f3f3\" >[vc_single_image image=&#8220;4586&#8243; img_size=&#8220;full&#8220; alignment=&#8220;center&#8220; image_hovers=&#8220;false&#8220;][vc_column_text css=&#8220;.vc_custom_1643541079283{padding-right: 15px !important;padding-left: 15px !important;}&#8220;]<\/p>\n<h5 style=\"text-align: center;\">Analyse der Detektionen<\/h5>\n<p style=\"text-align: center;\">Sie m\u00f6chten Ihr Video\u00fcberwachungssystem optimieren?<\/p>\n<p>[\/vc_column_text]<style type=\"text\/css\" data-type=\"the7_shortcodes-inline-css\">#default-btn-c3f7f2f6839a679bb73a7941e7834be0.ico-right-side > i {\n  margin-right: 0px;\n  margin-left: 8px;\n}\n#default-btn-c3f7f2f6839a679bb73a7941e7834be0 > i {\n  margin-right: 8px;\n}<\/style><div class=\"btn-align-center\"><a href=\"https:\/\/www.sorhea.com\/de\/your-needs\/analysieren-sie-erkennungen\/\" class=\"default-btn-shortcode dt-btn dt-btn-m link-hover-off  vc_custom_1643123214768\" id=\"default-btn-c3f7f2f6839a679bb73a7941e7834be0\"><span>Unsere L\u00f6sungen<\/span><\/a><\/div>\t\t<\/div><\/div>[\/vc_column][vc_column width=&#8220;1\/3&#8243;][\/vc_column][\/vc_row]<\/p>\n<\/div>","protected":false},"excerpt":{"rendered":"<p>[vc_row full_width=&#8220;stretch_row&#8220; css=&#8220;.vc_custom_1511516383864{padding-top: 10px !important;padding-bottom: 20px !important;background-color: #333333 !important;}&#8220;][vc_column][vc_column_text el_class=&#8220;dark-bkgd-text&#8220; css=&#8220;.vc_custom_1643011954439{margin-bottom: 20px !important;padding-top: 20px !important;}&#8220;]SORHEA bietet das breiteste und umfassendste Sortiment an Perimeterdetektionssystemen auf dem Markt. Unsere Produkte passen sich allen Besonderheiten sensibler Standorte an. Und mit unserem breiten L\u00f6sungsangebot sind wir der beste Partner f\u00fcr Ihre Sicherheit. Ganz gleich, ob es sich um die&hellip;<\/p>\n","protected":false},"author":1,"featured_media":0,"parent":0,"menu_order":0,"comment_status":"closed","ping_status":"closed","template":"","meta":{"jetpack_post_was_ever_published":false,"footnotes":""},"class_list":["post-26","page","type-page","status-publish","hentry","description-off"],"jetpack_sharing_enabled":true,"jetpack_shortlink":"https:\/\/wp.me\/PaCgoX-q","_links":{"self":[{"href":"https:\/\/www.sorhea.com\/de\/wp-json\/wp\/v2\/pages\/26","targetHints":{"allow":["GET"]}}],"collection":[{"href":"https:\/\/www.sorhea.com\/de\/wp-json\/wp\/v2\/pages"}],"about":[{"href":"https:\/\/www.sorhea.com\/de\/wp-json\/wp\/v2\/types\/page"}],"author":[{"embeddable":true,"href":"https:\/\/www.sorhea.com\/de\/wp-json\/wp\/v2\/users\/1"}],"replies":[{"embeddable":true,"href":"https:\/\/www.sorhea.com\/de\/wp-json\/wp\/v2\/comments?post=26"}],"version-history":[{"count":41,"href":"https:\/\/www.sorhea.com\/de\/wp-json\/wp\/v2\/pages\/26\/revisions"}],"predecessor-version":[{"id":6379,"href":"https:\/\/www.sorhea.com\/de\/wp-json\/wp\/v2\/pages\/26\/revisions\/6379"}],"wp:attachment":[{"href":"https:\/\/www.sorhea.com\/de\/wp-json\/wp\/v2\/media?parent=26"}],"curies":[{"name":"wp","href":"https:\/\/api.w.org\/{rel}","templated":true}]}}