{"id":2680,"date":"2020-01-06T11:22:24","date_gmt":"2020-01-06T10:22:24","guid":{"rendered":"https:\/\/www.sorhea.com\/?page_id=2680"},"modified":"2026-03-05T14:37:56","modified_gmt":"2026-03-05T13:37:56","slug":"business-applications","status":"publish","type":"page","link":"https:\/\/www.sorhea.com\/de\/business-applications\/","title":{"rendered":"Gesch\u00e4ftsfelder"},"content":{"rendered":"<div class=\"wpb-content-wrapper\"><p>[vc_row full_width=&#8220;stretch_row&#8220; css=&#8220;.vc_custom_1579013949735{padding-top: -20px !important;padding-bottom: 20px !important;background-color: #333333 !important;}&#8220;][vc_column]<div class=\"dt-fancy-separator title-left h3-size style-disabled\" style=\"width: 100%;\"><div class=\"dt-fancy-title\" style=\"color: #ffffff;\"><span class=\"separator-holder separator-left\"><\/span>F\u00fcr jeden Ihrer Standorte eine passende Detektionsl\u00f6sung<span class=\"separator-holder separator-right\"><\/span><\/div><\/div>[vc_column_text el_class=&#8220;dark-bkgd-text&#8220; css=&#8220;.vc_custom_1643360816195{margin-bottom: 20px !important;padding-top: 20px !important;}&#8220;]Die von unseren Teams entwickelten und vermarkteten Technologien decken alle Perimetersicherheitsanwendungen ab.<br \/>\nUnsere Produktpalette, einschlie\u00dflich drahtloser und solarbetriebener L\u00f6sungen, bietet innovative technologische Antworten f\u00fcr den Schutz Ihrer Standorte, unabh\u00e4ngig von der L\u00e4nge des Perimeters und dem zu sch\u00fctzenden Wert.<\/p>\n<p>Kernkraftwerk, Gef\u00e4ngnis, petrochemisches Werk, aber auch Logistikzentrum, Recyclingzentrum, Flughafen, Autohaus, SORHEA deckt alle Gesch\u00e4ftsfelder ab. Eine Vielzahl an Ausf\u00fchrungen und Konfigurationen der Sensoriken sind m\u00f6glich und wir arbeiten daran, die L\u00f6sung zu finden, die Ihnen den besten Schutz bietet, angepasst an Ihre Aktivit\u00e4t.[\/vc_column_text][\/vc_column][\/vc_row][vc_row el_class=&#8220;dark-arrow&#8220; css=&#8220;.vc_custom_1538394759413{padding-top: 50px !important;}&#8220;][vc_column el_class=&#8220;dark-arrow&#8220;][vc_row_inner][vc_column_inner width=&#8220;1\/4&#8243;][\/vc_column_inner][vc_column_inner width=&#8220;1\/2&#8243;][vc_video link=&#8220;https:\/\/youtu.be\/sx_pncYSAv0&#8243; align=&#8220;center&#8220;][\/vc_column_inner][vc_column_inner width=&#8220;1\/4&#8243;][\/vc_column_inner][\/vc_row_inner][\/vc_column][\/vc_row][vc_row][vc_column el_class=&#8220;dark-arrow&#8220;]<div class=\"dt-fancy-separator h3-size title-color\" style=\"width: 50%;\"><div class=\"dt-fancy-title\"><span class=\"separator-holder separator-left\" style=\"border-color: #999999;\"><\/span>Unsere Gesch\u00e4ftsfelder<span class=\"separator-holder separator-right\" style=\"border-color: #999999;\"><\/span><\/div><\/div>[\/vc_column][\/vc_row][vc_row css=&#8220;.vc_custom_1533217534493{margin-bottom: 0px !important;padding-top: 50px !important;padding-bottom: 0px !important;}&#8220;][vc_column width=&#8220;1\/3&#8243; css=&#8220;.vc_custom_1532075631838{margin-bottom: 30px !important;}&#8220;]<div class=\"ult-content-box-container \" >\t\t<div class=\"ult-content-box\" style=\"background-color:#f3f3f3;box-shadow: px px px px none;padding:0px;-webkit-transition: all 700ms ease;-moz-transition: all 700ms ease;-ms-transition: all 700ms ease;-o-transition: all 700ms ease;transition: all 700ms ease;\"  data-hover_box_shadow=\"none\"     data-bg=\"#f3f3f3\" >[vc_single_image image=&#8220;2686&#8243; img_size=&#8220;full&#8220; alignment=&#8220;center&#8220; image_hovers=&#8220;false&#8220;][vc_column_text css=&#8220;.vc_custom_1607531114433{padding-right: 15px !important;padding-left: 15px !important;}&#8220;]<\/p>\n<h4 style=\"text-align: center;\">Logistik &amp; Transport<\/h4>\n<p style=\"text-align: center;\">Logistikstandorte, Autoh\u00e4ndler und Fahrzeugflotten, Hafenanlagen, Flugh\u00e4fen, Schienennetze und Bahndepots<\/p>\n<p>[\/vc_column_text]<style type=\"text\/css\" data-type=\"the7_shortcodes-inline-css\">#default-btn-c60e794f964dbbc7ab9faf29f28c7b6c.ico-right-side > i {\n  margin-right: 0px;\n  margin-left: 8px;\n}\n#default-btn-c60e794f964dbbc7ab9faf29f28c7b6c > i {\n  margin-right: 8px;\n}<\/style><div class=\"btn-align-center\"><a href=\"https:\/\/www.sorhea.com\/de\/business-applications\/port-infrastructure\/\" class=\"default-btn-shortcode dt-btn dt-btn-l link-hover-off  vc_custom_1606495616166\" id=\"default-btn-c60e794f964dbbc7ab9faf29f28c7b6c\" title=\"Logistique et Transports\"><span>Hafeninfrastruktur<\/span><\/a><\/div>\t\t<\/div><\/div>[\/vc_column][vc_column width=&#8220;1\/3&#8243; css=&#8220;.vc_custom_1532075639757{margin-bottom: 30px !important;}&#8220;]<div class=\"ult-content-box-container \" >\t\t<div class=\"ult-content-box\" style=\"background-color:#f3f3f3;box-shadow: px px px px none;padding:0px;-webkit-transition: all 700ms ease;-moz-transition: all 700ms ease;-ms-transition: all 700ms ease;-o-transition: all 700ms ease;transition: all 700ms ease;\"  data-hover_box_shadow=\"none\"     data-bg=\"#f3f3f3\" >[vc_single_image image=&#8220;2688&#8243; img_size=&#8220;full&#8220; alignment=&#8220;center&#8220; image_hovers=&#8220;false&#8220;][vc_column_text css=&#8220;.vc_custom_1607531004872{padding-right: 15px !important;padding-left: 15px !important;}&#8220;]<\/p>\n<h4 style=\"text-align: center;\">Energie<\/h4>\n<p style=\"text-align: center;\">Stromerzeuger, W\u00e4rmekraftwerke, Kernkraftwerke und Solarstrom- sowie Wasserkraftanlagen<\/p>\n<p>[\/vc_column_text]<style type=\"text\/css\" data-type=\"the7_shortcodes-inline-css\">#default-btn-818ca7c5712cda80a81eb48be8f9de9f.ico-right-side > i {\n  margin-right: 0px;\n  margin-left: 8px;\n}\n#default-btn-818ca7c5712cda80a81eb48be8f9de9f > i {\n  margin-right: 8px;\n}<\/style><div class=\"btn-align-center\"><a href=\"https:\/\/www.sorhea.com\/de\/business-applications\/solar-power-plants\/\" class=\"default-btn-shortcode dt-btn dt-btn-l link-hover-off  vc_custom_1606756125671\" id=\"default-btn-818ca7c5712cda80a81eb48be8f9de9f\" title=\"Solarparks\"><span>Solarstromanlagen<\/span><\/a><\/div>\t\t<\/div><\/div>[\/vc_column][vc_column width=&#8220;1\/3&#8243; css=&#8220;.vc_custom_1532075647778{margin-bottom: 30px !important;}&#8220;]<div class=\"ult-content-box-container \" >\t\t<div class=\"ult-content-box\" style=\"background-color:#f3f3f3;box-shadow: px px px px none;padding:0px;-webkit-transition: all 700ms ease;-moz-transition: all 700ms ease;-ms-transition: all 700ms ease;-o-transition: all 700ms ease;transition: all 700ms ease;\"  data-hover_box_shadow=\"none\"     data-bg=\"#f3f3f3\" >[vc_single_image image=&#8220;2689&#8243; img_size=&#8220;full&#8220; alignment=&#8220;center&#8220; image_hovers=&#8220;false&#8220;][vc_column_text css=&#8220;.vc_custom_1607530777497{padding-right: 15px !important;padding-left: 15px !important;}&#8220;]<\/p>\n<h4 style=\"text-align: center;\">Versorgungsbetriebe<\/h4>\n<p style=\"text-align: center;\">Wasseraufbereitung, Transformatoren und Umspannwerke, Telekommunikation, M\u00fcllaufbereitung<\/p>\n<p>[\/vc_column_text]<style type=\"text\/css\" data-type=\"the7_shortcodes-inline-css\">#default-btn-b9808232861bab06c4d5971914aaaac9.ico-right-side > i {\n  margin-right: 0px;\n  margin-left: 8px;\n}\n#default-btn-b9808232861bab06c4d5971914aaaac9 > i {\n  margin-right: 8px;\n}<\/style><div class=\"btn-align-center\"><a href=\"https:\/\/www.sorhea.com\/de\/business-applications\/electrical-transformers-substations\/\" class=\"default-btn-shortcode dt-btn dt-btn-l link-hover-off  vc_custom_1611745498809\" id=\"default-btn-b9808232861bab06c4d5971914aaaac9\" title=\"Transformatoren und Umspannwerke\"><span>Transformatoren und Umspannwerke<\/span><\/a><\/div>\t\t<\/div><\/div>[\/vc_column][\/vc_row][vc_row css=&#8220;.vc_custom_1532075707552{margin-bottom: 0px !important;padding-top: 0px !important;padding-bottom: 0px !important;}&#8220;][vc_column width=&#8220;1\/3&#8243; css=&#8220;.vc_custom_1532075674315{margin-bottom: 30px !important;}&#8220;]<div class=\"ult-content-box-container \" >\t\t<div class=\"ult-content-box\" style=\"background-color:#f3f3f3;box-shadow: px px px px none;padding:0px;-webkit-transition: all 700ms ease;-moz-transition: all 700ms ease;-ms-transition: all 700ms ease;-o-transition: all 700ms ease;transition: all 700ms ease;\"  data-hover_box_shadow=\"none\"     data-bg=\"#f3f3f3\" >[vc_single_image image=&#8220;2690&#8243; img_size=&#8220;full&#8220; alignment=&#8220;center&#8220; image_hovers=&#8220;false&#8220;][vc_column_text css=&#8220;.vc_custom_1605521287338{padding-right: 15px !important;padding-left: 15px !important;}&#8220;]<\/p>\n<h4 style=\"text-align: center;\">Einzelhandel &amp; Freizeitmarkt<\/h4>\n<p style=\"text-align: center;\">\u00d6ffentliche Einrichtungen, Einkaufszentren, Vergn\u00fcgungsparks<\/p>\n<p>[\/vc_column_text]\t\t<\/div><\/div>[\/vc_column][vc_column width=&#8220;1\/3&#8243; css=&#8220;.vc_custom_1532075681337{margin-bottom: 30px !important;}&#8220;]<div class=\"ult-content-box-container \" >\t\t<div class=\"ult-content-box\" style=\"background-color:#f3f3f3;box-shadow: px px px px none;padding:0px;-webkit-transition: all 700ms ease;-moz-transition: all 700ms ease;-ms-transition: all 700ms ease;-o-transition: all 700ms ease;transition: all 700ms ease;\"  data-hover_box_shadow=\"none\"     data-bg=\"#f3f3f3\" >[vc_single_image image=&#8220;2691&#8243; img_size=&#8220;full&#8220; alignment=&#8220;center&#8220; image_hovers=&#8220;false&#8220;][vc_column_text css=&#8220;.vc_custom_1607531064299{padding-right: 15px !important;padding-left: 15px !important;}&#8220;]<\/p>\n<h4 style=\"text-align: center;\">Milit\u00e4r, Polizei, Strafvollzug<\/h4>\n<p style=\"text-align: center;\">Hochsicherheitsstandorte, Milit\u00e4rst\u00fctzpunkte, Haft- und Vollzugsanstalten, Forensik<\/p>\n<p>[\/vc_column_text]\t\t<\/div><\/div>[\/vc_column][vc_column width=&#8220;1\/3&#8243; css=&#8220;.vc_custom_1532075690574{margin-bottom: 30px !important;}&#8220;]<div class=\"ult-content-box-container \" >\t\t<div class=\"ult-content-box\" style=\"background-color:#f3f3f3;box-shadow: px px px px none;padding:0px;-webkit-transition: all 700ms ease;-moz-transition: all 700ms ease;-ms-transition: all 700ms ease;-o-transition: all 700ms ease;transition: all 700ms ease;\"  data-hover_box_shadow=\"none\"     data-bg=\"#f3f3f3\" >[vc_single_image image=&#8220;2692&#8243; img_size=&#8220;full&#8220; alignment=&#8220;center&#8220; image_hovers=&#8220;false&#8220;][vc_column_text css=&#8220;.vc_custom_1574775417612{padding-right: 15px !important;padding-left: 15px !important;}&#8220;]<\/p>\n<h4 style=\"text-align: center;\">Service-Industrie<\/h4>\n<p style=\"text-align: center;\">Verwaltungsgeb\u00e4ude, Firmensitze<\/p>\n<p>[\/vc_column_text]\t\t<\/div><\/div>[\/vc_column][\/vc_row][vc_row css=&#8220;.vc_custom_1532075754300{margin-bottom: 0px !important;padding-top: 0px !important;padding-bottom: 0px !important;}&#8220;][vc_column width=&#8220;1\/6&#8243;][\/vc_column][vc_column width=&#8220;1\/3&#8243; css=&#8220;.vc_custom_1532075737529{margin-bottom: 30px !important;}&#8220;]<div class=\"ult-content-box-container \" >\t\t<div class=\"ult-content-box\" style=\"background-color:#f3f3f3;box-shadow: px px px px none;padding:0px;-webkit-transition: all 700ms ease;-moz-transition: all 700ms ease;-ms-transition: all 700ms ease;-o-transition: all 700ms ease;transition: all 700ms ease;\"  data-hover_box_shadow=\"none\"     data-bg=\"#f3f3f3\" >[vc_single_image image=&#8220;2693&#8243; img_size=&#8220;full&#8220; alignment=&#8220;center&#8220; image_hovers=&#8220;false&#8220;][vc_column_text css=&#8220;.vc_custom_1612793181956{padding-right: 15px !important;padding-left: 15px !important;}&#8220;]<\/p>\n<h4 style=\"text-align: center;\">Industrie<\/h4>\n<p style=\"text-align: center;\">Produktionsst\u00e4tten, Agrarindustrie, Petrochemie, Pharmahersteller, SEVESO-Anlagen<\/p>\n<p>[\/vc_column_text]<style type=\"text\/css\" data-type=\"the7_shortcodes-inline-css\">#default-btn-7817ae97a937bf932ba6ed8a16e2399d.ico-right-side > i {\n  margin-right: 0px;\n  margin-left: 8px;\n}\n#default-btn-7817ae97a937bf932ba6ed8a16e2399d > i {\n  margin-right: 8px;\n}<\/style><div class=\"btn-align-center\"><a href=\"https:\/\/www.sorhea.com\/de\/business-applications\/seveso-sites\/\" class=\"default-btn-shortcode dt-btn dt-btn-l link-hover-off  vc_custom_1611934646779\" id=\"default-btn-7817ae97a937bf932ba6ed8a16e2399d\" title=\"SEVESO standorte\"><span>SEVESO-Standorte<\/span><\/a><\/div>\t\t<\/div><\/div>[\/vc_column][vc_column width=&#8220;1\/3&#8243; css=&#8220;.vc_custom_1532075744264{margin-bottom: 30px !important;}&#8220;]<div class=\"ult-content-box-container \" >\t\t<div class=\"ult-content-box\" style=\"background-color:#f3f3f3;box-shadow: px px px px none;padding:0px;-webkit-transition: all 700ms ease;-moz-transition: all 700ms ease;-ms-transition: all 700ms ease;-o-transition: all 700ms ease;transition: all 700ms ease;\"  data-hover_box_shadow=\"none\"     data-bg=\"#f3f3f3\" >[vc_single_image image=&#8220;2694&#8243; img_size=&#8220;full&#8220; alignment=&#8220;center&#8220; image_hovers=&#8220;false&#8220;][vc_column_text css=&#8220;.vc_custom_1612695826853{padding-right: 15px !important;padding-left: 15px !important;}&#8220;]<\/p>\n<h4 style=\"text-align: center;\">VIP-Bereiche<\/h4>\n<p style=\"text-align: center;\">Au\u00dfergew\u00f6hnliche St\u00e4tten, private Villen, Museen, historische Denkm\u00e4ler<\/p>\n<p>[\/vc_column_text]<style type=\"text\/css\" data-type=\"the7_shortcodes-inline-css\">#default-btn-00376b90fc12bfc1ec1dd95e2b9aa303.ico-right-side > i {\n  margin-right: 0px;\n  margin-left: 8px;\n}\n#default-btn-00376b90fc12bfc1ec1dd95e2b9aa303 > i {\n  margin-right: 8px;\n}<\/style><div class=\"btn-align-center\"><a href=\"https:\/\/www.sorhea.com\/de\/business-applications\/villas-mansions-and-chateaux\/\" class=\"default-btn-shortcode dt-btn dt-btn-l link-hover-off  vc_custom_1612342710088\" id=\"default-btn-00376b90fc12bfc1ec1dd95e2b9aa303\" title=\"Villen, Stadth\u00e4user und Schl\u00f6sser\"><span>Villen, Stadth\u00e4user und Schl\u00f6sser<\/span><\/a><\/div>\t\t<\/div><\/div>[\/vc_column][vc_column width=&#8220;1\/6&#8243;][\/vc_column][\/vc_row]<\/p>\n<\/div>","protected":false},"excerpt":{"rendered":"<p>[vc_row full_width=&#8220;stretch_row&#8220; css=&#8220;.vc_custom_1579013949735{padding-top: -20px !important;padding-bottom: 20px !important;background-color: #333333 !important;}&#8220;][vc_column][vc_column_text el_class=&#8220;dark-bkgd-text&#8220; css=&#8220;.vc_custom_1643360816195{margin-bottom: 20px !important;padding-top: 20px !important;}&#8220;]Die von unseren Teams entwickelten und vermarkteten Technologien decken alle Perimetersicherheitsanwendungen ab. Unsere Produktpalette, einschlie\u00dflich drahtloser und solarbetriebener L\u00f6sungen, bietet innovative technologische Antworten f\u00fcr den Schutz Ihrer Standorte, unabh\u00e4ngig von der L\u00e4nge des Perimeters und dem zu sch\u00fctzenden Wert. Kernkraftwerk, Gef\u00e4ngnis,&hellip;<\/p>\n","protected":false},"author":1,"featured_media":0,"parent":0,"menu_order":0,"comment_status":"closed","ping_status":"closed","template":"","meta":{"jetpack_post_was_ever_published":false,"footnotes":""},"class_list":["post-2680","page","type-page","status-publish","hentry","description-off"],"jetpack_sharing_enabled":true,"jetpack_shortlink":"https:\/\/wp.me\/PaCgoX-He","_links":{"self":[{"href":"https:\/\/www.sorhea.com\/de\/wp-json\/wp\/v2\/pages\/2680","targetHints":{"allow":["GET"]}}],"collection":[{"href":"https:\/\/www.sorhea.com\/de\/wp-json\/wp\/v2\/pages"}],"about":[{"href":"https:\/\/www.sorhea.com\/de\/wp-json\/wp\/v2\/types\/page"}],"author":[{"embeddable":true,"href":"https:\/\/www.sorhea.com\/de\/wp-json\/wp\/v2\/users\/1"}],"replies":[{"embeddable":true,"href":"https:\/\/www.sorhea.com\/de\/wp-json\/wp\/v2\/comments?post=2680"}],"version-history":[{"count":39,"href":"https:\/\/www.sorhea.com\/de\/wp-json\/wp\/v2\/pages\/2680\/revisions"}],"predecessor-version":[{"id":6373,"href":"https:\/\/www.sorhea.com\/de\/wp-json\/wp\/v2\/pages\/2680\/revisions\/6373"}],"wp:attachment":[{"href":"https:\/\/www.sorhea.com\/de\/wp-json\/wp\/v2\/media?parent=2680"}],"curies":[{"name":"wp","href":"https:\/\/api.w.org\/{rel}","templated":true}]}}