{"id":37,"date":"2017-11-23T14:08:03","date_gmt":"2017-11-23T13:08:03","guid":{"rendered":"https:\/\/www.sorhea.com\/?page_id=37"},"modified":"2022-09-13T10:05:07","modified_gmt":"2022-09-13T08:05:07","slug":"press","status":"publish","type":"page","link":"https:\/\/www.sorhea.com\/de\/news\/press\/","title":{"rendered":"Presse"},"content":{"rendered":"<div class=\"wpb-content-wrapper\"><p>[vc_row full_width=&#8220;stretch_row&#8220; css=&#8220;.vc_custom_1511736008291{padding-bottom: 40px !important;background-color: #333333 !important;}&#8220;][vc_column]<div class=\"dt-fancy-separator h2-size style-disabled\" style=\"width: 100%;\"><div class=\"dt-fancy-title\" style=\"color: #ffffff;\"><span class=\"separator-holder separator-left\"><\/span>Presse<span class=\"separator-holder separator-right\"><\/span><\/div><\/div>[\/vc_column][\/vc_row][vc_row el_class=&#8220;dark-arrow&#8220; css=&#8220;.vc_custom_1511516789691{padding-top: 50px !important;padding-bottom: 20px !important;}&#8220;][vc_column width=&#8220;1\/3&#8243;]<div class=\"dt-fancy-separator title-left h3-size title-color\" style=\"width: 100%;\"><div class=\"dt-fancy-title\"><span class=\"separator-holder separator-left\"><\/span>SOLARIS NG - Neue Generation<span class=\"separator-holder separator-right\"><\/span><\/div><\/div><div class=\"ult-spacer spacer-69e0b37084421\" data-id=\"69e0b37084421\" data-height=\"10\" data-height-mobile=\"10\" data-height-tab=\"10\" data-height-tab-portrait=\"\" data-height-mobile-landscape=\"\" style=\"clear:both;display:block;\"><\/div>[vc_single_image image=&#8220;4979&#8243; img_size=&#8220;medium&#8220;][vc_column_text css=&#8220;.vc_custom_1663056280292{margin-bottom: 10px !important;}&#8220;]<strong>13. September 2022<\/strong>[\/vc_column_text][vc_column_text css=&#8220;.vc_custom_1663056296948{margin-bottom: 10px !important;}&#8220;]SORHEA, die Referenz im Bereich der perimetrischen Einbruchserkennung f\u00fcr sensible Standorte,<strong> entwickelt seine Infrarotschranke SOLARIS weiter.<\/strong>[\/vc_column_text]<style type=\"text\/css\" data-type=\"the7_shortcodes-inline-css\">#default-btn-69a46576d8e30602a00cea9f92f3d1e5.ico-right-side > i {\n  margin-right: 0px;\n  margin-left: 8px;\n}\n#default-btn-69a46576d8e30602a00cea9f92f3d1e5 > i {\n  margin-right: 8px;\n}<\/style><a href=\"https:\/\/www.sorhea.com\/de\/wp-content\/uploads\/sites\/7\/2022\/09\/2022_CP_SORHEA-SOLARIS-NG_DE.pdf\" class=\"default-btn-shortcode dt-btn dt-btn-m link-hover-off btn-inline-left  vc_custom_1663056305099\" target=\"_blank\" id=\"default-btn-69a46576d8e30602a00cea9f92f3d1e5\" rel=\"noopener\"><span>Sehen Sie sich die Wiederholung an<\/span><\/a>[\/vc_column][vc_column width=&#8220;1\/3&#8243;]<div class=\"dt-fancy-separator title-left h3-size title-color\" style=\"width: 100%;\"><div class=\"dt-fancy-title\"><span class=\"separator-holder separator-left\"><\/span>WINDAYS WEBINAR<span class=\"separator-holder separator-right\"><\/span><\/div><\/div><div class=\"ult-spacer spacer-69e0b370844fb\" data-id=\"69e0b370844fb\" data-height=\"10\" data-height-mobile=\"10\" data-height-tab=\"10\" data-height-tab-portrait=\"\" data-height-mobile-landscape=\"\" style=\"clear:both;display:block;\"><\/div>[vc_single_image image=&#8220;4201&#8243; img_size=&#8220;medium&#8220;][vc_column_text css=&#8220;.vc_custom_1630067311254{margin-bottom: 10px !important;}&#8220;]<strong class=\"rouge\">12<\/strong><strong class=\"rouge\">. Juli 2021<\/strong>[\/vc_column_text][vc_column_text css=&#8220;.vc_custom_1640698472713{margin-bottom: 10px !important;}&#8220;]Vom 7. bis 9. Juni 2021 nahm SORHEA an den Wiley Industry Days teil. Bei dieser Gelegenheit hielt unser International Sales Manager Benjamin Tate einen Vortrag zum Thema <strong>&#8222;Wie w\u00e4hlt man die am besten geeignete Technologie f\u00fcr die Perimetersicherheit sensibler Standorte aus&#8220;<\/strong>.[\/vc_column_text]<style type=\"text\/css\" data-type=\"the7_shortcodes-inline-css\">#default-btn-40861ad5b76df5d17f7811c401911de3.ico-right-side > i {\n  margin-right: 0px;\n  margin-left: 8px;\n}\n#default-btn-40861ad5b76df5d17f7811c401911de3 > i {\n  margin-right: 8px;\n}<\/style><a href=\"https:\/\/www.git-security.com\/webinars\/how-choose-most-appropriate-technology-perimeter-security-sensitive-sites\" class=\"default-btn-shortcode dt-btn dt-btn-m link-hover-off btn-inline-left  vc_custom_1630067390389\" target=\"_blank\" id=\"default-btn-40861ad5b76df5d17f7811c401911de3\" rel=\"noopener\"><span>Sehen Sie sich die Wiederholung an<\/span><\/a>[\/vc_column][vc_column width=&#8220;1\/3&#8243;]<div class=\"dt-fancy-separator title-left h3-size title-color\" style=\"width: 100%;\"><div class=\"dt-fancy-title\"><span class=\"separator-holder separator-left\"><\/span>GIT SECURITY International<span class=\"separator-holder separator-right\"><\/span><\/div><\/div><div class=\"ult-spacer spacer-69e0b37084559\" data-id=\"69e0b37084559\" data-height=\"10\" data-height-mobile=\"10\" data-height-tab=\"10\" data-height-tab-portrait=\"\" data-height-mobile-landscape=\"\" style=\"clear:both;display:block;\"><\/div>[vc_single_image image=&#8220;3609&#8243; img_size=&#8220;medium&#8220;][vc_column_text css=&#8220;.vc_custom_1614937621227{margin-bottom: 10px !important;}&#8220;]<strong class=\"rouge\">12<\/strong><strong class=\"rouge\">. Februar 2021<\/strong>[\/vc_column_text][vc_column_text css=&#8220;.vc_custom_1614937630555{margin-bottom: 10px !important;}&#8220;]Heiko Viehweger, der SORHEA-Vertriebsleiter f\u00fcr den DACH-Bereich gibt Antworten auf die Auswahl der zu installierenden Technologie und er\u00f6rtert, wie wichtig es ist, die richtigen Fragen zu stellen, um die effektivste L\u00f6sung zu empfehlen. Er erkl\u00e4rt, wie die beste L\u00f6sung eine Mischung verschiedener Technologien bleibt, um alle Bereiche und alle Sicherheitsprobleme abzudecken.[\/vc_column_text]<style type=\"text\/css\" data-type=\"the7_shortcodes-inline-css\">#default-btn-f052204f5347468d6f42836a3c4662b8.ico-right-side > i {\n  margin-right: 0px;\n  margin-left: 8px;\n}\n#default-btn-f052204f5347468d6f42836a3c4662b8 > i {\n  margin-right: 8px;\n}<\/style><a href=\"https:\/\/www.git-security.com\/news\/choosing-most-appropriate-perimeter-security-system\" class=\"default-btn-shortcode dt-btn dt-btn-m link-hover-off btn-inline-left  vc_custom_1614937662405\" target=\"_blank\" id=\"default-btn-f052204f5347468d6f42836a3c4662b8\" rel=\"noopener\"><span>Der gesamte Artikel<\/span><\/a>[\/vc_column][\/vc_row][vc_row css=&#8220;.vc_custom_1630067460616{padding-top: 50px !important;padding-bottom: 20px !important;}&#8220;][vc_column width=&#8220;1\/3&#8243;]<div class=\"dt-fancy-separator title-left h3-size title-color\" style=\"width: 100%;\"><div class=\"dt-fancy-title\"><span class=\"separator-holder separator-left\"><\/span>AKQUISE - TDSi<span class=\"separator-holder separator-right\"><\/span><\/div><\/div><div class=\"ult-spacer spacer-69e0b370845a5\" data-id=\"69e0b370845a5\" data-height=\"10\" data-height-mobile=\"10\" data-height-tab=\"10\" data-height-tab-portrait=\"\" data-height-mobile-landscape=\"\" style=\"clear:both;display:block;\"><\/div>[vc_single_image image=&#8220;2045&#8243; img_size=&#8220;medium&#8220;][vc_column_text css=&#8220;.vc_custom_1562598162205{margin-bottom: 10px !important;}&#8220;]<strong class=\"rouge\">17. Juni 2019<\/strong>[\/vc_column_text][vc_column_text css=&#8220;.vc_custom_1605603700715{margin-bottom: 10px !important;}&#8220;]Nach dem Erwerb von ARD im letzten April setzt die VITAPROTECH-Gruppe, einer der Marktf\u00fchrer im Bereich Zutrittskontrolle und Sicherheitssysteme sowie Technologien f\u00fcr gef\u00e4hrdete Standorte, seine dynamische Wachstumsstrategie fort.[\/vc_column_text]<style type=\"text\/css\" data-type=\"the7_shortcodes-inline-css\">#default-btn-20770796acbb2ccacf534dad48ec655e.ico-right-side > i {\n  margin-right: 0px;\n  margin-left: 8px;\n}\n#default-btn-20770796acbb2ccacf534dad48ec655e > i {\n  margin-right: 8px;\n}<\/style><a href=\"https:\/\/www.sorhea.com\/acquisition\/?noredirect=en_US\" class=\"default-btn-shortcode dt-btn dt-btn-m link-hover-off btn-inline-left  vc_custom_1559046428948\" target=\"_blank\" id=\"default-btn-20770796acbb2ccacf534dad48ec655e\" rel=\"noopener\"><span>Pressemitteilung lesen<\/span><\/a>[\/vc_column][vc_column width=&#8220;1\/3&#8243;]<div class=\"dt-fancy-separator title-left h3-size title-color\" style=\"width: 100%;\"><div class=\"dt-fancy-title\"><span class=\"separator-holder separator-left\"><\/span>AKQUISE - ARD<span class=\"separator-holder separator-right\"><\/span><\/div><\/div><div class=\"ult-spacer spacer-69e0b370845e6\" data-id=\"69e0b370845e6\" data-height=\"10\" data-height-mobile=\"10\" data-height-tab=\"10\" data-height-tab-portrait=\"\" data-height-mobile-landscape=\"\" style=\"clear:both;display:block;\"><\/div>[vc_single_image image=&#8220;1787&#8243; img_size=&#8220;medium&#8220;][vc_column_text css=&#8220;.vc_custom_1557223749867{margin-bottom: 10px !important;}&#8220;]<strong class=\"rouge\">29. April 2019<\/strong>[\/vc_column_text][vc_column_text css=&#8220;.vc_custom_1640698842163{margin-bottom: 10px !important;}&#8220;]Die VITAPROTECH-Gruppe, f\u00fchrender Anbieter im Bereich Absicherung und Schutz von sicherheitsgef\u00e4hrdeten Standorten, verk\u00fcndete die Akquise des Unternehmens ARD, einem bedeutenden franz\u00f6sischen Akteur im Bereich der Zutrittskontrolle und elektronischem Zahlungsverkehr.[\/vc_column_text]<style type=\"text\/css\" data-type=\"the7_shortcodes-inline-css\">#default-btn-20770796acbb2ccacf534dad48ec655e.ico-right-side > i {\n  margin-right: 0px;\n  margin-left: 8px;\n}\n#default-btn-20770796acbb2ccacf534dad48ec655e > i {\n  margin-right: 8px;\n}<\/style><a href=\"https:\/\/www.sorhea.com\/acquisition\/?noredirect=en_US\" class=\"default-btn-shortcode dt-btn dt-btn-m link-hover-off btn-inline-left  vc_custom_1559046428948\" target=\"_blank\" id=\"default-btn-20770796acbb2ccacf534dad48ec655e\" rel=\"noopener\"><span>Pressemitteilung lesen<\/span><\/a>[\/vc_column][vc_column width=&#8220;1\/3&#8243;]<div class=\"dt-fancy-separator title-left h3-size title-color\" style=\"width: 100%;\"><div class=\"dt-fancy-title\"><span class=\"separator-holder separator-left\"><\/span>ESSEN 2018<span class=\"separator-holder separator-right\"><\/span><\/div><\/div><div class=\"ult-spacer spacer-69e0b37084626\" data-id=\"69e0b37084626\" data-height=\"10\" data-height-mobile=\"10\" data-height-tab=\"10\" data-height-tab-portrait=\"\" data-height-mobile-landscape=\"\" style=\"clear:both;display:block;\"><\/div>[vc_single_image image=&#8220;1456&#8243; img_size=&#8220;medium&#8220;][vc_column_text css=&#8220;.vc_custom_1556526210266{margin-bottom: 10px !important;}&#8220;]<strong class=\"rouge\">September 7th 2018<\/strong>[\/vc_column_text][vc_column_text css=&#8220;.vc_custom_1559046634712{margin-bottom: 10px !important;}&#8220;]From September 25th to 28th 2018,SORHEA is participating for the 5th time at Security Essen in Germany. During this Security and Safety trade fair, the French manufacturer of perimeter intrusion&#8230;[\/vc_column_text]<style type=\"text\/css\" data-type=\"the7_shortcodes-inline-css\">#default-btn-f785f4af6e086850f60e6682f8dc081e.ico-right-side > i {\n  margin-right: 0px;\n  margin-left: 8px;\n}\n#default-btn-f785f4af6e086850f60e6682f8dc081e > i {\n  margin-right: 8px;\n}<\/style><a href=\"https:\/\/www.sorhea.com\/security-essen-2018\/\" class=\"default-btn-shortcode dt-btn dt-btn-m link-hover-off btn-inline-left  vc_custom_1559046469571\" target=\"_blank\" id=\"default-btn-f785f4af6e086850f60e6682f8dc081e\" rel=\"noopener\"><span>Pressemitteilung lesen<\/span><\/a>[\/vc_column][\/vc_row][vc_row css=&#8220;.vc_custom_1630067467828{padding-top: 50px !important;padding-bottom: 20px !important;}&#8220;][vc_column width=&#8220;1\/3&#8243;]<div class=\"dt-fancy-separator title-left h3-size title-color\" style=\"width: 100%;\"><div class=\"dt-fancy-title\"><span class=\"separator-holder separator-left\"><\/span>VITAPROTECH<span class=\"separator-holder separator-right\"><\/span><\/div><\/div><div class=\"ult-spacer spacer-69e0b37084667\" data-id=\"69e0b37084667\" data-height=\"10\" data-height-mobile=\"10\" data-height-tab=\"10\" data-height-tab-portrait=\"\" data-height-mobile-landscape=\"\" style=\"clear:both;display:block;\"><\/div>[vc_single_image image=&#8220;1401&#8243; img_size=&#8220;medium&#8220;][vc_column_text css=&#8220;.vc_custom_1556525933760{margin-bottom: 10px !important;}&#8220;]<strong class=\"rouge\">June 25th 2018<\/strong>[\/vc_column_text][vc_column_text css=&#8220;.vc_custom_1556526103658{margin-bottom: 10px !important;}&#8220;]Eurazeo PME is to become the new majority shareholder of ST GROUP, renamed VITAPROTECH, a French leader in securing physical access to sensitive sites&#8230;[\/vc_column_text]<style type=\"text\/css\" data-type=\"the7_shortcodes-inline-css\">#default-btn-d3d09e348886089616f198872978bcd4.ico-right-side > i {\n  margin-right: 0px;\n  margin-left: 8px;\n}\n#default-btn-d3d09e348886089616f198872978bcd4 > i {\n  margin-right: 8px;\n}<\/style><a href=\"https:\/\/www.sorhea.com\/st-group-joins-eurazeo-pmes-portfolio-of-companies-and-becomes-vitaprotech\/\" class=\"default-btn-shortcode dt-btn dt-btn-m link-hover-off btn-inline-left  vc_custom_1559048352375\" target=\"_blank\" id=\"default-btn-d3d09e348886089616f198872978bcd4\" rel=\"noopener\"><span>Pressemitteilung lesen<\/span><\/a>[\/vc_column][vc_column width=&#8220;1\/3&#8243;]<div class=\"dt-fancy-separator title-left h3-size title-color\" style=\"width: 100%;\"><div class=\"dt-fancy-title\"><span class=\"separator-holder separator-left\"><\/span>INTERSEC 2018<span class=\"separator-holder separator-right\"><\/span><\/div><\/div><div class=\"ult-spacer spacer-69e0b370846a9\" data-id=\"69e0b370846a9\" data-height=\"10\" data-height-mobile=\"10\" data-height-tab=\"10\" data-height-tab-portrait=\"\" data-height-mobile-landscape=\"\" style=\"clear:both;display:block;\"><\/div>[vc_single_image image=&#8220;1074&#8243; img_size=&#8220;medium&#8220;][vc_column_text css=&#8220;.vc_custom_1516388505178{margin-bottom: 10px !important;}&#8220;]<strong class=\"rouge\">January 19th 2018<\/strong>[\/vc_column_text][vc_column_text css=&#8220;.vc_custom_1556525589477{margin-bottom: 10px !important;}&#8220;]From January 21st to 23rd 2018, SORHEA and TIL TECHNOLOGIES are participating for the 7th successive year at INTERSEC in Dubai&#8230;[\/vc_column_text]<style type=\"text\/css\" data-type=\"the7_shortcodes-inline-css\">#default-btn-83c3ca654a4041e598457b88a30bdf02.ico-right-side > i {\n  margin-right: 0px;\n  margin-left: 8px;\n}\n#default-btn-83c3ca654a4041e598457b88a30bdf02 > i {\n  margin-right: 8px;\n}<\/style><a href=\"https:\/\/www.sorhea.com\/intersec-2018\/?noredirect=en_US\" class=\"default-btn-shortcode dt-btn dt-btn-m link-hover-off btn-inline-left  vc_custom_1559056212352\" target=\"_blank\" id=\"default-btn-83c3ca654a4041e598457b88a30bdf02\" rel=\"noopener\"><span>Pressemitteilung lesen<\/span><\/a>[\/vc_column][vc_column width=&#8220;1\/3&#8243;][\/vc_column][\/vc_row]<\/p>\n<\/div>","protected":false},"excerpt":{"rendered":"<p>[vc_row full_width=&#8220;stretch_row&#8220; css=&#8220;.vc_custom_1511736008291{padding-bottom: 40px !important;background-color: #333333 !important;}&#8220;][vc_column][\/vc_column][\/vc_row][vc_row el_class=&#8220;dark-arrow&#8220; css=&#8220;.vc_custom_1511516789691{padding-top: 50px !important;padding-bottom: 20px !important;}&#8220;][vc_column width=&#8220;1\/3&#8243;][vc_single_image image=&#8220;4979&#8243; img_size=&#8220;medium&#8220;][vc_column_text css=&#8220;.vc_custom_1663056280292{margin-bottom: 10px !important;}&#8220;]13. September 2022[\/vc_column_text][vc_column_text css=&#8220;.vc_custom_1663056296948{margin-bottom: 10px !important;}&#8220;]SORHEA, die Referenz im Bereich der perimetrischen Einbruchserkennung f\u00fcr sensible Standorte, entwickelt seine Infrarotschranke SOLARIS weiter.[\/vc_column_text][\/vc_column][vc_column width=&#8220;1\/3&#8243;][vc_single_image image=&#8220;4201&#8243; img_size=&#8220;medium&#8220;][vc_column_text css=&#8220;.vc_custom_1630067311254{margin-bottom: 10px !important;}&#8220;]12. Juli 2021[\/vc_column_text][vc_column_text css=&#8220;.vc_custom_1640698472713{margin-bottom: 10px !important;}&#8220;]Vom 7. bis 9. Juni 2021&hellip;<\/p>\n","protected":false},"author":1,"featured_media":0,"parent":7,"menu_order":0,"comment_status":"closed","ping_status":"closed","template":"","meta":{"jetpack_post_was_ever_published":false,"footnotes":""},"class_list":["post-37","page","type-page","status-publish","hentry","description-off"],"jetpack_sharing_enabled":true,"jetpack_shortlink":"https:\/\/wp.me\/PaCgoX-B","_links":{"self":[{"href":"https:\/\/www.sorhea.com\/de\/wp-json\/wp\/v2\/pages\/37","targetHints":{"allow":["GET"]}}],"collection":[{"href":"https:\/\/www.sorhea.com\/de\/wp-json\/wp\/v2\/pages"}],"about":[{"href":"https:\/\/www.sorhea.com\/de\/wp-json\/wp\/v2\/types\/page"}],"author":[{"embeddable":true,"href":"https:\/\/www.sorhea.com\/de\/wp-json\/wp\/v2\/users\/1"}],"replies":[{"embeddable":true,"href":"https:\/\/www.sorhea.com\/de\/wp-json\/wp\/v2\/comments?post=37"}],"version-history":[{"count":48,"href":"https:\/\/www.sorhea.com\/de\/wp-json\/wp\/v2\/pages\/37\/revisions"}],"predecessor-version":[{"id":4980,"href":"https:\/\/www.sorhea.com\/de\/wp-json\/wp\/v2\/pages\/37\/revisions\/4980"}],"up":[{"embeddable":true,"href":"https:\/\/www.sorhea.com\/de\/wp-json\/wp\/v2\/pages\/7"}],"wp:attachment":[{"href":"https:\/\/www.sorhea.com\/de\/wp-json\/wp\/v2\/media?parent=37"}],"curies":[{"name":"wp","href":"https:\/\/api.w.org\/{rel}","templated":true}]}}