{"id":3709,"date":"2021-04-12T10:35:50","date_gmt":"2021-04-12T08:35:50","guid":{"rendered":"https:\/\/www.sorhea.com\/de\/?page_id=3709"},"modified":"2021-04-17T14:10:04","modified_gmt":"2021-04-17T12:10:04","slug":"staerken","status":"publish","type":"page","link":"https:\/\/www.sorhea.com\/de\/about-us\/staerken\/","title":{"rendered":"St\u00e4rken"},"content":{"rendered":"<div class=\"wpb-content-wrapper\"><p>[vc_row full_width=&#8220;stretch_row&#8220; css=&#8220;.vc_custom_1511516383864{padding-top: 10px !important;padding-bottom: 20px !important;background-color: #333333 !important;}&#8220;][vc_column]<div class=\"dt-fancy-separator title-left h3-size style-disabled\" style=\"width: 100%;\"><div class=\"dt-fancy-title\" style=\"color: #ffffff;\"><span class=\"separator-holder separator-left\"><\/span>Warum SORHEA?<span class=\"separator-holder separator-right\"><\/span><\/div><\/div>[vc_column_text el_class=&#8220;dark-bkgd-text&#8220; css=&#8220;.vc_custom_1618223551663{margin-bottom: 20px !important;padding-top: 20px !important;}&#8220;]Dank kontinuierlicher Innovation und dem Engagement zu Wachstum bietet SORHEA die umfassendste und innovativste Produktpalette auf dem Markt f\u00fcr Perimetersicherheit.<\/p>\n<p>Unsere Welt hat sich ver\u00e4ndert. Die Nachfrage nach Perimetersicherheitssystemen steigt, um bereits im Vorfeld eines Ereignisses pr\u00e4ventive Ma\u00dfnahmen ergreifen zu k\u00f6nnen. Wenn Ihre Einrichtung oder Ihr Personal bedroht ist, z\u00e4hlt jede Sekunde &#8211; und genau hier kommt SORHEA ins Spiel.<\/p>\n<p>Mit unseren robusten und zuverl\u00e4ssigen Systemen, die auch unter extremen Witterungsbedingungen funktionieren, kann das Eingreifen von Interventionskr\u00e4ften schneller, fr\u00fcher und effektiver erfolgen.[\/vc_column_text][\/vc_column][\/vc_row][vc_row el_class=&#8220;dark-arrow&#8220; css=&#8220;.vc_custom_1511516789691{padding-top: 50px !important;padding-bottom: 20px !important;}&#8220;][vc_column]<div class=\"dt-fancy-separator title-left h3-size title-color\" style=\"width: 100%;\"><div class=\"dt-fancy-title\"><span class=\"separator-holder separator-left\"><\/span>Un\u00fcbertroffene Innovation<span class=\"separator-holder separator-right\"><\/span><\/div><\/div>[\/vc_column][\/vc_row][vc_row full_width=&#8220;stretch_row&#8220; css=&#8220;.vc_custom_1618395344555{padding-top: 10px !important;padding-bottom: 20px !important;background-color: #ffffff !important;}&#8220;][vc_column width=&#8220;2\/3&#8243;][vc_column_text]<\/p>\n<div class=\"wpb_text_column wpb_content_element vc_custom_1544003675801\">\n<div class=\"wpb_wrapper\">\n<p>SORHEA ist der einzige Hersteller auf dem Markt, der solarbetriebene und drahtlose Perimeter-Sicherheitsl\u00f6sungen anbietet, die im Wesentlichen infrastrukturfrei sind.<\/p>\n<p>SORHEA war der erste und ist nach wie vor der einzige Hersteller weltweit, der einen weitreichenden Bewegungssensor mit zwei Technologien (PIRAMID) entwickelt hat. Die PIRAMID-Detektoren sind leistungsstarke volumetrische Detektionssysteme auf dem neuesten Stand der Technik.<\/p>\n<p>Heute geh\u00f6rt SORHEA zu den f\u00fchrenden Anbietern vollst\u00e4ndiger physischer Sicherheitsl\u00f6sungen.<\/p>\n<p>&nbsp;<\/p>\n<\/div>\n<\/div>\n<p>[\/vc_column_text][vc_column_text]<\/p>\n<div class=\"wpb_text_column wpb_content_element vc_custom_1544003675801\">\n<div class=\"wpb_wrapper\">\n<q class=\"h3-size shortcode-pullquote wf-cell align-right wf-1\"><p>Solarbetriebene IR-Technologie, die selbst unter den extremsten Bedingungen alles andere \u00fcbertrifft<\/p>\n<\/q><\/div>\n<\/div>\n<p>[\/vc_column_text][\/vc_column][vc_column width=&#8220;1\/3&#8243;][vc_single_image image=&#8220;3710&#8243; img_size=&#8220;large&#8220;][\/vc_column][\/vc_row][vc_row][vc_column]<div class=\"dt-fancy-separator title-right h3-size title-color\" style=\"width: 100%;\"><div class=\"dt-fancy-title\"><span class=\"separator-holder separator-left\"><\/span>Flexibilit\u00e4t bei der Anpassung durch Customization<span class=\"separator-holder separator-right\"><\/span><\/div><\/div>[\/vc_column][\/vc_row][vc_row full_width=&#8220;stretch_row&#8220; css=&#8220;.vc_custom_1618395355728{padding-top: 10px !important;padding-bottom: 20px !important;background-color: #ffffff !important;}&#8220;][vc_column width=&#8220;1\/4&#8243;][vc_single_image image=&#8220;319&#8243; img_size=&#8220;large&#8220; css=&#8220;.vc_custom_1618216875331{margin-top: 20px !important;border-top-width: 20px !important;padding-top: 20px !important;}&#8220;][\/vc_column][vc_column width=&#8220;3\/4&#8243;][vc_column_text]<\/p>\n<div class=\"wpb_text_column wpb_content_element vc_custom_1544003675801\">\n<div class=\"wpb_wrapper\">\n<div class=\"wpb_column vc_column_container vc_col-sm-8\">\n<div class=\"vc_column-inner\">\n<div class=\"wpb_wrapper\">\n<div class=\"wpb_text_column wpb_content_element \">\n<div class=\"wpb_wrapper\">\n<p>Die St\u00e4rke von SORHEA liegt in seiner Flexibilit\u00e4t, sich durch die Entwicklung kundenspezifischer Produkte an alle m\u00f6glichen Kundenanwendungen anzupassen, um den strengsten Anforderungen gerecht zu werden.<\/p>\n<p>Da unsere Produkte in Frankreich hergestellt oder montiert werden, reagieren wir schnell &#8211; ob Service, Schulung oder Support.<\/p>\n<p>Produktion und Qualit\u00e4tskontrolle (ISO 9001-Zertifizierung seit 1999) garantieren seit \u00fcber 33 Jahren die Zuverl\u00e4ssigkeit der SORHEA-Produkte.<\/p>\n<p>&nbsp;<\/p><\/div>\n<\/div>\n<\/div>\n<\/div>\n<\/div>\n<\/div>\n<\/div>\n<p>[\/vc_column_text][\/vc_column][\/vc_row]<\/p>\n<\/div>","protected":false},"excerpt":{"rendered":"<p>[vc_row full_width=&#8220;stretch_row&#8220; css=&#8220;.vc_custom_1511516383864{padding-top: 10px !important;padding-bottom: 20px !important;background-color: #333333 !important;}&#8220;][vc_column][vc_column_text el_class=&#8220;dark-bkgd-text&#8220; css=&#8220;.vc_custom_1618223551663{margin-bottom: 20px !important;padding-top: 20px !important;}&#8220;]Dank kontinuierlicher Innovation und dem Engagement zu Wachstum bietet SORHEA die umfassendste und innovativste Produktpalette auf dem Markt f\u00fcr Perimetersicherheit. Unsere Welt hat sich ver\u00e4ndert. Die Nachfrage nach Perimetersicherheitssystemen steigt, um bereits im Vorfeld eines Ereignisses pr\u00e4ventive Ma\u00dfnahmen ergreifen zu k\u00f6nnen.&hellip;<\/p>\n","protected":false},"author":430,"featured_media":0,"parent":24,"menu_order":0,"comment_status":"closed","ping_status":"closed","template":"","meta":{"jetpack_post_was_ever_published":false,"footnotes":""},"class_list":["post-3709","page","type-page","status-publish","hentry","description-off"],"jetpack_sharing_enabled":true,"jetpack_shortlink":"https:\/\/wp.me\/PaCgoX-XP","_links":{"self":[{"href":"https:\/\/www.sorhea.com\/de\/wp-json\/wp\/v2\/pages\/3709","targetHints":{"allow":["GET"]}}],"collection":[{"href":"https:\/\/www.sorhea.com\/de\/wp-json\/wp\/v2\/pages"}],"about":[{"href":"https:\/\/www.sorhea.com\/de\/wp-json\/wp\/v2\/types\/page"}],"author":[{"embeddable":true,"href":"https:\/\/www.sorhea.com\/de\/wp-json\/wp\/v2\/users\/430"}],"replies":[{"embeddable":true,"href":"https:\/\/www.sorhea.com\/de\/wp-json\/wp\/v2\/comments?post=3709"}],"version-history":[{"count":14,"href":"https:\/\/www.sorhea.com\/de\/wp-json\/wp\/v2\/pages\/3709\/revisions"}],"predecessor-version":[{"id":3776,"href":"https:\/\/www.sorhea.com\/de\/wp-json\/wp\/v2\/pages\/3709\/revisions\/3776"}],"up":[{"embeddable":true,"href":"https:\/\/www.sorhea.com\/de\/wp-json\/wp\/v2\/pages\/24"}],"wp:attachment":[{"href":"https:\/\/www.sorhea.com\/de\/wp-json\/wp\/v2\/media?parent=3709"}],"curies":[{"name":"wp","href":"https:\/\/api.w.org\/{rel}","templated":true}]}}