{"id":41,"date":"2017-11-23T14:08:47","date_gmt":"2017-11-23T13:08:47","guid":{"rendered":"https:\/\/www.sorhea.com\/?page_id=41"},"modified":"2025-09-30T09:07:10","modified_gmt":"2025-09-30T07:07:10","slug":"legal-notices","status":"publish","type":"page","link":"https:\/\/www.sorhea.com\/de\/legal-notices\/","title":{"rendered":"Impressum"},"content":{"rendered":"<div class=\"wpb-content-wrapper\"><p>[vc_row full_width=&#8220;stretch_row&#8220; css=&#8220;.vc_custom_1511736874837{padding-bottom: 40px !important;background-color: #333333 !important;}&#8220;][vc_column]<div class=\"dt-fancy-separator h2-size style-disabled\" style=\"width: 100%;\"><div class=\"dt-fancy-title\" style=\"color: #ffffff;\"><span class=\"separator-holder separator-left\"><\/span>Impressum<span class=\"separator-holder separator-right\"><\/span><\/div><\/div>[\/vc_column][\/vc_row][vc_row el_class=&#8220;dark-arrow&#8220; css=&#8220;.vc_custom_1511516789691{padding-top: 50px !important;padding-bottom: 20px !important;}&#8220;][vc_column]<div class=\"dt-fancy-separator title-left h3-size style-thick title-color accent-border-color\" style=\"width: 100%;\"><div class=\"dt-fancy-title\"><span class=\"separator-holder separator-left\"><\/span>1. Kontakt<span class=\"separator-holder separator-right\"><\/span><\/div><\/div>[vc_column_text css=&#8220;.vc_custom_1759215940854{padding-top: 20px !important;}&#8220;]<strong>Hirsch Secure GmbH<\/strong><br \/>\nEisenstra\u00dfe 2-4 \/ Haus 3<br \/>\n65428 R\u00fcsselsheim<br \/>\nTelefon: +49(0)6142 4811950<br \/>\nE-Mail: info@hirschsecure.de<br \/>\nInternet: www.hirschsecure.de<br \/>\nGesch\u00e4ftsf\u00fchrer: Steven Humphreys<br \/>\nRegistergericht: Darmstadt<br \/>\nRegisternummer: HRB 103825<br \/>\nUSt.-Id.: DE359636087[\/vc_column_text]<div class=\"dt-fancy-separator title-left h3-size style-thick title-color accent-border-color\" style=\"width: 100%;\"><div class=\"dt-fancy-title\"><span class=\"separator-holder separator-left\"><\/span>2. Urheberrechte<span class=\"separator-holder separator-right\"><\/span><\/div><\/div>[vc_column_text css=&#8220;.vc_custom_1759215985283{padding-top: 20px !important;}&#8220;]Inhalt und Gestaltung dieser Internet-Seiten sind urheberrechtlich gesch\u00fctzt. Der Inhalt darf insbesondere nicht zu kommerziellen Zwecken kopiert oder ver\u00e4ndert oder Dritten zug\u00e4nglich gemacht werden. Eine Vervielf\u00e4ltigung der Seiten oder ihrer Inhalte bedarf jeweils der vorherigen schriftlichen Zustimmung der Hirsch Secure GmbH.<\/p>\n<p>F\u00fcr die auf diesen Internet-Seiten verwendeten und zur Verf\u00fcgung gestellten Downloads wie z.B. Fotos, Bilder, Unternehmensrichtlinien und Pr\u00e4sentationen liegen die Urheberrechte bei der Hirsch Secure GmbH. Diese bleiben auch dann bestehen, wenn die Fotos, Bilder, Unternehmensrichtlinien und Pr\u00e4sentationen f\u00fcr publizistische Zwecke verwendet, vervielf\u00e4ltigt oder in ein Archiv \u00fcbernommen werden. Bei Ver\u00f6ffentlichung muss als Quellenhinweis \u201eHirsch Secure GmbH\u201c angegeben werden.[\/vc_column_text]<div class=\"dt-fancy-separator title-left h3-size style-thick title-color accent-border-color\" style=\"width: 100%;\"><div class=\"dt-fancy-title\"><span class=\"separator-holder separator-left\"><\/span>3. Bildnachweise<span class=\"separator-holder separator-right\"><\/span><\/div><\/div>[vc_column_text css=&#8220;.vc_custom_1759216019513{padding-top: 20px !important;}&#8220;]Auf unserer Webseite verwenden wir unter anderem Bilder und Grafiken von fotolia.com, shutterstock.com und anderen Anbietern. Einzelnachweise liefern wir gerne auf Anfrage \u00fcber info@hirschsecure.de.[\/vc_column_text][\/vc_column][\/vc_row]<\/p>\n<\/div>","protected":false},"excerpt":{"rendered":"<p>[vc_row full_width=&#8220;stretch_row&#8220; css=&#8220;.vc_custom_1511736874837{padding-bottom: 40px !important;background-color: #333333 !important;}&#8220;][vc_column][\/vc_column][\/vc_row][vc_row el_class=&#8220;dark-arrow&#8220; css=&#8220;.vc_custom_1511516789691{padding-top: 50px !important;padding-bottom: 20px !important;}&#8220;][vc_column][vc_column_text css=&#8220;.vc_custom_1759215940854{padding-top: 20px !important;}&#8220;]Hirsch Secure GmbH Eisenstra\u00dfe 2-4 \/ Haus 3 65428 R\u00fcsselsheim Telefon: +49(0)6142 4811950 E-Mail: info@hirschsecure.de Internet: www.hirschsecure.de Gesch\u00e4ftsf\u00fchrer: Steven Humphreys Registergericht: Darmstadt Registernummer: HRB 103825 USt.-Id.: DE359636087[\/vc_column_text][vc_column_text css=&#8220;.vc_custom_1759215985283{padding-top: 20px !important;}&#8220;]Inhalt und Gestaltung dieser Internet-Seiten sind urheberrechtlich gesch\u00fctzt. Der Inhalt darf&hellip;<\/p>\n","protected":false},"author":1,"featured_media":0,"parent":0,"menu_order":0,"comment_status":"closed","ping_status":"closed","template":"","meta":{"jetpack_post_was_ever_published":false,"footnotes":""},"class_list":["post-41","page","type-page","status-publish","hentry","description-off"],"jetpack_sharing_enabled":true,"jetpack_shortlink":"https:\/\/wp.me\/PaCgoX-F","_links":{"self":[{"href":"https:\/\/www.sorhea.com\/de\/wp-json\/wp\/v2\/pages\/41","targetHints":{"allow":["GET"]}}],"collection":[{"href":"https:\/\/www.sorhea.com\/de\/wp-json\/wp\/v2\/pages"}],"about":[{"href":"https:\/\/www.sorhea.com\/de\/wp-json\/wp\/v2\/types\/page"}],"author":[{"embeddable":true,"href":"https:\/\/www.sorhea.com\/de\/wp-json\/wp\/v2\/users\/1"}],"replies":[{"embeddable":true,"href":"https:\/\/www.sorhea.com\/de\/wp-json\/wp\/v2\/comments?post=41"}],"version-history":[{"count":29,"href":"https:\/\/www.sorhea.com\/de\/wp-json\/wp\/v2\/pages\/41\/revisions"}],"predecessor-version":[{"id":6327,"href":"https:\/\/www.sorhea.com\/de\/wp-json\/wp\/v2\/pages\/41\/revisions\/6327"}],"wp:attachment":[{"href":"https:\/\/www.sorhea.com\/de\/wp-json\/wp\/v2\/media?parent=41"}],"curies":[{"name":"wp","href":"https:\/\/api.w.org\/{rel}","templated":true}]}}