{"id":4435,"date":"2021-12-14T09:49:56","date_gmt":"2021-12-14T08:49:56","guid":{"rendered":"https:\/\/www.sorhea.com\/de\/?page_id=4435"},"modified":"2026-03-05T14:36:22","modified_gmt":"2026-03-05T13:36:22","slug":"online-bibliothek","status":"publish","type":"page","link":"https:\/\/www.sorhea.com\/de\/about-us\/online-bibliothek\/","title":{"rendered":"Online-Bibliothek"},"content":{"rendered":"<div class=\"wpb-content-wrapper\"><p>[vc_row full_width=&#8220;stretch_row&#8220; css=&#8220;.vc_custom_1511516383864{padding-top: 10px !important;padding-bottom: 20px !important;background-color: #333333 !important;}&#8220;][vc_column]<div class=\"dt-fancy-separator title-left h3-size style-disabled\" style=\"width: 100%;\"><div class=\"dt-fancy-title\" style=\"color: #ffffff;\"><span class=\"separator-holder separator-left\"><\/span>Online-Bibliothek<span class=\"separator-holder separator-right\"><\/span><\/div><\/div>[vc_column_text css=&#8220;.vc_custom_1639470678117{margin-bottom: 20px !important;padding-top: 20px !important;}&#8220; el_class=&#8220;dark-bkgd-text&#8220;]Besuchen Sie unsere Online-Bibliothek, um Brosch\u00fcren, technische Handb\u00fccher und andere Materialien zu finden, die Sie \u00fcber unsere gesamte Produktpalette informieren.[\/vc_column_text][\/vc_column][\/vc_row][vc_row el_class=&#8220;dark-arrow&#8220; css=&#8220;.vc_custom_1511516789691{padding-top: 50px !important;padding-bottom: 20px !important;}&#8220;][vc_column]<div class=\"dt-fancy-separator h3-size title-color\" style=\"width: 100%;\"><div class=\"dt-fancy-title\"><span class=\"separator-holder separator-left\"><\/span>Dokumentation<span class=\"separator-holder separator-right\"><\/span><\/div><\/div><div class=\"ult-spacer spacer-69d80c413b2bf\" data-id=\"69d80c413b2bf\" data-height=\"30\" data-height-mobile=\"30\" data-height-tab=\"30\" data-height-tab-portrait=\"\" data-height-mobile-landscape=\"\" style=\"clear:both;display:block;\"><\/div>[vc_cta h2=&#8220;Digitaler Produktkatalog&#8220; h2_font_container=&#8220;tag:h2|font_size:20px|text_align:left|line_height:48px&#8220; h2_use_theme_fonts=&#8220;yes&#8220; style=&#8220;custom&#8220; add_button=&#8220;left&#8220; btn_title=&#8220;Ansehen&#8220; btn_style=&#8220;custom&#8220; btn_custom_background=&#8220;#d40000&#8243; btn_custom_text=&#8220;#ffffff&#8220; btn_align=&#8220;center&#8220; btn_i_icon_fontawesome=&#8220;far fa-file-pdf&#8220; css=&#8220;.vc_custom_1643365241732{border-right-width: 5px !important;border-left-width: 5px !important;padding-top: 15px !important;padding-bottom: 15px !important;border-left-color: #d40000 !important;border-right-color: #d40000 !important;}&#8220; use_custom_fonts_h2=&#8220;true&#8220; btn_button_block=&#8220;true&#8220; btn_add_icon=&#8220;true&#8220; custom_background=&#8220;#f3f3f3&#8243; custom_text=&#8220;#333333&#8243; btn_el_class=&#8220;theme-font-button&#8220; h2_el_class=&#8220;no-bottom-margin&#8220; btn_link=&#8220;url:https%3A%2F%2Ffr.zone-secure.net%2F195132%2F.CATALOGUE-SORHEA-DE-2021%2F%23page%3D1|target:_blank&#8220;][\/vc_cta][vc_cta h2=&#8220;Unternehmensbrosch\u00fcre als PDF&#8220; h2_font_container=&#8220;tag:h2|font_size:20px|text_align:left|line_height:48px&#8220; h2_use_theme_fonts=&#8220;yes&#8220; style=&#8220;custom&#8220; add_button=&#8220;left&#8220; btn_title=&#8220;Download&#8220; btn_style=&#8220;custom&#8220; btn_custom_background=&#8220;#d40000&#8243; btn_custom_text=&#8220;#ffffff&#8220; btn_align=&#8220;center&#8220; btn_i_icon_fontawesome=&#8220;far fa-file-pdf&#8220; css=&#8220;.vc_custom_1688040584330{border-right-width: 5px !important;border-left-width: 5px !important;padding-top: 15px !important;padding-bottom: 15px !important;border-left-color: #d40000 !important;border-right-color: #d40000 !important;}&#8220; use_custom_fonts_h2=&#8220;true&#8220; btn_button_block=&#8220;true&#8220; btn_add_icon=&#8220;true&#8220; custom_background=&#8220;#f3f3f3&#8243; custom_text=&#8220;#333333&#8243; btn_el_class=&#8220;theme-font-button&#8220; h2_el_class=&#8220;no-bottom-margin&#8220; btn_link=&#8220;url:https%3A%2F%2Fwww.sorhea.com%2Ffr%2Fwp-content%2Fuploads%2Fsites%2F4%2F2023%2F06%2FUNTERNEHMENSBROCHURE_DE.pdf|target:_blank&#8220;][\/vc_cta]<div class=\"ult-spacer spacer-69d80c413b2cc\" data-id=\"69d80c413b2cc\" data-height=\"30\" data-height-mobile=\"30\" data-height-tab=\"30\" data-height-tab-portrait=\"\" data-height-mobile-landscape=\"\" style=\"clear:both;display:block;\"><\/div>[vc_tabs interval=&#8220;0&#8243; title_size=&#8220;h5&#8243; style=&#8220;tab-style-four&#8220;][vc_tab title=&#8220;Produktbrosch\u00fcren&#8220; tab_id=&#8220;062cc576-e865-9&#8243;][vc_row_inner][vc_column_inner width=&#8220;1\/2&#8243;][vc_column_text]<strong>Aktiv-Infrarotschranken<\/strong><\/p>\n<p><ul class=\"standard-arrow list-divider\"><li><p><a href=\"https:\/\/www.sorhea.com\/fr\/wp-content\/uploads\/sites\/4\/2023\/06\/COLIRIS_DE.pdf\" target=\"_blank\" rel=\"noopener noreferrer\">COLIRIS<\/a><\/p>\n<\/li><li><p><a href=\"https:\/\/www.sorhea.com\/fr\/wp-content\/uploads\/sites\/4\/2023\/06\/MAXIRIS_DE.pdf\" target=\"_blank\" rel=\"noopener noreferrer\">MAXIRIS<\/a><\/p>\n<\/li><li><p><a href=\"https:\/\/www.sorhea.com\/fr\/wp-content\/uploads\/sites\/4\/2023\/06\/SOLARIS-NG_DE.pdf\" target=\"_blank\" rel=\"noopener noreferrer\">SOLARIS NG<\/a><\/p>\n<\/li><li><p><a href=\"https:\/\/www.sorhea.com\/fr\/wp-content\/uploads\/sites\/4\/2023\/06\/PORTALIS_DE.pdf\" target=\"_blank\" rel=\"noopener noreferrer\">PORTALIS<\/a><\/p>\n<\/li><li><p><a href=\"https:\/\/www.sorhea.com\/de\/wp-content\/uploads\/sites\/7\/2024\/08\/Broschure_SO-BEAM_DE.pdf\" target=\"_blank\" rel=\"noopener noreferrer\">SO-BEAM<\/a><\/p>\n<\/li><li><p><a href=\"\/ftp-uploads\/NC_MINIRIS_DE.pdf\" target=\"_blank\" rel=\"noopener noreferrer\">MINIRIS<\/a><\/p>\n<\/li><li><p><a href=\"\/ftp-uploads\/NC_BIRIS_DE.pdf\" target=\"_blank\" rel=\"noopener noreferrer\">BIRIS<\/a><\/p>\n<\/li><li><p><a href=\"https:\/\/www.sorhea.com\/fr\/wp-content\/uploads\/sites\/4\/2023\/06\/APIRIS_DE.pdf\" target=\"_blank\" rel=\"noopener noreferrer\">APIRIS<\/a><\/p>\n<\/li><\/ul><strong>Detektionskabel<\/strong><\/p>\n<p><ul class=\"standard-arrow list-divider\"><li><p><a href=\"https:\/\/www.sorhea.com\/fr\/wp-content\/uploads\/sites\/4\/2023\/06\/G-FENCE-3000_DE.pdf\" target=\"_blank\" rel=\"noopener noreferrer\">G-FENCE 3000<\/a><\/p>\n<\/li><li><p><a href=\"https:\/\/www.sorhea.com\/fr\/wp-content\/uploads\/sites\/4\/2023\/06\/G-FENCE-2400_DE.pdf\" target=\"_blank\" rel=\"noopener noreferrer\">G-FENCE 2400<\/a><\/p>\n<\/li><li><p><a href=\"https:\/\/www.sorhea.com\/fr\/wp-content\/uploads\/sites\/4\/2023\/06\/G-FENCE-600-600Z_DE.pdf\" target=\"_blank\" rel=\"noopener noreferrer\">G-FENCE 600 &amp; 600Z<\/a><\/p>\n<\/li><li><p><a href=\"https:\/\/www.sorhea.com\/de\/wp-content\/uploads\/sites\/7\/2023\/09\/SORHEA_NC246-DE_GFENCE_CONNECTOR_2023.pdf\" target=\"_blank\" rel=\"noopener noreferrer\">TORVERBINDER<\/a><\/p>\n<\/li><\/ul><strong>Zaun-Elektrifizierungssysteme<\/strong><\/p>\n<p><ul class=\"standard-arrow list-divider\"><li><p><a href=\"\/ftp-uploads\/NC_SILUR_EN.pdf\" target=\"_blank\" rel=\"noopener noreferrer\">SILUR 360 &amp; FX<\/a><\/p>\n<\/li><li><p><a href=\"\/ftp-uploads\/NC_SI-TOP_EN.pdf\" target=\"_blank\" rel=\"noopener noreferrer\">SI-TOP<\/a><\/p>\n<\/li><li><p><a href=\"\/ftp-uploads\/NC_SI-LOCK_EN.pdf\" target=\"_blank\" rel=\"noopener noreferrer\">SI-LOCK<\/a><\/p>\n<\/li><\/ul>[\/vc_column_text][\/vc_column_inner][vc_column_inner width=&#8220;1\/2&#8243;][vc_column_text css=&#8220;&#8220;]<strong>Detektionsz\u00e4une und Auslegersensoren<\/strong><\/p>\n<p><ul class=\"standard-arrow list-divider\"><li><p><a href=\"\/ftp-uploads\/NC_ACTI-TOP_EN.pdf\" target=\"_blank\" rel=\"noopener noreferrer\">ACTI-TOP<\/a><\/p>\n<\/li><li><p><a href=\"\/ftp-uploads\/NC_ACTI-FENCE_EN.pdf\" target=\"_blank\" rel=\"noopener noreferrer\">ACTI-FENCE<\/a><\/p>\n<\/li><\/ul><strong>Glasfaser DAS Analyzer<\/strong><\/p>\n<ul class=\"standard-arrow list-divider\"><li><p><a href=\"https:\/\/www.sorhea.com\/de\/wp-content\/uploads\/sites\/7\/2025\/03\/NC250-FR-V1.0-01.25_LUMOR_DE_V4.pdf\" target=\"_blank\" rel=\"noopener noreferrer\">LUMOR<\/a><\/p>\n<\/li><\/ul>\n<p><strong>Dual-Technologie-Sensoren<\/strong><\/p>\n<ul class=\"standard-arrow list-divider\"><li><p><a href=\"https:\/\/www.sorhea.com\/fr\/wp-content\/uploads\/sites\/4\/2023\/06\/PIRAMID_DE.pdf\" target=\"_blank\" rel=\"noopener noreferrer\">PIRAMID<\/a><\/p>\n<\/li><li><p><a href=\"https:\/\/www.sorhea.com\/fr\/wp-content\/uploads\/sites\/4\/2023\/06\/PIRAMID-ATEX_DE.pdf\" target=\"_blank\" rel=\"noopener noreferrer\">PIRAMID ATEX<\/a><\/p>\n<\/li><\/ul>\n<p><strong>Multisensor Einbruchmelder<\/strong><\/p>\n<ul class=\"standard-arrow list-divider\"><li><p><a href=\"https:\/\/www.sorhea.com\/de\/wp-content\/uploads\/sites\/7\/2025\/04\/NC247-DE-HATCH-SECURE_V2-pages_compressed-2.pdf\" target=\"_blank\" rel=\"noopener noreferrer\">HATCH-SECURE<\/a><\/p>\n<\/li><\/ul>\n<p><strong>Videoanalyse<\/strong><\/p>\n<ul class=\"standard-arrow list-divider\"><li><p><a href=\"https:\/\/www.sorhea.com\/de\/wp-content\/uploads\/sites\/7\/2023\/02\/Foxstream-PS-FoxVigi-en-2021-SORHEA-DE-V2.pdf\" target=\"_blank\" rel=\"noopener noreferrer\">FOXVIGI<\/a><\/p>\n<\/li><li><p><a href=\"https:\/\/www.sorhea.com\/de\/wp-content\/uploads\/sites\/7\/2023\/02\/Foxstream-PS-FoxBox-SORHEA-DE.pdf\" target=\"_blank\" rel=\"noopener noreferrer\">FOXBOX<\/a><\/p>\n<\/li><li><p><a href=\"https:\/\/www.sorhea.com\/de\/products\/foxtool\/\" target=\"_blank\" rel=\"noopener\">FOXTOOL<\/a><\/p>\n<\/li><\/ul>\n<p><strong>Integration<\/strong><\/p>\n<p><ul class=\"standard-arrow list-divider\"><li><p><a href=\"https:\/\/www.sorhea.com\/de\/wp-content\/uploads\/sites\/7\/2024\/09\/NC_212_MAXIBUS-NEO_04.24_DE.pdf\" target=\"_blank\" rel=\"noopener noreferrer\">MAXIBUS NEO<\/a><\/p>\n<\/li><li><p><a href=\"https:\/\/www.sorhea.com\/fr\/wp-content\/uploads\/sites\/4\/2023\/06\/MAXIBUS-UNIVERSAL_DE.pdf\" target=\"_blank\" rel=\"noopener noreferrer\">MAXIBUS UNIVERSAL<\/a><\/p>\n<\/li><li><p><a href=\"https:\/\/www.sorhea.com\/de\/wp-content\/uploads\/sites\/7\/2025\/01\/NC_249_SPECTRA_DE.pdf\" target=\"_blank\" rel=\"noopener\">SPECTRA<\/a><\/p>\n<\/li><li><p><a href=\"https:\/\/www.sorhea.com\/de\/wp-content\/uploads\/sites\/7\/2023\/04\/SMART-BRIDGE_DE_2023.pdf\" target=\"_blank\" rel=\"noopener noreferrer\">SMART BRIDGE<\/a><\/p>\n<\/li><li><p><a href=\"https:\/\/www.sorhea.com\/fr\/wp-content\/uploads\/sites\/4\/2023\/06\/MI8_DE.pdf\" target=\"_blank\" rel=\"noopener noreferrer\">REMOTE-MODUL 8 EING\u00c4NGE (MI8)<\/a><\/p>\n<\/li><\/ul>[\/vc_column_text][\/vc_column_inner][\/vc_row_inner][\/vc_tab][vc_tab title=&#8220;Branchenbrosch\u00fcren&#8220; tab_id=&#8220;4edeaec3-fdf2-7&#8243;][vc_row_inner][vc_column_inner width=&#8220;1\/2&#8243;][vc_column_text]<ul class=\"standard-arrow list-divider\"><li><p><a href=\"https:\/\/www.sorhea.com\/de\/wp-content\/uploads\/sites\/7\/2021\/05\/HAFENANLAGEN_DE.pdf\" target=\"_blank\" rel=\"noopener noreferrer\">HAFENINFRASTRUKTUR<\/a><\/p>\n<\/li><li><p><a href=\"https:\/\/www.sorhea.com\/de\/wp-content\/uploads\/sites\/7\/2021\/11\/01_SORHEA_Application_train_DE-V5_compressed.pdf\" target=\"_blank\" rel=\"noopener noreferrer\">EISENBAHN-INFRASTRUKTUR<\/a><\/p>\n<\/li><li><p><a href=\"https:\/\/www.sorhea.com\/de\/wp-content\/uploads\/sites\/7\/2021\/05\/SOLARSTROMANLAGEN_DE.pdf\" target=\"_blank\" rel=\"noopener noreferrer\">SOLARSTROMANLAGEN<\/a><\/p>\n<\/li><li><p><a href=\"\/ftp-uploads\/DA_WASTE-COLLECTION-SITES_EN.pdf\" target=\"_blank\" rel=\"noopener noreferrer\">RECYCLINGBETRIEBE<\/a><\/p>\n<\/li><\/ul>[\/vc_column_text][\/vc_column_inner][vc_column_inner width=&#8220;1\/2&#8243;][vc_column_text]<ul class=\"standard-arrow list-divider\"><li><p><a href=\"https:\/\/www.sorhea.com\/de\/wp-content\/uploads\/sites\/7\/2021\/05\/VILLEN-STADTHAeUSER-UND-SCHLOeSSER_DE.pdf\" target=\"_blank\" rel=\"noopener noreferrer\">VIP-BEREICHE<\/a><\/p>\n<\/li><li><p><a href=\"https:\/\/www.sorhea.com\/de\/wp-content\/uploads\/sites\/7\/2021\/05\/TRANSFORMATOREN-UND-UMSPANNWERKE_DE.pdf\" target=\"_blank\" rel=\"noopener noreferrer\">TRANSFORMATOREN UND UMSPANNWERKE<\/a><\/p>\n<\/li><li><p><a href=\"https:\/\/www.sorhea.com\/de\/wp-content\/uploads\/sites\/7\/2021\/05\/SEVESO-STANDORTE_DE.pdf\" target=\"_blank\" rel=\"noopener noreferrer\">SEVESO-STANDORTE<\/a><\/p>\n<\/li><\/ul>[\/vc_column_text][\/vc_column_inner][\/vc_row_inner][\/vc_tab][vc_tab title=&#8220;Videos&#8220; tab_id=&#8220;1639404752859-2-7&#8243;][vc_row_inner][vc_column_inner width=&#8220;1\/2&#8243;]<div class=\"dt-fancy-separator title-left h4-size style-thick accent-title-color\" style=\"width: 100%;\"><div class=\"dt-fancy-title\"><span class=\"separator-holder separator-left\"><\/span>MAXIRIS<span class=\"separator-holder separator-right\"><\/span><\/div><\/div><div class=\"ult-spacer spacer-69d80c413b841\" data-id=\"69d80c413b841\" data-height=\"10\" data-height-mobile=\"10\" data-height-tab=\"10\" data-height-tab-portrait=\"\" data-height-mobile-landscape=\"\" style=\"clear:both;display:block;\"><\/div>[vc_video link=&#8220;https:\/\/www.youtube.com\/watch?v=pZWgfJXgwKA&#8220; align=&#8220;center&#8220;][vc_video link=&#8220;https:\/\/www.youtube.com\/watch?v=iS0ZD9W3u84&#8243; align=&#8220;center&#8220;]<div class=\"ult-spacer spacer-69d80c413b848\" data-id=\"69d80c413b848\" data-height=\"10\" data-height-mobile=\"10\" data-height-tab=\"10\" data-height-tab-portrait=\"\" data-height-mobile-landscape=\"\" style=\"clear:both;display:block;\"><\/div><div class=\"dt-fancy-separator title-left h4-size style-thick accent-title-color\" style=\"width: 100%;\"><div class=\"dt-fancy-title\"><span class=\"separator-holder separator-left\"><\/span>SOLARIS<span class=\"separator-holder separator-right\"><\/span><\/div><\/div><div class=\"ult-spacer spacer-69d80c413b858\" data-id=\"69d80c413b858\" data-height=\"10\" data-height-mobile=\"10\" data-height-tab=\"10\" data-height-tab-portrait=\"\" data-height-mobile-landscape=\"\" style=\"clear:both;display:block;\"><\/div>[vc_video link=&#8220;https:\/\/www.youtube.com\/watch?v=csPwYNfEuUo&#8220; align=&#8220;center&#8220;]<div class=\"ult-spacer spacer-69d80c413b85d\" data-id=\"69d80c413b85d\" data-height=\"10\" data-height-mobile=\"10\" data-height-tab=\"10\" data-height-tab-portrait=\"\" data-height-mobile-landscape=\"\" style=\"clear:both;display:block;\"><\/div><div class=\"dt-fancy-separator title-left h4-size style-thick accent-title-color\" style=\"width: 100%;\"><div class=\"dt-fancy-title\"><span class=\"separator-holder separator-left\"><\/span>MINIRIS<span class=\"separator-holder separator-right\"><\/span><\/div><\/div><div class=\"ult-spacer spacer-69d80c413b86a\" data-id=\"69d80c413b86a\" data-height=\"10\" data-height-mobile=\"10\" data-height-tab=\"10\" data-height-tab-portrait=\"\" data-height-mobile-landscape=\"\" style=\"clear:both;display:block;\"><\/div>[vc_video link=&#8220;https:\/\/www.youtube.com\/watch?v=vWhCjmfnCP8&#8243; align=&#8220;center&#8220;][\/vc_column_inner][vc_column_inner width=&#8220;1\/2&#8243;]<div class=\"dt-fancy-separator title-left h4-size style-thick accent-title-color\" style=\"width: 100%;\"><div class=\"dt-fancy-title\"><span class=\"separator-holder separator-left\"><\/span>G-FENCE<span class=\"separator-holder separator-right\"><\/span><\/div><\/div><div class=\"ult-spacer spacer-69d80c413b877\" data-id=\"69d80c413b877\" data-height=\"10\" data-height-mobile=\"10\" data-height-tab=\"10\" data-height-tab-portrait=\"\" data-height-mobile-landscape=\"\" style=\"clear:both;display:block;\"><\/div>[vc_video link=&#8220;https:\/\/www.youtube.com\/watch?v=n6VwNVrlZEY&#8220; align=&#8220;center&#8220;][vc_video link=&#8220;https:\/\/www.youtube.com\/watch?v=7j_AVpautQs&#8220; align=&#8220;center&#8220;]<div class=\"ult-spacer spacer-69d80c413b87d\" data-id=\"69d80c413b87d\" data-height=\"10\" data-height-mobile=\"10\" data-height-tab=\"10\" data-height-tab-portrait=\"\" data-height-mobile-landscape=\"\" style=\"clear:both;display:block;\"><\/div><div class=\"dt-fancy-separator title-left h4-size style-thick accent-title-color\" style=\"width: 100%;\"><div class=\"dt-fancy-title\"><span class=\"separator-holder separator-left\"><\/span>PIRAMID<span class=\"separator-holder separator-right\"><\/span><\/div><\/div><div class=\"ult-spacer spacer-69d80c413b88a\" data-id=\"69d80c413b88a\" data-height=\"10\" data-height-mobile=\"10\" data-height-tab=\"10\" data-height-tab-portrait=\"\" data-height-mobile-landscape=\"\" style=\"clear:both;display:block;\"><\/div>[vc_video link=&#8220;https:\/\/www.youtube.com\/watch?v=GpzsFr6MTME&#8220; align=&#8220;center&#8220;]<div class=\"ult-spacer spacer-69d80c413b88f\" data-id=\"69d80c413b88f\" data-height=\"10\" data-height-mobile=\"10\" data-height-tab=\"10\" data-height-tab-portrait=\"\" data-height-mobile-landscape=\"\" style=\"clear:both;display:block;\"><\/div><div class=\"dt-fancy-separator title-left h4-size style-thick accent-title-color\" style=\"width: 100%;\"><div class=\"dt-fancy-title\"><span class=\"separator-holder separator-left\"><\/span>MAXIBUS NEO<span class=\"separator-holder separator-right\"><\/span><\/div><\/div><div class=\"ult-spacer spacer-69d80c413b89b\" data-id=\"69d80c413b89b\" data-height=\"10\" data-height-mobile=\"10\" data-height-tab=\"10\" data-height-tab-portrait=\"\" data-height-mobile-landscape=\"\" style=\"clear:both;display:block;\"><\/div>[vc_video link=&#8220;https:\/\/youtu.be\/BZmx9YAMvGU&#8220; align=&#8220;center&#8220;][\/vc_column_inner][\/vc_row_inner][\/vc_tab][\/vc_tabs][\/vc_column][\/vc_row]<\/p>\n<\/div>","protected":false},"excerpt":{"rendered":"<p>[vc_row full_width=&#8220;stretch_row&#8220; css=&#8220;.vc_custom_1511516383864{padding-top: 10px !important;padding-bottom: 20px !important;background-color: #333333 !important;}&#8220;][vc_column][vc_column_text css=&#8220;.vc_custom_1639470678117{margin-bottom: 20px !important;padding-top: 20px !important;}&#8220; el_class=&#8220;dark-bkgd-text&#8220;]Besuchen Sie unsere Online-Bibliothek, um Brosch\u00fcren, technische Handb\u00fccher und andere Materialien zu finden, die Sie \u00fcber unsere gesamte Produktpalette informieren.[\/vc_column_text][\/vc_column][\/vc_row][vc_row el_class=&#8220;dark-arrow&#8220; css=&#8220;.vc_custom_1511516789691{padding-top: 50px !important;padding-bottom: 20px !important;}&#8220;][vc_column][vc_cta h2=&#8220;Digitaler Produktkatalog&#8220; h2_font_container=&#8220;tag:h2|font_size:20px|text_align:left|line_height:48px&#8220; h2_use_theme_fonts=&#8220;yes&#8220; style=&#8220;custom&#8220; add_button=&#8220;left&#8220; btn_title=&#8220;Ansehen&#8220; btn_style=&#8220;custom&#8220; btn_custom_background=&#8220;#d40000&#8243; btn_custom_text=&#8220;#ffffff&#8220; btn_align=&#8220;center&#8220; btn_i_icon_fontawesome=&#8220;far fa-file-pdf&#8220; css=&#8220;.vc_custom_1643365241732{border-right-width: 5px&hellip;<\/p>\n","protected":false},"author":1,"featured_media":0,"parent":24,"menu_order":0,"comment_status":"closed","ping_status":"closed","template":"","meta":{"jetpack_post_was_ever_published":false,"footnotes":""},"class_list":["post-4435","page","type-page","status-publish","hentry","description-off"],"jetpack_sharing_enabled":true,"jetpack_shortlink":"https:\/\/wp.me\/PaCgoX-19x","_links":{"self":[{"href":"https:\/\/www.sorhea.com\/de\/wp-json\/wp\/v2\/pages\/4435","targetHints":{"allow":["GET"]}}],"collection":[{"href":"https:\/\/www.sorhea.com\/de\/wp-json\/wp\/v2\/pages"}],"about":[{"href":"https:\/\/www.sorhea.com\/de\/wp-json\/wp\/v2\/types\/page"}],"author":[{"embeddable":true,"href":"https:\/\/www.sorhea.com\/de\/wp-json\/wp\/v2\/users\/1"}],"replies":[{"embeddable":true,"href":"https:\/\/www.sorhea.com\/de\/wp-json\/wp\/v2\/comments?post=4435"}],"version-history":[{"count":47,"href":"https:\/\/www.sorhea.com\/de\/wp-json\/wp\/v2\/pages\/4435\/revisions"}],"predecessor-version":[{"id":6315,"href":"https:\/\/www.sorhea.com\/de\/wp-json\/wp\/v2\/pages\/4435\/revisions\/6315"}],"up":[{"embeddable":true,"href":"https:\/\/www.sorhea.com\/de\/wp-json\/wp\/v2\/pages\/24"}],"wp:attachment":[{"href":"https:\/\/www.sorhea.com\/de\/wp-json\/wp\/v2\/media?parent=4435"}],"curies":[{"name":"wp","href":"https:\/\/api.w.org\/{rel}","templated":true}]}}