{"id":4536,"date":"2022-01-20T11:15:49","date_gmt":"2022-01-20T10:15:49","guid":{"rendered":"https:\/\/www.sorhea.com\/de\/?page_id=4536"},"modified":"2026-03-05T14:55:15","modified_gmt":"2026-03-05T13:55:15","slug":"secure-rail-infrastructure","status":"publish","type":"page","link":"https:\/\/www.sorhea.com\/de\/your-needs\/secure-rail-infrastructure\/","title":{"rendered":"Absichern Eisenbahn-Infrastruktur"},"content":{"rendered":"<div class=\"wpb-content-wrapper\"><p>[vc_row full_width=&#8220;stretch_row&#8220; css=&#8220;.vc_custom_1511516383864{padding-top: 10px !important;padding-bottom: 20px !important;background-color: #333333 !important;}&#8220;][vc_column]<div class=\"dt-fancy-separator title-left h3-size style-disabled\" style=\"width: 100%;\"><div class=\"dt-fancy-title\" style=\"color: #ffffff;\"><span class=\"separator-holder separator-left\"><\/span>Absichern Eisenbahn-Infrastruktur<span class=\"separator-holder separator-right\"><\/span><\/div><\/div>[vc_column_text el_class=&#8220;dark-bkgd-text&#8220; css=&#8220;.vc_custom_1642768470212{margin-bottom: 20px !important;padding-top: 20px !important;}&#8220;]<strong>F\u00fcr jeden, der f\u00fcr die Sicherheit von Eisenbahninfrastrukturen verantwortlich ist, ist der Schutz des Netzes sowie der Standorte ein wichtiges Anliegen, da dies gleichzeitig eine technische Herausforderung, ein wirtschaftliches Anliegen und vor allem eine lebenswichtige Bedeutung darstellt.<\/strong><\/p>\n<p>&nbsp;<\/p>\n<p>Ob es sich um einen Unfall auf dem Gleis, ein terroristisches Risiko, Vandalismus oder Diebstahl handelt, SORHEA bietet verschiedene<br \/>\nL\u00f6sungen zur Detektion eines unberechtigten Eindringens, um den Sicherheitsanforderungen gerecht zu werden. F\u00fcr SORHEA geht es darum, L\u00f6sungen vorzuschlagen, die langlebig, besonders zuverl\u00e4ssig und schnell zu installieren sind. Dies ist eine grundlegende Herausforderung, wenn man wei\u00df, welche<br \/>\nAuswirkungen eine Einstellung des Bahnverkehrs auf einer zu sch\u00fctzenden Strecke hat.[\/vc_column_text]<style type=\"text\/css\" data-type=\"the7_shortcodes-inline-css\">#default-btn-ebd4f4ad4128ca49942b18f352f9d47d.ico-right-side > i {\n  margin-right: 0px;\n  margin-left: 8px;\n}\n#default-btn-ebd4f4ad4128ca49942b18f352f9d47d > i {\n  margin-right: 8px;\n}<\/style><a href=\"https:\/\/www.sorhea.com\/fr\/wp-content\/uploads\/sites\/4\/2023\/06\/EISENBAHN-INFRASTRUKTUR_DE.pdf\" class=\"default-btn-shortcode dt-btn dt-btn-m link-hover-off btn-inline-left \" target=\"_blank\" id=\"default-btn-ebd4f4ad4128ca49942b18f352f9d47d\" rel=\"noopener\"><i class=\"far fa-file-pdf\"><\/i><span>Laden Sie die Brosch\u00fcre Eisenbahninfrastruktur herunter<\/span><\/a>[\/vc_column][\/vc_row][vc_row el_class=&#8220;dark-arrow&#8220; css=&#8220;.vc_custom_1511516789691{padding-top: 50px !important;padding-bottom: 20px !important;}&#8220;][vc_column]<div class=\"dt-fancy-separator h4-size style-disabled accent-title-color\" style=\"width: 100%;\"><div class=\"dt-fancy-title\"><span class=\"separator-holder separator-left\"><\/span>UNSERE L\u00d6SUNGEN ZUR SICHERUNG<span class=\"separator-holder separator-right\"><\/span><\/div><\/div><div class=\"dt-fancy-separator h4-size title-color\" style=\"width: 100%;\"><div class=\"dt-fancy-title\"><span class=\"separator-holder separator-left\"><\/span>VON BAHNINFRASTRUKTUREN<span class=\"separator-holder separator-right\"><\/span><\/div><\/div><div class=\"ult-spacer spacer-69defba229f3f\" data-id=\"69defba229f3f\" data-height=\"20\" data-height-mobile=\"20\" data-height-tab=\"20\" data-height-tab-portrait=\"\" data-height-mobile-landscape=\"\" style=\"clear:both;display:block;\"><\/div>[vc_column_text]<\/p>\n<p style=\"text-align: center;\">Bewegen Sie den Mauszeiger \u00fcber das Diagramm oder die Beschriftungen, um die verschiedenen eingesetzten Technologien zu identifizieren, und klicken Sie, um weitere Informationen zu erhalten<\/p>\n<p>[\/vc_column_text]<div class=\"ult-spacer spacer-69defba229f54\" data-id=\"69defba229f54\" data-height=\"30\" data-height-mobile=\"30\" data-height-tab=\"30\" data-height-tab-portrait=\"\" data-height-mobile-landscape=\"\" style=\"clear:both;display:block;\"><\/div>[vc_column_text]<div id=\"image-map-pro-7157\"><\/div>[\/vc_column_text]<div class=\"ult-spacer spacer-69defba229fc2\" data-id=\"69defba229fc2\" data-height=\"30\" data-height-mobile=\"30\" data-height-tab=\"30\" data-height-tab-portrait=\"\" data-height-mobile-landscape=\"\" style=\"clear:both;display:block;\"><\/div>[\/vc_column][\/vc_row][vc_row][vc_column width=&#8220;1\/2&#8243; offset=&#8220;vc_col-md-3 vc_col-xs-12&#8243;]<div class=\"ult-content-box-container info-block info-block-1\" >\t\t<div class=\"ult-content-box\" style=\"background-color:#333333;box-shadow: px px px px none;padding-top:20px;padding-right:20px;padding-bottom:10px;padding-left:20px;-webkit-transition: all 700ms ease;-moz-transition: all 700ms ease;-ms-transition: all 700ms ease;-o-transition: all 700ms ease;transition: all 700ms ease;\"  data-hover_box_shadow=\"none\"     data-bg=\"#333333\" ><div class=\"dt-fancy-separator h6-size style-disabled accent-border-color\" style=\"width: 100%;\"><div class=\"dt-fancy-title bg-on\" style=\"color: #ffffff;\"><span class=\"separator-holder separator-left\"><\/span>TECHNISCHE STANDORTE<span class=\"separator-holder separator-right\"><\/span><\/div><\/div><div class=\"ult-spacer spacer-69defba22a03a\" data-id=\"69defba22a03a\" data-height=\"20\" data-height-mobile=\"20\" data-height-tab=\"20\" data-height-tab-portrait=\"\" data-height-mobile-landscape=\"\" style=\"clear:both;display:block;\"><\/div><div class=\"standard-arrow bullet-top\"><ul>\n<li>RISIKO : <strong>Vandalismus \/ Graffiti \/ Kupferdiebstahl \/ Sabotage<br \/>\n<\/strong><\/li>\n<li>L\u00d6SUNG: <strong>MAXIRIS \/ SOLARIS mit ZUGERKENNUNG<br \/>\n<\/strong><\/li>\n<\/ul>\n<\/div>\t\t<\/div><\/div>[vc_single_image image=&#8220;4541&#8243; img_size=&#8220;1280&#215;720&#8243; alignment=&#8220;center&#8220; image_hovers=&#8220;false&#8220; css=&#8220;.vc_custom_1642607577500{margin-bottom: 20px !important;}&#8220;]<style type=\"text\/css\" data-type=\"the7_shortcodes-inline-css\">#default-btn-83c6b5cc07aa4274f10069b24d621087.ico-right-side > i {\n  margin-right: 0px;\n  margin-left: 8px;\n}\n#default-btn-83c6b5cc07aa4274f10069b24d621087 > i {\n  margin-right: 8px;\n}<\/style><div class=\"btn-align-center\"><a href=\"#\" class=\"default-btn-shortcode dt-btn dt-btn-m link-hover-off tech-site full-width-btn \" id=\"default-btn-83c6b5cc07aa4274f10069b24d621087\"><span>WARUM SORHEA ?<\/span><\/a><\/div><div id=\"modal-trg-txt-wrap-5204\" class=\"ult-modal-input-wrapper ult-adjust-bottom-margin    \" data-keypress-control=\"keypress-control-enable\" data-overlay-control=\"overlay-control-enable\"><span data-class-id=\"content-69defba22a1455-56572882\"><\/span>\n\t\t\t\t<script type=\"text\/javascript\">\n\t\t\t\t(function($){\n\t\t\t\t\t$(document).ready(function(){\n\t\t\t\t\t\tvar selector = \".tech-site\";\n\t\t\t\t\t\t$(selector).addClass(\"custom-ult-modal overlay-show\");\n\t\t\t\t\t\t$(selector).attr(\"data-class-id\", \"content-69defba22a1455-56572882\");\n\t\t\t\t\t\t$(selector).attr(\"data-overlay-class\", \"overlay-slidedown\");\n\t\t\t\t\t\t$(selector).attr(\"data-keypress-control\", \"keypress-control-enable\");\n\t\t\t\t\t\t$(selector).attr(\"data-overlay-control\", \"overlay-control-enable\");\n\t\t\t\t\t});\n\t\t\t\t})(jQuery);\n\t\t\t\t<\/script><\/div>\n<div class=\"ult-overlay content-69defba22a1455-56572882 \" data-class=\"content-69defba22a1455-56572882\" id=\"button-click-overlay\" style=\"background:rgba(51,51,51,0.8); display:none;\">\n\t<div class=\"ult_modal ult-fade ult-medium\">\n\t\t<div id=\"ult-modal-wrap-4621\" class=\"ult_modal-content ult-hide\" style=\"border-style:solid;border-width:2px;border-radius:0px;border-color:#333333;\">\n\t\t\t<div class=\"ult_modal-header\" style=\"background:#d40000;color:#ffffff;font-weight:bold;border-color:#333333;\">\n\t\t\t\t<h3  data-ultimate-target='#ult-modal-wrap-4621 .ult_modal-title'  data-responsive-json-new='{\"font-size\":\"\",\"line-height\":\"\"}'  class=\"ult_modal-title ult-responsive\">TECHNISCHE STANDORTE : WARUM SORHEA ?<\/h3>\n\t\t\t<\/div>\n\t\t\t<div  data-ultimate-target='#ult-modal-wrap-4621 .ult_modal-body'  data-responsive-json-new='{\"font-size\":\"\",\"line-height\":\"\"}'  class=\"ult_modal-body ult-responsive ult-html\" style=\"background:#cfd2ce;\">\n\t\t\tDiese Wartungsstellen f\u00fcr Z\u00fcge ziehen Kriminelle wegen der Materialien an, die gestohlen werden k\u00f6nnen. Die gro\u00dfe Anzahl der dort gelagerten G\u00fcter und Materialien macht diese Standorte gef\u00e4hrlich und daher besonders wichtig zu sch\u00fctzen.<\/p>\n<p><strong>Seit \u00fcber 33 Jahren liegt die St\u00e4rke von SORHEA darin, ma\u00dfgeschneiderte L\u00f6sungen f\u00fcr die spezifischen Bed\u00fcrfnisse der Kunden zu entwickeln.<\/strong><\/p>\n<p>Mit unserem Know-how im Bereich Aktiv-Infrarot haben wir die MAXIRIS, die zuverl\u00e4ssigste IR-Barriere auf dem Markt, mit einem speziellen Algorithmus erweitert, um eine technologische Antwort auf ein bestimmtes Kundenbed\u00fcrfnis zu geben: So entstand die MAXIRIS DISCRI-TRAIN.\n\t\t\t<\/div>\n\t<\/div>\n\t<\/div>\n\t<div class=\"ult-overlay-close top-right\" style=\"width:40px;height:40px; \"><div class=\"ult-overlay-close-inside\">Close<\/div><\/div>\n<\/div>[\/vc_column][vc_column width=&#8220;1\/2&#8243; offset=&#8220;vc_col-md-3 vc_col-xs-12&#8243;]<div class=\"ult-content-box-container info-block info-block-2\" >\t\t<div class=\"ult-content-box\" style=\"background-color:#333333;box-shadow: px px px px none;padding-top:20px;padding-right:20px;padding-bottom:10px;padding-left:20px;-webkit-transition: all 700ms ease;-moz-transition: all 700ms ease;-ms-transition: all 700ms ease;-o-transition: all 700ms ease;transition: all 700ms ease;\"  data-hover_box_shadow=\"none\"     data-bg=\"#333333\" ><div class=\"dt-fancy-separator h6-size style-disabled accent-border-color\" style=\"width: 100%;\"><div class=\"dt-fancy-title bg-on\" style=\"color: #ffffff;\"><span class=\"separator-holder separator-left\"><\/span>TUNNEL<span class=\"separator-holder separator-right\"><\/span><\/div><\/div><div class=\"ult-spacer spacer-69defba22a1c7\" data-id=\"69defba22a1c7\" data-height=\"20\" data-height-mobile=\"20\" data-height-tab=\"20\" data-height-tab-portrait=\"\" data-height-mobile-landscape=\"\" style=\"clear:both;display:block;\"><\/div><div class=\"standard-arrow bullet-top\"><ul>\n<li>RISIKO: <strong>Terrorismus \/ Unfall auf der Strecke durch Personen im Gleisbereich<br \/>\n<\/strong><\/li>\n<li>L\u00d6SUNG: <strong>MAXIRIS \/ SOLARIS mit ZUGERKENNUNG<br \/>\n<\/strong><\/li>\n<\/ul>\n<\/div>\t\t<\/div><\/div>[vc_single_image image=&#8220;4542&#8243; img_size=&#8220;1280&#215;720&#8243; alignment=&#8220;center&#8220; image_hovers=&#8220;false&#8220; css=&#8220;.vc_custom_1642607593497{margin-bottom: 20px !important;}&#8220;]<style type=\"text\/css\" data-type=\"the7_shortcodes-inline-css\">#default-btn-7815574e5d693312af3c4d7bd5228b19.ico-right-side > i {\n  margin-right: 0px;\n  margin-left: 8px;\n}\n#default-btn-7815574e5d693312af3c4d7bd5228b19 > i {\n  margin-right: 8px;\n}<\/style><div class=\"btn-align-center\"><a href=\"#\" class=\"default-btn-shortcode dt-btn dt-btn-m link-hover-off tunnel full-width-btn \" id=\"default-btn-7815574e5d693312af3c4d7bd5228b19\"><span>WARUM SORHEA ?<\/span><\/a><\/div><div id=\"modal-trg-txt-wrap-8039\" class=\"ult-modal-input-wrapper ult-adjust-bottom-margin    \" data-keypress-control=\"keypress-control-enable\" data-overlay-control=\"overlay-control-enable\"><span data-class-id=\"content-69defba22a2816-10376811\"><\/span>\n\t\t\t\t<script type=\"text\/javascript\">\n\t\t\t\t(function($){\n\t\t\t\t\t$(document).ready(function(){\n\t\t\t\t\t\tvar selector = \".tunnel\";\n\t\t\t\t\t\t$(selector).addClass(\"custom-ult-modal overlay-show\");\n\t\t\t\t\t\t$(selector).attr(\"data-class-id\", \"content-69defba22a2816-10376811\");\n\t\t\t\t\t\t$(selector).attr(\"data-overlay-class\", \"overlay-slidedown\");\n\t\t\t\t\t\t$(selector).attr(\"data-keypress-control\", \"keypress-control-enable\");\n\t\t\t\t\t\t$(selector).attr(\"data-overlay-control\", \"overlay-control-enable\");\n\t\t\t\t\t});\n\t\t\t\t})(jQuery);\n\t\t\t\t<\/script><\/div>\n<div class=\"ult-overlay content-69defba22a2816-10376811 \" data-class=\"content-69defba22a2816-10376811\" id=\"button-click-overlay\" style=\"background:rgba(51,51,51,0.8); display:none;\">\n\t<div class=\"ult_modal ult-fade ult-medium\">\n\t\t<div id=\"ult-modal-wrap-1752\" class=\"ult_modal-content ult-hide\" style=\"border-style:solid;border-width:2px;border-radius:0px;border-color:#333333;\">\n\t\t\t<div class=\"ult_modal-header\" style=\"background:#d40000;color:#ffffff;font-weight:bold;border-color:#333333;\">\n\t\t\t\t<h3  data-ultimate-target='#ult-modal-wrap-1752 .ult_modal-title'  data-responsive-json-new='{\"font-size\":\"\",\"line-height\":\"\"}'  class=\"ult_modal-title ult-responsive\">TUNNEL : WARUM SORHEA ?<\/h3>\n\t\t\t<\/div>\n\t\t\t<div  data-ultimate-target='#ult-modal-wrap-1752 .ult_modal-body'  data-responsive-json-new='{\"font-size\":\"\",\"line-height\":\"\"}'  class=\"ult_modal-body ult-responsive ult-html\" style=\"background:#cfd2ce;\">\n\t\t\t<strong>Ein spezieller Algorithmus zur Zugerkennung, genannt \u2018\u2018DISCRI-TRAIN\u2019\u2019, kann die Durchfahrt eines Schienenfahrzeugs (Zug, Waggon, Lok oder auch U-Bahn) von dem Durchgang einer Person zwischen zwei Infrarots\u00e4ulen unterscheiden.<\/strong><\/p>\n<p>Mit dieser Unterscheidung soll vermieden werden, dass ein Alarm ausgel\u00f6st wird, wenn alle Infrarotstrahlen unterbrochen werden (Zugdurchfahrt), und dass ein Alarm ausgel\u00f6st wird, wenn nur ein einige Strahlen unterbrochen werden (Durchgang Person).<\/p>\n<p><strong>Jede installierte DISCRI-TRAIN-L\u00f6sung wird auf die genauen <\/strong>Parameter des Standorts und der zu sichernden Situation abgestimmt. Der Algorithmus wird auch je <strong>nach Art des auf der Strecke fahrenden Zuges angepasst:<\/strong> Parametrierung je nach <strong>L\u00e4nge und H\u00f6he des Zuges, Anzahl der Waggons<\/strong> usw.\n\t\t\t<\/div>\n\t<\/div>\n\t<\/div>\n\t<div class=\"ult-overlay-close top-right\" style=\"width:40px;height:40px; \"><div class=\"ult-overlay-close-inside\">Close<\/div><\/div>\n<\/div>[\/vc_column][vc_column width=&#8220;1\/2&#8243; offset=&#8220;vc_col-md-3 vc_col-xs-12&#8243;]<div class=\"ult-content-box-container info-block info-block-3\" >\t\t<div class=\"ult-content-box\" style=\"background-color:#333333;box-shadow: px px px px none;padding-top:20px;padding-right:20px;padding-bottom:10px;padding-left:20px;-webkit-transition: all 700ms ease;-moz-transition: all 700ms ease;-ms-transition: all 700ms ease;-o-transition: all 700ms ease;transition: all 700ms ease;\"  data-hover_box_shadow=\"none\"     data-bg=\"#333333\" ><div class=\"dt-fancy-separator h6-size style-disabled accent-border-color\" style=\"width: 100%;\"><div class=\"dt-fancy-title bg-on\" style=\"color: #ffffff;\"><span class=\"separator-holder separator-left\"><\/span>GLEISANLAGEN<span class=\"separator-holder separator-right\"><\/span><\/div><\/div><div class=\"ult-spacer spacer-69defba22a2f6\" data-id=\"69defba22a2f6\" data-height=\"20\" data-height-mobile=\"20\" data-height-tab=\"20\" data-height-tab-portrait=\"\" data-height-mobile-landscape=\"\" style=\"clear:both;display:block;\"><\/div><div class=\"standard-arrow bullet-top\"><ul>\n<li>RISIKO :\u00a0<strong>Menschliche Unf\u00e4lle, Suizide \/ St\u00f6rungen des Bahnverkehrs<\/strong><strong><br \/>\n<\/strong><\/li>\n<li>L\u00d6SUNG: <strong>G-FENCE 2400 und ONETRACK<\/strong><\/li>\n<\/ul>\n<\/div>\t\t<\/div><\/div>[vc_single_image image=&#8220;4543&#8243; img_size=&#8220;1280&#215;720&#8243; alignment=&#8220;center&#8220; image_hovers=&#8220;false&#8220; css=&#8220;.vc_custom_1642607615670{margin-bottom: 20px !important;}&#8220;]<style type=\"text\/css\" data-type=\"the7_shortcodes-inline-css\">#default-btn-2f73d169108da40e21b9e1953da73104.ico-right-side > i {\n  margin-right: 0px;\n  margin-left: 8px;\n}\n#default-btn-2f73d169108da40e21b9e1953da73104 > i {\n  margin-right: 8px;\n}<\/style><div class=\"btn-align-center\"><a href=\"#\" class=\"default-btn-shortcode dt-btn dt-btn-m link-hover-off rail-tracks full-width-btn \" id=\"default-btn-2f73d169108da40e21b9e1953da73104\"><span>WARUM SORHEA ?<\/span><\/a><\/div><div id=\"modal-trg-txt-wrap-3413\" class=\"ult-modal-input-wrapper ult-adjust-bottom-margin    \" data-keypress-control=\"keypress-control-enable\" data-overlay-control=\"overlay-control-enable\"><span data-class-id=\"content-69defba22a3b91-67828476\"><\/span>\n\t\t\t\t<script type=\"text\/javascript\">\n\t\t\t\t(function($){\n\t\t\t\t\t$(document).ready(function(){\n\t\t\t\t\t\tvar selector = \".rail-tracks\";\n\t\t\t\t\t\t$(selector).addClass(\"custom-ult-modal overlay-show\");\n\t\t\t\t\t\t$(selector).attr(\"data-class-id\", \"content-69defba22a3b91-67828476\");\n\t\t\t\t\t\t$(selector).attr(\"data-overlay-class\", \"overlay-slidedown\");\n\t\t\t\t\t\t$(selector).attr(\"data-keypress-control\", \"keypress-control-enable\");\n\t\t\t\t\t\t$(selector).attr(\"data-overlay-control\", \"overlay-control-enable\");\n\t\t\t\t\t});\n\t\t\t\t})(jQuery);\n\t\t\t\t<\/script><\/div>\n<div class=\"ult-overlay content-69defba22a3b91-67828476 \" data-class=\"content-69defba22a3b91-67828476\" id=\"button-click-overlay\" style=\"background:rgba(51,51,51,0.8); display:none;\">\n\t<div class=\"ult_modal ult-fade ult-medium\">\n\t\t<div id=\"ult-modal-wrap-8761\" class=\"ult_modal-content ult-hide\" style=\"border-style:solid;border-width:2px;border-radius:0px;border-color:#333333;\">\n\t\t\t<div class=\"ult_modal-header\" style=\"background:#d40000;color:#ffffff;font-weight:bold;border-color:#333333;\">\n\t\t\t\t<h3  data-ultimate-target='#ult-modal-wrap-8761 .ult_modal-title'  data-responsive-json-new='{\"font-size\":\"\",\"line-height\":\"\"}'  class=\"ult_modal-title ult-responsive\">GLEISANLAGEN : WARUM SORHEA ?<\/h3>\n\t\t\t<\/div>\n\t\t\t<div  data-ultimate-target='#ult-modal-wrap-8761 .ult_modal-body'  data-responsive-json-new='{\"font-size\":\"\",\"line-height\":\"\"}'  class=\"ult_modal-body ult-responsive ult-html\" style=\"background:#cfd2ce;\">\n\t\t\tF\u00fcr Fu\u00dfg\u00e4nger leicht zug\u00e4nglich, gibt es auf dem europ\u00e4ischen Schienennetz mehrere Dutzend Todesf\u00e4lle pro Jahr: Suizidversuche oder einfache Versuche, die Gleise zu \u00fcberqueren. Diese Bereiche stellen eine gro\u00dfe Herausforderung f\u00fcr die Sicherung der Gleisanlagen und das Management des Bahnverkehrs dar.<\/p>\n<p><strong>G-FENCE ist einfach und schnell zu installieren und stellt eine L\u00f6sung dar, die kurzfristig eingesetzt werden kann und somit die organisatorischen Ma\u00dfnahmen wie Gleissperrungen, Langsamfahrten usw. w\u00e4hrend der Installation begrenzt. Insbesondere der G-FENCE 2400 ist eine L\u00f6sung, die direkt an das IP-Netzwerk angeschlossen <\/strong>wird und die M\u00f6glichkeit bietet, <strong>Einstellungen aus der Ferne vorzunehmen, ohne den Standort physisch betreten zu m\u00fcssen. <\/strong>Es ist dann nur noch eine Frage der Einstellung der Empfindlichkeit und der Anzahl der Einwirkungen auf die Sensoren, um Eindringlinge korrekt zu erkennen und Fehlalarme zu vermeiden.<strong><br \/>\n<\/strong><\/p>\n<p>ONETRACK vervollst\u00e4ndigt die Installation mit einer L\u00f6sung der Videobildanalyse, die <strong>eine effektive Videoverifikation der Alarmmeldungen durchf\u00fchrt.<\/strong>\n\t\t\t<\/div>\n\t<\/div>\n\t<\/div>\n\t<div class=\"ult-overlay-close top-right\" style=\"width:40px;height:40px; \"><div class=\"ult-overlay-close-inside\">Close<\/div><\/div>\n<\/div>[\/vc_column][vc_column width=&#8220;1\/2&#8243; offset=&#8220;vc_col-md-3 vc_col-xs-12&#8243;]<div class=\"ult-content-box-container info-block info-block-4\" >\t\t<div class=\"ult-content-box\" style=\"background-color:#333333;box-shadow: px px px px none;padding-top:20px;padding-right:20px;padding-bottom:10px;padding-left:20px;-webkit-transition: all 700ms ease;-moz-transition: all 700ms ease;-ms-transition: all 700ms ease;-o-transition: all 700ms ease;transition: all 700ms ease;\"  data-hover_box_shadow=\"none\"     data-bg=\"#333333\" ><div class=\"dt-fancy-separator h6-size style-disabled accent-border-color\" style=\"width: 100%;\"><div class=\"dt-fancy-title bg-on\" style=\"color: #ffffff;\"><span class=\"separator-holder separator-left\"><\/span>BAHNDEPOTS<span class=\"separator-holder separator-right\"><\/span><\/div><\/div><div class=\"ult-spacer spacer-69defba22a42d\" data-id=\"69defba22a42d\" data-height=\"20\" data-height-mobile=\"20\" data-height-tab=\"20\" data-height-tab-portrait=\"\" data-height-mobile-landscape=\"\" style=\"clear:both;display:block;\"><\/div><div class=\"standard-arrow bullet-top\"><ul>\n<li>RISIKO : <strong>Terrorismus \/ Vandalismus \/ Sabotage<\/strong><\/li>\n<li>L\u00d6SUNG: <strong>PIRAMID und unsere L\u00f6sungen zur Zaunsicherung: G-FENCE, SILUR und SI-TOP<\/strong><\/li>\n<\/ul>\n<\/div>\t\t<\/div><\/div>[vc_single_image image=&#8220;4544&#8243; img_size=&#8220;1280&#215;720&#8243; alignment=&#8220;center&#8220; image_hovers=&#8220;false&#8220; css=&#8220;.vc_custom_1642607634031{margin-bottom: 20px !important;}&#8220;]<style type=\"text\/css\" data-type=\"the7_shortcodes-inline-css\">#default-btn-be0de46880bcf800415c69b6ce1f4e7b.ico-right-side > i {\n  margin-right: 0px;\n  margin-left: 8px;\n}\n#default-btn-be0de46880bcf800415c69b6ce1f4e7b > i {\n  margin-right: 8px;\n}<\/style><div class=\"btn-align-center\"><a href=\"#\" class=\"default-btn-shortcode dt-btn dt-btn-m link-hover-off train-depot full-width-btn \" id=\"default-btn-be0de46880bcf800415c69b6ce1f4e7b\"><span>WARUM SORHEA ?<\/span><\/a><\/div><div id=\"modal-trg-txt-wrap-1799\" class=\"ult-modal-input-wrapper ult-adjust-bottom-margin    \" data-keypress-control=\"keypress-control-enable\" data-overlay-control=\"overlay-control-enable\"><span data-class-id=\"content-69defba22a4e87-83312880\"><\/span>\n\t\t\t\t<script type=\"text\/javascript\">\n\t\t\t\t(function($){\n\t\t\t\t\t$(document).ready(function(){\n\t\t\t\t\t\tvar selector = \".train-depot\";\n\t\t\t\t\t\t$(selector).addClass(\"custom-ult-modal overlay-show\");\n\t\t\t\t\t\t$(selector).attr(\"data-class-id\", \"content-69defba22a4e87-83312880\");\n\t\t\t\t\t\t$(selector).attr(\"data-overlay-class\", \"overlay-slidedown\");\n\t\t\t\t\t\t$(selector).attr(\"data-keypress-control\", \"keypress-control-enable\");\n\t\t\t\t\t\t$(selector).attr(\"data-overlay-control\", \"overlay-control-enable\");\n\t\t\t\t\t});\n\t\t\t\t})(jQuery);\n\t\t\t\t<\/script><\/div>\n<div class=\"ult-overlay content-69defba22a4e87-83312880 \" data-class=\"content-69defba22a4e87-83312880\" id=\"button-click-overlay\" style=\"background:rgba(51,51,51,0.8); display:none;\">\n\t<div class=\"ult_modal ult-fade ult-medium\">\n\t\t<div id=\"ult-modal-wrap-8564\" class=\"ult_modal-content ult-hide\" style=\"border-style:solid;border-width:2px;border-radius:0px;border-color:#333333;\">\n\t\t\t<div class=\"ult_modal-header\" style=\"background:#d40000;color:#ffffff;font-weight:bold;border-color:#333333;\">\n\t\t\t\t<h3  data-ultimate-target='#ult-modal-wrap-8564 .ult_modal-title'  data-responsive-json-new='{\"font-size\":\"\",\"line-height\":\"\"}'  class=\"ult_modal-title ult-responsive\">BAHNDEPOTS : WARUM SORHEA ?<\/h3>\n\t\t\t<\/div>\n\t\t\t<div  data-ultimate-target='#ult-modal-wrap-8564 .ult_modal-body'  data-responsive-json-new='{\"font-size\":\"\",\"line-height\":\"\"}'  class=\"ult_modal-body ult-responsive ult-html\" style=\"background:#cfd2ce;\">\n\t\t\tEs besteht eine Notwendigkeit der Absicherung der hohen Verm\u00f6gungswerte in Form von Z\u00fcgen und Waggons gegen Besch\u00e4digung in Form von Vandalismus und Graffiti. Dar\u00fcber hinaus besteht ein hohes Risiko f\u00fcr Sabotage und die Gefahr eines terroristischen Anschlages gegen die Z\u00fcge. Es ist daher wichtig, diese Standorte so gut wie m\u00f6glich zu sch\u00fctzen, indem man die richtige Sicherheitsl\u00f6sung f\u00fcr das jeweils spezifische Problem w\u00e4hlt.<\/p>\n<p>Der PIRAMID Melder kann eine Person erkennen, <strong>die sich einem kritischen Bereich n\u00e4hert und\/oder diesen verl\u00e4sst.<\/strong><\/p>\n<p>Der G-FENCE kann zum <strong>Schutz eines Zauns<\/strong> eingesetzt werden und verhindert so jeden Versuch, ihn zu \u00fcbersteigen, zu zerschneiden oder auszurei\u00dfen. Auch kann dieser Zaun bei Bedarf mit einer unserer<br \/>\nElektrifizierungsl\u00f6sungen ausgestattet werden: SI-TOP zum Beispiel, ein elektrifizierter Aufsatz bietet <strong>dreifachen Schutz:<\/strong> Die elektrifizierte Zaunspitze schreckt zun\u00e4chst ab, detektiert und wehrt schlie\u00dflich Kriminelle ab.<\/p>\n<p><strong>SORHEA bietet verschiedene technologische L\u00f6sungen an, um sich den jeweiligen Bed\u00fcrfnissen anzupassen. Der Mehrwert von SORHEA liegt in der M\u00f6glichkeit, jede dieser L\u00f6sungen an unsere zentralisierte Integrationsl\u00f6sung, den MAXIBUS Universal Hub, anzuschlie\u00dfen und dar\u00fcber zu betreiben. Der Betrieb und die Wartung der auf dem Standort eingesetzten Produkte werden dadurch vereinfacht, da sie alle an einem Ort verbunden sind.<\/strong>\n\t\t\t<\/div>\n\t<\/div>\n\t<\/div>\n\t<div class=\"ult-overlay-close top-right\" style=\"width:40px;height:40px; \"><div class=\"ult-overlay-close-inside\">Close<\/div><\/div>\n<\/div>[\/vc_column][\/vc_row]<\/p>\n<\/div>","protected":false},"excerpt":{"rendered":"<p>[vc_row full_width=&#8220;stretch_row&#8220; css=&#8220;.vc_custom_1511516383864{padding-top: 10px !important;padding-bottom: 20px !important;background-color: #333333 !important;}&#8220;][vc_column][vc_column_text el_class=&#8220;dark-bkgd-text&#8220; css=&#8220;.vc_custom_1642768470212{margin-bottom: 20px !important;padding-top: 20px !important;}&#8220;]F\u00fcr jeden, der f\u00fcr die Sicherheit von Eisenbahninfrastrukturen verantwortlich ist, ist der Schutz des Netzes sowie der Standorte ein wichtiges Anliegen, da dies gleichzeitig eine technische Herausforderung, ein wirtschaftliches Anliegen und vor allem eine lebenswichtige Bedeutung darstellt. &nbsp; Ob es sich&hellip;<\/p>\n","protected":false},"author":1,"featured_media":0,"parent":26,"menu_order":0,"comment_status":"closed","ping_status":"closed","template":"","meta":{"jetpack_post_was_ever_published":false,"footnotes":""},"class_list":["post-4536","page","type-page","status-publish","hentry","description-off"],"jetpack_sharing_enabled":true,"jetpack_shortlink":"https:\/\/wp.me\/PaCgoX-1ba","_links":{"self":[{"href":"https:\/\/www.sorhea.com\/de\/wp-json\/wp\/v2\/pages\/4536","targetHints":{"allow":["GET"]}}],"collection":[{"href":"https:\/\/www.sorhea.com\/de\/wp-json\/wp\/v2\/pages"}],"about":[{"href":"https:\/\/www.sorhea.com\/de\/wp-json\/wp\/v2\/types\/page"}],"author":[{"embeddable":true,"href":"https:\/\/www.sorhea.com\/de\/wp-json\/wp\/v2\/users\/1"}],"replies":[{"embeddable":true,"href":"https:\/\/www.sorhea.com\/de\/wp-json\/wp\/v2\/comments?post=4536"}],"version-history":[{"count":23,"href":"https:\/\/www.sorhea.com\/de\/wp-json\/wp\/v2\/pages\/4536\/revisions"}],"predecessor-version":[{"id":6384,"href":"https:\/\/www.sorhea.com\/de\/wp-json\/wp\/v2\/pages\/4536\/revisions\/6384"}],"up":[{"embeddable":true,"href":"https:\/\/www.sorhea.com\/de\/wp-json\/wp\/v2\/pages\/26"}],"wp:attachment":[{"href":"https:\/\/www.sorhea.com\/de\/wp-json\/wp\/v2\/media?parent=4536"}],"curies":[{"name":"wp","href":"https:\/\/api.w.org\/{rel}","templated":true}]}}