{"id":4595,"date":"2022-01-26T11:52:20","date_gmt":"2022-01-26T10:52:20","guid":{"rendered":"https:\/\/www.sorhea.com\/de\/?page_id=4595"},"modified":"2026-03-05T14:54:59","modified_gmt":"2026-03-05T13:54:59","slug":"sicherung-eines-zauns","status":"publish","type":"page","link":"https:\/\/www.sorhea.com\/de\/your-needs\/sicherung-eines-zauns\/","title":{"rendered":"Sicherung eines Zauns"},"content":{"rendered":"<div class=\"wpb-content-wrapper\"><p>[vc_row full_width=&#8220;stretch_row&#8220; css=&#8220;.vc_custom_1643194069690{padding-top: 10px !important;padding-bottom: 10px !important;background-color: #333333 !important;}&#8220;][vc_column]<div class=\"dt-fancy-separator title-left h3-size style-disabled\" style=\"width: 100%;\"><div class=\"dt-fancy-title\" style=\"color: #ffffff;\"><span class=\"separator-holder separator-left\"><\/span>Sicherung eines Zauns<span class=\"separator-holder separator-right\"><\/span><\/div><\/div>[vc_column_text el_class=&#8220;dark-bkgd-text&#8220; css=&#8220;.vc_custom_1643273536173{margin-bottom: 20px !important;padding-top: 20px !important;}&#8220;]Sie m\u00f6chten Ihren Standort vor Eindringlingen sch\u00fctzen und Ihr Standort ist bereits von physischem Schutz gegen Eindringlinge durch Z\u00e4une umgeben.<\/p>\n<p>SORHEA bietet verschiedene L\u00f6sungen zur Sicherung Ihrer Standortperipherie an. Sie basieren auf einem System von Beschleunigungssensoren, die direkt an Ihrem Zaun angebracht werden.[\/vc_column_text][\/vc_column][\/vc_row][vc_row][vc_column]<div class=\"dt-fancy-separator h3-size title-color\" style=\"width: 50%;\"><div class=\"dt-fancy-title\"><span class=\"separator-holder separator-left\"><\/span>Unsere Produkte<span class=\"separator-holder separator-right\"><\/span><\/div><\/div><div class=\"ult-spacer spacer-69e0b3ac351aa\" data-id=\"69e0b3ac351aa\" data-height=\"40\" data-height-mobile=\"40\" data-height-tab=\"40\" data-height-tab-portrait=\"\" data-height-mobile-landscape=\"\" style=\"clear:both;display:block;\"><\/div><div class=\"ult-spacer spacer-69e0b3ac351b1\" data-id=\"69e0b3ac351b1\" data-height=\"20\" data-height-mobile=\"20\" data-height-tab=\"20\" data-height-tab-portrait=\"\" data-height-mobile-landscape=\"\" style=\"clear:both;display:block;\"><\/div><div class=\"dt-shortcode with-isotope\"><div class=\"wf-container dt-portfolio-shortcode loading-effect-fade-in iso-grid description-on-hover hover-style-one content-align-centre always-show-info\" data-padding=\"20px\" data-cur-page=\"1\" data-posts-per-page=\"-1\" data-width=\"350px\" data-columns=\"3\">\n<div class=\"wf-cell\" data-post-id=\"3833\" data-date=\"2021-05-31T14:44:49+02:00\" data-name=\"G-FENCE 2400\">\n<article class=\"post post-3833 dt_portfolio type-dt_portfolio status-publish has-post-thumbnail hentry dt_portfolio_category-detector-fences dt_portfolio_category-secure-my-perimeter dt_portfolio_category-4 dt_portfolio_category-25 text-centered\">\n\n\t<figure class=\"rollover-project rollover-active\">\n\t<a href=\"https:\/\/www.sorhea.com\/de\/products\/g-fence-2400\/\" class=\"layzr-bg\" title=\"3D-G-FENCE-2400\"  aria-label=\"Post image\"><img fetchpriority=\"high\" decoding=\"async\" class=\"preload-me iso-lazy-load aspect\" src=\"data:image\/svg+xml,%3Csvg%20xmlns%3D&#39;http%3A%2F%2Fwww.w3.org%2F2000%2Fsvg&#39;%20viewBox%3D&#39;0%200%20525%20394&#39;%2F%3E\" data-src=\"https:\/\/www.sorhea.com\/de\/wp-content\/uploads\/sites\/7\/2021\/05\/3D-G-FENCE-2400-525x394.jpg\" data-srcset=\"https:\/\/www.sorhea.com\/de\/wp-content\/uploads\/sites\/7\/2021\/05\/3D-G-FENCE-2400-525x394.jpg 525w, https:\/\/www.sorhea.com\/de\/wp-content\/uploads\/sites\/7\/2021\/05\/3D-G-FENCE-2400-1050x788.jpg 1050w\" loading=\"eager\" style=\"--ratio: 525 \/ 394\" sizes=\"(max-width: 525px) 100vw, 525px\" alt=\"\" width=\"525\" height=\"394\"  \/><\/a>\t\t<figcaption class=\"rollover-content\">\n\t\t<div class=\"links-container\"><a href=\"https:\/\/www.sorhea.com\/de\/products\/g-fence-2400\/\" class=\"project-details\">Details<\/a><\/div>\t\t\t\t<div class=\"rollover-content-container\">\n\t\t\t<h3 class=\"entry-title\"><a href=\"https:\/\/www.sorhea.com\/de\/products\/g-fence-2400\/\" title=\"G-FENCE 2400\" rel=\"bookmark\">G-FENCE 2400<\/a><\/h3><p>Zaunsicherungssystem<\/p>\n\t\t<\/div>\n\t\t\t\t\t<\/figcaption>\n\t<\/figure>\n<\/article>\n\n<\/div>\n<div class=\"wf-cell\" data-post-id=\"733\" data-date=\"2017-11-26T18:31:20+01:00\" data-name=\"G-FENCE 3000\">\n<article class=\"post post-733 dt_portfolio type-dt_portfolio status-publish has-post-thumbnail hentry dt_portfolio_category-secure-a-highly-sensitive-site dt_portfolio_category-secure-my-perimeter dt_portfolio_category-shock-detectors dt_portfolio_category-27 dt_portfolio_category-25 dt_portfolio_category-9 text-centered\">\n\n\t<figure class=\"rollover-project rollover-active\">\n\t<a href=\"https:\/\/www.sorhea.com\/de\/products\/g-fence-3000\/\" class=\"layzr-bg\" title=\"G-FENCE3000\"  aria-label=\"Post image\"><img decoding=\"async\" class=\"preload-me iso-lazy-load aspect\" src=\"data:image\/svg+xml,%3Csvg%20xmlns%3D&#39;http%3A%2F%2Fwww.w3.org%2F2000%2Fsvg&#39;%20viewBox%3D&#39;0%200%20525%20365&#39;%2F%3E\" data-src=\"https:\/\/www.sorhea.com\/de\/wp-content\/uploads\/sites\/7\/2017\/11\/G-FENCE3000-525x365.jpg\" data-srcset=\"https:\/\/www.sorhea.com\/de\/wp-content\/uploads\/sites\/7\/2017\/11\/G-FENCE3000-525x365.jpg 525w, https:\/\/www.sorhea.com\/de\/wp-content\/uploads\/sites\/7\/2017\/11\/G-FENCE3000.jpg 799w\" loading=\"eager\" style=\"--ratio: 525 \/ 365\" sizes=\"(max-width: 525px) 100vw, 525px\" alt=\"\" width=\"525\" height=\"365\"  \/><\/a>\t\t<figcaption class=\"rollover-content\">\n\t\t<div class=\"links-container\"><a href=\"https:\/\/www.sorhea.com\/de\/products\/g-fence-3000\/\" class=\"project-details\">Details<\/a><\/div>\t\t\t\t<div class=\"rollover-content-container\">\n\t\t\t<h3 class=\"entry-title\"><a href=\"https:\/\/www.sorhea.com\/de\/products\/g-fence-3000\/\" title=\"G-FENCE 3000\" rel=\"bookmark\">G-FENCE 3000<\/a><\/h3><p>Zaunsicherungssystem<\/p>\n\t\t<\/div>\n\t\t\t\t\t<\/figcaption>\n\t<\/figure>\n<\/article>\n\n<\/div>\n<div class=\"wf-cell\" data-post-id=\"719\" data-date=\"2017-11-26T18:13:46+01:00\" data-name=\"G-FENCE 600 &amp; 600Z\">\n<article class=\"post post-719 dt_portfolio type-dt_portfolio status-publish has-post-thumbnail hentry dt_portfolio_category-shock-detectors dt_portfolio_category-9 text-centered\">\n\n\t<figure class=\"rollover-project rollover-active\">\n\t<a href=\"https:\/\/www.sorhea.com\/de\/products\/g-fence-600-600z\/\" class=\"layzr-bg\" title=\"G-FENCE600-600z\"  aria-label=\"Post image\"><img decoding=\"async\" class=\"preload-me iso-lazy-load aspect\" src=\"data:image\/svg+xml,%3Csvg%20xmlns%3D&#39;http%3A%2F%2Fwww.w3.org%2F2000%2Fsvg&#39;%20viewBox%3D&#39;0%200%20525%20365&#39;%2F%3E\" data-src=\"https:\/\/www.sorhea.com\/de\/wp-content\/uploads\/sites\/7\/2017\/11\/G-FENCE600-600z-525x365.jpg\" data-srcset=\"https:\/\/www.sorhea.com\/de\/wp-content\/uploads\/sites\/7\/2017\/11\/G-FENCE600-600z-525x365.jpg 525w, https:\/\/www.sorhea.com\/de\/wp-content\/uploads\/sites\/7\/2017\/11\/G-FENCE600-600z.jpg 799w\" loading=\"eager\" style=\"--ratio: 525 \/ 365\" sizes=\"(max-width: 525px) 100vw, 525px\" alt=\"\" width=\"525\" height=\"365\"  \/><\/a>\t\t<figcaption class=\"rollover-content\">\n\t\t<div class=\"links-container\"><a href=\"https:\/\/www.sorhea.com\/de\/products\/g-fence-600-600z\/\" class=\"project-details\">Details<\/a><\/div>\t\t\t\t<div class=\"rollover-content-container\">\n\t\t\t<h3 class=\"entry-title\"><a href=\"https:\/\/www.sorhea.com\/de\/products\/g-fence-600-600z\/\" title=\"G-FENCE 600 &amp; 600Z\" rel=\"bookmark\">G-FENCE 600 &amp; 600Z<\/a><\/h3><p>Zaunsicherungssystem<\/p>\n\t\t<\/div>\n\t\t\t\t\t<\/figcaption>\n\t<\/figure>\n<\/article>\n\n<\/div>\n<div class=\"wf-cell\" data-post-id=\"606\" data-date=\"2017-11-21T11:25:49+01:00\" data-name=\"ACTI-TOP\">\n<article class=\"post post-606 dt_portfolio type-dt_portfolio status-publish has-post-thumbnail hentry dt_portfolio_category-detector-fences dt_portfolio_category-secure-a-highly-sensitive-site dt_portfolio_category-4 dt_portfolio_category-27 text-centered\">\n\n\t<figure class=\"rollover-project rollover-active\">\n\t<a href=\"https:\/\/www.sorhea.com\/de\/products\/acti-top\/\" class=\"layzr-bg\" title=\"bavolets\"  aria-label=\"Post image\"><img decoding=\"async\" class=\"preload-me iso-lazy-load aspect\" src=\"data:image\/svg+xml,%3Csvg%20xmlns%3D&#39;http%3A%2F%2Fwww.w3.org%2F2000%2Fsvg&#39;%20viewBox%3D&#39;0%200%20525%20365&#39;%2F%3E\" data-src=\"https:\/\/www.sorhea.com\/de\/wp-content\/uploads\/sites\/7\/2017\/11\/bavolets-525x365.jpg\" data-srcset=\"https:\/\/www.sorhea.com\/de\/wp-content\/uploads\/sites\/7\/2017\/11\/bavolets-525x365.jpg 525w, https:\/\/www.sorhea.com\/de\/wp-content\/uploads\/sites\/7\/2017\/11\/bavolets.jpg 799w\" loading=\"eager\" style=\"--ratio: 525 \/ 365\" sizes=\"(max-width: 525px) 100vw, 525px\" alt=\"\" width=\"525\" height=\"365\"  \/><\/a>\t\t<figcaption class=\"rollover-content\">\n\t\t<div class=\"links-container\"><a href=\"https:\/\/www.sorhea.com\/de\/products\/acti-top\/\" class=\"project-details\">Details<\/a><\/div>\t\t\t\t<div class=\"rollover-content-container\">\n\t\t\t<h3 class=\"entry-title\"><a href=\"https:\/\/www.sorhea.com\/de\/products\/acti-top\/\" title=\"ACTI-TOP\" rel=\"bookmark\">ACTI-TOP<\/a><\/h3><p>Overhang system for detector fence<\/p>\n\t\t<\/div>\n\t\t\t\t\t<\/figcaption>\n\t<\/figure>\n<\/article>\n\n<\/div><\/div><\/div>[\/vc_column][\/vc_row]<\/p>\n<\/div>","protected":false},"excerpt":{"rendered":"<p>[vc_row full_width=&#8220;stretch_row&#8220; css=&#8220;.vc_custom_1643194069690{padding-top: 10px !important;padding-bottom: 10px !important;background-color: #333333 !important;}&#8220;][vc_column][vc_column_text el_class=&#8220;dark-bkgd-text&#8220; css=&#8220;.vc_custom_1643273536173{margin-bottom: 20px !important;padding-top: 20px !important;}&#8220;]Sie m\u00f6chten Ihren Standort vor Eindringlingen sch\u00fctzen und Ihr Standort ist bereits von physischem Schutz gegen Eindringlinge durch Z\u00e4une umgeben. SORHEA bietet verschiedene L\u00f6sungen zur Sicherung Ihrer Standortperipherie an. Sie basieren auf einem System von Beschleunigungssensoren, die direkt an Ihrem Zaun&hellip;<\/p>\n","protected":false},"author":430,"featured_media":0,"parent":26,"menu_order":0,"comment_status":"closed","ping_status":"closed","template":"","meta":{"jetpack_post_was_ever_published":false,"footnotes":""},"class_list":["post-4595","page","type-page","status-publish","hentry","description-off"],"jetpack_sharing_enabled":true,"jetpack_shortlink":"https:\/\/wp.me\/PaCgoX-1c7","_links":{"self":[{"href":"https:\/\/www.sorhea.com\/de\/wp-json\/wp\/v2\/pages\/4595","targetHints":{"allow":["GET"]}}],"collection":[{"href":"https:\/\/www.sorhea.com\/de\/wp-json\/wp\/v2\/pages"}],"about":[{"href":"https:\/\/www.sorhea.com\/de\/wp-json\/wp\/v2\/types\/page"}],"author":[{"embeddable":true,"href":"https:\/\/www.sorhea.com\/de\/wp-json\/wp\/v2\/users\/430"}],"replies":[{"embeddable":true,"href":"https:\/\/www.sorhea.com\/de\/wp-json\/wp\/v2\/comments?post=4595"}],"version-history":[{"count":11,"href":"https:\/\/www.sorhea.com\/de\/wp-json\/wp\/v2\/pages\/4595\/revisions"}],"predecessor-version":[{"id":4636,"href":"https:\/\/www.sorhea.com\/de\/wp-json\/wp\/v2\/pages\/4595\/revisions\/4636"}],"up":[{"embeddable":true,"href":"https:\/\/www.sorhea.com\/de\/wp-json\/wp\/v2\/pages\/26"}],"wp:attachment":[{"href":"https:\/\/www.sorhea.com\/de\/wp-json\/wp\/v2\/media?parent=4595"}],"curies":[{"name":"wp","href":"https:\/\/api.w.org\/{rel}","templated":true}]}}