{"id":473,"date":"2017-11-25T16:01:12","date_gmt":"2017-11-25T15:01:12","guid":{"rendered":"https:\/\/www.sorhea.com\/?page_id=473"},"modified":"2026-03-05T14:54:14","modified_gmt":"2026-03-05T13:54:14","slug":"secure-my-building","status":"publish","type":"page","link":"https:\/\/www.sorhea.com\/de\/your-needs\/secure-my-building\/","title":{"rendered":"Sicherung eines Geb\u00e4udes"},"content":{"rendered":"<div class=\"wpb-content-wrapper\"><p>[vc_row full_width=&#8220;stretch_row&#8220; css=&#8220;.vc_custom_1511516383864{padding-top: 10px !important;padding-bottom: 20px !important;background-color: #333333 !important;}&#8220;][vc_column]<div class=\"dt-fancy-separator title-left h3-size style-disabled\" style=\"width: 100%;\"><div class=\"dt-fancy-title\" style=\"color: #ffffff;\"><span class=\"separator-holder separator-left\"><\/span>Sicherung eines Geb\u00e4udes<span class=\"separator-holder separator-right\"><\/span><\/div><\/div>[vc_column_text el_class=&#8220;dark-bkgd-text&#8220; css=&#8220;.vc_custom_1607533393903{margin-bottom: 20px !important;padding-top: 20px !important;}&#8220;]Sie m\u00f6chten die verschiedenen Zug\u00e4nge zu Ihrem Geb\u00e4ude vor Eindringlingen sch\u00fctzen. Dazu ist es notwendig, die verschiedenen Geb\u00e4ude\u00f6ffnungen zu sichern: T\u00fcren und Fenster, aber auch ganze Fassaden und Dachfl\u00e4chen.[\/vc_column_text][\/vc_column][\/vc_row][vc_row el_class=&#8220;dark-arrow&#8220; css=&#8220;.vc_custom_1511516789691{padding-top: 50px !important;padding-bottom: 20px !important;}&#8220;][vc_column]<div class=\"dt-fancy-separator h3-size title-color\" style=\"width: 50%;\"><div class=\"dt-fancy-title\"><span class=\"separator-holder separator-left\"><\/span>Unsere Produkte<span class=\"separator-holder separator-right\"><\/span><\/div><\/div><div class=\"ult-spacer spacer-69df4178d5727\" data-id=\"69df4178d5727\" data-height=\"40\" data-height-mobile=\"40\" data-height-tab=\"40\" data-height-tab-portrait=\"\" data-height-mobile-landscape=\"\" style=\"clear:both;display:block;\"><\/div><div class=\"dt-shortcode with-isotope\"><div class=\"wf-container dt-portfolio-shortcode loading-effect-fade-in iso-grid description-on-hover hover-style-one content-align-centre always-show-info\" data-padding=\"20px\" data-cur-page=\"1\" data-posts-per-page=\"-1\" data-width=\"350px\" data-columns=\"3\">\n<div class=\"wf-cell\" data-post-id=\"1946\" data-date=\"2019-05-28T11:29:28+02:00\" data-name=\"PIRAMID\">\n<article class=\"post post-1946 dt_portfolio type-dt_portfolio status-publish has-post-thumbnail hentry dt_portfolio_category-dual-technology-detectors dt_portfolio_category-secure-a-highly-sensitive-site dt_portfolio_category-secure-a-specific-area dt_portfolio_category-secure-my-building dt_portfolio_category-secure-my-site-entrance dt_portfolio_category-8 dt_portfolio_category-27 dt_portfolio_category-26 dt_portfolio_category-29 dt_portfolio_category-28 text-centered\">\n\n\t<figure class=\"rollover-project rollover-active\">\n\t<a href=\"https:\/\/www.sorhea.com\/de\/products\/piramid\/\" class=\"layzr-bg\" title=\"PIRAMID.\"  aria-label=\"Post image\"><img fetchpriority=\"high\" decoding=\"async\" class=\"preload-me iso-lazy-load aspect\" src=\"data:image\/svg+xml,%3Csvg%20xmlns%3D&#39;http%3A%2F%2Fwww.w3.org%2F2000%2Fsvg&#39;%20viewBox%3D&#39;0%200%20525%20365&#39;%2F%3E\" data-src=\"https:\/\/www.sorhea.com\/de\/wp-content\/uploads\/sites\/7\/2019\/05\/PIRAMID.-1-525x365.jpg\" data-srcset=\"https:\/\/www.sorhea.com\/de\/wp-content\/uploads\/sites\/7\/2019\/05\/PIRAMID.-1-525x365.jpg 525w, https:\/\/www.sorhea.com\/de\/wp-content\/uploads\/sites\/7\/2019\/05\/PIRAMID.-1.jpg 799w\" loading=\"eager\" style=\"--ratio: 525 \/ 365\" sizes=\"(max-width: 525px) 100vw, 525px\" alt=\"\" width=\"525\" height=\"365\"  \/><\/a>\t\t<figcaption class=\"rollover-content\">\n\t\t<div class=\"links-container\"><a href=\"https:\/\/www.sorhea.com\/de\/products\/piramid\/\" class=\"project-details\">Details<\/a><\/div>\t\t\t\t<div class=\"rollover-content-container\">\n\t\t\t<h3 class=\"entry-title\"><a href=\"https:\/\/www.sorhea.com\/de\/products\/piramid\/\" title=\"PIRAMID\" rel=\"bookmark\">PIRAMID<\/a><\/h3><p>Dual-Technologie Detektor<\/p>\n\t\t<\/div>\n\t\t\t\t\t<\/figcaption>\n\t<\/figure>\n<\/article>\n\n<\/div>\n<div class=\"wf-cell\" data-post-id=\"813\" data-date=\"2017-11-26T21:05:52+01:00\" data-name=\"UNIRIS \/ BIRIS\">\n<article class=\"post post-813 dt_portfolio type-dt_portfolio status-publish has-post-thumbnail hentry dt_portfolio_category-infrared-barriers dt_portfolio_category-secure-my-building dt_portfolio_category-secure-my-site-entrance dt_portfolio_category-10 dt_portfolio_category-29 dt_portfolio_category-28 text-centered\">\n\n\t<figure class=\"rollover-project rollover-active\">\n\t<a href=\"https:\/\/www.sorhea.com\/de\/products\/uniris-ii-biris-ii\/\" class=\"layzr-bg\" title=\"UNIRIS-BIRIS\"  aria-label=\"Post image\"><img decoding=\"async\" class=\"preload-me iso-lazy-load aspect\" src=\"data:image\/svg+xml,%3Csvg%20xmlns%3D&#39;http%3A%2F%2Fwww.w3.org%2F2000%2Fsvg&#39;%20viewBox%3D&#39;0%200%20525%20365&#39;%2F%3E\" data-src=\"https:\/\/www.sorhea.com\/de\/wp-content\/uploads\/sites\/7\/2017\/11\/UNIRIS-BIRIS-525x365.jpg\" data-srcset=\"https:\/\/www.sorhea.com\/de\/wp-content\/uploads\/sites\/7\/2017\/11\/UNIRIS-BIRIS-525x365.jpg 525w, https:\/\/www.sorhea.com\/de\/wp-content\/uploads\/sites\/7\/2017\/11\/UNIRIS-BIRIS.jpg 799w\" loading=\"eager\" style=\"--ratio: 525 \/ 365\" sizes=\"(max-width: 525px) 100vw, 525px\" alt=\"\" width=\"525\" height=\"365\"  \/><\/a>\t\t<figcaption class=\"rollover-content\">\n\t\t<div class=\"links-container\"><a href=\"https:\/\/www.sorhea.com\/de\/products\/uniris-ii-biris-ii\/\" class=\"project-details\">Details<\/a><\/div>\t\t\t\t<div class=\"rollover-content-container\">\n\t\t\t<h3 class=\"entry-title\"><a href=\"https:\/\/www.sorhea.com\/de\/products\/uniris-ii-biris-ii\/\" title=\"UNIRIS \/ BIRIS\" rel=\"bookmark\">UNIRIS \/ BIRIS<\/a><\/h3><p>Infrarotschranke<\/p>\n\t\t<\/div>\n\t\t\t\t\t<\/figcaption>\n\t<\/figure>\n<\/article>\n\n<\/div>\n<div class=\"wf-cell\" data-post-id=\"805\" data-date=\"2017-11-26T20:55:59+01:00\" data-name=\"MINIRIS\">\n<article class=\"post post-805 dt_portfolio type-dt_portfolio status-publish has-post-thumbnail hentry dt_portfolio_category-infrared-barriers dt_portfolio_category-secure-my-building dt_portfolio_category-10 dt_portfolio_category-29 text-centered\">\n\n\t<figure class=\"rollover-project rollover-active\">\n\t<a href=\"https:\/\/www.sorhea.com\/de\/products\/miniris-ii\/\" class=\"layzr-bg\" title=\"MINIRIS\"  aria-label=\"Post image\"><img decoding=\"async\" class=\"preload-me iso-lazy-load aspect\" src=\"data:image\/svg+xml,%3Csvg%20xmlns%3D&#39;http%3A%2F%2Fwww.w3.org%2F2000%2Fsvg&#39;%20viewBox%3D&#39;0%200%20525%20365&#39;%2F%3E\" data-src=\"https:\/\/www.sorhea.com\/de\/wp-content\/uploads\/sites\/7\/2017\/11\/MINIRIS-525x365.jpg\" data-srcset=\"https:\/\/www.sorhea.com\/de\/wp-content\/uploads\/sites\/7\/2017\/11\/MINIRIS-525x365.jpg 525w, https:\/\/www.sorhea.com\/de\/wp-content\/uploads\/sites\/7\/2017\/11\/MINIRIS.jpg 799w\" loading=\"eager\" style=\"--ratio: 525 \/ 365\" sizes=\"(max-width: 525px) 100vw, 525px\" alt=\"\" width=\"525\" height=\"365\"  \/><\/a>\t\t<figcaption class=\"rollover-content\">\n\t\t<div class=\"links-container\"><a href=\"https:\/\/www.sorhea.com\/de\/products\/miniris-ii\/\" class=\"project-details\">Details<\/a><\/div>\t\t\t\t<div class=\"rollover-content-container\">\n\t\t\t<h3 class=\"entry-title\"><a href=\"https:\/\/www.sorhea.com\/de\/products\/miniris-ii\/\" title=\"MINIRIS\" rel=\"bookmark\">MINIRIS<\/a><\/h3><p>Infrarots\u00e4ule f\u00fcr Fenster, T\u00fcr, Fassaden<\/p>\n\t\t<\/div>\n\t\t\t\t\t<\/figcaption>\n\t<\/figure>\n<\/article>\n\n<\/div>\n<div class=\"wf-cell\" data-post-id=\"776\" data-date=\"2017-11-26T20:16:13+01:00\" data-name=\"MAXIRIS\">\n<article class=\"post post-776 dt_portfolio type-dt_portfolio status-publish has-post-thumbnail hentry dt_portfolio_category-infrared-barriers dt_portfolio_category-secure-a-highly-sensitive-site dt_portfolio_category-secure-my-building dt_portfolio_category-secure-my-perimeter dt_portfolio_category-secure-my-site-entrance dt_portfolio_category-10 dt_portfolio_category-27 dt_portfolio_category-29 dt_portfolio_category-25 dt_portfolio_category-28 text-centered\">\n\n\t<figure class=\"rollover-project rollover-active\">\n\t<a href=\"https:\/\/www.sorhea.com\/de\/products\/maxiris-3000-3100\/\" class=\"layzr-bg\" title=\"MAXIRIS\"  aria-label=\"Post image\"><img decoding=\"async\" class=\"preload-me iso-lazy-load aspect\" src=\"data:image\/svg+xml,%3Csvg%20xmlns%3D&#39;http%3A%2F%2Fwww.w3.org%2F2000%2Fsvg&#39;%20viewBox%3D&#39;0%200%20525%20365&#39;%2F%3E\" data-src=\"https:\/\/www.sorhea.com\/de\/wp-content\/uploads\/sites\/7\/2017\/11\/MAXIRIS-525x365.jpg\" data-srcset=\"https:\/\/www.sorhea.com\/de\/wp-content\/uploads\/sites\/7\/2017\/11\/MAXIRIS-525x365.jpg 525w, https:\/\/www.sorhea.com\/de\/wp-content\/uploads\/sites\/7\/2017\/11\/MAXIRIS.jpg 799w\" loading=\"eager\" style=\"--ratio: 525 \/ 365\" sizes=\"(max-width: 525px) 100vw, 525px\" alt=\"\" width=\"525\" height=\"365\"  \/><\/a>\t\t<figcaption class=\"rollover-content\">\n\t\t<div class=\"links-container\"><a href=\"https:\/\/www.sorhea.com\/de\/products\/maxiris-3000-3100\/\" class=\"project-details\">Details<\/a><\/div>\t\t\t\t<div class=\"rollover-content-container\">\n\t\t\t<h3 class=\"entry-title\"><a href=\"https:\/\/www.sorhea.com\/de\/products\/maxiris-3000-3100\/\" title=\"MAXIRIS\" rel=\"bookmark\">MAXIRIS<\/a><\/h3><p>Infrarotschranke<\/p>\n\t\t<\/div>\n\t\t\t\t\t<\/figcaption>\n\t<\/figure>\n<\/article>\n\n<\/div><\/div><\/div>[\/vc_column][\/vc_row]<\/p>\n<\/div>","protected":false},"excerpt":{"rendered":"<p>[vc_row full_width=&#8220;stretch_row&#8220; css=&#8220;.vc_custom_1511516383864{padding-top: 10px !important;padding-bottom: 20px !important;background-color: #333333 !important;}&#8220;][vc_column][vc_column_text el_class=&#8220;dark-bkgd-text&#8220; css=&#8220;.vc_custom_1607533393903{margin-bottom: 20px !important;padding-top: 20px !important;}&#8220;]Sie m\u00f6chten die verschiedenen Zug\u00e4nge zu Ihrem Geb\u00e4ude vor Eindringlingen sch\u00fctzen. Dazu ist es notwendig, die verschiedenen Geb\u00e4ude\u00f6ffnungen zu sichern: T\u00fcren und Fenster, aber auch ganze Fassaden und Dachfl\u00e4chen.[\/vc_column_text][\/vc_column][\/vc_row][vc_row el_class=&#8220;dark-arrow&#8220; css=&#8220;.vc_custom_1511516789691{padding-top: 50px !important;padding-bottom: 20px !important;}&#8220;][vc_column][\/vc_column][\/vc_row]<\/p>\n","protected":false},"author":1,"featured_media":0,"parent":26,"menu_order":0,"comment_status":"closed","ping_status":"closed","template":"","meta":{"jetpack_post_was_ever_published":false,"footnotes":""},"class_list":["post-473","page","type-page","status-publish","hentry","description-off"],"jetpack_sharing_enabled":true,"jetpack_shortlink":"https:\/\/wp.me\/PaCgoX-7D","_links":{"self":[{"href":"https:\/\/www.sorhea.com\/de\/wp-json\/wp\/v2\/pages\/473","targetHints":{"allow":["GET"]}}],"collection":[{"href":"https:\/\/www.sorhea.com\/de\/wp-json\/wp\/v2\/pages"}],"about":[{"href":"https:\/\/www.sorhea.com\/de\/wp-json\/wp\/v2\/types\/page"}],"author":[{"embeddable":true,"href":"https:\/\/www.sorhea.com\/de\/wp-json\/wp\/v2\/users\/1"}],"replies":[{"embeddable":true,"href":"https:\/\/www.sorhea.com\/de\/wp-json\/wp\/v2\/comments?post=473"}],"version-history":[{"count":11,"href":"https:\/\/www.sorhea.com\/de\/wp-json\/wp\/v2\/pages\/473\/revisions"}],"predecessor-version":[{"id":6382,"href":"https:\/\/www.sorhea.com\/de\/wp-json\/wp\/v2\/pages\/473\/revisions\/6382"}],"up":[{"embeddable":true,"href":"https:\/\/www.sorhea.com\/de\/wp-json\/wp\/v2\/pages\/26"}],"wp:attachment":[{"href":"https:\/\/www.sorhea.com\/de\/wp-json\/wp\/v2\/media?parent=473"}],"curies":[{"name":"wp","href":"https:\/\/api.w.org\/{rel}","templated":true}]}}