{"id":478,"date":"2017-11-25T16:03:52","date_gmt":"2017-11-25T15:03:52","guid":{"rendered":"https:\/\/www.sorhea.com\/?page_id=478"},"modified":"2026-03-05T15:01:37","modified_gmt":"2026-03-05T14:01:37","slug":"custom-solutions","status":"publish","type":"page","link":"https:\/\/www.sorhea.com\/de\/your-needs\/custom-solutions\/","title":{"rendered":"Kundenspezifische L\u00f6sungen"},"content":{"rendered":"<div class=\"wpb-content-wrapper\"><p>[vc_row full_width=&#8220;stretch_row&#8220; css=&#8220;.vc_custom_1511516383864{padding-top: 10px !important;padding-bottom: 20px !important;background-color: #333333 !important;}&#8220;][vc_column]<div class=\"dt-fancy-separator title-left h3-size style-disabled\" style=\"width: 100%;\"><div class=\"dt-fancy-title\" style=\"color: #ffffff;\"><span class=\"separator-holder separator-left\"><\/span>Kundenspezifische L\u00f6sungen<span class=\"separator-holder separator-right\"><\/span><\/div><\/div>[vc_column_text el_class=&#8220;dark-bkgd-text&#8220; css=&#8220;.vc_custom_1643541866566{margin-bottom: 20px !important;padding-top: 20px !important;}&#8220;]Sie m\u00fcssen Ihren Standort unter umweltbedingten, geografischen (z.B. Liegeplatz im Hafen oder Ufer) Beschr\u00e4nkungen oder sicherheitsrelevanten Bedingungen mit sehr spezifischen Auflagen sch\u00fctzen.<\/p>\n<p>Sprechen Sie mit unserem Verkaufsteam \u00fcber Ihre Anforderungen. Sie werden mit Ihnen vor dem Kauf eine Objektstudie des Standortes durchf\u00fchren. Anschlie\u00dfend werden sie gemeinsam mit unserem R&amp;D-Team an der passenden L\u00f6sung f\u00fcr Ihre Aufgabenstellung arbeiten.[\/vc_column_text][\/vc_column][\/vc_row][vc_row el_class=&#8220;dark-arrow&#8220; css=&#8220;.vc_custom_1511623244379{padding-top: 50px !important;padding-bottom: 20px !important;}&#8220;][vc_column width=&#8220;2\/3&#8243;]<div class=\"dt-fancy-separator title-left h3-size title-color\" style=\"width: 100%;\"><div class=\"dt-fancy-title\"><span class=\"separator-holder separator-left\"><\/span>Unterscheidung von Z\u00fcgen und Lastwagen<span class=\"separator-holder separator-right\"><\/span><\/div><\/div>[vc_column_text css=&#8220;.vc_custom_1616779346657{padding-top: 20px !important;}&#8220;]Dank einer speziellen Software-Verarbeitung der von den Maxiris-Barrieren empfangenen Signale, ist es m\u00f6glich, eine H\u00f6henerkennung durchzuf\u00fchren (z. B. f\u00fcr die Ladungsh\u00f6hen von LKWs).<\/p>\n<p>Eine spezielle Variante, die auf Bahnh\u00f6fen verwendet wird, erm\u00f6glicht es, den Durchgang eines Zuges von dem eines Fu\u00dfg\u00e4ngers zu unterscheiden, wodurch eine effektive \u00dcberwachung von Bahnsteigen und Gleisen erm\u00f6glicht wird.[\/vc_column_text][\/vc_column][vc_column width=&#8220;1\/3&#8243;][vc_single_image image=&#8220;483&#8243; img_size=&#8220;full&#8220; alignment=&#8220;right&#8220; image_hovers=&#8220;false&#8220;][\/vc_column][\/vc_row][vc_row css=&#8220;.vc_custom_1511623252382{padding-bottom: 20px !important;}&#8220;][vc_column]<div class=\"dt-fancy-separator title-left h3-size title-color\" style=\"width: 100%;\"><div class=\"dt-fancy-title\"><span class=\"separator-holder separator-left\"><\/span>Piramid ATEX<span class=\"separator-holder separator-right\"><\/span><\/div><\/div>[vc_column_text css=&#8220;.vc_custom_1607535075859{padding-top: 20px !important;}&#8220;]PIRAMID ATEX entspricht dem Standard ATEX 94\/9 EC \u2013 EN 50014 -18. Dieses Produkt garantiert Schutz von Standorten, die durch brennbare Gase oder D\u00e4mpfe, brennbaren Staub, leicht entz\u00fcndliche Fasern oder fliegende Funken gef\u00e4hrdet sind. Piramid ATEX ist geeignet f\u00fcr gef\u00e4hrdete Standorte mit Bereichen mit gef\u00e4hrlicher explosionsf\u00e4higer Atmosph\u00e4re der Zone 1 und 2 (bei explosiven Gasen, Nebeln und D\u00e4mpfen) und Zone 21 und 22 (explosiven St\u00e4uben): Bohrinseln, Petrochemieanlagen, Lagerbereiche f\u00fcr Gefahrgut. <a href=\"https:\/\/www.sorhea.com\/de\/products\/piramid-atex\/\">Produkt ansehen<\/a>[\/vc_column_text][\/vc_column][\/vc_row][vc_row][vc_column width=&#8220;2\/3&#8243;]<div class=\"dt-fancy-separator title-left h3-size title-color\" style=\"width: 100%;\"><div class=\"dt-fancy-title\"><span class=\"separator-holder separator-left\"><\/span>Meerwassergesch\u00fctztes Doppel-Geh\u00e4use<span class=\"separator-holder separator-right\"><\/span><\/div><\/div>[vc_column_text css=&#8220;.vc_custom_1643470281278{padding-top: 20px !important;}&#8220;]Bestimmte Anwendungen erfordern eventuell die Installation von Infrarotschranken in Meeresn\u00e4he oder in stark salzhaltiger Luft. Ziel ist es, in solchen Umgebungen den bestm\u00f6glichen Sicherheitsgrad zu erzielen. SORHEA hat spezielle Produkte mit einem doppelten Geh\u00e4use entwickelt, die es der Elektronik erm\u00f6glichen, salzhaltiger Luft standzuhalten und gleichzeitig eine IP65-Schutzklasse zu gew\u00e4hrleisten.<\/p>\n<p><img loading=\"lazy\" decoding=\"async\" class=\"alignnone size-medium wp-image-4650\" src=\"https:\/\/www.sorhea.com\/de\/wp-content\/uploads\/sites\/7\/2022\/01\/salt-water-300x169.jpg\" alt=\"\" width=\"300\" height=\"169\" srcset=\"https:\/\/www.sorhea.com\/de\/wp-content\/uploads\/sites\/7\/2022\/01\/salt-water-300x169.jpg 300w, https:\/\/www.sorhea.com\/de\/wp-content\/uploads\/sites\/7\/2022\/01\/salt-water.jpg 590w\" sizes=\"auto, (max-width: 300px) 100vw, 300px\" \/>[\/vc_column_text][\/vc_column][vc_column width=&#8220;1\/3&#8243;]<div class=\"dt-fancy-separator title-left h3-size title-color\" style=\"width: 100%;\"><div class=\"dt-fancy-title\"><span class=\"separator-holder separator-left\"><\/span>Solaris 45\u00b0<span class=\"separator-holder separator-right\"><\/span><\/div><\/div>[vc_column_text css=&#8220;.vc_custom_1643065303803{padding-top: 20px !important;}&#8220;]Dieses Produkt ist spezifisch f\u00fcr Standorte mit starkem vertikalem Gef\u00e4lle konzipiert. Die Solaris 45-S\u00e4ulen haben in Doppels\u00e4ulen eine flexibel einstellbare Zellenhalterung, die es bei der Montage erm\u00f6glicht, Neigungswinkel des Gel\u00e4ndes von bis zu 45\u00b0 zuzulassen. Der maximale Abstand zwischen den S\u00e4ulen sollte 40 Meter betragen.[\/vc_column_text][\/vc_column][\/vc_row][vc_row][vc_column][vc_cta h2=&#8220;Verkaufsabteilung kontaktieren :&#8220; h2_font_container=&#8220;tag:h2|font_size:20|text_align:left|line_height:26px&#8220; h2_use_theme_fonts=&#8220;yes&#8220; h4=&#8220;+49 (0)6142 4811950&#8243; h4_font_container=&#8220;tag:h2|font_size:16|text_align:left|color:%23d40000&#8243; h4_use_theme_fonts=&#8220;yes&#8220; style=&#8220;custom&#8220; add_button=&#8220;right&#8220; btn_title=&#8220;Per E-Mail&#8220; btn_style=&#8220;custom&#8220; btn_custom_background=&#8220;#d40000&#8243; btn_custom_text=&#8220;#ffffff&#8220; btn_align=&#8220;center&#8220; btn_i_icon_fontawesome=&#8220;fas fa-file-pdf&#8220; use_custom_fonts_h2=&#8220;true&#8220; use_custom_fonts_h4=&#8220;true&#8220; btn_button_block=&#8220;true&#8220; btn_add_icon=&#8220;true&#8220; h2_el_id=&#8220;no-bottom-margin&#8220; h4_el_class=&#8220;no-bottom-margin&#8220; custom_background=&#8220;#f3f3f3&#8243; custom_text=&#8220;#333333&#8243; btn_link=&#8220;url:https%3A%2F%2Fwww.sorhea.com%2Fde%2Fcontact%2F&#8220; btn_el_class=&#8220;theme-font-button&#8220; css=&#8220;.vc_custom_1725276682266{border-right-width: 5px !important;border-left-width: 5px !important;padding-top: 10px !important;padding-bottom: 10px !important;border-left-color: #d40000 !important;border-right-color: #d40000 !important;}&#8220;][\/vc_cta][\/vc_column][\/vc_row]<\/p>\n<\/div>","protected":false},"excerpt":{"rendered":"<p>[vc_row full_width=&#8220;stretch_row&#8220; css=&#8220;.vc_custom_1511516383864{padding-top: 10px !important;padding-bottom: 20px !important;background-color: #333333 !important;}&#8220;][vc_column][vc_column_text el_class=&#8220;dark-bkgd-text&#8220; css=&#8220;.vc_custom_1643541866566{margin-bottom: 20px !important;padding-top: 20px !important;}&#8220;]Sie m\u00fcssen Ihren Standort unter umweltbedingten, geografischen (z.B. Liegeplatz im Hafen oder Ufer) Beschr\u00e4nkungen oder sicherheitsrelevanten Bedingungen mit sehr spezifischen Auflagen sch\u00fctzen. Sprechen Sie mit unserem Verkaufsteam \u00fcber Ihre Anforderungen. Sie werden mit Ihnen vor dem Kauf eine Objektstudie des Standortes&hellip;<\/p>\n","protected":false},"author":1,"featured_media":0,"parent":26,"menu_order":0,"comment_status":"closed","ping_status":"closed","template":"","meta":{"jetpack_post_was_ever_published":false,"footnotes":""},"class_list":["post-478","page","type-page","status-publish","hentry","description-off"],"jetpack_sharing_enabled":true,"jetpack_shortlink":"https:\/\/wp.me\/PaCgoX-7I","_links":{"self":[{"href":"https:\/\/www.sorhea.com\/de\/wp-json\/wp\/v2\/pages\/478","targetHints":{"allow":["GET"]}}],"collection":[{"href":"https:\/\/www.sorhea.com\/de\/wp-json\/wp\/v2\/pages"}],"about":[{"href":"https:\/\/www.sorhea.com\/de\/wp-json\/wp\/v2\/types\/page"}],"author":[{"embeddable":true,"href":"https:\/\/www.sorhea.com\/de\/wp-json\/wp\/v2\/users\/1"}],"replies":[{"embeddable":true,"href":"https:\/\/www.sorhea.com\/de\/wp-json\/wp\/v2\/comments?post=478"}],"version-history":[{"count":31,"href":"https:\/\/www.sorhea.com\/de\/wp-json\/wp\/v2\/pages\/478\/revisions"}],"predecessor-version":[{"id":6380,"href":"https:\/\/www.sorhea.com\/de\/wp-json\/wp\/v2\/pages\/478\/revisions\/6380"}],"up":[{"embeddable":true,"href":"https:\/\/www.sorhea.com\/de\/wp-json\/wp\/v2\/pages\/26"}],"wp:attachment":[{"href":"https:\/\/www.sorhea.com\/de\/wp-json\/wp\/v2\/media?parent=478"}],"curies":[{"name":"wp","href":"https:\/\/api.w.org\/{rel}","templated":true}]}}