{"id":951,"date":"2017-11-27T16:50:09","date_gmt":"2017-11-27T15:50:09","guid":{"rendered":"https:\/\/www.sorhea.com\/?page_id=951"},"modified":"2025-03-03T10:46:43","modified_gmt":"2025-03-03T09:46:43","slug":"brochures","status":"publish","type":"page","link":"https:\/\/www.sorhea.com\/de\/customer-area\/brochures\/","title":{"rendered":"Brosch\u00fcren"},"content":{"rendered":"Du musst angemeldet sein, um diesen Inhalt sehen zu k\u00f6nnen.","protected":false},"excerpt":{"rendered":"Du musst angemeldet sein, um diesen Inhalt sehen zu k\u00f6nnen.","protected":false},"author":1,"featured_media":0,"parent":894,"menu_order":0,"comment_status":"closed","ping_status":"closed","template":"","meta":{"jetpack_post_was_ever_published":false,"footnotes":""},"class_list":["post-951","page","type-page","status-publish","hentry","description-off"],"jetpack_sharing_enabled":true,"jetpack_shortlink":"https:\/\/wp.me\/PaCgoX-fl","_links":{"self":[{"href":"https:\/\/www.sorhea.com\/de\/wp-json\/wp\/v2\/pages\/951","targetHints":{"allow":["GET"]}}],"collection":[{"href":"https:\/\/www.sorhea.com\/de\/wp-json\/wp\/v2\/pages"}],"about":[{"href":"https:\/\/www.sorhea.com\/de\/wp-json\/wp\/v2\/types\/page"}],"author":[{"embeddable":true,"href":"https:\/\/www.sorhea.com\/de\/wp-json\/wp\/v2\/users\/1"}],"replies":[{"embeddable":true,"href":"https:\/\/www.sorhea.com\/de\/wp-json\/wp\/v2\/comments?post=951"}],"version-history":[{"count":128,"href":"https:\/\/www.sorhea.com\/de\/wp-json\/wp\/v2\/pages\/951\/revisions"}],"predecessor-version":[{"id":6184,"href":"https:\/\/www.sorhea.com\/de\/wp-json\/wp\/v2\/pages\/951\/revisions\/6184"}],"up":[{"embeddable":true,"href":"https:\/\/www.sorhea.com\/de\/wp-json\/wp\/v2\/pages\/894"}],"wp:attachment":[{"href":"https:\/\/www.sorhea.com\/de\/wp-json\/wp\/v2\/media?parent=951"}],"curies":[{"name":"wp","href":"https:\/\/api.w.org\/{rel}","templated":true}]}}