{"id":1476,"date":"2018-04-03T14:55:18","date_gmt":"2018-04-03T12:55:18","guid":{"rendered":"https:\/\/www.sorhea.com\/fr\/yop-poll-archive\/"},"modified":"2018-04-03T14:55:18","modified_gmt":"2018-04-03T12:55:18","slug":"yop-poll-archive","status":"publish","type":"page","link":"https:\/\/www.sorhea.com\/fr\/yop-poll-archive\/","title":{"rendered":"Yop Poll Archive"},"content":{"rendered":"<div class='bootstrap-yop yop-poll-mc'>\n\t\t\t\t\t\t\t<div class=\"basic-yop-poll-container\" style=\"background-color:#fff; border:0px; border-style:solid; border-color:#fff; border-radius:0px; padding:10px 10px;\" data-id=\"1\" data-temp=\"basic\" data-skin=\"minimal\" data-cscheme=\"black\" data-cap=\"0\" data-access=\"guest,wordpress\" data-tid=\"\" data-uid=\"5bca91b3d35cef082c473ae185a6360c\" data-pid=\"1476\" data-resdet=\"votes-number,percentages\" data-show-results-to=\"guest,registered\" data-show-results-moment=\"never\" data-show-results-only=\"false\" data-show-message=\"true\" data-show-results-as=\"bar\" data-sort-results-by=\"as-defined\" data-sort-results-rule=\"asc\"data-is-ended=\"0\" data-gdpr=\"no\" data-gdpr-sol=\"consent\" data-css=\"\" data-counter=\"0\" data-load-with=\"1\" data-notification-section=\"top\"><div class=\"row\"><div class=\"col-md-12\"><div class=\"basic-inner\"><div class=\"basic-message hide\" style=\"border-left: 10px solid #008000; padding: 0px 10px;\" data-error=\"#ff0000\" data-success=\"#008000\"><p class=\"basic-message-text\" style=\"color:#FF0000; font-size:14px; font-weight:normal;\"><\/p><\/div><div class=\"basic-overlay hide\"><div class=\"basic-vote-options\"><div class=\"basic-anonymous\"><button type=\"button\" class=\"btn btn-default\">Anonymous Vote<\/button><\/div><div class=\"basic-wordpress\"><button type=\"button\" class=\"btn btn-default basic-wordpress-button\">Sign in with Wordpress<\/button><\/div><\/div><div class=\"basic-preloader\"><div class=\"basic-windows8\"><div class=\"basic-wBall basic-wBall_1\"><div class=\"basic-wInnerBall\"><\/div><\/div><div class=\"basic-wBall basic-wBall_2\"><div class=\"basic-wInnerBall\"><\/div><\/div><div class=\"basic-wBall basic-wBall_3\"><div class=\"basic-wInnerBall\"><\/div><\/div><div class=\"basic-wBall basic-wBall_4\"><div class=\"basic-wInnerBall\"><\/div><\/div><div class=\"basic-wBall basic-wBall_5\"><div class=\"basic-wInnerBall\"><\/div><\/div><\/div><\/div><\/div><form class=\"basic-form\"><input type=\"hidden\" name=\"_token\" value=\"2a3bde8c9a\" autocomplete=\"off\"><div class=\"basic-elements\"><div class=\"basic-element basic-question basic-question-text-vertical\" data-id=\"1\" data-uid=\"90f27c41fbb7f4f63edc2448f2dec516\" data-type=\"question\" data-question-type=\"text\" data-allow-multiple=\"yes\" data-min=\"1\" data-max=\"5\" data-display=\"vertical\" data-colnum=\"2\" data-display-others=\"no\" data-others-color=\"\" data-others=\"\"><div role=\"heading\" aria-level=\"5\" class=\"basic-question-title\" style=\"color:#000; font-size:14px; font-weight:normal; text-align:left;\">Qui \u00eates-vous et que cherchez-vous :<\/div><ul class=\"basic-answers\"><li class=\"basic-answer\" style=\"padding:0px 0px;\" data-id=\"1\" data-type=\"text\" data-vn=\"3\" data-color=\"FBD55E\" data-make-link=\"no\" data-link=\"\"><div class=\"basic-answer-content basic-text-vertical\"><label for=\"answer[1]\" class=\"basic-answer-label\"><input type=\"checkbox\" id=\"answer[1]\" name=\"answer[1]\" value=\"1\"  autocomplete=\"off\"><span class=\"basic-text\" style=\"color: #000; font-size: 14px; font-weight: normal;\" tabindex=\"0\">int\u00e9grateur \/ installateur<\/span><\/label><\/div><\/li><li class=\"basic-answer\" style=\"padding:0px 0px;\" data-id=\"2\" data-type=\"text\" data-vn=\"0\" data-color=\"FBD55E\" data-make-link=\"no\" data-link=\"\"><div class=\"basic-answer-content basic-text-vertical\"><label for=\"answer[2]\" class=\"basic-answer-label\"><input type=\"checkbox\" id=\"answer[2]\" name=\"answer[1]\" value=\"2\"  autocomplete=\"off\"><span class=\"basic-text\" style=\"color: #000; font-size: 14px; font-weight: normal;\" tabindex=\"0\">client final<\/span><\/label><\/div><\/li><li class=\"basic-answer\" style=\"padding:0px 0px;\" data-id=\"3\" data-type=\"text\" data-vn=\"0\" data-color=\"FBD55E\" data-make-link=\"no\" data-link=\"\"><div class=\"basic-answer-content basic-text-vertical\"><label for=\"answer[3]\" class=\"basic-answer-label\"><input type=\"checkbox\" id=\"answer[3]\" name=\"answer[1]\" value=\"3\"  autocomplete=\"off\"><span class=\"basic-text\" style=\"color: #000; font-size: 14px; font-weight: normal;\" tabindex=\"0\">webmaster<\/span><\/label><\/div><\/li><li class=\"basic-answer\" style=\"padding:0px 0px;\" data-id=\"13\" data-type=\"text\" data-vn=\"0\" data-color=\"FBD55E\" data-make-link=\"no\" data-link=\"\"><div class=\"basic-answer-content basic-text-vertical\"><label for=\"answer[13]\" class=\"basic-answer-label\"><input type=\"checkbox\" id=\"answer[13]\" name=\"answer[1]\" value=\"13\"  autocomplete=\"off\"><span class=\"basic-text\" style=\"color: #000; font-size: 14px; font-weight: normal;\" tabindex=\"0\">courtier en assurances<\/span><\/label><\/div><\/li><li class=\"basic-answer\" style=\"padding:0px 0px;\" data-id=\"12\" data-type=\"text\" data-vn=\"0\" data-color=\"FBD55E\" data-make-link=\"no\" data-link=\"\"><div class=\"basic-answer-content basic-text-vertical\"><label for=\"answer[12]\" class=\"basic-answer-label\"><input type=\"checkbox\" id=\"answer[12]\" name=\"answer[1]\" value=\"12\"  autocomplete=\"off\"><span class=\"basic-text\" style=\"color: #000; font-size: 14px; font-weight: normal;\" tabindex=\"0\">responsable market\/com sorhea<\/span><\/label><\/div><\/li><li class=\"basic-answer\" style=\"padding:0px 0px;\" data-id=\"8\" data-type=\"text\" data-vn=\"0\" data-color=\"FBD55E\" data-make-link=\"no\" data-link=\"\"><div class=\"basic-answer-content basic-text-vertical\"><label for=\"answer[8]\" class=\"basic-answer-label\"><input type=\"checkbox\" id=\"answer[8]\" name=\"answer[1]\" value=\"8\"  autocomplete=\"off\"><span class=\"basic-text\" style=\"color: #000; font-size: 14px; font-weight: normal;\" tabindex=\"0\">bureau d\u2019\u00e9tudes<\/span><\/label><\/div><\/li><li class=\"basic-answer\" style=\"padding:0px 0px;\" data-id=\"9\" data-type=\"text\" data-vn=\"1\" data-color=\"FBD55E\" data-make-link=\"no\" data-link=\"\"><div class=\"basic-answer-content basic-text-vertical\"><label for=\"answer[9]\" class=\"basic-answer-label\"><input type=\"checkbox\" id=\"answer[9]\" name=\"answer[1]\" value=\"9\"  autocomplete=\"off\"><span class=\"basic-text\" style=\"color: #000; font-size: 14px; font-weight: normal;\" tabindex=\"0\">Recherche un produit<\/span><\/label><\/div><\/li><li class=\"basic-answer\" style=\"padding:0px 0px;\" data-id=\"10\" data-type=\"text\" data-vn=\"1\" data-color=\"FBD55E\" data-make-link=\"no\" data-link=\"\"><div class=\"basic-answer-content basic-text-vertical\"><label for=\"answer[10]\" class=\"basic-answer-label\"><input type=\"checkbox\" id=\"answer[10]\" name=\"answer[1]\" value=\"10\"  autocomplete=\"off\"><span class=\"basic-text\" style=\"color: #000; font-size: 14px; font-weight: normal;\" tabindex=\"0\">Recherche une solution de protection<\/span><\/label><\/div><\/li><li class=\"basic-answer\" style=\"padding:0px 0px;\" data-id=\"11\" data-type=\"text\" data-vn=\"0\" data-color=\"FBD55E\" data-make-link=\"no\" data-link=\"\"><div class=\"basic-answer-content basic-text-vertical\"><label for=\"answer[11]\" class=\"basic-answer-label\"><input type=\"checkbox\" id=\"answer[11]\" name=\"answer[1]\" value=\"11\"  autocomplete=\"off\"><span class=\"basic-text\" style=\"color: #000; font-size: 14px; font-weight: normal;\" tabindex=\"0\">Recherche des conseils<\/span><\/label><\/div><\/li><li class=\"basic-answer\" style=\"padding:0px 0px;\" data-id=\"14\" data-type=\"text\" data-vn=\"0\" data-color=\"FBD55E\" data-make-link=\"no\" data-link=\"\"><div class=\"basic-answer-content basic-text-vertical\"><label for=\"answer[14]\" class=\"basic-answer-label\"><input type=\"checkbox\" id=\"answer[14]\" name=\"answer[1]\" value=\"14\"  autocomplete=\"off\"><span class=\"basic-text\" style=\"color: #000; font-size: 14px; font-weight: normal;\" tabindex=\"0\">\u00e9tudiant<\/span><\/label><\/div><\/li><li class=\"basic-answer\" style=\"padding:0px 0px;\" data-id=\"15\" data-type=\"text\" data-vn=\"0\" data-color=\"FBD55E\" data-make-link=\"no\" data-link=\"\"><div class=\"basic-answer-content basic-text-vertical\"><label for=\"answer[15]\" class=\"basic-answer-label\"><input type=\"checkbox\" id=\"answer[15]\" name=\"answer[1]\" value=\"15\"  autocomplete=\"off\"><span class=\"basic-text\" style=\"color: #000; font-size: 14px; font-weight: normal;\" tabindex=\"0\">maxiris<\/span><\/label><\/div><\/li><li class=\"basic-answer\" style=\"padding:0px 0px;\" data-id=\"16\" data-type=\"text\" data-vn=\"0\" data-color=\"FBD55E\" data-make-link=\"no\" data-link=\"\"><div class=\"basic-answer-content basic-text-vertical\"><label for=\"answer[16]\" class=\"basic-answer-label\"><input type=\"checkbox\" id=\"answer[16]\" name=\"answer[1]\" value=\"16\"  autocomplete=\"off\"><span class=\"basic-text\" style=\"color: #000; font-size: 14px; font-weight: normal;\" tabindex=\"0\">recherche emploi<\/span><\/label><\/div><\/li><li class=\"basic-answer\" style=\"padding:0px 0px;\" data-id=\"17\" data-type=\"text\" data-vn=\"0\" data-color=\"FBD55E\" data-make-link=\"no\" data-link=\"\"><div class=\"basic-answer-content basic-text-vertical\"><label for=\"answer[17]\" class=\"basic-answer-label\"><input type=\"checkbox\" id=\"answer[17]\" name=\"answer[1]\" value=\"17\"  autocomplete=\"off\"><span class=\"basic-text\" style=\"color: #000; font-size: 14px; font-weight: normal;\" tabindex=\"0\">\u00c9tudiant<\/span><\/label><\/div><\/li><li class=\"basic-answer\" style=\"padding:0px 0px;\" data-id=\"18\" data-type=\"text\" data-vn=\"0\" data-color=\"FBD55E\" data-make-link=\"no\" data-link=\"\"><div class=\"basic-answer-content basic-text-vertical\"><label for=\"answer[18]\" class=\"basic-answer-label\"><input type=\"checkbox\" id=\"answer[18]\" name=\"answer[1]\" value=\"18\"  autocomplete=\"off\"><span class=\"basic-text\" style=\"color: #000; font-size: 14px; font-weight: normal;\" tabindex=\"0\">COMMERCIAL SORHEA<\/span><\/label><\/div><\/li><li class=\"basic-answer\" style=\"padding:0px 0px;\" data-id=\"19\" data-type=\"text\" data-vn=\"0\" data-color=\"FBD55E\" data-make-link=\"no\" data-link=\"\"><div class=\"basic-answer-content basic-text-vertical\"><label for=\"answer[19]\" class=\"basic-answer-label\"><input type=\"checkbox\" id=\"answer[19]\" name=\"answer[1]\" value=\"19\"  autocomplete=\"off\"><span class=\"basic-text\" style=\"color: #000; font-size: 14px; font-weight: normal;\" tabindex=\"0\">SORHEA (Corinne)<\/span><\/label><\/div><\/li><li class=\"basic-answer basic-other-answer\" style=\"padding:0px 0px;\" data-id=\"19\"><div class=\"basic-answer-content basic-text-vertical\"><label for=\"answer[1][0]\" class=\"basic-answer-label\"><input type=\"checkbox\" id=\"answer[1][0]\" name=\"answer[1]\" value=\"0\" autocomplete=\"off\"><span class=\"basic-text\" style=\"color: #000; font-size: 14px; font-weight: normal;\" tabindex=\"0\">autre<\/span><\/label><\/div><div class=\"col-md-6 col-sm-6 col-xs-12\"><input class=\"basic-input-text form-control\" type=\"text\" name=\"other[1]\" data-type=\"other-answer\" autocomplete=\"off\"><\/div><\/li><\/ul><\/div><div class=\"clearfix\"><\/div><\/div><div class=\"basic-vote\"><a href=\"#\" class=\"button basic-vote-button\" role=\"button\" style=\"background:#FFF; border:2px; border-style: solid; border-color:#000; border-radius:2px; padding:5px 10px; color:#333333; font-size:14px; font-weight:normal;\">votez<\/a><\/div><\/form><div class=\"yop-poll-modal\"><div class=\"yop-poll-modal-content\"><div class=\"yop-poll-modal-header\"><span class=\"yop-poll-modal-close\">&times;<\/span><\/div><div class=\"yop-poll-modal-body\"><div class=\"yop-poll-form-group\"><label class=\"yop-poll-user-or-email-label\">Username or Email Address<\/label><input type=\"text\" class=\"yop-poll-user-or-email-input\" autocomplete=\"off\"><\/div><div class=\"yop-poll-form-group\"><label class=\"yop-poll-password-label\">Password<\/label><input type=\"password\" class=\"yop-poll-password-input\" autocomplete=\"off\"><\/div><div class=\"yop-poll-form-group submit\"><button class=\"button button-primary button-large yop-poll-login-button\">Log In<\/button><\/div><div class=\"yop-poll-form-group yop-poll-section-login-options\"><p><a href=\"https:\/\/www.sorhea.com\/fr\/wp-login.php?action=register\" target=\"_blank\">No account? Register here<\/a><\/p><p><a href=\"https:\/\/www.sorhea.com\/fr\/wp-login.php?action=lostpassword\" target=\"_blank\">Forgot password<\/a><\/p><\/div><\/div><\/div><\/div><\/div><\/div><\/div><\/div>\n\t\t\t\t\t\t<\/div>\n","protected":false},"excerpt":{"rendered":"<p>Anonymous VoteSign in with WordpressQui \u00eates-vous et que cherchez-vous :int\u00e9grateur \/ installateurclient finalwebmastercourtier en assurancesresponsable market\/com sorheabureau d\u2019\u00e9tudesRecherche un produitRecherche une solution de protectionRecherche des conseils\u00e9tudiantmaxirisrecherche emploi\u00c9tudiantCOMMERCIAL SORHEASORHEA (Corinne)autrevotez&times;Username or Email AddressPasswordLog InNo account? Register hereForgot password<\/p>\n","protected":false},"author":1,"featured_media":0,"parent":0,"menu_order":0,"comment_status":"open","ping_status":"open","template":"","meta":{"footnotes":""},"class_list":["post-1476","page","type-page","status-publish","hentry","description-off"],"jetpack_sharing_enabled":true,"jetpack_shortlink":"https:\/\/wp.me\/P9tlUG-nO","_links":{"self":[{"href":"https:\/\/www.sorhea.com\/fr\/wp-json\/wp\/v2\/pages\/1476","targetHints":{"allow":["GET"]}}],"collection":[{"href":"https:\/\/www.sorhea.com\/fr\/wp-json\/wp\/v2\/pages"}],"about":[{"href":"https:\/\/www.sorhea.com\/fr\/wp-json\/wp\/v2\/types\/page"}],"author":[{"embeddable":true,"href":"https:\/\/www.sorhea.com\/fr\/wp-json\/wp\/v2\/users\/1"}],"replies":[{"embeddable":true,"href":"https:\/\/www.sorhea.com\/fr\/wp-json\/wp\/v2\/comments?post=1476"}],"version-history":[{"count":0,"href":"https:\/\/www.sorhea.com\/fr\/wp-json\/wp\/v2\/pages\/1476\/revisions"}],"wp:attachment":[{"href":"https:\/\/www.sorhea.com\/fr\/wp-json\/wp\/v2\/media?parent=1476"}],"curies":[{"name":"wp","href":"https:\/\/api.w.org\/{rel}","templated":true}]}}