{"id":1652,"date":"2018-07-27T12:23:26","date_gmt":"2018-07-27T10:23:26","guid":{"rendered":"https:\/\/www.sorhea.com\/fr\/?page_id=1652"},"modified":"2019-11-14T09:15:25","modified_gmt":"2019-11-14T08:15:25","slug":"f-a-q","status":"publish","type":"page","link":"https:\/\/www.sorhea.com\/fr\/f-a-q\/","title":{"rendered":"F.A.Q"},"content":{"rendered":"<div class=\"wpb-content-wrapper\"><p>[vc_row full_width=\u00a0\u00bbstretch_row\u00a0\u00bb css=\u00a0\u00bb.vc_custom_1511516383864{padding-top: 10px !important;padding-bottom: 20px !important;background-color: #333333 !important;}\u00a0\u00bb][vc_column]<div class=\"dt-fancy-separator title-left h3-size style-disabled\" style=\"width: 100%;\"><div class=\"dt-fancy-title\" style=\"color: #ffffff;\"><span class=\"separator-holder separator-left\"><\/span>F.A.Q<span class=\"separator-holder separator-right\"><\/span><\/div><\/div>[vc_column_text el_class=\u00a0\u00bbdark-bkgd-text\u00a0\u00bb css=\u00a0\u00bb.vc_custom_1532695464219{margin-bottom: 20px !important;padding-top: 20px !important;}\u00a0\u00bb]Pour plus de renseignements, n&rsquo;h\u00e9sitez pas \u00e0 nous contacter. Un conseiller technique est \u00e0 votre disposition.<\/p>\n<p>[\/vc_column_text]<div class=\"ult-spacer spacer-69df728519fd6\" data-id=\"69df728519fd6\" data-height=\"15\" data-height-mobile=\"15\" data-height-tab=\"15\" data-height-tab-portrait=\"\" data-height-mobile-landscape=\"\" style=\"clear:both;display:block;\"><\/div><style type=\"text\/css\" data-type=\"the7_shortcodes-inline-css\">#default-btn-2f1e308e50d59f496a6f4224f33f1d9a.ico-right-side > i {\n  margin-right: 0px;\n  margin-left: 8px;\n}\n#default-btn-2f1e308e50d59f496a6f4224f33f1d9a > i {\n  margin-right: 8px;\n}<\/style><a href=\"https:\/\/www.sorhea.com\/fr\/contact\/\" class=\"default-btn-shortcode dt-btn dt-btn-m link-hover-off btn-inline-left  vc_custom_1533039556177\" target=\"_blank\" id=\"default-btn-2f1e308e50d59f496a6f4224f33f1d9a\" rel=\"noopener\"><span>Contactez-nous<\/span><\/a>[\/vc_column][\/vc_row][vc_row el_class=\u00a0\u00bbdark-arrow\u00a0\u00bb css=\u00a0\u00bb.vc_custom_1511516789691{padding-top: 50px !important;padding-bottom: 20px !important;}\u00a0\u00bb][vc_column][vc_accordion active_tab=\u00a0\u00bb1&Prime; title_size=\u00a0\u00bbh4&Prime; style=\u00a0\u00bb2&Prime;][vc_accordion_tab title=\u00a0\u00bbQuelle technologie choisir ?\u00a0\u00bb][vc_column_text css=\u00a0\u00bb.vc_custom_1573641526887{background-color: #ffffff !important;}\u00a0\u00bb]Il n\u2019y a pas de technologie plus efficace qu\u2019une autre, tout est fonction de votre besoin. En effet, pour chaque site et selon ses besoins en protection p\u00e9rim\u00e9trique, une ou plusieurs technologies peuvent \u00eatre combin\u00e9es. Cette recommandation vous sera faite par nos experts selon plusieurs crit\u00e8res\u00a0:<\/p>\n<ul>\n<li>le niveau de s\u00e9curit\u00e9 attendu<\/li>\n<li>la typologie du site<\/li>\n<li>les contraintes li\u00e9es \u00e0 l\u2019environnement\u00a0: salin, explosif\u2026<\/li>\n<\/ul>\n<p>[\/vc_column_text]<div class=\"dt-fancy-separator h6-size\" style=\"width: 100%;\"><div class=\"dt-fancy-title\"><span class=\"separator-holder separator-left\"><\/span>A voir<span class=\"separator-holder separator-right\"><\/span><\/div><\/div><div class=\"ult-spacer spacer-69df72851a0e5\" data-id=\"69df72851a0e5\" data-height=\"15\" data-height-mobile=\"15\" data-height-tab=\"15\" data-height-tab-portrait=\"\" data-height-mobile-landscape=\"\" style=\"clear:both;display:block;\"><\/div><style type=\"text\/css\" data-type=\"the7_shortcodes-inline-css\">#default-btn-6df297ecc73de02d7480200d3629560a.ico-right-side > i {\n  margin-right: 0px;\n  margin-left: 8px;\n}\n#default-btn-6df297ecc73de02d7480200d3629560a > i {\n  margin-right: 8px;\n}<\/style><a href=\"http:\/\/www.sorhea.com\/fr\/vos-besoins\/\" class=\"default-btn-shortcode dt-btn dt-btn-m link-hover-off btn-inline-left  vc_custom_1533039322168\" target=\"_blank\" id=\"default-btn-6df297ecc73de02d7480200d3629560a\" rel=\"noopener\"><span>Identifiez vos besoins<\/span><\/a>[\/vc_accordion_tab][vc_accordion_tab title=\u00a0\u00bbFaut-il changer sa cl\u00f4ture?\u00a0\u00bb][vc_column_text]Nous avons des solutions d&rsquo;instrumentalisation de cl\u00f4tures efficaces : c\u00e2bles d\u00e9tecteurs, bavolets, syst\u00e8mes d&rsquo;\u00e9lectrification de cl\u00f4ture, qui s\u2019adaptent \u00e0 vos installations existantes. Nos experts sauront vous proposer celles qui conviendront le mieux, en croisant votre besoin de d\u00e9tection, la typologie de votre site, son environnement et votre budget.[\/vc_column_text]<div class=\"dt-fancy-separator h6-size\" style=\"width: 100%;\"><div class=\"dt-fancy-title\"><span class=\"separator-holder separator-left\"><\/span>A voir<span class=\"separator-holder separator-right\"><\/span><\/div><\/div><div class=\"ult-spacer spacer-69df72851a151\" data-id=\"69df72851a151\" data-height=\"15\" data-height-mobile=\"15\" data-height-tab=\"15\" data-height-tab-portrait=\"\" data-height-mobile-landscape=\"\" style=\"clear:both;display:block;\"><\/div><style type=\"text\/css\" data-type=\"the7_shortcodes-inline-css\">#default-btn-9273cc2e9856cc5eb45c01d232cfc1c2.ico-right-side > i {\n  margin-right: 0px;\n  margin-left: 8px;\n}\n#default-btn-9273cc2e9856cc5eb45c01d232cfc1c2 > i {\n  margin-right: 8px;\n}<\/style><a href=\"http:\/\/www.sorhea.com\/fr\/famille-produit\/detecteurs-de-chocs\/\" class=\"default-btn-shortcode dt-btn dt-btn-m link-hover-off btn-inline-left  vc_custom_1533039693483\" target=\"_blank\" id=\"default-btn-9273cc2e9856cc5eb45c01d232cfc1c2\" rel=\"noopener\"><span>C\u00e2bles d\u00e9tection de chocs<\/span><\/a><style type=\"text\/css\" data-type=\"the7_shortcodes-inline-css\">#default-btn-339063ac5e0e67394ef6b16ead11ecdf.ico-right-side > i {\n  margin-right: 0px;\n  margin-left: 8px;\n}\n#default-btn-339063ac5e0e67394ef6b16ead11ecdf > i {\n  margin-right: 8px;\n}<\/style><a href=\"http:\/\/www.sorhea.com\/fr\/produits\/bavolet-detecteur\/\" class=\"default-btn-shortcode dt-btn dt-btn-m link-hover-off btn-inline-left  vc_custom_1533039336671\" target=\"_blank\" id=\"default-btn-339063ac5e0e67394ef6b16ead11ecdf\" rel=\"noopener\"><span>Bavolets d\u00e9tecteurs<\/span><\/a><style type=\"text\/css\" data-type=\"the7_shortcodes-inline-css\">#default-btn-1dc3998aa94501a2f179fccd483c9e01.ico-right-side > i {\n  margin-right: 0px;\n  margin-left: 8px;\n}\n#default-btn-1dc3998aa94501a2f179fccd483c9e01 > i {\n  margin-right: 8px;\n}<\/style><a href=\"https:\/\/www.sorhea.com\/fr\/systemes-delectrification-de-clotures\/\" class=\"default-btn-shortcode dt-btn dt-btn-m link-hover-off btn-inline-left  vc_custom_1533039342702\" target=\"_blank\" id=\"default-btn-1dc3998aa94501a2f179fccd483c9e01\" rel=\"noopener\"><span>Syst\u00e8mes d&rsquo;\u00e9lectrification de cl\u00f4tures<\/span><\/a>[\/vc_accordion_tab][vc_accordion_tab title=\u00a0\u00bbFaut-il coupler \u00e0 de la vid\u00e9o ?\u00a0\u00bb][vc_column_text]D\u00e8s lors que le syst\u00e8me de d\u00e9tection d&rsquo;intrusion p\u00e9rim\u00e9trique \u00e9met une information d\u2019alarme, une cam\u00e9ra prend la rel\u00e8ve. Ainsi, elle permet la lev\u00e9e de doute en produisant une image sur la zone de d\u00e9tection.<\/p>\n<p>Toutefois, les cam\u00e9ras visibles ne sont efficaces que le jour, \u00e0 une distance limit\u00e9e et par temps clair. Nous avons d\u00e9velopp\u00e9 une solution de tracking coupl\u00e9e \u00e0 des cam\u00e9ras thermiques qui permet une d\u00e9tection efficace de jour comme de nuit, quelques soit les conditions climatiques.[\/vc_column_text]<div class=\"dt-fancy-separator h6-size\" style=\"width: 100%;\"><div class=\"dt-fancy-title\"><span class=\"separator-holder separator-left\"><\/span>A voir<span class=\"separator-holder separator-right\"><\/span><\/div><\/div><div class=\"ult-spacer spacer-69df72851a1f5\" data-id=\"69df72851a1f5\" data-height=\"15\" data-height-mobile=\"15\" data-height-tab=\"15\" data-height-tab-portrait=\"\" data-height-mobile-landscape=\"\" style=\"clear:both;display:block;\"><\/div><style type=\"text\/css\" data-type=\"the7_shortcodes-inline-css\">#default-btn-99e8d731d4d380f490efbb705c504c23.ico-right-side > i {\n  margin-right: 0px;\n  margin-left: 8px;\n}\n#default-btn-99e8d731d4d380f490efbb705c504c23 > i {\n  margin-right: 8px;\n}<\/style><a href=\"http:\/\/www.sorhea.com\/fr\/produits\/onetrack\/\" class=\"default-btn-shortcode dt-btn dt-btn-m link-hover-off btn-inline-left  vc_custom_1533039349536\" target=\"_blank\" id=\"default-btn-99e8d731d4d380f490efbb705c504c23\" rel=\"noopener\"><span>ONETRACK<\/span><\/a>[\/vc_accordion_tab][vc_accordion_tab title=\u00a0\u00bbFaut-il pr\u00e9voir de gros travaux de VRD?\u00a0\u00bb][vc_column_text]Selon le plan de c\u00e2blage de votre site et en prenant en compte votre budget nous saurons vous proposer des solutions adapt\u00e9es. Nous avons d\u00e9velopp\u00e9 une gamme de produits aliment\u00e9s par \u00e9nergie solaire, par batterie ou ne n\u00e9cessitant qu&rsquo;un seul point d&rsquo;alimentation \u00e9lectrique. Contactez-nous pour en savoir plus.[\/vc_column_text]<div class=\"dt-fancy-separator h6-size\" style=\"width: 100%;\"><div class=\"dt-fancy-title\"><span class=\"separator-holder separator-left\"><\/span>A voir<span class=\"separator-holder separator-right\"><\/span><\/div><\/div><div class=\"ult-spacer spacer-69df72851a242\" data-id=\"69df72851a242\" data-height=\"15\" data-height-mobile=\"15\" data-height-tab=\"15\" data-height-tab-portrait=\"\" data-height-mobile-landscape=\"\" style=\"clear:both;display:block;\"><\/div><style type=\"text\/css\" data-type=\"the7_shortcodes-inline-css\">#default-btn-984eb97f64d9afe01d3505c1e8d53f58.ico-right-side > i {\n  margin-right: 0px;\n  margin-left: 8px;\n}\n#default-btn-984eb97f64d9afe01d3505c1e8d53f58 > i {\n  margin-right: 8px;\n}<\/style><a href=\"http:\/\/www.sorhea.com\/fr\/produits\/solaris\/\" class=\"default-btn-shortcode dt-btn dt-btn-m link-hover-off btn-inline-left  vc_custom_1533039355984\" target=\"_blank\" id=\"default-btn-984eb97f64d9afe01d3505c1e8d53f58\" rel=\"noopener\"><span>SOLARIS<\/span><\/a>[\/vc_accordion_tab][vc_accordion_tab title=\u00a0\u00bbQuelle est la pr\u00e9cision de d\u00e9tection?\u00a0\u00bb][vc_column_text]La zone de d\u00e9tection peut \u00eatre de plusieurs natures : fa\u00e7ade, toit, surface au sol, haut de mur, portail, \u00e9chelle d&rsquo;acc\u00e8s, chemin de ronde\u2026 La pr\u00e9cision de d\u00e9tection sera \u00e0 d\u00e9finir selon votre besoin. \u2028Notre expert saura vous proposer la technologie la plus adapt\u00e9e \u00e0 votre besoin selon\u00a0:<\/p>\n<ul>\n<li>le niveau de s\u00e9curit\u00e9 attendu<\/li>\n<li>la typologie du site<\/li>\n<li>les contraintes li\u00e9es \u00e0 l\u2019environnement\u00a0: salin, explosif\u2026<\/li>\n<\/ul>\n<p>[\/vc_column_text]<div class=\"dt-fancy-separator h6-size\" style=\"width: 100%;\"><div class=\"dt-fancy-title\"><span class=\"separator-holder separator-left\"><\/span>A voir<span class=\"separator-holder separator-right\"><\/span><\/div><\/div><div class=\"ult-spacer spacer-69df72851a28a\" data-id=\"69df72851a28a\" data-height=\"15\" data-height-mobile=\"15\" data-height-tab=\"15\" data-height-tab-portrait=\"\" data-height-mobile-landscape=\"\" style=\"clear:both;display:block;\"><\/div><style type=\"text\/css\" data-type=\"the7_shortcodes-inline-css\">#default-btn-2510000d89ca057b52fb80536ae97c73.ico-right-side > i {\n  margin-right: 0px;\n  margin-left: 8px;\n}\n#default-btn-2510000d89ca057b52fb80536ae97c73 > i {\n  margin-right: 8px;\n}<\/style><a href=\"https:\/\/www.sorhea.com\/fr\/vos-besoins\/\" class=\"default-btn-shortcode dt-btn dt-btn-m link-hover-off btn-inline-left  vc_custom_1533039368215\" target=\"_blank\" id=\"default-btn-2510000d89ca057b52fb80536ae97c73\" rel=\"noopener\"><span>Identifiez vos besoins<\/span><\/a>[\/vc_accordion_tab][vc_accordion_tab title=\u00a0\u00bbQue se passe-t-il si le c\u00e2ble \/ faisceau est coup\u00e9 ?\u00a0\u00bb][vc_column_text]<img loading=\"lazy\" decoding=\"async\" class=\"size-medium wp-image-2142 alignleft\" src=\"https:\/\/www.sorhea.com\/fr\/wp-content\/uploads\/sites\/4\/2018\/07\/4.1-225x300.jpg\" alt=\"\" width=\"225\" height=\"300\" srcset=\"https:\/\/www.sorhea.com\/fr\/wp-content\/uploads\/sites\/4\/2018\/07\/4.1-225x300.jpg 225w, https:\/\/www.sorhea.com\/fr\/wp-content\/uploads\/sites\/4\/2018\/07\/4.1-768x1024.jpg 768w\" sizes=\"auto, (max-width: 225px) 100vw, 225px\" \/><\/p>\n<p>&nbsp;<\/p>\n<p>Contrairement aux autres c\u00e2bles \u00e0 d\u00e9tection de chocs du march\u00e9, la gamme GFENCE est compos\u00e9e de capteurs \u00e0 acc\u00e9l\u00e9rom\u00e8tre plac\u00e9s dans du c\u00e2ble standard, facilitant ainsi son installation. La localisation de l\u2019alarme intrusion (tentative de franchissement) ou de l\u2019alarme technique (coupure, d\u00e9gradation, alimentation) est tr\u00e8s pr\u00e9cise, au panneau de cl\u00f4ture pr\u00e8s, soit tous les 2,5 m.<\/p>\n<p>Concernant la technologie infrarouge, les colonnes infrarouges sont compos\u00e9es d&rsquo;\u00e9metteurs et de r\u00e9cepteurs. Les cellules \u00e9mettrices g\u00e9n\u00e8rent une lumi\u00e8re infrarouge en direction d\u2019une cellule r\u00e9ceptrice qui capte les impulsions infrarouges et les transforme en signal \u00e9lectrique. En cas d\u2019absence ou de variation du signal, une alarme est d\u00e9clench\u00e9e signifiant que le faisceau infrarouge entre les cellules a \u00e9t\u00e9 interrompu.[\/vc_column_text]<div class=\"dt-fancy-separator h6-size\" style=\"width: 100%;\"><div class=\"dt-fancy-title\"><span class=\"separator-holder separator-left\"><\/span>A voir<span class=\"separator-holder separator-right\"><\/span><\/div><\/div><div class=\"ult-spacer spacer-69df72851a2c7\" data-id=\"69df72851a2c7\" data-height=\"15\" data-height-mobile=\"15\" data-height-tab=\"15\" data-height-tab-portrait=\"\" data-height-mobile-landscape=\"\" style=\"clear:both;display:block;\"><\/div><style type=\"text\/css\" data-type=\"the7_shortcodes-inline-css\">#default-btn-00cba05f55c3dd26037fbbfd132a537e.ico-right-side > i {\n  margin-right: 0px;\n  margin-left: 8px;\n}\n#default-btn-00cba05f55c3dd26037fbbfd132a537e > i {\n  margin-right: 8px;\n}<\/style><a href=\"http:\/\/www.sorhea.com\/fr\/famille-produit\/detecteurs-de-chocs\/\" class=\"default-btn-shortcode dt-btn dt-btn-m link-hover-off btn-inline-left  vc_custom_1533039375159\" target=\"_blank\" id=\"default-btn-00cba05f55c3dd26037fbbfd132a537e\" rel=\"noopener\"><span>C\u00e2bles d\u00e9tection de chocs<\/span><\/a><style type=\"text\/css\" data-type=\"the7_shortcodes-inline-css\">#default-btn-48d9414e6de8163b68841f76e02674f3.ico-right-side > i {\n  margin-right: 0px;\n  margin-left: 8px;\n}\n#default-btn-48d9414e6de8163b68841f76e02674f3 > i {\n  margin-right: 8px;\n}<\/style><a href=\"https:\/\/www.sorhea.com\/fr\/famille-produit\/barrieres-infrarouges\/\" class=\"default-btn-shortcode dt-btn dt-btn-m link-hover-off btn-inline-left  vc_custom_1533039380799\" target=\"_blank\" id=\"default-btn-48d9414e6de8163b68841f76e02674f3\" rel=\"noopener\"><span>Barri\u00e8res infrarouge actif<\/span><\/a>[\/vc_accordion_tab][vc_accordion_tab title=\u00a0\u00bbComment d\u00e9tecter un passage d\u2019intrus au-dessus des portails ?\u00a0\u00bb][vc_column_text]On peut prot\u00e9ger le portail gr\u00e2ce \u00e0 une barri\u00e8re infrarouge positionn\u00e9e en haut des poteaux de cl\u00f4tures encadrant le portail. Il est \u00e9galement possible d&rsquo;utiliser des colonnes infrarouge de hauteur sup\u00e9rieure \u00e0 celle du portail. On peut \u00e9galement utiliser des d\u00e9tecteurs double technologie en barrage lin\u00e9aire sur le portail ou en d\u00e9tection \u00e0 l&rsquo;approche.[\/vc_column_text]<div class=\"dt-fancy-separator h6-size\" style=\"width: 100%;\"><div class=\"dt-fancy-title\"><span class=\"separator-holder separator-left\"><\/span>A voir<span class=\"separator-holder separator-right\"><\/span><\/div><\/div><div class=\"ult-spacer spacer-69df72851a331\" data-id=\"69df72851a331\" data-height=\"15\" data-height-mobile=\"15\" data-height-tab=\"15\" data-height-tab-portrait=\"\" data-height-mobile-landscape=\"\" style=\"clear:both;display:block;\"><\/div><style type=\"text\/css\" data-type=\"the7_shortcodes-inline-css\">#default-btn-04287860eec1ff785507f851623a5ed8.ico-right-side > i {\n  margin-right: 0px;\n  margin-left: 8px;\n}\n#default-btn-04287860eec1ff785507f851623a5ed8 > i {\n  margin-right: 8px;\n}<\/style><a href=\"https:\/\/www.sorhea.com\/fr\/produits\/piramid-connect\/\" class=\"default-btn-shortcode dt-btn dt-btn-m link-hover-off btn-inline-left  vc_custom_1551092255097\" target=\"_blank\" id=\"default-btn-04287860eec1ff785507f851623a5ed8\" rel=\"noopener\"><span>PIRAMID<\/span><\/a><style type=\"text\/css\" data-type=\"the7_shortcodes-inline-css\">#default-btn-9691bfcc8abac7dc4ac2d354d332444c.ico-right-side > i {\n  margin-right: 0px;\n  margin-left: 8px;\n}\n#default-btn-9691bfcc8abac7dc4ac2d354d332444c > i {\n  margin-right: 8px;\n}<\/style><a href=\"https:\/\/www.sorhea.com\/fr\/produits\/uniris-ii-biris-ii\/\" class=\"default-btn-shortcode dt-btn dt-btn-m link-hover-off btn-inline-left  vc_custom_1573116887173\" target=\"_blank\" id=\"default-btn-9691bfcc8abac7dc4ac2d354d332444c\" rel=\"noopener\"><span>UNIRIS &#8211; BIRIS<\/span><\/a>[\/vc_accordion_tab][vc_accordion_tab title=\u00a0\u00bbQuelle est la dur\u00e9e moyenne d\u2019une installation ?\u00a0\u00bb][vc_column_text]Les temps de pose ci-dessous sont donn\u00e9s \u00e0 titre indicatif et pour installation, alimentation et raccordement \u00e0 la centrale d&rsquo;alarme par des techniciens professionnels.<\/p>\n<ul>\n<li>C\u00e2bles \u00e0 d\u00e9tection de chocs = 600 m \/ jour<\/li>\n<li>\u2028Barri\u00e8res infrarouge = 600 m \/ jour<\/li>\n<li>Solaris = 1000 m \/ jour<\/li>\n<li>\u2028Cl\u00f4ture d\u00e9tectrice \u00e9lectrifi\u00e9e = 200 m \/ jour<\/li>\n<li>\u2028C\u00e2ble enterr\u00e9s = 200 m \/ jour<\/li>\n<li>Barri\u00e8re hyperfr\u00e9quence = 600 m \/ jour<\/li>\n<li>\u2028D\u00e9tecteur double technologie = 4 d\u00e9tecteurs \/ jour<\/li>\n<li>D\u00e9tecteur thermique et analyse vid\u00e9o = 5 d\u00e9tecteurs \/ jour<\/li>\n<\/ul>\n<p>[\/vc_column_text][\/vc_accordion_tab][vc_accordion_tab title=\u00a0\u00bbPuis-je \u00e9tendre mon installation actuelle avec les produits SORHEA ?\u00a0\u00bb][vc_column_text]Nous avons d\u00e9velopp\u00e9 un concentrateur d\u2019informations d\u2019alarme qui permet de connecter les produits SORHEA et les produits tiers. Ce concentrateur s\u2019interface avec les syst\u00e8mes d\u2019hypervision, les centrales d\u2019alarmes d\u00e9j\u00e0 en place.[\/vc_column_text]<div class=\"dt-fancy-separator h6-size\" style=\"width: 100%;\"><div class=\"dt-fancy-title\"><span class=\"separator-holder separator-left\"><\/span>A voir<span class=\"separator-holder separator-right\"><\/span><\/div><\/div><div class=\"ult-spacer spacer-69df72851a38c\" data-id=\"69df72851a38c\" data-height=\"15\" data-height-mobile=\"15\" data-height-tab=\"15\" data-height-tab-portrait=\"\" data-height-mobile-landscape=\"\" style=\"clear:both;display:block;\"><\/div><style type=\"text\/css\" data-type=\"the7_shortcodes-inline-css\">#default-btn-dbeacd01181d42414c1ede0a2f2210ca.ico-right-side > i {\n  margin-right: 0px;\n  margin-left: 8px;\n}\n#default-btn-dbeacd01181d42414c1ede0a2f2210ca > i {\n  margin-right: 8px;\n}<\/style><a href=\"https:\/\/www.sorhea.com\/fr\/famille-produit\/integration\/\" class=\"default-btn-shortcode dt-btn dt-btn-m link-hover-off btn-inline-left  vc_custom_1533039466832\" target=\"_blank\" id=\"default-btn-dbeacd01181d42414c1ede0a2f2210ca\" rel=\"noopener\"><span>Int\u00e9gration<\/span><\/a>[\/vc_accordion_tab][vc_accordion_tab title=\u00a0\u00bbEst-ce que j\u2019ai besoin d\u2019une cl\u00f4ture physique ?\u00a0\u00bb][vc_column_text]Il n&rsquo;est pas n\u00e9cessaire d&rsquo;\u00eatre \u00e9quip\u00e9 d&rsquo;une cl\u00f4ture install\u00e9e en amont de la mise en place du syst\u00e8me de d\u00e9tection d&rsquo;intrusion p\u00e9rim\u00e9trique. Votre installateur saura vous conseillez selon la configuration de votre site et vous proposera la technologie la plus appropri\u00e9e. Toutefois, un p\u00e9rim\u00e8tre d\u00e9limit\u00e9 et prot\u00e9g\u00e9 \u00e9vite les perturbations li\u00e9es \u00e0 la circulation de v\u00e9hicules et de pi\u00e9tons sur le domaine public.[\/vc_column_text]<div class=\"dt-fancy-separator h6-size\" style=\"width: 100%;\"><div class=\"dt-fancy-title\"><span class=\"separator-holder separator-left\"><\/span>A voir<span class=\"separator-holder separator-right\"><\/span><\/div><\/div><div class=\"ult-spacer spacer-69df72851a3cf\" data-id=\"69df72851a3cf\" data-height=\"15\" data-height-mobile=\"15\" data-height-tab=\"15\" data-height-tab-portrait=\"\" data-height-mobile-landscape=\"\" style=\"clear:both;display:block;\"><\/div><style type=\"text\/css\" data-type=\"the7_shortcodes-inline-css\">#default-btn-30b136942ffd5b94b4b6e0eebf4033ab.ico-right-side > i {\n  margin-right: 0px;\n  margin-left: 8px;\n}\n#default-btn-30b136942ffd5b94b4b6e0eebf4033ab > i {\n  margin-right: 8px;\n}<\/style><a href=\"https:\/\/www.sorhea.com\/fr\/site-de-production-agricole\/\" class=\"default-btn-shortcode dt-btn dt-btn-m link-hover-off btn-inline-left \" target=\"_blank\" id=\"default-btn-30b136942ffd5b94b4b6e0eebf4033ab\" rel=\"noopener\"><span>Nos r\u00e9alisations<\/span><\/a>[\/vc_accordion_tab][\/vc_accordion][\/vc_column][\/vc_row]<\/p>\n<\/div>","protected":false},"excerpt":{"rendered":"<p>[vc_row full_width=\u00a0\u00bbstretch_row\u00a0\u00bb css=\u00a0\u00bb.vc_custom_1511516383864{padding-top: 10px !important;padding-bottom: 20px !important;background-color: #333333 !important;}\u00a0\u00bb][vc_column][vc_column_text el_class=\u00a0\u00bbdark-bkgd-text\u00a0\u00bb css=\u00a0\u00bb.vc_custom_1532695464219{margin-bottom: 20px !important;padding-top: 20px !important;}\u00a0\u00bb]Pour plus de renseignements, n&rsquo;h\u00e9sitez pas \u00e0 nous contacter. Un conseiller technique est \u00e0 votre disposition. [\/vc_column_text][\/vc_column][\/vc_row][vc_row el_class=\u00a0\u00bbdark-arrow\u00a0\u00bb css=\u00a0\u00bb.vc_custom_1511516789691{padding-top: 50px !important;padding-bottom: 20px !important;}\u00a0\u00bb][vc_column][vc_accordion active_tab=\u00a0\u00bb1&Prime; title_size=\u00a0\u00bbh4&Prime; style=\u00a0\u00bb2&Prime;][vc_accordion_tab title=\u00a0\u00bbQuelle technologie choisir ?\u00a0\u00bb][vc_column_text css=\u00a0\u00bb.vc_custom_1573641526887{background-color: #ffffff !important;}\u00a0\u00bb]Il n\u2019y a pas de technologie plus efficace qu\u2019une&hellip;<\/p>\n","protected":false},"author":1,"featured_media":0,"parent":0,"menu_order":0,"comment_status":"closed","ping_status":"closed","template":"","meta":{"jetpack_post_was_ever_published":false,"footnotes":""},"class_list":["post-1652","page","type-page","status-publish","hentry","description-off"],"jetpack_sharing_enabled":true,"jetpack_shortlink":"https:\/\/wp.me\/P9tlUG-qE","_links":{"self":[{"href":"https:\/\/www.sorhea.com\/fr\/wp-json\/wp\/v2\/pages\/1652","targetHints":{"allow":["GET"]}}],"collection":[{"href":"https:\/\/www.sorhea.com\/fr\/wp-json\/wp\/v2\/pages"}],"about":[{"href":"https:\/\/www.sorhea.com\/fr\/wp-json\/wp\/v2\/types\/page"}],"author":[{"embeddable":true,"href":"https:\/\/www.sorhea.com\/fr\/wp-json\/wp\/v2\/users\/1"}],"replies":[{"embeddable":true,"href":"https:\/\/www.sorhea.com\/fr\/wp-json\/wp\/v2\/comments?post=1652"}],"version-history":[{"count":38,"href":"https:\/\/www.sorhea.com\/fr\/wp-json\/wp\/v2\/pages\/1652\/revisions"}],"predecessor-version":[{"id":4557,"href":"https:\/\/www.sorhea.com\/fr\/wp-json\/wp\/v2\/pages\/1652\/revisions\/4557"}],"wp:attachment":[{"href":"https:\/\/www.sorhea.com\/fr\/wp-json\/wp\/v2\/media?parent=1652"}],"curies":[{"name":"wp","href":"https:\/\/api.w.org\/{rel}","templated":true}]}}