{"id":2050,"date":"2018-07-20T13:47:55","date_gmt":"2018-07-20T11:47:55","guid":{"rendered":"https:\/\/www.sorhea.com\/fr\/?page_id=2050"},"modified":"2026-03-05T14:37:56","modified_gmt":"2026-03-05T13:37:56","slug":"domaines-activite","status":"publish","type":"page","link":"https:\/\/www.sorhea.com\/fr\/domaines-activite\/","title":{"rendered":"Domaines d&rsquo;activit\u00e9"},"content":{"rendered":"<div class=\"wpb-content-wrapper\"><p>[vc_row full_width=\u00a0\u00bbstretch_row\u00a0\u00bb css=\u00a0\u00bb.vc_custom_1538394949078{padding-bottom: 20px !important;background-color: #333333 !important;}\u00a0\u00bb][vc_column]<div class=\"dt-fancy-separator title-left h3-size style-disabled\" style=\"width: 100%;\"><div class=\"dt-fancy-title\" style=\"color: #ffffff;\"><span class=\"separator-holder separator-left\"><\/span>Pour chacun de vos sites, une solution de d\u00e9tection adapt\u00e9e.<span class=\"separator-holder separator-right\"><\/span><\/div><\/div>[vc_column_text el_class=\u00a0\u00bbdark-bkgd-text\u00a0\u00bb css=\u00a0\u00bb.vc_custom_1642684888549{margin-bottom: 20px !important;padding-top: 20px !important;}\u00a0\u00bb]Les technologies d\u00e9velopp\u00e9es et commercialis\u00e9es par nos \u00e9quipes couvrent toutes les applications de la s\u00e9curit\u00e9 p\u00e9rim\u00e9trique.<\/p>\n<p>Notre gamme de produits, incluant des solutions sans fil et \u00e0 \u00e9nergie solaire, offre des r\u00e9ponses technologiques innovantes pour la protection de vos sites, quelle que soit la longueur du p\u00e9rim\u00e8tre, quelle que soit la valeur \u00e0 prot\u00e9ger.<\/p>\n<p>Centrale nucl\u00e9aire, prison, usine p\u00e9trochimique, mais \u00e9galement centre logistique, d\u00e9ch\u00e8terie, a\u00e9roport, concession automobile, SORHEA couvre tous les secteurs d\u2019activit\u00e9. Toutes les configurations sont possibles et nous travaillons \u00e0 trouver la solution qui vous offrira la meilleure protection, adapt\u00e9 \u00e0 votre activit\u00e9.<\/p>\n<p>[\/vc_column_text][\/vc_column][\/vc_row][vc_row el_class=\u00a0\u00bbdark-arrow\u00a0\u00bb css=\u00a0\u00bb.vc_custom_1538394759413{padding-top: 50px !important;}\u00a0\u00bb][vc_column el_class=\u00a0\u00bbdark-arrow\u00a0\u00bb][vc_row_inner][vc_column_inner width=\u00a0\u00bb1\/4&Prime;][\/vc_column_inner][vc_column_inner width=\u00a0\u00bb1\/2&Prime;][vc_video link=\u00a0\u00bbhttps:\/\/youtu.be\/dJ2dlABSgV0&Prime; align=\u00a0\u00bbcenter\u00a0\u00bb][\/vc_column_inner][vc_column_inner width=\u00a0\u00bb1\/4&Prime;][\/vc_column_inner][\/vc_row_inner][\/vc_column][\/vc_row][vc_row][vc_column]<div class=\"dt-fancy-separator h3-size title-color\" style=\"width: 50%;\"><div class=\"dt-fancy-title\"><span class=\"separator-holder separator-left\" style=\"border-color: #999999;\"><\/span>Nos domaines d&#039;activit\u00e9<span class=\"separator-holder separator-right\" style=\"border-color: #999999;\"><\/span><\/div><\/div>[\/vc_column][\/vc_row][vc_row css=\u00a0\u00bb.vc_custom_1533217534493{margin-bottom: 0px !important;padding-top: 50px !important;padding-bottom: 0px !important;}\u00a0\u00bb][vc_column width=\u00a0\u00bb1\/3&Prime; css=\u00a0\u00bb.vc_custom_1532075631838{margin-bottom: 30px !important;}\u00a0\u00bb]<div class=\"ult-content-box-container \" >\t\t<div class=\"ult-content-box\" style=\"background-color:#f3f3f3;box-shadow: px px px px none;padding:0px;-webkit-transition: all 700ms ease;-moz-transition: all 700ms ease;-ms-transition: all 700ms ease;-o-transition: all 700ms ease;transition: all 700ms ease;\"  data-hover_box_shadow=\"none\"     data-bg=\"#f3f3f3\" >[vc_single_image image=\u00a0\u00bb2173&Prime; img_size=\u00a0\u00bbfull\u00a0\u00bb alignment=\u00a0\u00bbcenter\u00a0\u00bb image_hovers=\u00a0\u00bbfalse\u00a0\u00bb][vc_column_text css=\u00a0\u00bb.vc_custom_1580137229273{padding-right: 15px !important;padding-left: 15px !important;}\u00a0\u00bb]<\/p>\n<h4 style=\"text-align: center;\">Logistique et transport<\/h4>\n<p style=\"text-align: center;\">Plateformes logistiques, concessions automobiles, parcs de v\u00e9hicules, <strong>ports maritimes<\/strong>, a\u00e9roports<\/p>\n<p>[\/vc_column_text]<style type=\"text\/css\" data-type=\"the7_shortcodes-inline-css\">#default-btn-f7a6a9cb4fbadeca209772917da0dba3.ico-right-side > i {\n  margin-right: 0px;\n  margin-left: 8px;\n}\n#default-btn-f7a6a9cb4fbadeca209772917da0dba3 > i {\n  margin-right: 8px;\n}<\/style><div class=\"btn-align-center\"><a href=\"https:\/\/www.sorhea.com\/fr\/domaines-activite\/logistique-et-transports\/\" class=\"default-btn-shortcode dt-btn dt-btn-l link-hover-off  vc_custom_1580136684397\" id=\"default-btn-f7a6a9cb4fbadeca209772917da0dba3\" title=\"Logistique et Transports\"><span>Infrastructures portuaires<\/span><\/a><\/div>\t\t<\/div><\/div>[\/vc_column][vc_column width=\u00a0\u00bb1\/3&Prime; css=\u00a0\u00bb.vc_custom_1532075639757{margin-bottom: 30px !important;}\u00a0\u00bb]<div class=\"ult-content-box-container \" >\t\t<div class=\"ult-content-box\" style=\"background-color:#f3f3f3;box-shadow: px px px px none;padding:0px;-webkit-transition: all 700ms ease;-moz-transition: all 700ms ease;-ms-transition: all 700ms ease;-o-transition: all 700ms ease;transition: all 700ms ease;\"  data-hover_box_shadow=\"none\"     data-bg=\"#f3f3f3\" >[vc_single_image image=\u00a0\u00bb4785&Prime; img_size=\u00a0\u00bbfull\u00a0\u00bb alignment=\u00a0\u00bbcenter\u00a0\u00bb image_hovers=\u00a0\u00bbfalse\u00a0\u00bb][vc_column_text css=\u00a0\u00bb.vc_custom_1580137046041{padding-right: 15px !important;padding-left: 15px !important;}\u00a0\u00bb]<\/p>\n<h4 style=\"text-align: center;\">\u00c9nergie<\/h4>\n<p style=\"text-align: center;\">Sites de production d&rsquo;\u00e9nergie, centrales thermiques, centrales nucl\u00e9aires et <strong>fermes solaires<\/strong><\/p>\n<p>[\/vc_column_text]<style type=\"text\/css\" data-type=\"the7_shortcodes-inline-css\">#default-btn-0363c76926bf24060d604eb18c38feb0.ico-right-side > i {\n  margin-right: 0px;\n  margin-left: 8px;\n}\n#default-btn-0363c76926bf24060d604eb18c38feb0 > i {\n  margin-right: 8px;\n}<\/style><div class=\"btn-align-center\"><a href=\"https:\/\/www.sorhea.com\/fr\/domaines-activite\/fermes-solaires\/\" class=\"default-btn-shortcode dt-btn dt-btn-l link-hover-off  vc_custom_1582294813101\" id=\"default-btn-0363c76926bf24060d604eb18c38feb0\" title=\"Fermes solaires\"><span>Fermes solaires<\/span><\/a><\/div>\t\t<\/div><\/div>[\/vc_column][vc_column width=\u00a0\u00bb1\/3&Prime; css=\u00a0\u00bb.vc_custom_1532075647778{margin-bottom: 30px !important;}\u00a0\u00bb]<div class=\"ult-content-box-container \" >\t\t<div class=\"ult-content-box\" style=\"background-color:#f3f3f3;box-shadow: px px px px none;padding:0px;-webkit-transition: all 700ms ease;-moz-transition: all 700ms ease;-ms-transition: all 700ms ease;-o-transition: all 700ms ease;transition: all 700ms ease;\"  data-hover_box_shadow=\"none\"     data-bg=\"#f3f3f3\" >[vc_single_image image=\u00a0\u00bb2172&Prime; img_size=\u00a0\u00bbfull\u00a0\u00bb alignment=\u00a0\u00bbcenter\u00a0\u00bb image_hovers=\u00a0\u00bbfalse\u00a0\u00bb][vc_column_text css=\u00a0\u00bb.vc_custom_1581070216923{padding-right: 15px !important;padding-left: 15px !important;}\u00a0\u00bb]<\/p>\n<h4 style=\"text-align: center;\">Services aux collectivit\u00e9s<\/h4>\n<p style=\"text-align: center;\">Sites de traitement de l&rsquo;eau, <strong>postes de transformation \u00e9lectrique<\/strong>, t\u00e9l\u00e9communications, <strong>d\u00e9chetteries<\/strong><\/p>\n<p>[\/vc_column_text]<style type=\"text\/css\" data-type=\"the7_shortcodes-inline-css\">#default-btn-c5f5e3433dc5b4a7a9175d6370ead14b.ico-right-side > i {\n  margin-right: 0px;\n  margin-left: 8px;\n}\n#default-btn-c5f5e3433dc5b4a7a9175d6370ead14b > i {\n  margin-right: 8px;\n}<\/style><div class=\"btn-align-center\"><a href=\"https:\/\/www.sorhea.com\/fr\/domaines-activite\/postes-electriques\/\" class=\"default-btn-shortcode dt-btn dt-btn-l link-hover-off  vc_custom_1592819082422\" id=\"default-btn-c5f5e3433dc5b4a7a9175d6370ead14b\" title=\"Postes de transformation \u00e9lectrique\"><span>Postes de transformation \u00e9lectrique<\/span><\/a><\/div><style type=\"text\/css\" data-type=\"the7_shortcodes-inline-css\">#default-btn-6fbdc76e34abb94d306f76c5b311a187.ico-right-side > i {\n  margin-right: 0px;\n  margin-left: 8px;\n}\n#default-btn-6fbdc76e34abb94d306f76c5b311a187 > i {\n  margin-right: 8px;\n}<\/style><div class=\"btn-align-center\"><a href=\"https:\/\/www.sorhea.com\/fr\/domaines-activite\/dechetteries\/\" class=\"default-btn-shortcode dt-btn dt-btn-l link-hover-off  vc_custom_1596530493896\" id=\"default-btn-6fbdc76e34abb94d306f76c5b311a187\" title=\"D\u00e9chetteries\"><span>D\u00e9chetteries<\/span><\/a><\/div>\t\t<\/div><\/div>[\/vc_column][\/vc_row][vc_row css=\u00a0\u00bb.vc_custom_1532075707552{margin-bottom: 0px !important;padding-top: 0px !important;padding-bottom: 0px !important;}\u00a0\u00bb][vc_column width=\u00a0\u00bb1\/3&Prime; css=\u00a0\u00bb.vc_custom_1532075674315{margin-bottom: 30px !important;}\u00a0\u00bb]<div class=\"ult-content-box-container \" >\t\t<div class=\"ult-content-box\" style=\"background-color:#f3f3f3;box-shadow: px px px px none;padding-bottom:1px;-webkit-transition: all 700ms ease;-moz-transition: all 700ms ease;-ms-transition: all 700ms ease;-o-transition: all 700ms ease;transition: all 700ms ease;\"  data-hover_box_shadow=\"none\"     data-bg=\"#f3f3f3\" >[vc_single_image image=\u00a0\u00bb2178&Prime; img_size=\u00a0\u00bbfull\u00a0\u00bb alignment=\u00a0\u00bbcenter\u00a0\u00bb image_hovers=\u00a0\u00bbfalse\u00a0\u00bb][vc_column_text css=\u00a0\u00bb.vc_custom_1641568603814{padding-right: 15px !important;padding-left: 15px !important;}\u00a0\u00bb]<\/p>\n<h4 style=\"text-align: center;\">Commerces et loisirs<\/h4>\n<p style=\"text-align: center;\">Sites ERP, centres commerciaux, parcs d&rsquo;attraction<\/p>\n<p>[\/vc_column_text]\t\t<\/div><\/div>[\/vc_column][vc_column width=\u00a0\u00bb1\/3&Prime; css=\u00a0\u00bb.vc_custom_1532075681337{margin-bottom: 30px !important;}\u00a0\u00bb]<div class=\"ult-content-box-container \" >\t\t<div class=\"ult-content-box\" style=\"background-color:#f3f3f3;box-shadow: px px px px none;padding-bottom:1px;-webkit-transition: all 700ms ease;-moz-transition: all 700ms ease;-ms-transition: all 700ms ease;-o-transition: all 700ms ease;transition: all 700ms ease;\"  data-hover_box_shadow=\"none\"     data-bg=\"#f3f3f3\" >[vc_single_image image=\u00a0\u00bb2174&Prime; img_size=\u00a0\u00bbfull\u00a0\u00bb alignment=\u00a0\u00bbcenter\u00a0\u00bb image_hovers=\u00a0\u00bbfalse\u00a0\u00bb][vc_column_text css=\u00a0\u00bb.vc_custom_1533211488659{padding-right: 15px !important;padding-left: 15px !important;}\u00a0\u00bb]<\/p>\n<h4 style=\"text-align: center;\">Militaire, Police &amp; Prisons<\/h4>\n<p style=\"text-align: center;\">Sites de haute s\u00e9curit\u00e9, bases militaires, centres de d\u00e9tention, maison d&rsquo;arr\u00eat<\/p>\n<p>[\/vc_column_text]\t\t<\/div><\/div>[\/vc_column][vc_column width=\u00a0\u00bb1\/3&Prime; css=\u00a0\u00bb.vc_custom_1532075690574{margin-bottom: 30px !important;}\u00a0\u00bb]<div class=\"ult-content-box-container \" >\t\t<div class=\"ult-content-box\" style=\"background-color:#f3f3f3;box-shadow: px px px px none;padding-bottom:1px;-webkit-transition: all 700ms ease;-moz-transition: all 700ms ease;-ms-transition: all 700ms ease;-o-transition: all 700ms ease;transition: all 700ms ease;\"  data-hover_box_shadow=\"none\"     data-bg=\"#f3f3f3\" >[vc_single_image image=\u00a0\u00bb2497&Prime; img_size=\u00a0\u00bbfull\u00a0\u00bb alignment=\u00a0\u00bbcenter\u00a0\u00bb image_hovers=\u00a0\u00bbfalse\u00a0\u00bb][vc_column_text css=\u00a0\u00bb.vc_custom_1533212314159{padding-right: 15px !important;padding-left: 15px !important;}\u00a0\u00bb]<\/p>\n<h4 style=\"text-align: center;\">Tertiaire<\/h4>\n<p style=\"text-align: center;\">Administrations, si\u00e8ges sociaux<\/p>\n<p>[\/vc_column_text]\t\t<\/div><\/div>[\/vc_column][\/vc_row][vc_row css=\u00a0\u00bb.vc_custom_1532075754300{margin-bottom: 0px !important;padding-top: 0px !important;padding-bottom: 0px !important;}\u00a0\u00bb][vc_column width=\u00a0\u00bb1\/6&Prime;][\/vc_column][vc_column width=\u00a0\u00bb1\/3&Prime; css=\u00a0\u00bb.vc_custom_1532075737529{margin-bottom: 30px !important;}\u00a0\u00bb]<div class=\"ult-content-box-container \" >\t\t<div class=\"ult-content-box\" style=\"background-color:#f3f3f3;box-shadow: px px px px none;padding:0px;-webkit-transition: all 700ms ease;-moz-transition: all 700ms ease;-ms-transition: all 700ms ease;-o-transition: all 700ms ease;transition: all 700ms ease;\"  data-hover_box_shadow=\"none\"     data-bg=\"#f3f3f3\" >[vc_single_image image=\u00a0\u00bb2179&Prime; img_size=\u00a0\u00bbfull\u00a0\u00bb alignment=\u00a0\u00bbcenter\u00a0\u00bb image_hovers=\u00a0\u00bbfalse\u00a0\u00bb][vc_column_text css=\u00a0\u00bb.vc_custom_1533211535582{padding-right: 15px !important;padding-left: 15px !important;}\u00a0\u00bb]<\/p>\n<h4 style=\"text-align: center;\">Industrie<\/h4>\n<p style=\"text-align: center;\">Sites de production, agroalimentaire, p\u00e9trochimie, pharmaceutique, site SEVESO<\/p>\n<p>[\/vc_column_text]<style type=\"text\/css\" data-type=\"the7_shortcodes-inline-css\">#default-btn-824756aeee0f70bfb72f80d1417b7e83.ico-right-side > i {\n  margin-right: 0px;\n  margin-left: 8px;\n}\n#default-btn-824756aeee0f70bfb72f80d1417b7e83 > i {\n  margin-right: 8px;\n}<\/style><div class=\"btn-align-center\"><a href=\"https:\/\/www.sorhea.com\/fr\/domaines-activite\/sites-seveso\/\" class=\"default-btn-shortcode dt-btn dt-btn-l link-hover-off  vc_custom_1603905753323\" id=\"default-btn-824756aeee0f70bfb72f80d1417b7e83\"><span>Sites SEVESO<\/span><\/a><\/div>\t\t<\/div><\/div>[\/vc_column][vc_column width=\u00a0\u00bb1\/3&Prime; css=\u00a0\u00bb.vc_custom_1532075744264{margin-bottom: 30px !important;}\u00a0\u00bb]<div class=\"ult-content-box-container \" >\t\t<div class=\"ult-content-box\" style=\"background-color:#f3f3f3;box-shadow: px px px px none;padding:0px;-webkit-transition: all 700ms ease;-moz-transition: all 700ms ease;-ms-transition: all 700ms ease;-o-transition: all 700ms ease;transition: all 700ms ease;\"  data-hover_box_shadow=\"none\"     data-bg=\"#f3f3f3\" >[vc_single_image image=\u00a0\u00bb2177&Prime; img_size=\u00a0\u00bbfull\u00a0\u00bb alignment=\u00a0\u00bbcenter\u00a0\u00bb image_hovers=\u00a0\u00bbfalse\u00a0\u00bb][vc_column_text css=\u00a0\u00bb.vc_custom_1580137322176{padding-right: 15px !important;padding-left: 15px !important;}\u00a0\u00bb]<\/p>\n<h4 style=\"text-align: center;\">Domaines VIP<\/h4>\n<p style=\"text-align: center;\">Sites d&rsquo;exception, <strong>villas priv\u00e9es<\/strong>, mus\u00e9es, monuments historiques<\/p>\n<p>[\/vc_column_text]<style type=\"text\/css\" data-type=\"the7_shortcodes-inline-css\">#default-btn-caf1552d76cc2ff503ff0d0172957ddd.ico-right-side > i {\n  margin-right: 0px;\n  margin-left: 8px;\n}\n#default-btn-caf1552d76cc2ff503ff0d0172957ddd > i {\n  margin-right: 8px;\n}<\/style><div class=\"btn-align-center\"><a href=\"https:\/\/www.sorhea.com\/fr\/domaines-activite\/villas-demeures-et-chateaux\/\" class=\"default-btn-shortcode dt-btn dt-btn-l link-hover-off  vc_custom_1585573707016\" id=\"default-btn-caf1552d76cc2ff503ff0d0172957ddd\" title=\"Villas, demeures et ch\u00e2teaux\"><span>Villas, demeures et ch\u00e2teaux<\/span><\/a><\/div>\t\t<\/div><\/div>[\/vc_column][vc_column width=\u00a0\u00bb1\/6&Prime;][\/vc_column][\/vc_row]<\/p>\n<\/div>","protected":false},"excerpt":{"rendered":"<p>[vc_row full_width=\u00a0\u00bbstretch_row\u00a0\u00bb css=\u00a0\u00bb.vc_custom_1538394949078{padding-bottom: 20px !important;background-color: #333333 !important;}\u00a0\u00bb][vc_column][vc_column_text el_class=\u00a0\u00bbdark-bkgd-text\u00a0\u00bb css=\u00a0\u00bb.vc_custom_1642684888549{margin-bottom: 20px !important;padding-top: 20px !important;}\u00a0\u00bb]Les technologies d\u00e9velopp\u00e9es et commercialis\u00e9es par nos \u00e9quipes couvrent toutes les applications de la s\u00e9curit\u00e9 p\u00e9rim\u00e9trique. Notre gamme de produits, incluant des solutions sans fil et \u00e0 \u00e9nergie solaire, offre des r\u00e9ponses technologiques innovantes pour la protection de vos sites, quelle que soit&hellip;<\/p>\n","protected":false},"author":1,"featured_media":0,"parent":0,"menu_order":0,"comment_status":"closed","ping_status":"closed","template":"","meta":{"jetpack_post_was_ever_published":false,"footnotes":""},"class_list":["post-2050","page","type-page","status-publish","hentry","description-off"],"jetpack_sharing_enabled":true,"jetpack_shortlink":"https:\/\/wp.me\/P9tlUG-x4","_links":{"self":[{"href":"https:\/\/www.sorhea.com\/fr\/wp-json\/wp\/v2\/pages\/2050","targetHints":{"allow":["GET"]}}],"collection":[{"href":"https:\/\/www.sorhea.com\/fr\/wp-json\/wp\/v2\/pages"}],"about":[{"href":"https:\/\/www.sorhea.com\/fr\/wp-json\/wp\/v2\/types\/page"}],"author":[{"embeddable":true,"href":"https:\/\/www.sorhea.com\/fr\/wp-json\/wp\/v2\/users\/1"}],"replies":[{"embeddable":true,"href":"https:\/\/www.sorhea.com\/fr\/wp-json\/wp\/v2\/comments?post=2050"}],"version-history":[{"count":80,"href":"https:\/\/www.sorhea.com\/fr\/wp-json\/wp\/v2\/pages\/2050\/revisions"}],"predecessor-version":[{"id":9647,"href":"https:\/\/www.sorhea.com\/fr\/wp-json\/wp\/v2\/pages\/2050\/revisions\/9647"}],"wp:attachment":[{"href":"https:\/\/www.sorhea.com\/fr\/wp-json\/wp\/v2\/media?parent=2050"}],"curies":[{"name":"wp","href":"https:\/\/api.w.org\/{rel}","templated":true}]}}