{"id":24,"date":"2017-11-23T13:58:57","date_gmt":"2017-11-23T12:58:57","guid":{"rendered":"https:\/\/www.sorhea.com\/?page_id=24"},"modified":"2026-03-05T11:48:39","modified_gmt":"2026-03-05T10:48:39","slug":"qui-sommes-nous","status":"publish","type":"page","link":"https:\/\/www.sorhea.com\/fr\/qui-sommes-nous\/","title":{"rendered":"Qui sommes-nous"},"content":{"rendered":"<div class=\"wpb-content-wrapper\"><p>[vc_row full_width=\u00a0\u00bbstretch_row\u00a0\u00bb css=\u00a0\u00bb.vc_custom_1511516713882{padding-top: 10px !important;padding-bottom: 20px !important;background-color: #333333 !important;}\u00a0\u00bb][vc_column]<div class=\"dt-fancy-separator title-left h3-size style-disabled\" style=\"width: 100%;\"><div class=\"dt-fancy-title\" style=\"color: #ffffff;\"><span class=\"separator-holder separator-left\"><\/span>Qui sommes-nous ?<span class=\"separator-holder separator-right\"><\/span><\/div><\/div>[vc_column_text css=\u00a0\u00bb.vc_custom_1739523833029{margin-bottom: 20px !important;padding-top: 20px !important;}\u00a0\u00bb el_class=\u00a0\u00bbdark-bkgd-text\u00a0\u00bb]Avec plus de 38 ans d\u2019exp\u00e9rience et quelques 25 000km de syst\u00e8mes de d\u00e9tection p\u00e9rim\u00e9trique install\u00e9s, SORHEA, constructeur fran\u00e7ais, leader europ\u00e9en de la d\u00e9tection d\u2019intrusion p\u00e9rim\u00e9trique s\u2019est impos\u00e9 comme le sp\u00e9cialiste des syst\u00e8mes de d\u00e9tection. SORHEA est aujourd\u2019hui un acteur incontournable du march\u00e9 international de la s\u00e9curit\u00e9.<\/p>\n<p>Les technologies d\u00e9velopp\u00e9es et commercialis\u00e9es par nos \u00e9quipes et nos filiales (85 collaborateurs), en France comme \u00e0 l\u2019international (USA, Canada, Belgique et Allemagne) couvrent toutes les applications de la s\u00e9curit\u00e9 p\u00e9rim\u00e9trique.[\/vc_column_text][vc_btn title=\u00a0\u00bbT\u00e9l\u00e9charger notre plaquette corporate\u00a0\u00bb style=\u00a0\u00bbcustom\u00a0\u00bb custom_background=\u00a0\u00bb#ed0000&Prime; custom_text=\u00a0\u00bb#ffffff\u00a0\u00bb css=\u00a0\u00bb\u00a0\u00bb link=\u00a0\u00bburl:https%3A%2F%2Fwww.sorhea.com%2Ffr%2Fwp-content%2Fuploads%2Fsites%2F4%2F2025%2F09%2FBrochure-Corporate-FR_2025_BD_pages_compressed_compressed.pdf|target:_blank\u00a0\u00bb][\/vc_column][\/vc_row][vc_row el_class=\u00a0\u00bbdark-arrow\u00a0\u00bb css=\u00a0\u00bb.vc_custom_1533632284037{padding-top: 50px !important;padding-bottom: 40px !important;}\u00a0\u00bb][vc_column width=\u00a0\u00bb2\/3&Prime;]<div class=\"dt-fancy-separator title-left h3-size style-disabled title-color\" style=\"width: 100%;\"><div class=\"dt-fancy-title\"><span class=\"separator-holder separator-left\"><\/span>Notre m\u00e9tier<span class=\"separator-holder separator-right\"><\/span><\/div><\/div>[vc_column_text css=\u00a0\u00bb.vc_custom_1527857474619{margin-bottom: 20px !important;padding-top: 20px !important;}\u00a0\u00bb]Depuis 1987, SORHEA con\u00e7oit, fabrique et commercialise des syst\u00e8mes \u00e9lectroniques de d\u00e9tection d\u2019intrusion p\u00e9rim\u00e9trique destin\u00e9s \u00e0 s\u00e9curiser des sites sensibles, industriels ou priv\u00e9s. Son offre de produits est bas\u00e9e sur le concept de la d\u00e9tection pr\u00e9coce, c\u2019est-\u00e0-dire d\u00e9tecter tout intrus s\u2019aventurant dans un site sous surveillance avant que celui-ci ne p\u00e9n\u00e8tre \u00e0 l\u2019int\u00e9rieur des b\u00e2timents.[\/vc_column_text]<style type=\"text\/css\" data-type=\"the7_shortcodes-inline-css\">#default-btn-72fd227a0080c324eb81cbaf9cb27047.ico-right-side > i {\n  margin-right: 0px;\n  margin-left: 8px;\n}\n#default-btn-72fd227a0080c324eb81cbaf9cb27047 > i {\n  margin-right: 8px;\n}<\/style><div class=\"btn-align-left\"><a href=\"http:\/\/www.sorhea.com\/fr\/qui-sommes-nous\/notre-metier\/\" class=\"default-btn-shortcode dt-btn dt-btn-m link-hover-off  vc_custom_1533632490575\" id=\"default-btn-72fd227a0080c324eb81cbaf9cb27047\"><span>En savoir plus<\/span><\/a><\/div>[\/vc_column][vc_column width=\u00a0\u00bb1\/3&Prime;][vc_single_image image=\u00a0\u00bb235&Prime; img_size=\u00a0\u00bbfull\u00a0\u00bb alignment=\u00a0\u00bbcenter\u00a0\u00bb image_hovers=\u00a0\u00bbfalse\u00a0\u00bb][\/vc_column][\/vc_row][vc_row full_width=\u00a0\u00bbstretch_row\u00a0\u00bb css=\u00a0\u00bb.vc_custom_1533631909407{padding-top: 10px !important;padding-bottom: 10px !important;background-color: #f3f3f3 !important;}\u00a0\u00bb][vc_column width=\u00a0\u00bb1\/3&Prime;][vc_single_image image=\u00a0\u00bb1840&Prime; img_size=\u00a0\u00bbfull\u00a0\u00bb alignment=\u00a0\u00bbcenter\u00a0\u00bb image_hovers=\u00a0\u00bbfalse\u00a0\u00bb][\/vc_column][vc_column width=\u00a0\u00bb2\/3&Prime;]<div class=\"dt-fancy-separator title-left h3-size style-disabled title-color\" style=\"width: 100%;\"><div class=\"dt-fancy-title\"><span class=\"separator-holder separator-left\"><\/span>9 technologies pour prot\u00e9ger tous les types de sites<span class=\"separator-holder separator-right\"><\/span><\/div><\/div>[vc_column_text css=\u00a0\u00bb.vc_custom_1538137150227{margin-bottom: 20px !important;padding-top: 20px !important;}\u00a0\u00bb]Nous proposons l\u2019offre la plus large et la plus compl\u00e8te du march\u00e9\u00a0pour r\u00e9pondre \u00e0 toutes vos probl\u00e9matiques de s\u00e9curit\u00e9.<\/p>\n<p>Notre gamme de produits, incluant des <strong>solutions sans fil<\/strong> et \u00e0 <strong>\u00e9nergie solaire<\/strong>, offre des r\u00e9ponses technologiques innovantes pour la protection des sites \u00e0 grands p\u00e9rim\u00e8tres :<\/p>\n<ul>\n<li>Barri\u00e8re immat\u00e9rielle : infrarouge, hyperfr\u00e9quence<\/li>\n<li>D\u00e9tecteur thermique &amp; analyse vid\u00e9o et capteur \u00e0 double technologie<\/li>\n<li>Barri\u00e8re physique : c\u00e2bles \u00e0 d\u00e9tection de chocs, cl\u00f4tures d\u00e9tectrices et barri\u00e8res d\u00e9tectrices \u00e9lectrifi\u00e9es.<\/li>\n<\/ul>\n<p>[\/vc_column_text]<style type=\"text\/css\" data-type=\"the7_shortcodes-inline-css\">#default-btn-4ad1cb6bfe358800d652f1b6af3d6217.ico-right-side > i {\n  margin-right: 0px;\n  margin-left: 8px;\n}\n#default-btn-4ad1cb6bfe358800d652f1b6af3d6217 > i {\n  margin-right: 8px;\n}<\/style><div class=\"btn-align-left\"><a href=\"http:\/\/www.sorhea.com\/fr\/nos-produits\/\" class=\"default-btn-shortcode dt-btn dt-btn-m link-hover-off  vc_custom_1533630494744\" id=\"default-btn-4ad1cb6bfe358800d652f1b6af3d6217\"><span>En savoir plus<\/span><\/a><\/div>[\/vc_column][\/vc_row][vc_row css=\u00a0\u00bb.vc_custom_1533632635913{padding-top: 40px !important;padding-bottom: 40px !important;}\u00a0\u00bb][vc_column width=\u00a0\u00bb2\/3&Prime;]<div class=\"dt-fancy-separator title-left h3-size style-disabled title-color\" style=\"width: 100%;\"><div class=\"dt-fancy-title\"><span class=\"separator-holder separator-left\"><\/span>Le service en plus<span class=\"separator-holder separator-right\"><\/span><\/div><\/div>[vc_column_text css=\u00a0\u00bb.vc_custom_1527858560780{margin-bottom: 20px !important;padding-top: 20px !important;}\u00a0\u00bb]Sorhea offre un panel de services avant-vente et apr\u00e8s-vente pour vous assister au mieux tout au long de votre projet de s\u00e9curisation et dans son installation.[\/vc_column_text]<style type=\"text\/css\" data-type=\"the7_shortcodes-inline-css\">#default-btn-4d2b4ca85aa2e2de9134e2bdfb383636.ico-right-side > i {\n  margin-right: 0px;\n  margin-left: 8px;\n}\n#default-btn-4d2b4ca85aa2e2de9134e2bdfb383636 > i {\n  margin-right: 8px;\n}<\/style><div class=\"btn-align-left\"><a href=\"http:\/\/www.sorhea.com\/fr\/qui-sommes-nous\/le-service-en-plus\/\" class=\"default-btn-shortcode dt-btn dt-btn-m link-hover-off  vc_custom_1533630085476\" id=\"default-btn-4d2b4ca85aa2e2de9134e2bdfb383636\"><span>En savoir plus<\/span><\/a><\/div>[\/vc_column][vc_column width=\u00a0\u00bb1\/3&Prime;][vc_single_image image=\u00a0\u00bb243&Prime; img_size=\u00a0\u00bbfull\u00a0\u00bb alignment=\u00a0\u00bbcenter\u00a0\u00bb image_hovers=\u00a0\u00bbfalse\u00a0\u00bb][\/vc_column][\/vc_row][vc_row full_width=\u00a0\u00bbstretch_row\u00a0\u00bb css=\u00a0\u00bb.vc_custom_1533629905575{padding-top: 10px !important;padding-bottom: 10px !important;background-color: #f3f3f3 !important;}\u00a0\u00bb][vc_column width=\u00a0\u00bb1\/3&Prime;][vc_single_image image=\u00a0\u00bb1842&Prime; img_size=\u00a0\u00bbfull\u00a0\u00bb alignment=\u00a0\u00bbcenter\u00a0\u00bb image_hovers=\u00a0\u00bbfalse\u00a0\u00bb][\/vc_column][vc_column width=\u00a0\u00bb2\/3&Prime;]<div class=\"dt-fancy-separator title-left h3-size style-disabled title-color\" style=\"width: 100%;\"><div class=\"dt-fancy-title\"><span class=\"separator-holder separator-left\"><\/span>Des engagements qui font la diff\u00e9rence<span class=\"separator-holder separator-right\"><\/span><\/div><\/div>[vc_column_text css=\u00a0\u00bb.vc_custom_1739524640872{margin-bottom: 20px !important;padding-top: 20px !important;}\u00a0\u00bb]<\/p>\n<ul>\n<li><strong>La qualit\u00e9 garantie\u00a0: <\/strong>une expertise de plus de 38 ans au service de nos clients<\/li>\n<li><strong>Une offre de services sur mesure\u00a0: <\/strong>pour vous accompagner \u00e0 chaque \u00e9tape de votre projet<\/li>\n<li><strong>Des experts disponibles\u00a0: <\/strong>pour la mise en service de votre site<\/li>\n<li><strong>Des distributeurs exclusifs \u00e0 l\u2019international<\/strong><\/li>\n<li><strong>Un r\u00e9seau d\u2019int\u00e9grateurs installateurs <\/strong>form\u00e9s \u00e0 nos produits.<\/li>\n<\/ul>\n<p>[\/vc_column_text][\/vc_column][\/vc_row][vc_row css=\u00a0\u00bb.vc_custom_1533632647723{padding-top: 40px !important;padding-bottom: 40px !important;}\u00a0\u00bb][vc_column width=\u00a0\u00bb2\/3&Prime;]<div class=\"dt-fancy-separator title-left h3-size style-disabled title-color\" style=\"width: 100%;\"><div class=\"dt-fancy-title\"><span class=\"separator-holder separator-left\"><\/span>Nos domaines d&#039;applications<span class=\"separator-holder separator-right\"><\/span><\/div><\/div>[vc_column_text css=\u00a0\u00bb.vc_custom_1527861069400{margin-bottom: 20px !important;padding-top: 20px !important;}\u00a0\u00bb]Pour Sorhea chaque site et chaque client a son importance. En effet, la large gamme de produits que nous proposons permet de s\u2019adapter \u00e0 tout type de site et de probl\u00e9matique en apportant une installation personnalis\u00e9e, sur-mesure et unique.[\/vc_column_text]<style type=\"text\/css\" data-type=\"the7_shortcodes-inline-css\">#default-btn-f7e22af4e1d003dd924297f4b9171c04.ico-right-side > i {\n  margin-right: 0px;\n  margin-left: 8px;\n}\n#default-btn-f7e22af4e1d003dd924297f4b9171c04 > i {\n  margin-right: 8px;\n}<\/style><div class=\"btn-align-left\"><a href=\"http:\/\/www.sorhea.com\/fr\/qui-sommes-nous\/nos-references\/\" class=\"default-btn-shortcode dt-btn dt-btn-m link-hover-off  vc_custom_1533630074225\" id=\"default-btn-f7e22af4e1d003dd924297f4b9171c04\"><span>En savoir plus<\/span><\/a><\/div>[\/vc_column][vc_column width=\u00a0\u00bb1\/3&Prime;][vc_video link=\u00a0\u00bbhttps:\/\/youtu.be\/dJ2dlABSgV0&Prime;][\/vc_column][\/vc_row][vc_row full_width=\u00a0\u00bbstretch_row\u00a0\u00bb css=\u00a0\u00bb.vc_custom_1533629905575{padding-top: 10px !important;padding-bottom: 10px !important;background-color: #f3f3f3 !important;}\u00a0\u00bb][vc_column width=\u00a0\u00bb1\/3&Prime;][vc_single_image image=\u00a0\u00bb9599&Prime; img_size=\u00a0\u00bbfull\u00a0\u00bb alignment=\u00a0\u00bbcenter\u00a0\u00bb css=\u00a0\u00bb.vc_custom_1766135544768{margin-top: 20px !important;border-top-width: 20px !important;padding-top: 20px !important;padding-right: 15px !important;}\u00a0\u00bb image_hovers=\u00a0\u00bbfalse\u00a0\u00bb][\/vc_column][vc_column width=\u00a0\u00bb2\/3&Prime;][vc_column_text css=\u00a0\u00bb.vc_custom_1766136062741{margin-bottom: 20px !important;padding-left: 10px !important;}\u00a0\u00bb el_class=\u00a0\u00bbdark-bkgd-text\u00a0\u00bb]<\/p>\n<div id=\"comp-jo451373\" class=\"txtNew\" data-packed=\"true\" data-vertical-text=\"false\">\n<h3 class=\"font_3\">HIRSCH Group est un groupe fran\u00e7ais leader des solutions prenium pour la s\u00e9curit\u00e9.<\/h3>\n<p>&nbsp;<\/p>\n<\/div>\n<div id=\"comp-jo451376\" class=\"txtNew\" data-packed=\"false\" data-vertical-text=\"false\" data-min-height=\"106\">\n<p class=\"font_8\"><span style=\"color: #000000;\">\u00ab\u00a0Notre mission est la s\u00e9curisation des acc\u00e8s physiques des sites d\u2019importance vitale dans deux domaines : la d\u00e9tection p\u00e9rim\u00e9trique d\u2019intrusion et le contr\u00f4le et la s\u00e9curisation des acc\u00e8s. Nos 11 soci\u00e9t\u00e9s membres du groupe, pr\u00e9sentes en France et \u00e0 l\u2019international, sont expertes dans la conception, la fabrication et la vente de solutions haut-de-gamme de mat\u00e9riels de d\u00e9tection des intrusions aux abords de sites professionnels et de contr\u00f4le des acc\u00e8s.\u00a0\u00bb<\/span><\/p>\n<\/div>\n<p>[\/vc_column_text]<style type=\"text\/css\" data-type=\"the7_shortcodes-inline-css\">#default-btn-342a31c687252e59ce37aa8d79ac78ac.ico-right-side > i {\n  margin-right: 0px;\n  margin-left: 8px;\n}\n#default-btn-342a31c687252e59ce37aa8d79ac78ac > i {\n  margin-right: 8px;\n}<\/style><div class=\"btn-align-left\"><a href=\"https:\/\/www.vitaprotech.com\/\" class=\"default-btn-shortcode dt-btn dt-btn-m link-hover-off  vc_custom_1591861142053\" target=\"_blank\" id=\"default-btn-342a31c687252e59ce37aa8d79ac78ac\" rel=\"noopener\"><span>D\u00e9couvrez Vitaprotech<\/span><\/a><\/div>[\/vc_column][\/vc_row]<\/p>\n<\/div>","protected":false},"excerpt":{"rendered":"<p>[vc_row full_width=\u00a0\u00bbstretch_row\u00a0\u00bb css=\u00a0\u00bb.vc_custom_1511516713882{padding-top: 10px !important;padding-bottom: 20px !important;background-color: #333333 !important;}\u00a0\u00bb][vc_column][vc_column_text css=\u00a0\u00bb.vc_custom_1739523833029{margin-bottom: 20px !important;padding-top: 20px !important;}\u00a0\u00bb el_class=\u00a0\u00bbdark-bkgd-text\u00a0\u00bb]Avec plus de 38 ans d\u2019exp\u00e9rience et quelques 25 000km de syst\u00e8mes de d\u00e9tection p\u00e9rim\u00e9trique install\u00e9s, SORHEA, constructeur fran\u00e7ais, leader europ\u00e9en de la d\u00e9tection d\u2019intrusion p\u00e9rim\u00e9trique s\u2019est impos\u00e9 comme le sp\u00e9cialiste des syst\u00e8mes de d\u00e9tection. SORHEA est aujourd\u2019hui un acteur incontournable&hellip;<\/p>\n","protected":false},"author":1,"featured_media":2215,"parent":0,"menu_order":0,"comment_status":"closed","ping_status":"closed","template":"","meta":{"jetpack_post_was_ever_published":false,"footnotes":""},"class_list":["post-24","page","type-page","status-publish","has-post-thumbnail","hentry","description-off"],"jetpack_sharing_enabled":true,"jetpack_shortlink":"https:\/\/wp.me\/P9tlUG-o","_links":{"self":[{"href":"https:\/\/www.sorhea.com\/fr\/wp-json\/wp\/v2\/pages\/24","targetHints":{"allow":["GET"]}}],"collection":[{"href":"https:\/\/www.sorhea.com\/fr\/wp-json\/wp\/v2\/pages"}],"about":[{"href":"https:\/\/www.sorhea.com\/fr\/wp-json\/wp\/v2\/types\/page"}],"author":[{"embeddable":true,"href":"https:\/\/www.sorhea.com\/fr\/wp-json\/wp\/v2\/users\/1"}],"replies":[{"embeddable":true,"href":"https:\/\/www.sorhea.com\/fr\/wp-json\/wp\/v2\/comments?post=24"}],"version-history":[{"count":86,"href":"https:\/\/www.sorhea.com\/fr\/wp-json\/wp\/v2\/pages\/24\/revisions"}],"predecessor-version":[{"id":9643,"href":"https:\/\/www.sorhea.com\/fr\/wp-json\/wp\/v2\/pages\/24\/revisions\/9643"}],"wp:featuredmedia":[{"embeddable":true,"href":"https:\/\/www.sorhea.com\/fr\/wp-json\/wp\/v2\/media\/2215"}],"wp:attachment":[{"href":"https:\/\/www.sorhea.com\/fr\/wp-json\/wp\/v2\/media?parent=24"}],"curies":[{"name":"wp","href":"https:\/\/api.w.org\/{rel}","templated":true}]}}