{"id":250,"date":"2017-11-24T10:22:58","date_gmt":"2017-11-24T09:22:58","guid":{"rendered":"https:\/\/www.sorhea.com\/?page_id=250"},"modified":"2026-03-05T11:51:43","modified_gmt":"2026-03-05T10:51:43","slug":"notre-metier","status":"publish","type":"page","link":"https:\/\/www.sorhea.com\/fr\/qui-sommes-nous\/notre-metier\/","title":{"rendered":"Notre m\u00e9tier"},"content":{"rendered":"<div class=\"wpb-content-wrapper\"><p>[vc_row full_width=\u00a0\u00bbstretch_row\u00a0\u00bb css=\u00a0\u00bb.vc_custom_1511516383864{padding-top: 10px !important;padding-bottom: 20px !important;background-color: #333333 !important;}\u00a0\u00bb][vc_column]<div class=\"dt-fancy-separator title-left h3-size style-disabled\" style=\"width: 100%;\"><div class=\"dt-fancy-title\" style=\"color: #ffffff;\"><span class=\"separator-holder separator-left\"><\/span>Notre m\u00e9tier<span class=\"separator-holder separator-right\"><\/span><\/div><\/div>[vc_column_text css=\u00a0\u00bb.vc_custom_1511822034990{margin-bottom: 20px !important;padding-top: 20px !important;}\u00a0\u00bb el_class=\u00a0\u00bbdark-bkgd-text\u00a0\u00bb]Depuis 1987, SORHEA con\u00e7oit, fabrique et commercialise des syst\u00e8mes \u00e9lectroniques de d\u00e9tection p\u00e9rim\u00e9trique d\u2019intrusion destin\u00e9s \u00e0 s\u00e9curiser des sites sensibles, industriels ou priv\u00e9s. Son offre de produits est bas\u00e9e sur le concept de la d\u00e9tection pr\u00e9coce, c\u2019est-\u00e0-dire d\u00e9tecter tout intrus s\u2019aventurant dans un site sous surveillance avant que celui-ci ne p\u00e9n\u00e8tre \u00e0 l\u2019int\u00e9rieur des b\u00e2timents.[\/vc_column_text][\/vc_column][\/vc_row][vc_row el_class=\u00a0\u00bbdark-arrow\u00a0\u00bb css=\u00a0\u00bb.vc_custom_1513952339234{padding-top: 50px !important;padding-bottom: 20px !important;}\u00a0\u00bb][vc_column css=\u00a0\u00bb.vc_custom_1511518565017{padding-top: 15px !important;}\u00a0\u00bb][vc_cta h2=\u00a0\u00bbNotre plaquette de pr\u00e9sentation PDF\u00a0\u00bb h2_font_container=\u00a0\u00bbtag:h2|font_size:20px|text_align:left|line_height:48px\u00a0\u00bb h2_use_theme_fonts=\u00a0\u00bbyes\u00a0\u00bb style=\u00a0\u00bbcustom\u00a0\u00bb add_button=\u00a0\u00bbleft\u00a0\u00bb btn_title=\u00a0\u00bbT\u00e9l\u00e9charger\u00a0\u00bb btn_style=\u00a0\u00bbcustom\u00a0\u00bb btn_custom_background=\u00a0\u00bb#d40000&Prime; btn_custom_text=\u00a0\u00bb#ffffff\u00a0\u00bb btn_align=\u00a0\u00bbcenter\u00a0\u00bb btn_i_icon_fontawesome=\u00a0\u00bbfa fa-brands fa-accessible-icon\u00a0\u00bb css=\u00a0\u00bb.vc_custom_1756732310915{border-right-width: 5px !important;border-left-width: 5px !important;padding-top: 15px !important;padding-bottom: 15px !important;border-color: #d40000 !important;}\u00a0\u00bb use_custom_fonts_h2=\u00a0\u00bbtrue\u00a0\u00bb btn_button_block=\u00a0\u00bbtrue\u00a0\u00bb btn_add_icon=\u00a0\u00bbtrue\u00a0\u00bb btn_link=\u00a0\u00bburl:https%3A%2F%2Fwww.sorhea.com%2Ffr%2Fwp-content%2Fuploads%2Fsites%2F4%2F2025%2F09%2FBrochure-Corporate-FR_2025_compressed_compressed.pdf|target:_blank\u00a0\u00bb custom_background=\u00a0\u00bb#f3f3f3&Prime; custom_text=\u00a0\u00bb#333333&Prime; h2_el_class=\u00a0\u00bbno-bottom-margin\u00a0\u00bb btn_el_class=\u00a0\u00bbtheme-font-button\u00a0\u00bb h2_link=\u00a0\u00bb|||\u00a0\u00bb][\/vc_cta][\/vc_column][\/vc_row][vc_row css=\u00a0\u00bb.vc_custom_1511519561579{margin-bottom: 20px !important;}\u00a0\u00bb][vc_column]<div class=\"dt-fancy-separator title-left h3-size title-color\" style=\"width: 100%;\"><div class=\"dt-fancy-title\"><span class=\"separator-holder separator-left\"><\/span>La ma\u00eetrise d&#039;un constructeur Fran\u00e7ais<span class=\"separator-holder separator-right\"><\/span><\/div><\/div>[\/vc_column][\/vc_row][vc_row][vc_column offset=\u00a0\u00bbvc_hidden-lg vc_hidden-md vc_hidden-sm\u00a0\u00bb][vc_single_image image=\u00a0\u00bb299&Prime; img_size=\u00a0\u00bbfull\u00a0\u00bb alignment=\u00a0\u00bbcenter\u00a0\u00bb image_hovers=\u00a0\u00bbfalse\u00a0\u00bb][\/vc_column][vc_column width=\u00a0\u00bb2\/3&Prime;][vc_column_text]Gr\u00e2ce \u00e0 une innovation constante et \u00e0 une politique de croissance externe, SORHEA propose aujourd\u2019hui l\u2019offre la plus large et la plus compl\u00e8te du march\u00e9 : barri\u00e8res infrarouge, c\u00e2ble de d\u00e9tection de chocs sur cl\u00f4ture et sur bardage, d\u00e9tecteurs \u00e0 double technologie, barri\u00e8res hyperfr\u00e9quence, cl\u00f4ture d\u00e9tectrice ou encore analyse vid\u00e9o. Mais la force concurrentielle de SORHEA r\u00e9side dans son adaptabilit\u00e9 \u00e0 toutes les probl\u00e9matiques de s\u00e9curit\u00e9s possibles. Aussi, SORHEA con\u00e7oit des produits sur mesure pour r\u00e9pondre aux exigences les plus strictes. Aujourd\u2019hui, fort de ses 30 ans d\u2019exp\u00e9rience, SORHEA propose des solutions performantes pour int\u00e9grer ses produits aux superviseurs vid\u00e9o du march\u00e9.<\/p>\n<p>Enfin, la fabrication et son suivi sous contr\u00f4le qualit\u00e9 (certification ISO 9001 version 2015) garantissent la fiabilit\u00e9 des produits reconnue par les clients de SORHEA.[\/vc_column_text][\/vc_column][vc_column width=\u00a0\u00bb1\/3&Prime; offset=\u00a0\u00bbvc_hidden-xs\u00a0\u00bb][vc_single_image image=\u00a0\u00bb299&Prime; img_size=\u00a0\u00bbfull\u00a0\u00bb alignment=\u00a0\u00bbright\u00a0\u00bb image_hovers=\u00a0\u00bbfalse\u00a0\u00bb][\/vc_column][\/vc_row][vc_row css=\u00a0\u00bb.vc_custom_1511519703089{margin-bottom: 20px !important;}\u00a0\u00bb][vc_column]<div class=\"dt-fancy-separator title-right h3-size title-color\" style=\"width: 100%;\"><div class=\"dt-fancy-title\"><span class=\"separator-holder separator-left\"><\/span>La protection p\u00e9rim\u00e9trique<span class=\"separator-holder separator-right\"><\/span><\/div><\/div>[\/vc_column][\/vc_row][vc_row][vc_column offset=\u00a0\u00bbvc_hidden-lg vc_hidden-md vc_hidden-sm\u00a0\u00bb][vc_single_image image=\u00a0\u00bb304&Prime; img_size=\u00a0\u00bbfull\u00a0\u00bb alignment=\u00a0\u00bbcenter\u00a0\u00bb image_hovers=\u00a0\u00bbfalse\u00a0\u00bb][\/vc_column][vc_column width=\u00a0\u00bb1\/3&Prime; offset=\u00a0\u00bbvc_hidden-xs\u00a0\u00bb][vc_single_image image=\u00a0\u00bb304&Prime; img_size=\u00a0\u00bbfull\u00a0\u00bb image_hovers=\u00a0\u00bbfalse\u00a0\u00bb][\/vc_column][vc_column width=\u00a0\u00bb2\/3&Prime;][vc_column_text css=\u00a0\u00bb\u00a0\u00bb]Les mutations rapides de notre civilisation s\u2019accompagnent d\u2019un besoin croissant de syst\u00e8mes de s\u00e9curit\u00e9, dans des domaines tr\u00e8s divers.<\/p>\n<p>Le march\u00e9 de la surveillance de l\u2019intrusion par des moyens \u00e9lectroniques a d\u00e9marr\u00e9 dans les ann\u00e9es 80, avec des syst\u00e8mes de d\u00e9tection exclusivement install\u00e9s \u00e0 l\u2019int\u00e9rieur des locaux. SORHEA s\u2019est sp\u00e9cialis\u00e9 depuis maintenant 38 ans sur le march\u00e9 des syst\u00e8mes de d\u00e9tection p\u00e9rim\u00e9trique.<\/p>\n<p>Nos d\u00e9tecteurs sont install\u00e9s le plus souvent \u00e0 l\u2019ext\u00e9rieur des b\u00e2timents et permettent de signaler la pr\u00e9sence d\u2019un intrus avant que celui-ci ne p\u00e9n\u00e8tre dans les locaux sensibles.[\/vc_column_text][\/vc_column][\/vc_row][vc_row][vc_column]<div class=\"hr-thin style-line\" style=\"width: 100%;border-top-width: 1px;\"><\/div>[vc_column_text css=\u00a0\u00bb\u00a0\u00bb]<q class=\"h3-size shortcode-pullquote wf-cell align-right wf-1\"><p>38 ans d\u00e9j\u00e0 que nous sommes sp\u00e9cialis\u00e9s sur le march\u00e9 des syst\u00e8mes de d\u00e9tection p\u00e9rim\u00e9trique.<\/p>\n<\/q>[\/vc_column_text]<div class=\"ult-spacer spacer-69df77edb2b1f\" data-id=\"69df77edb2b1f\" data-height=\"10\" data-height-mobile=\"10\" data-height-tab=\"10\" data-height-tab-portrait=\"\" data-height-mobile-landscape=\"\" style=\"clear:both;display:block;\"><\/div><div class=\"hr-thin style-line\" style=\"width: 100%;border-top-width: 1px;\"><\/div>[\/vc_column][\/vc_row][vc_row css=\u00a0\u00bb.vc_custom_1511520439171{padding-top: 30px !important;}\u00a0\u00bb][vc_column width=\u00a0\u00bb1\/2&Prime;][vc_column_text css=\u00a0\u00bb.vc_custom_1511822288729{margin-bottom: 30px !important;}\u00a0\u00bb]L\u2019intervention des services de s\u00e9curit\u00e9 peut ainsi \u00eatre d\u00e9clench\u00e9e de mani\u00e8re plus rapide, plus pr\u00e9coce, donc plus efficace. Un syst\u00e8me de d\u00e9tection p\u00e9rim\u00e9trique permet en outre de surveiller des marchandises entrepos\u00e9es \u00e0 l\u2019ext\u00e9rieur.<\/p>\n<p>La d\u00e9tection p\u00e9rim\u00e9trique exige des produits robustes et fiables capables de fonctionner dans les pires conditions climatiques. Plusieurs technologies sont disponibles sur le march\u00e9 pour r\u00e9pondre \u00e0 diverses sp\u00e9cificit\u00e9s.[\/vc_column_text][\/vc_column][vc_column width=\u00a0\u00bb1\/2&Prime;][vc_column_text css=\u00a0\u00bb.vc_custom_1511822300698{margin-bottom: 30px !important;}\u00a0\u00bb]Le march\u00e9 de la d\u00e9tection p\u00e9rim\u00e9trique est soutenu par les exigences de s\u00e9curit\u00e9 requises pour les sites sensibles. La demande est forte dans le transport et la logistique, les sites chimiques et nucl\u00e9aires, les \u00e9tablissements ayant des exigences de secret de leur production, les parcs de mat\u00e9riels entrepos\u00e9s \u00e0 ciel ouvert, les \u00e9tablissements p\u00e9nitentiaires\u2026<\/p>\n<p>Le sentiment d\u2019ins\u00e9curit\u00e9 et les cas de \u00ab home jacking \u00bb poussent certains propri\u00e9taires priv\u00e9s \u00e0 s\u2019\u00e9quiper en syst\u00e8mes de d\u00e9tection p\u00e9rim\u00e9trique.[\/vc_column_text][\/vc_column][\/vc_row]<\/p>\n<\/div>","protected":false},"excerpt":{"rendered":"<p>[vc_row full_width=\u00a0\u00bbstretch_row\u00a0\u00bb css=\u00a0\u00bb.vc_custom_1511516383864{padding-top: 10px !important;padding-bottom: 20px !important;background-color: #333333 !important;}\u00a0\u00bb][vc_column][vc_column_text css=\u00a0\u00bb.vc_custom_1511822034990{margin-bottom: 20px !important;padding-top: 20px !important;}\u00a0\u00bb el_class=\u00a0\u00bbdark-bkgd-text\u00a0\u00bb]Depuis 1987, SORHEA con\u00e7oit, fabrique et commercialise des syst\u00e8mes \u00e9lectroniques de d\u00e9tection p\u00e9rim\u00e9trique d\u2019intrusion destin\u00e9s \u00e0 s\u00e9curiser des sites sensibles, industriels ou priv\u00e9s. Son offre de produits est bas\u00e9e sur le concept de la d\u00e9tection pr\u00e9coce, c\u2019est-\u00e0-dire d\u00e9tecter tout intrus s\u2019aventurant&hellip;<\/p>\n","protected":false},"author":1,"featured_media":0,"parent":24,"menu_order":0,"comment_status":"closed","ping_status":"closed","template":"","meta":{"jetpack_post_was_ever_published":false,"footnotes":""},"class_list":["post-250","page","type-page","status-publish","hentry","description-off"],"jetpack_sharing_enabled":true,"jetpack_shortlink":"https:\/\/wp.me\/P9tlUG-42","_links":{"self":[{"href":"https:\/\/www.sorhea.com\/fr\/wp-json\/wp\/v2\/pages\/250","targetHints":{"allow":["GET"]}}],"collection":[{"href":"https:\/\/www.sorhea.com\/fr\/wp-json\/wp\/v2\/pages"}],"about":[{"href":"https:\/\/www.sorhea.com\/fr\/wp-json\/wp\/v2\/types\/page"}],"author":[{"embeddable":true,"href":"https:\/\/www.sorhea.com\/fr\/wp-json\/wp\/v2\/users\/1"}],"replies":[{"embeddable":true,"href":"https:\/\/www.sorhea.com\/fr\/wp-json\/wp\/v2\/comments?post=250"}],"version-history":[{"count":67,"href":"https:\/\/www.sorhea.com\/fr\/wp-json\/wp\/v2\/pages\/250\/revisions"}],"predecessor-version":[{"id":9644,"href":"https:\/\/www.sorhea.com\/fr\/wp-json\/wp\/v2\/pages\/250\/revisions\/9644"}],"up":[{"embeddable":true,"href":"https:\/\/www.sorhea.com\/fr\/wp-json\/wp\/v2\/pages\/24"}],"wp:attachment":[{"href":"https:\/\/www.sorhea.com\/fr\/wp-json\/wp\/v2\/media?parent=250"}],"curies":[{"name":"wp","href":"https:\/\/api.w.org\/{rel}","templated":true}]}}