{"id":252,"date":"2017-11-24T10:23:30","date_gmt":"2017-11-24T09:23:30","guid":{"rendered":"https:\/\/www.sorhea.com\/?page_id=252"},"modified":"2026-03-05T14:24:17","modified_gmt":"2026-03-05T13:24:17","slug":"le-service-en-plus","status":"publish","type":"page","link":"https:\/\/www.sorhea.com\/fr\/qui-sommes-nous\/le-service-en-plus\/","title":{"rendered":"Le service en plus"},"content":{"rendered":"<div class=\"wpb-content-wrapper\"><p>[vc_row full_width=\u00a0\u00bbstretch_row\u00a0\u00bb css=\u00a0\u00bb.vc_custom_1511516383864{padding-top: 10px !important;padding-bottom: 20px !important;background-color: #333333 !important;}\u00a0\u00bb][vc_column]<div class=\"dt-fancy-separator title-left h3-size style-disabled\" style=\"width: 100%;\"><div class=\"dt-fancy-title\" style=\"color: #ffffff;\"><span class=\"separator-holder separator-left\"><\/span>Le service en plus<span class=\"separator-holder separator-right\"><\/span><\/div><\/div>[vc_column_text el_class=\u00a0\u00bbdark-bkgd-text\u00a0\u00bb css=\u00a0\u00bb.vc_custom_1511822571687{margin-bottom: 20px !important;padding-top: 20px !important;}\u00a0\u00bb]Sorhea offre un panel de services avant-vente et apr\u00e8s-vente pour vous assister au mieux tout au long de votre projet de s\u00e9curisation et dans son installation.[\/vc_column_text][\/vc_column][\/vc_row][vc_row][vc_column]<div class=\"dt-fancy-separator title-left h3-size title-color\" style=\"width: 100%;\"><div class=\"dt-fancy-title\"><span class=\"separator-holder separator-left\"><\/span>Nouveaut\u00e9 2024<span class=\"separator-holder separator-right\"><\/span><\/div><\/div>[\/vc_column][\/vc_row][vc_row][vc_column][vc_row_inner][vc_column_inner offset=\u00a0\u00bbvc_hidden-lg vc_hidden-md vc_hidden-sm\u00a0\u00bb][vc_single_image image=\u00a0\u00bb4963&Prime; img_size=\u00a0\u00bbfull\u00a0\u00bb alignment=\u00a0\u00bbcenter\u00a0\u00bb image_hovers=\u00a0\u00bbfalse\u00a0\u00bb][\/vc_column_inner][vc_column_inner width=\u00a0\u00bb1\/3&Prime; offset=\u00a0\u00bbvc_hidden-xs\u00a0\u00bb][vc_single_image image=\u00a0\u00bb8523&Prime; img_size=\u00a0\u00bbfull\u00a0\u00bb alignment=\u00a0\u00bbright\u00a0\u00bb image_hovers=\u00a0\u00bbfalse\u00a0\u00bb][\/vc_column_inner][vc_column_inner width=\u00a0\u00bb2\/3&Prime;][vc_column_text]Sorhea lance le Contrat d&rsquo;Entretien Annuel, un nouveau service de garantie. Sorhea, c&rsquo;est l&rsquo;assurance d&rsquo;une s\u00e9curisation fiable et p\u00e9renne. Aujourd&rsquo;hui, nous nous engageons pour votre tranquillit\u00e9 d&rsquo;esprit en vous proposant une garantie de 10 ans sur les produits et les pi\u00e8ces.[\/vc_column_text][vc_cta h2=\u00a0\u00bbContactez notre service commercial :\u00a0\u00bb h2_font_container=\u00a0\u00bbfont_size:20|line_height:26px\u00a0\u00bb h2_use_theme_fonts=\u00a0\u00bbyes\u00a0\u00bb h4=\u00a0\u00bb+33(0)4 78 03 73 73&Prime; h4_font_container=\u00a0\u00bbfont_size:16|color:%23d40000&Prime; h4_use_theme_fonts=\u00a0\u00bbyes\u00a0\u00bb style=\u00a0\u00bbcustom\u00a0\u00bb add_button=\u00a0\u00bbright\u00a0\u00bb btn_title=\u00a0\u00bbPar email\u00a0\u00bb btn_style=\u00a0\u00bbcustom\u00a0\u00bb btn_custom_background=\u00a0\u00bb#d40000&Prime; btn_custom_text=\u00a0\u00bb#ffffff\u00a0\u00bb btn_align=\u00a0\u00bbcenter\u00a0\u00bb btn_i_icon_fontawesome=\u00a0\u00bbfas fa-envelope\u00a0\u00bb use_custom_fonts_h2=\u00a0\u00bbtrue\u00a0\u00bb use_custom_fonts_h4=\u00a0\u00bbtrue\u00a0\u00bb btn_button_block=\u00a0\u00bbtrue\u00a0\u00bb btn_add_icon=\u00a0\u00bbtrue\u00a0\u00bb custom_background=\u00a0\u00bb#f3f3f3&Prime; custom_text=\u00a0\u00bb#333333&Prime; btn_link=\u00a0\u00bburl:mailto%3Acommercial%40sorhea.fr|||\u00a0\u00bb css=\u00a0\u00bb.vc_custom_1582037610192{border-right-width: 5px !important;border-left-width: 5px !important;padding-top: 10px !important;padding-bottom: 10px !important;border-left-color: #d40000 !important;border-right-color: #d40000 !important;}\u00a0\u00bb h2_el_class=\u00a0\u00bbno-bottom-margin\u00a0\u00bb h4_el_class=\u00a0\u00bbno-bottom-margin\u00a0\u00bb btn_el_class=\u00a0\u00bbtheme-font-button\u00a0\u00bb][\/vc_cta][\/vc_column_inner][\/vc_row_inner]<div class=\"dt-fancy-separator title-left h3-size title-color\" style=\"width: 100%;\"><div class=\"dt-fancy-title\"><span class=\"separator-holder separator-left\"><\/span>Avant-vente<span class=\"separator-holder separator-right\"><\/span><\/div><\/div>[vc_tabs interval=\u00a0\u00bb0&Prime; title_size=\u00a0\u00bbh5&Prime; style=\u00a0\u00bbtab-style-three\u00a0\u00bb el_class=\u00a0\u00bbno-bottom-margin\u00a0\u00bb][vc_tab title=\u00a0\u00bb\u00c9tude sur site\u00a0\u00bb tab_id=\u00a0\u00bb5e7e93b1-b1ab-8&Prime;][vc_row_inner][vc_column_inner offset=\u00a0\u00bbvc_hidden-lg vc_hidden-md vc_hidden-sm\u00a0\u00bb][vc_single_image image=\u00a0\u00bb319&Prime; img_size=\u00a0\u00bbfull\u00a0\u00bb alignment=\u00a0\u00bbcenter\u00a0\u00bb image_hovers=\u00a0\u00bbfalse\u00a0\u00bb][\/vc_column_inner][vc_column_inner width=\u00a0\u00bb2\/3&Prime;][vc_column_text]En alliant des prestations de qualit\u00e9 telle que l\u2019\u00e9tude de votre site, l\u2019\u00e9tude de votre cahier des charges, Sorhea vous accompagne dans votre prise de d\u00e9cision. Les catalogues, les plaquettes commerciales, les notices techniques des produits sont autant d\u2019outils indispensables que Sorhea met \u00e0 votre disposition pour appr\u00e9hender l\u2019int\u00e9gralit\u00e9 de l\u2019offre et comprendre tous les produits. Le service avant-vente vous offre une \u00e9tude compl\u00e9tement personnalis\u00e9e, vous permettant de valider la viabilit\u00e9 de votre projet tout en vous pr\u00e9conisant la technologie et les solutions les plus adapt\u00e9es \u00e0 votre besoin.[\/vc_column_text][vc_cta h2=\u00a0\u00bbContactez notre service commercial :\u00a0\u00bb h2_font_container=\u00a0\u00bbfont_size:20|line_height:26px\u00a0\u00bb h2_use_theme_fonts=\u00a0\u00bbyes\u00a0\u00bb h4=\u00a0\u00bb+33(0)4 78 03 73 73&Prime; h4_font_container=\u00a0\u00bbfont_size:16|color:%23d40000&Prime; h4_use_theme_fonts=\u00a0\u00bbyes\u00a0\u00bb style=\u00a0\u00bbcustom\u00a0\u00bb add_button=\u00a0\u00bbright\u00a0\u00bb btn_title=\u00a0\u00bbPar email\u00a0\u00bb btn_style=\u00a0\u00bbcustom\u00a0\u00bb btn_custom_background=\u00a0\u00bb#d40000&Prime; btn_custom_text=\u00a0\u00bb#ffffff\u00a0\u00bb btn_align=\u00a0\u00bbcenter\u00a0\u00bb btn_i_icon_fontawesome=\u00a0\u00bbfas fa-envelope\u00a0\u00bb use_custom_fonts_h2=\u00a0\u00bbtrue\u00a0\u00bb use_custom_fonts_h4=\u00a0\u00bbtrue\u00a0\u00bb btn_button_block=\u00a0\u00bbtrue\u00a0\u00bb btn_add_icon=\u00a0\u00bbtrue\u00a0\u00bb custom_background=\u00a0\u00bb#f3f3f3&Prime; custom_text=\u00a0\u00bb#333333&Prime; btn_link=\u00a0\u00bburl:mailto%3Acommercial%40sorhea.fr|||\u00a0\u00bb css=\u00a0\u00bb.vc_custom_1582037610192{border-right-width: 5px !important;border-left-width: 5px !important;padding-top: 10px !important;padding-bottom: 10px !important;border-left-color: #d40000 !important;border-right-color: #d40000 !important;}\u00a0\u00bb h2_el_class=\u00a0\u00bbno-bottom-margin\u00a0\u00bb h4_el_class=\u00a0\u00bbno-bottom-margin\u00a0\u00bb btn_el_class=\u00a0\u00bbtheme-font-button\u00a0\u00bb][\/vc_cta][\/vc_column_inner][vc_column_inner width=\u00a0\u00bb1\/3&Prime; offset=\u00a0\u00bbvc_hidden-xs\u00a0\u00bb][vc_single_image image=\u00a0\u00bb319&Prime; img_size=\u00a0\u00bbfull\u00a0\u00bb alignment=\u00a0\u00bbright\u00a0\u00bb image_hovers=\u00a0\u00bbfalse\u00a0\u00bb][\/vc_column_inner][\/vc_row_inner][\/vc_tab][vc_tab title=\u00a0\u00bbFormation technique\u00a0\u00bb tab_id=\u00a0\u00bbefa5290f-84c5-3&Prime;][vc_row_inner][vc_column_inner offset=\u00a0\u00bbvc_hidden-lg vc_hidden-md vc_hidden-sm\u00a0\u00bb][vc_single_image image=\u00a0\u00bb340&Prime; img_size=\u00a0\u00bbfull\u00a0\u00bb alignment=\u00a0\u00bbcenter\u00a0\u00bb image_hovers=\u00a0\u00bbfalse\u00a0\u00bb][\/vc_column_inner][vc_column_inner width=\u00a0\u00bb2\/3&Prime;][vc_column_text]Pour conna\u00eetre la diversit\u00e9 des technologies de la s\u00e9curit\u00e9 p\u00e9rim\u00e9trique et la sp\u00e9cificit\u00e9 de chacune d\u2019entre elles, de l\u2019installation jusqu\u2019\u00e0 la maintenance, Sorhea vous propose des formations d\u00e9clin\u00e9es en modules. Ces formations sont sp\u00e9cialement adapt\u00e9es et con\u00e7ues pour les techniciens.<\/p>\n<p>Avec nos solutions sur mesure nous pouvons dispenser ces formations dans vos propres locaux. Pour tout renseignement vous pouvez contacter notre service Formation.[\/vc_column_text][vc_cta h2=\u00a0\u00bbContactez notre service formation :\u00a0\u00bb h2_font_container=\u00a0\u00bbfont_size:20|line_height:26px\u00a0\u00bb h2_use_theme_fonts=\u00a0\u00bbyes\u00a0\u00bb h4=\u00a0\u00bb+33(0)4 26 22 15 66&Prime; h4_font_container=\u00a0\u00bbfont_size:16|color:%23d40000&Prime; h4_use_theme_fonts=\u00a0\u00bbyes\u00a0\u00bb style=\u00a0\u00bbcustom\u00a0\u00bb add_button=\u00a0\u00bbright\u00a0\u00bb btn_title=\u00a0\u00bbPar email\u00a0\u00bb btn_style=\u00a0\u00bbcustom\u00a0\u00bb btn_custom_background=\u00a0\u00bb#d40000&Prime; btn_custom_text=\u00a0\u00bb#ffffff\u00a0\u00bb btn_align=\u00a0\u00bbcenter\u00a0\u00bb btn_i_icon_fontawesome=\u00a0\u00bbfas fa-envelope\u00a0\u00bb use_custom_fonts_h2=\u00a0\u00bbtrue\u00a0\u00bb use_custom_fonts_h4=\u00a0\u00bbtrue\u00a0\u00bb btn_button_block=\u00a0\u00bbtrue\u00a0\u00bb btn_add_icon=\u00a0\u00bbtrue\u00a0\u00bb custom_background=\u00a0\u00bb#f3f3f3&Prime; custom_text=\u00a0\u00bb#333333&Prime; btn_link=\u00a0\u00bburl:mailto%3Aformation%40sorhea.fr|||\u00a0\u00bb css=\u00a0\u00bb.vc_custom_1582037675497{border-right-width: 5px !important;border-left-width: 5px !important;padding-top: 10px !important;padding-bottom: 10px !important;border-left-color: #d40000 !important;border-right-color: #d40000 !important;}\u00a0\u00bb h2_el_class=\u00a0\u00bbno-bottom-margin\u00a0\u00bb h4_el_class=\u00a0\u00bbno-bottom-margin\u00a0\u00bb btn_el_class=\u00a0\u00bbtheme-font-button\u00a0\u00bb][\/vc_cta][\/vc_column_inner][vc_column_inner width=\u00a0\u00bb1\/3&Prime; offset=\u00a0\u00bbvc_hidden-xs\u00a0\u00bb][vc_single_image image=\u00a0\u00bb340&Prime; img_size=\u00a0\u00bbfull\u00a0\u00bb alignment=\u00a0\u00bbright\u00a0\u00bb image_hovers=\u00a0\u00bbfalse\u00a0\u00bb][\/vc_column_inner][\/vc_row_inner][\/vc_tab][\/vc_tabs][\/vc_column][\/vc_row][vc_row css=\u00a0\u00bb.vc_custom_1511523573940{padding-top: 20px !important;padding-bottom: 20px !important;}\u00a0\u00bb][vc_column]<div class=\"dt-fancy-separator title-right h3-size title-color\" style=\"width: 100%;\"><div class=\"dt-fancy-title\"><span class=\"separator-holder separator-left\"><\/span>Administration des ventes<span class=\"separator-holder separator-right\"><\/span><\/div><\/div>[\/vc_column][\/vc_row][vc_row][vc_column][vc_row_inner][vc_column_inner offset=\u00a0\u00bbvc_hidden-lg vc_hidden-md vc_hidden-sm\u00a0\u00bb][vc_single_image image=\u00a0\u00bb4963&Prime; img_size=\u00a0\u00bbfull\u00a0\u00bb alignment=\u00a0\u00bbcenter\u00a0\u00bb image_hovers=\u00a0\u00bbfalse\u00a0\u00bb][\/vc_column_inner][vc_column_inner width=\u00a0\u00bb1\/3&Prime; offset=\u00a0\u00bbvc_hidden-xs\u00a0\u00bb][vc_single_image image=\u00a0\u00bb4963&Prime; img_size=\u00a0\u00bbfull\u00a0\u00bb image_hovers=\u00a0\u00bbfalse\u00a0\u00bb][\/vc_column_inner][vc_column_inner width=\u00a0\u00bb2\/3&Prime;][vc_column_text]A la commande, vous b\u00e9n\u00e9ficiez d\u2019un accompagnement de notre service des administrations des ventes : confirmation avec accus\u00e9 de r\u00e9ception qui r\u00e9capitule le mat\u00e9riel ainsi que les d\u00e9lais d\u00e9part usine.<\/p>\n<p>Notre service ADV est disponible pour r\u00e9pondre \u00e0 toutes vos questions inh\u00e9rentes \u00e0 votre commande et \u00e0 sa livraison. Nous nous engageons \u00e0 vous accompagner personnellement dans le but d\u2019assurer la bonne r\u00e9ception du mat\u00e9riel command\u00e9.[\/vc_column_text][vc_cta h2=\u00a0\u00bbContactez la Responsable ADV\u00a0\u00bb h2_font_container=\u00a0\u00bbfont_size:20|line_height:26px\u00a0\u00bb h2_use_theme_fonts=\u00a0\u00bbyes\u00a0\u00bb h4=\u00a0\u00bbLudivine GABERT +33(0)4 78 24 20 19&Prime; h4_font_container=\u00a0\u00bbfont_size:16|color:%23d40000&Prime; h4_use_theme_fonts=\u00a0\u00bbyes\u00a0\u00bb style=\u00a0\u00bbcustom\u00a0\u00bb add_button=\u00a0\u00bbright\u00a0\u00bb btn_title=\u00a0\u00bbPar email\u00a0\u00bb btn_style=\u00a0\u00bbcustom\u00a0\u00bb btn_custom_background=\u00a0\u00bb#d40000&Prime; btn_custom_text=\u00a0\u00bb#ffffff\u00a0\u00bb btn_align=\u00a0\u00bbcenter\u00a0\u00bb btn_i_icon_fontawesome=\u00a0\u00bbfas fa-envelope\u00a0\u00bb use_custom_fonts_h2=\u00a0\u00bbtrue\u00a0\u00bb use_custom_fonts_h4=\u00a0\u00bbtrue\u00a0\u00bb btn_button_block=\u00a0\u00bbtrue\u00a0\u00bb btn_add_icon=\u00a0\u00bbtrue\u00a0\u00bb custom_background=\u00a0\u00bb#f3f3f3&Prime; custom_text=\u00a0\u00bb#333333&Prime; btn_link=\u00a0\u00bburl:mailto%3Al.gabert%40sorhea.fr|||\u00a0\u00bb css=\u00a0\u00bb.vc_custom_1582017446463{border-right-width: 5px !important;border-left-width: 5px !important;padding-top: 10px !important;padding-bottom: 10px !important;border-left-color: #d40000 !important;border-right-color: #d40000 !important;}\u00a0\u00bb h2_el_class=\u00a0\u00bbno-bottom-margin\u00a0\u00bb h4_el_class=\u00a0\u00bbno-bottom-margin\u00a0\u00bb btn_el_class=\u00a0\u00bbtheme-font-button\u00a0\u00bb][\/vc_cta][\/vc_column_inner][\/vc_row_inner][\/vc_column][\/vc_row][vc_row css=\u00a0\u00bb.vc_custom_1582015439640{padding-top: 50px !important;padding-bottom: 20px !important;}\u00a0\u00bb][vc_column css=\u00a0\u00bb.vc_custom_1511520956582{padding-top: 15px !important;}\u00a0\u00bb]<div class=\"dt-fancy-separator title-left h3-size title-color\" style=\"width: 100%;\"><div class=\"dt-fancy-title\"><span class=\"separator-holder separator-left\"><\/span>Apr\u00e8s-vente<span class=\"separator-holder separator-right\"><\/span><\/div><\/div>[\/vc_column][\/vc_row][vc_row][vc_column][vc_tabs interval=\u00a0\u00bb0&Prime; title_size=\u00a0\u00bbh5&Prime; style=\u00a0\u00bbtab-style-three\u00a0\u00bb el_class=\u00a0\u00bbno-bottom-margin\u00a0\u00bb][vc_tab title=\u00a0\u00bbAssistance mise en service\u00a0\u00bb tab_id=\u00a0\u00bb5e7e93b1-b1ab-8&Prime;][vc_row_inner][vc_column_inner offset=\u00a0\u00bbvc_hidden-lg vc_hidden-md vc_hidden-sm\u00a0\u00bb][vc_single_image image=\u00a0\u00bb346&Prime; img_size=\u00a0\u00bbfull\u00a0\u00bb alignment=\u00a0\u00bbcenter\u00a0\u00bb image_hovers=\u00a0\u00bbfalse\u00a0\u00bb][\/vc_column_inner][vc_column_inner width=\u00a0\u00bb2\/3&Prime;][vc_column_text]Vous pouvez b\u00e9n\u00e9ficier sur devis d\u2019une prestation de soutien au param\u00e9trage avanc\u00e9 et au r\u00e9glage des produits. En cas de besoin, les produits de Sorhea sont garantis 24 mois et b\u00e9n\u00e9ficient d\u2019une assistance technique de qualit\u00e9.[\/vc_column_text][vc_cta h2=\u00a0\u00bbContactez notre \u00e9quipe technique :\u00a0\u00bb h2_font_container=\u00a0\u00bbfont_size:20|line_height:26px\u00a0\u00bb h2_use_theme_fonts=\u00a0\u00bbyes\u00a0\u00bb h4=\u00a0\u00bb+33 (0)4 87 24 20 20&Prime; h4_font_container=\u00a0\u00bbfont_size:16|color:%23d40000&Prime; h4_use_theme_fonts=\u00a0\u00bbyes\u00a0\u00bb style=\u00a0\u00bbcustom\u00a0\u00bb add_button=\u00a0\u00bbright\u00a0\u00bb btn_title=\u00a0\u00bbPar email\u00a0\u00bb btn_style=\u00a0\u00bbcustom\u00a0\u00bb btn_custom_background=\u00a0\u00bb#d40000&Prime; btn_custom_text=\u00a0\u00bb#ffffff\u00a0\u00bb btn_align=\u00a0\u00bbcenter\u00a0\u00bb btn_i_icon_fontawesome=\u00a0\u00bbfas fa-envelope\u00a0\u00bb use_custom_fonts_h2=\u00a0\u00bbtrue\u00a0\u00bb use_custom_fonts_h4=\u00a0\u00bbtrue\u00a0\u00bb btn_button_block=\u00a0\u00bbtrue\u00a0\u00bb btn_add_icon=\u00a0\u00bbtrue\u00a0\u00bb custom_background=\u00a0\u00bb#f3f3f3&Prime; custom_text=\u00a0\u00bb#333333&Prime; btn_link=\u00a0\u00bburl:mailto%3Asav%40sorhea.fr|||\u00a0\u00bb css=\u00a0\u00bb.vc_custom_1582037840185{border-right-width: 5px !important;border-left-width: 5px !important;padding-top: 10px !important;padding-bottom: 10px !important;border-left-color: #d40000 !important;border-right-color: #d40000 !important;}\u00a0\u00bb h2_el_class=\u00a0\u00bbno-bottom-margin\u00a0\u00bb h4_el_class=\u00a0\u00bbno-bottom-margin\u00a0\u00bb btn_el_class=\u00a0\u00bbtheme-font-button\u00a0\u00bb][\/vc_cta][\/vc_column_inner][vc_column_inner width=\u00a0\u00bb1\/3&Prime; offset=\u00a0\u00bbvc_hidden-xs\u00a0\u00bb][vc_single_image image=\u00a0\u00bb346&Prime; img_size=\u00a0\u00bbfull\u00a0\u00bb image_hovers=\u00a0\u00bbfalse\u00a0\u00bb][\/vc_column_inner][\/vc_row_inner][\/vc_tab][vc_tab title=\u00a0\u00bbHotline\u00a0\u00bb tab_id=\u00a0\u00bbefa5290f-84c5-3&Prime;][vc_row_inner][vc_column_inner offset=\u00a0\u00bbvc_hidden-lg vc_hidden-md vc_hidden-sm\u00a0\u00bb][vc_single_image image=\u00a0\u00bb348&Prime; img_size=\u00a0\u00bbfull\u00a0\u00bb alignment=\u00a0\u00bbcenter\u00a0\u00bb image_hovers=\u00a0\u00bbfalse\u00a0\u00bb][\/vc_column_inner][vc_column_inner width=\u00a0\u00bb2\/3&Prime;][vc_column_text]Les techniciens de Sorhea mettent \u00e0 votre disposition leur savoir-faire et leur expertise technique pour r\u00e9pondre au mieux \u00e0 toutes vos questions.<\/p>\n<p>La hotline est ouverte du lundi au jeudi de 8h30 \u00e0 12h30 et de 13h30 \u00e0 17h et le vendredi de 8h30 \u00e0 12h30 et de 13h30 \u00e0 16h30.[\/vc_column_text][vc_cta h2=\u00a0\u00bbContactez notre \u00e9quipe technique :\u00a0\u00bb h2_font_container=\u00a0\u00bbfont_size:20|line_height:26px\u00a0\u00bb h2_use_theme_fonts=\u00a0\u00bbyes\u00a0\u00bb h4=\u00a0\u00bb+33 (0)4 87 24 20 20&Prime; h4_font_container=\u00a0\u00bbfont_size:16|color:%23d40000&Prime; h4_use_theme_fonts=\u00a0\u00bbyes\u00a0\u00bb style=\u00a0\u00bbcustom\u00a0\u00bb add_button=\u00a0\u00bbright\u00a0\u00bb btn_title=\u00a0\u00bbPar email\u00a0\u00bb btn_style=\u00a0\u00bbcustom\u00a0\u00bb btn_custom_background=\u00a0\u00bb#d40000&Prime; btn_custom_text=\u00a0\u00bb#ffffff\u00a0\u00bb btn_align=\u00a0\u00bbcenter\u00a0\u00bb btn_i_icon_fontawesome=\u00a0\u00bbfas fa-envelope\u00a0\u00bb use_custom_fonts_h2=\u00a0\u00bbtrue\u00a0\u00bb use_custom_fonts_h4=\u00a0\u00bbtrue\u00a0\u00bb btn_button_block=\u00a0\u00bbtrue\u00a0\u00bb btn_add_icon=\u00a0\u00bbtrue\u00a0\u00bb custom_background=\u00a0\u00bb#f3f3f3&Prime; custom_text=\u00a0\u00bb#333333&Prime; btn_link=\u00a0\u00bburl:mailto%3Asav%40sorhea.fr|||\u00a0\u00bb css=\u00a0\u00bb.vc_custom_1582037867033{border-right-width: 5px !important;border-left-width: 5px !important;padding-top: 10px !important;padding-bottom: 10px !important;border-left-color: #d40000 !important;border-right-color: #d40000 !important;}\u00a0\u00bb h2_el_class=\u00a0\u00bbno-bottom-margin\u00a0\u00bb h4_el_class=\u00a0\u00bbno-bottom-margin\u00a0\u00bb btn_el_class=\u00a0\u00bbtheme-font-button\u00a0\u00bb][\/vc_cta][\/vc_column_inner][vc_column_inner width=\u00a0\u00bb1\/3&Prime; offset=\u00a0\u00bbvc_hidden-xs\u00a0\u00bb][vc_single_image image=\u00a0\u00bb348&Prime; img_size=\u00a0\u00bbfull\u00a0\u00bb image_hovers=\u00a0\u00bbfalse\u00a0\u00bb][\/vc_column_inner][\/vc_row_inner][\/vc_tab][\/vc_tabs][\/vc_column][\/vc_row]<\/p>\n<\/div>","protected":false},"excerpt":{"rendered":"<p>[vc_row full_width=\u00a0\u00bbstretch_row\u00a0\u00bb css=\u00a0\u00bb.vc_custom_1511516383864{padding-top: 10px !important;padding-bottom: 20px !important;background-color: #333333 !important;}\u00a0\u00bb][vc_column][vc_column_text el_class=\u00a0\u00bbdark-bkgd-text\u00a0\u00bb css=\u00a0\u00bb.vc_custom_1511822571687{margin-bottom: 20px !important;padding-top: 20px !important;}\u00a0\u00bb]Sorhea offre un panel de services avant-vente et apr\u00e8s-vente pour vous assister au mieux tout au long de votre projet de s\u00e9curisation et dans son installation.[\/vc_column_text][\/vc_column][\/vc_row][vc_row][vc_column][\/vc_column][\/vc_row][vc_row][vc_column][vc_row_inner][vc_column_inner offset=\u00a0\u00bbvc_hidden-lg vc_hidden-md vc_hidden-sm\u00a0\u00bb][vc_single_image image=\u00a0\u00bb4963&Prime; img_size=\u00a0\u00bbfull\u00a0\u00bb alignment=\u00a0\u00bbcenter\u00a0\u00bb image_hovers=\u00a0\u00bbfalse\u00a0\u00bb][\/vc_column_inner][vc_column_inner width=\u00a0\u00bb1\/3&Prime; offset=\u00a0\u00bbvc_hidden-xs\u00a0\u00bb][vc_single_image image=\u00a0\u00bb8523&Prime; img_size=\u00a0\u00bbfull\u00a0\u00bb alignment=\u00a0\u00bbright\u00a0\u00bb image_hovers=\u00a0\u00bbfalse\u00a0\u00bb][\/vc_column_inner][vc_column_inner width=\u00a0\u00bb2\/3&Prime;][vc_column_text]Sorhea lance&hellip;<\/p>\n","protected":false},"author":1,"featured_media":0,"parent":24,"menu_order":0,"comment_status":"closed","ping_status":"closed","template":"","meta":{"jetpack_post_was_ever_published":false,"footnotes":""},"class_list":["post-252","page","type-page","status-publish","hentry","description-off"],"jetpack_sharing_enabled":true,"jetpack_shortlink":"https:\/\/wp.me\/P9tlUG-44","_links":{"self":[{"href":"https:\/\/www.sorhea.com\/fr\/wp-json\/wp\/v2\/pages\/252","targetHints":{"allow":["GET"]}}],"collection":[{"href":"https:\/\/www.sorhea.com\/fr\/wp-json\/wp\/v2\/pages"}],"about":[{"href":"https:\/\/www.sorhea.com\/fr\/wp-json\/wp\/v2\/types\/page"}],"author":[{"embeddable":true,"href":"https:\/\/www.sorhea.com\/fr\/wp-json\/wp\/v2\/users\/1"}],"replies":[{"embeddable":true,"href":"https:\/\/www.sorhea.com\/fr\/wp-json\/wp\/v2\/comments?post=252"}],"version-history":[{"count":65,"href":"https:\/\/www.sorhea.com\/fr\/wp-json\/wp\/v2\/pages\/252\/revisions"}],"predecessor-version":[{"id":8536,"href":"https:\/\/www.sorhea.com\/fr\/wp-json\/wp\/v2\/pages\/252\/revisions\/8536"}],"up":[{"embeddable":true,"href":"https:\/\/www.sorhea.com\/fr\/wp-json\/wp\/v2\/pages\/24"}],"wp:attachment":[{"href":"https:\/\/www.sorhea.com\/fr\/wp-json\/wp\/v2\/media?parent=252"}],"curies":[{"name":"wp","href":"https:\/\/api.w.org\/{rel}","templated":true}]}}