{"id":26,"date":"2017-11-23T13:59:32","date_gmt":"2017-11-23T12:59:32","guid":{"rendered":"https:\/\/www.sorhea.com\/?page_id=26"},"modified":"2026-03-05T14:49:28","modified_gmt":"2026-03-05T13:49:28","slug":"vos-applications","status":"publish","type":"page","link":"https:\/\/www.sorhea.com\/fr\/vos-applications\/","title":{"rendered":"Vos applications"},"content":{"rendered":"<div class=\"wpb-content-wrapper\"><p>[vc_row full_width=\u00a0\u00bbstretch_row\u00a0\u00bb css=\u00a0\u00bb.vc_custom_1562334761769{padding-top: 10px !important;padding-bottom: 20px !important;background-color: #333333 !important;}\u00a0\u00bb el_class=\u00a0\u00bbdark-arrow\u00a0\u00bb][vc_column]<div class=\"dt-fancy-separator title-left h3-size style-disabled\" style=\"width: 100%;\"><div class=\"dt-fancy-title\" style=\"color: #ffffff;\"><span class=\"separator-holder separator-left\"><\/span>SORHEA, une solution pour chaque application sp\u00e9cifique et pour r\u00e9pondre \u00e0 chacun de vos besoins<span class=\"separator-holder separator-right\"><\/span><\/div><\/div>[vc_column_text el_class=\u00a0\u00bbdark-bkgd-text\u00a0\u00bb css=\u00a0\u00bb.vc_custom_1642684939951{margin-bottom: 20px !important;padding-top: 20px !important;}\u00a0\u00bb]SORHEA propose l\u2019offre la plus large et la plus compl\u00e8te des syst\u00e8mes de d\u00e9tection p\u00e9rim\u00e9trique du march\u00e9. Nos produits s\u2019adaptent \u00e0 toutes les particularit\u00e9s des sites sensibles. Et avec notre large \u00e9ventail de solutions nous serons le meilleur partenaire pour votre s\u00e9curit\u00e9.<\/p>\n<p>Qu\u2019il s\u2019agisse de s\u00e9curiser le p\u00e9rim\u00e8tre de votre site, un portail, une fa\u00e7ade, une toiture, un mur d\u2019enceinte ou encore une application sp\u00e9cifique (comme une infrastructure ferroviaire par exemple), nous travaillons \u00e0 trouver la solution qui vous offrira la meilleure protection. SORHEA couvre toutes les configurations, toutes les applications sont possibles. Nous proposons aussi des solutions personnalis\u00e9es, d\u00e9velopp\u00e9es sur-mesure pour r\u00e9pondre \u00e0 chacune de vos probl\u00e9matiques de s\u00e9curit\u00e9.[\/vc_column_text][\/vc_column][\/vc_row][vc_row full_width=\u00a0\u00bbstretch_row\u00a0\u00bb css=\u00a0\u00bb.vc_custom_1641920013211{padding-top: 50px !important;background-color: #ffffff !important;}\u00a0\u00bb el_class=\u00a0\u00bbdark-arrow\u00a0\u00bb][vc_column]<div class=\"dt-fancy-separator h2-size title-color\" style=\"width: 50%;\"><div class=\"dt-fancy-title\"><span class=\"separator-holder separator-left\"><\/span>Vos applications<span class=\"separator-holder separator-right\"><\/span><\/div><\/div><div class=\"dt-fancy-separator h3-size style-disabled accent-title-color\" style=\"width: 50%;\"><div class=\"dt-fancy-title\"><span class=\"separator-holder separator-left\"><\/span>sp\u00e9cifiques<span class=\"separator-holder separator-right\"><\/span><\/div><\/div>[\/vc_column][\/vc_row][vc_row css=\u00a0\u00bb.vc_custom_1642064038992{padding-bottom: 20px !important;}\u00a0\u00bb][vc_column width=\u00a0\u00bb1\/3&Prime;][\/vc_column][vc_column width=\u00a0\u00bb1\/3&Prime;]<div class=\"ult-content-box-container \" >\t\t<div class=\"ult-content-box\" style=\"background-color:#f3f3f3;box-shadow: px px px px none;padding:0px;margin-bottom:20px;-webkit-transition: all 700ms ease;-moz-transition: all 700ms ease;-ms-transition: all 700ms ease;-o-transition: all 700ms ease;transition: all 700ms ease;\"  data-hover_box_shadow=\"none\"    data-normal_margins=\"margin-bottom:20px;\"   data-bg=\"#f3f3f3\" >[vc_single_image image=\u00a0\u00bb7020&Prime; img_size=\u00a0\u00bbfull\u00a0\u00bb alignment=\u00a0\u00bbcenter\u00a0\u00bb image_hovers=\u00a0\u00bbfalse\u00a0\u00bb][vc_column_text css=\u00a0\u00bb.vc_custom_1641919738842{padding-right: 15px !important;padding-left: 15px !important;}\u00a0\u00bb]<\/p>\n<h5 style=\"text-align: center;\">S\u00e9curiser une infrastructure ferroviaire<\/h5>\n<p style=\"text-align: center;\">Vous avez besoin de s\u00e9curiser l&rsquo;acc\u00e8s \u00e0 des voies ferr\u00e9es, un d\u00e9p\u00f4t de train, un tunnel?<\/p>\n<p>[\/vc_column_text]<style type=\"text\/css\" data-type=\"the7_shortcodes-inline-css\">#default-btn-cd1965f0886a4ed623d4ff446d229d62.ico-right-side > i {\n  margin-right: 0px;\n  margin-left: 8px;\n}\n#default-btn-cd1965f0886a4ed623d4ff446d229d62 > i {\n  margin-right: 8px;\n}<\/style><div class=\"btn-align-center\"><a href=\"https:\/\/www.sorhea.com\/fr\/vos-applications\/securiser-infrastructure-ferroviaire\/\" class=\"default-btn-shortcode dt-btn dt-btn-m link-hover-off  vc_custom_1641919765733\" id=\"default-btn-cd1965f0886a4ed623d4ff446d229d62\" title=\"S\u00e9curiser une infrastructure ferroviaire\"><span>Nos solutions d\u00e9di\u00e9es<\/span><\/a><\/div>\t\t<\/div><\/div>[\/vc_column][vc_column width=\u00a0\u00bb1\/3&Prime;][\/vc_column][\/vc_row][vc_row full_width=\u00a0\u00bbstretch_row\u00a0\u00bb css=\u00a0\u00bb.vc_custom_1642064003943{padding-top: 20px !important;background-color: #ffffff !important;}\u00a0\u00bb][vc_column]<div class=\"dt-fancy-separator h2-size title-color\" style=\"width: 50%;\"><div class=\"dt-fancy-title\"><span class=\"separator-holder separator-left\"><\/span>Vos besoins<span class=\"separator-holder separator-right\"><\/span><\/div><\/div>[\/vc_column][\/vc_row][vc_row css=\u00a0\u00bb.vc_custom_1642064022098{padding-bottom: 20px !important;}\u00a0\u00bb][vc_column width=\u00a0\u00bb1\/3&Prime;]<div class=\"ult-content-box-container \" >\t\t<div class=\"ult-content-box\" style=\"background-color:#f3f3f3;box-shadow: px px px px none;-webkit-transition: all 700ms ease;-moz-transition: all 700ms ease;-ms-transition: all 700ms ease;-o-transition: all 700ms ease;transition: all 700ms ease;\"  data-hover_box_shadow=\"none\"     data-bg=\"#f3f3f3\" >[vc_single_image image=\u00a0\u00bb3835&Prime; img_size=\u00a0\u00bbfull\u00a0\u00bb alignment=\u00a0\u00bbcenter\u00a0\u00bb image_hovers=\u00a0\u00bbfalse\u00a0\u00bb][vc_column_text css=\u00a0\u00bb.vc_custom_1643103401160{padding-right: 15px !important;padding-left: 15px !important;}\u00a0\u00bb]<\/p>\n<h5 style=\"text-align: center;\">S\u00e9curiser la p\u00e9riph\u00e9rie de mon site<\/h5>\n<p style=\"text-align: center;\">Vous d\u00e9sirez prot\u00e9ger votre site de l\u2019intrusion et votre site est d\u00e9j\u00e0 entour\u00e9 d\u2019une protection physique \u00e0 l\u2019intrusion<\/p>\n<p>[\/vc_column_text]<style type=\"text\/css\" data-type=\"the7_shortcodes-inline-css\">#default-btn-03d6b2b0a1afc766298997a167bcce45.ico-right-side > i {\n  margin-right: 0px;\n  margin-left: 8px;\n}\n#default-btn-03d6b2b0a1afc766298997a167bcce45 > i {\n  margin-right: 8px;\n}<\/style><div class=\"btn-align-center\"><a href=\"https:\/\/www.sorhea.com\/fr\/vos-applications\/securiser-la-peripherie-site\/\" class=\"default-btn-shortcode dt-btn dt-btn-m link-hover-off  vc_custom_1643104026594\" id=\"default-btn-03d6b2b0a1afc766298997a167bcce45\" title=\"S\u00e9curiser la p\u00e9riph\u00e9rie de mon site\"><span>Nos solutions<\/span><\/a><\/div>\t\t<\/div><\/div>[\/vc_column][vc_column width=\u00a0\u00bb1\/3&Prime;]<div class=\"ult-content-box-container \" >\t\t<div class=\"ult-content-box\" style=\"background-color:#f3f3f3;box-shadow: px px px px none;-webkit-transition: all 700ms ease;-moz-transition: all 700ms ease;-ms-transition: all 700ms ease;-o-transition: all 700ms ease;transition: all 700ms ease;\"  data-hover_box_shadow=\"none\"     data-bg=\"#f3f3f3\" >[vc_single_image image=\u00a0\u00bb5620&Prime; img_size=\u00a0\u00bbfull\u00a0\u00bb alignment=\u00a0\u00bbcenter\u00a0\u00bb image_hovers=\u00a0\u00bbfalse\u00a0\u00bb][vc_column_text css=\u00a0\u00bb.vc_custom_1643192052274{padding-right: 15px !important;padding-left: 15px !important;}\u00a0\u00bb]<\/p>\n<h5 style=\"text-align: center;\">S\u00e9curiser une cl\u00f4ture<\/h5>\n<p style=\"text-align: center;\">Vous d\u00e9sirez prot\u00e9ger votre site de l\u2019intrusion et votre site est d\u00e9j\u00e0 entour\u00e9 d\u2019une protection physique \u00e0 l\u2019intrusion par des cl\u00f4tures.<\/p>\n<p>[\/vc_column_text]<style type=\"text\/css\" data-type=\"the7_shortcodes-inline-css\">#default-btn-d5b08dff21346b94ce7cd4cdd668efd2.ico-right-side > i {\n  margin-right: 0px;\n  margin-left: 8px;\n}\n#default-btn-d5b08dff21346b94ce7cd4cdd668efd2 > i {\n  margin-right: 8px;\n}<\/style><div class=\"btn-align-center\"><a href=\"https:\/\/www.sorhea.com\/fr\/vos-applications\/securiser-une-cloture\/\" class=\"default-btn-shortcode dt-btn dt-btn-m link-hover-off  vc_custom_1643192073387\" id=\"default-btn-d5b08dff21346b94ce7cd4cdd668efd2\"><span>Nos solutions<\/span><\/a><\/div>\t\t<\/div><\/div>[\/vc_column][vc_column width=\u00a0\u00bb1\/3&Prime;]<div class=\"ult-content-box-container \" >\t\t<div class=\"ult-content-box\" style=\"background-color:#f3f3f3;box-shadow: px px px px none;padding:0px;margin-bottom:20px;-webkit-transition: all 700ms ease;-moz-transition: all 700ms ease;-ms-transition: all 700ms ease;-o-transition: all 700ms ease;transition: all 700ms ease;\"  data-hover_box_shadow=\"none\"    data-normal_margins=\"margin-bottom:20px;\"   data-bg=\"#f3f3f3\" >[vc_single_image image=\u00a0\u00bb445&Prime; img_size=\u00a0\u00bbfull\u00a0\u00bb alignment=\u00a0\u00bbcenter\u00a0\u00bb image_hovers=\u00a0\u00bbfalse\u00a0\u00bb][vc_column_text css=\u00a0\u00bb.vc_custom_1641569100747{padding-right: 15px !important;padding-left: 15px !important;}\u00a0\u00bb]<\/p>\n<h5 style=\"text-align: center;\">S\u00e9curiser un acc\u00e8s<\/h5>\n<p style=\"text-align: center;\">Vous souhaitez renforcer la s\u00e9curit\u00e9 de votre entr\u00e9e de site?<\/p>\n<p>[\/vc_column_text]<style type=\"text\/css\" data-type=\"the7_shortcodes-inline-css\">#default-btn-28805e23b700d4a15940e943024cefee.ico-right-side > i {\n  margin-right: 0px;\n  margin-left: 8px;\n}\n#default-btn-28805e23b700d4a15940e943024cefee > i {\n  margin-right: 8px;\n}<\/style><div class=\"btn-align-center\"><a href=\"https:\/\/www.sorhea.com\/fr\/vos-besoins\/securiser-un-acces\/\" class=\"default-btn-shortcode dt-btn dt-btn-m link-hover-off  vc_custom_1641569580086\" id=\"default-btn-28805e23b700d4a15940e943024cefee\" title=\"S\u00e9curiser un acc\u00e8s\"><span>Nos solutions<\/span><\/a><\/div>\t\t<\/div><\/div>[\/vc_column][\/vc_row][vc_row css=\u00a0\u00bb.vc_custom_1642064029877{padding-bottom: 20px !important;}\u00a0\u00bb][vc_column width=\u00a0\u00bb1\/3&Prime;]<div class=\"ult-content-box-container \" >\t\t<div class=\"ult-content-box\" style=\"background-color:#f3f3f3;box-shadow: px px px px none;padding:0px;margin-bottom:20px;-webkit-transition: all 700ms ease;-moz-transition: all 700ms ease;-ms-transition: all 700ms ease;-o-transition: all 700ms ease;transition: all 700ms ease;\"  data-hover_box_shadow=\"none\"    data-normal_margins=\"margin-bottom:20px;\"   data-bg=\"#f3f3f3\" >[vc_single_image image=\u00a0\u00bb446&Prime; img_size=\u00a0\u00bbfull\u00a0\u00bb alignment=\u00a0\u00bbcenter\u00a0\u00bb image_hovers=\u00a0\u00bbfalse\u00a0\u00bb][vc_column_text css=\u00a0\u00bb.vc_custom_1641569562671{padding-right: 15px !important;padding-left: 15px !important;}\u00a0\u00bb]<\/p>\n<h5 style=\"text-align: center;\">S\u00e9curiser mon b\u00e2timent<\/h5>\n<p style=\"text-align: center;\">Vous souhaitez prot\u00e9ger les diff\u00e9rents acc\u00e8s (portes, fen\u00eatres, toitures\u2026) de votre b\u00e2timent contre l\u2019intrusion?<\/p>\n<p>[\/vc_column_text]<style type=\"text\/css\" data-type=\"the7_shortcodes-inline-css\">#default-btn-f13f2b19ab91adbc89e5cf81ca6ac31c.ico-right-side > i {\n  margin-right: 0px;\n  margin-left: 8px;\n}\n#default-btn-f13f2b19ab91adbc89e5cf81ca6ac31c > i {\n  margin-right: 8px;\n}<\/style><div class=\"btn-align-center\"><a href=\"https:\/\/www.sorhea.com\/fr\/vos-besoins\/securiser-batiment\/\" class=\"default-btn-shortcode dt-btn dt-btn-m link-hover-off  vc_custom_1641569596942\" id=\"default-btn-f13f2b19ab91adbc89e5cf81ca6ac31c\" title=\"S\u00e9curiser mon b\u00e2timent\"><span>Nos solutions<\/span><\/a><\/div>\t\t<\/div><\/div>[\/vc_column][vc_column width=\u00a0\u00bb1\/3&Prime;]<div class=\"ult-content-box-container \" >\t\t<div class=\"ult-content-box\" style=\"background-color:#f3f3f3;box-shadow: px px px px none;padding:0px;margin-bottom:20px;-webkit-transition: all 700ms ease;-moz-transition: all 700ms ease;-ms-transition: all 700ms ease;-o-transition: all 700ms ease;transition: all 700ms ease;\"  data-hover_box_shadow=\"none\"    data-normal_margins=\"margin-bottom:20px;\"   data-bg=\"#f3f3f3\" >[vc_single_image image=\u00a0\u00bb441&Prime; img_size=\u00a0\u00bbfull\u00a0\u00bb alignment=\u00a0\u00bbcenter\u00a0\u00bb image_hovers=\u00a0\u00bbfalse\u00a0\u00bb][vc_column_text css=\u00a0\u00bb.vc_custom_1641568872970{padding-right: 15px !important;padding-left: 15px !important;}\u00a0\u00bb]<\/p>\n<h5 style=\"text-align: center;\">S\u00e9curiser une zone sp\u00e9cifique<\/h5>\n<p style=\"text-align: center;\">Vous souhaitez prot\u00e9ger une zone sensible sp\u00e9cifique sur votre site : stockage, parking, quai de d\u00e9chargement\u2026<\/p>\n<p>[\/vc_column_text]<style type=\"text\/css\" data-type=\"the7_shortcodes-inline-css\">#default-btn-9c14ff91b9e438a612a0bf30fc4c06ed.ico-right-side > i {\n  margin-right: 0px;\n  margin-left: 8px;\n}\n#default-btn-9c14ff91b9e438a612a0bf30fc4c06ed > i {\n  margin-right: 8px;\n}<\/style><div class=\"btn-align-center\"><a href=\"https:\/\/www.sorhea.com\/fr\/vos-besoins\/securiser-une-zone-specifique\/\" class=\"default-btn-shortcode dt-btn dt-btn-m link-hover-off  vc_custom_1641569015909\" id=\"default-btn-9c14ff91b9e438a612a0bf30fc4c06ed\" title=\"S\u00e9curiser une zone sp\u00e9cifique\"><span>Nos solutions<\/span><\/a><\/div>\t\t<\/div><\/div>[\/vc_column][vc_column width=\u00a0\u00bb1\/3&Prime;]<div class=\"ult-content-box-container \" >\t\t<div class=\"ult-content-box\" style=\"background-color:#f3f3f3;box-shadow: px px px px none;padding:0px;margin-bottom:20px;-webkit-transition: all 700ms ease;-moz-transition: all 700ms ease;-ms-transition: all 700ms ease;-o-transition: all 700ms ease;transition: all 700ms ease;\"  data-hover_box_shadow=\"none\"    data-normal_margins=\"margin-bottom:20px;\"   data-bg=\"#f3f3f3\" >[vc_single_image image=\u00a0\u00bb447&Prime; img_size=\u00a0\u00bbfull\u00a0\u00bb alignment=\u00a0\u00bbcenter\u00a0\u00bb image_hovers=\u00a0\u00bbfalse\u00a0\u00bb][vc_column_text css=\u00a0\u00bb.vc_custom_1641569830799{padding-right: 15px !important;padding-left: 15px !important;}\u00a0\u00bb]<\/p>\n<h5 style=\"text-align: center;\">Personnaliser ma solution de s\u00e9curisation<\/h5>\n<p style=\"text-align: center;\">Vous avez des contraintes environnementales, g\u00e9ographiques ou de s\u00e9curit\u00e9 particuli\u00e8res?<\/p>\n<p>[\/vc_column_text]<style type=\"text\/css\" data-type=\"the7_shortcodes-inline-css\">#default-btn-0ca33f5d5291166475c600c4db5eec84.ico-right-side > i {\n  margin-right: 0px;\n  margin-left: 8px;\n}\n#default-btn-0ca33f5d5291166475c600c4db5eec84 > i {\n  margin-right: 8px;\n}<\/style><div class=\"btn-align-center\"><a href=\"http:\/\/www.sorhea.com\/fr\/vos-besoins\/solutions-sur-mesure\/\" class=\"default-btn-shortcode dt-btn dt-btn-m link-hover-off  vc_custom_1512126609641\" id=\"default-btn-0ca33f5d5291166475c600c4db5eec84\"><span>Nos solutions<\/span><\/a><\/div>\t\t<\/div><\/div>[\/vc_column][\/vc_row][vc_row css=\u00a0\u00bb.vc_custom_1642064029877{padding-bottom: 20px !important;}\u00a0\u00bb][vc_column width=\u00a0\u00bb1\/3&Prime;][\/vc_column][vc_column width=\u00a0\u00bb1\/3&Prime;]<div class=\"ult-content-box-container \" >\t\t<div class=\"ult-content-box\" style=\"background-color:#f3f3f3;box-shadow: px px px px none;padding:0px;margin-bottom:20px;-webkit-transition: all 700ms ease;-moz-transition: all 700ms ease;-ms-transition: all 700ms ease;-o-transition: all 700ms ease;transition: all 700ms ease;\"  data-hover_box_shadow=\"none\"    data-normal_margins=\"margin-bottom:20px;\"   data-bg=\"#f3f3f3\" >[vc_single_image image=\u00a0\u00bb1224&Prime; img_size=\u00a0\u00bbfull\u00a0\u00bb alignment=\u00a0\u00bbcenter\u00a0\u00bb image_hovers=\u00a0\u00bbfalse\u00a0\u00bb][vc_column_text css=\u00a0\u00bb.vc_custom_1641569905833{padding-right: 15px !important;padding-left: 15px !important;}\u00a0\u00bb]<\/p>\n<h5 style=\"text-align: center;\">Analyser les d\u00e9tections<\/h5>\n<p style=\"text-align: center;\">Vous souhaitez optimiser votre syst\u00e8me de vid\u00e9o surveillance?<\/p>\n<p>[\/vc_column_text]<style type=\"text\/css\" data-type=\"the7_shortcodes-inline-css\">#default-btn-1c885d7914f5ae777ff4a88ed832c3bd.ico-right-side > i {\n  margin-right: 0px;\n  margin-left: 8px;\n}\n#default-btn-1c885d7914f5ae777ff4a88ed832c3bd > i {\n  margin-right: 8px;\n}<\/style><div class=\"btn-align-center\"><a href=\"http:\/\/www.sorhea.com\/fr\/vos-besoins\/analyser-detection\/\" class=\"default-btn-shortcode dt-btn dt-btn-m link-hover-off  vc_custom_1641569912191\" id=\"default-btn-1c885d7914f5ae777ff4a88ed832c3bd\"><span>Nos solutions<\/span><\/a><\/div>\t\t<\/div><\/div>[\/vc_column][vc_column width=\u00a0\u00bb1\/3&Prime;][\/vc_column][\/vc_row]<\/p>\n<\/div>","protected":false},"excerpt":{"rendered":"<p>[vc_row full_width=\u00a0\u00bbstretch_row\u00a0\u00bb css=\u00a0\u00bb.vc_custom_1562334761769{padding-top: 10px !important;padding-bottom: 20px !important;background-color: #333333 !important;}\u00a0\u00bb el_class=\u00a0\u00bbdark-arrow\u00a0\u00bb][vc_column][vc_column_text el_class=\u00a0\u00bbdark-bkgd-text\u00a0\u00bb css=\u00a0\u00bb.vc_custom_1642684939951{margin-bottom: 20px !important;padding-top: 20px !important;}\u00a0\u00bb]SORHEA propose l\u2019offre la plus large et la plus compl\u00e8te des syst\u00e8mes de d\u00e9tection p\u00e9rim\u00e9trique du march\u00e9. Nos produits s\u2019adaptent \u00e0 toutes les particularit\u00e9s des sites sensibles. Et avec notre large \u00e9ventail de solutions nous serons le meilleur partenaire pour&hellip;<\/p>\n","protected":false},"author":1,"featured_media":0,"parent":0,"menu_order":0,"comment_status":"closed","ping_status":"closed","template":"","meta":{"jetpack_post_was_ever_published":false,"footnotes":""},"class_list":["post-26","page","type-page","status-publish","hentry","description-off"],"jetpack_sharing_enabled":true,"jetpack_shortlink":"https:\/\/wp.me\/P9tlUG-q","_links":{"self":[{"href":"https:\/\/www.sorhea.com\/fr\/wp-json\/wp\/v2\/pages\/26","targetHints":{"allow":["GET"]}}],"collection":[{"href":"https:\/\/www.sorhea.com\/fr\/wp-json\/wp\/v2\/pages"}],"about":[{"href":"https:\/\/www.sorhea.com\/fr\/wp-json\/wp\/v2\/types\/page"}],"author":[{"embeddable":true,"href":"https:\/\/www.sorhea.com\/fr\/wp-json\/wp\/v2\/users\/1"}],"replies":[{"embeddable":true,"href":"https:\/\/www.sorhea.com\/fr\/wp-json\/wp\/v2\/comments?post=26"}],"version-history":[{"count":46,"href":"https:\/\/www.sorhea.com\/fr\/wp-json\/wp\/v2\/pages\/26\/revisions"}],"predecessor-version":[{"id":9653,"href":"https:\/\/www.sorhea.com\/fr\/wp-json\/wp\/v2\/pages\/26\/revisions\/9653"}],"wp:attachment":[{"href":"https:\/\/www.sorhea.com\/fr\/wp-json\/wp\/v2\/media?parent=26"}],"curies":[{"name":"wp","href":"https:\/\/api.w.org\/{rel}","templated":true}]}}