{"id":41,"date":"2017-11-23T14:08:47","date_gmt":"2017-11-23T13:08:47","guid":{"rendered":"https:\/\/www.sorhea.com\/?page_id=41"},"modified":"2026-02-26T10:36:44","modified_gmt":"2026-02-26T09:36:44","slug":"mentions-legales","status":"publish","type":"page","link":"https:\/\/www.sorhea.com\/fr\/mentions-legales\/","title":{"rendered":"Mentions l\u00e9gales"},"content":{"rendered":"<div class=\"wpb-content-wrapper\"><p>[vc_row full_width=\u00a0\u00bbstretch_row\u00a0\u00bb css=\u00a0\u00bb.vc_custom_1511736874837{padding-bottom: 40px !important;background-color: #333333 !important;}\u00a0\u00bb][vc_column]<div class=\"dt-fancy-separator h2-size style-disabled\" style=\"width: 100%;\"><div class=\"dt-fancy-title\" style=\"color: #ffffff;\"><span class=\"separator-holder separator-left\"><\/span>Mentions l\u00e9gales<span class=\"separator-holder separator-right\"><\/span><\/div><\/div>[\/vc_column][\/vc_row][vc_row el_class=\u00a0\u00bbdark-arrow\u00a0\u00bb css=\u00a0\u00bb.vc_custom_1511516789691{padding-top: 50px !important;padding-bottom: 20px !important;}\u00a0\u00bb][vc_column]<div class=\"dt-fancy-separator title-left h4-size style-thick title-color accent-border-color\" style=\"width: 100%;\"><div class=\"dt-fancy-title\"><span class=\"separator-holder separator-left\"><\/span>1. Pr\u00e9sentation du site :<span class=\"separator-holder separator-right\"><\/span><\/div><\/div>[vc_column_text css=\u00a0\u00bb.vc_custom_1772098600739{padding-top: 20px !important;}\u00a0\u00bb]Conform\u00e9ment aux dispositions des articles 6-III et 19 de la Loi n\u00b0 2004-575 du 21 juin 2004 pour la Confiance dans l\u2019\u00e9conomie num\u00e9rique, dite L.C.E.N., nous portons \u00e0 la connaissance des utilisateurs et visiteurs du site de Sorhea les informations suivantes :<\/p>\n<p><strong>Informations l\u00e9gales :<\/strong><br \/>\nPr\u00e9fixe :&nbsp;S.A<br \/>\nNom de la Soci\u00e9t\u00e9 : HIRSCH SECURE SAS<br \/>\nAdresse : Parc du Golf, b\u00e2timent 43 \u2013 350, rue de la Lauzi\u00e8re \u2013 13290 Aix-en-Provence<br \/>\nT\u00e9l : 04 42 37 11 77<br \/>\nAu Capital de : 3 921 373,68 \u20ac<br \/>\nSIRET : 343 433 728 00056<br \/>\nAPE : 5829C<br \/>\nNum\u00e9ro TVA intracommunautaire : FR79 343 433 728<br \/>\nRCS Aix-en-Pce 88B19<br \/>\nLe Responsable de la publication est : Nicolas BOISSON &#8211; marketing@hirschsecure.fr<\/p>\n<p>Le Webmaster est&nbsp;:&nbsp;Lionel DAELEMANS \u2013 <a href=\"https:\/\/www.integral-system.fr\" target=\"_blank\" rel=\"noopener noreferrer\">Integral System<\/a><br \/>\nL\u2019h\u00e9bergeur du site est :&nbsp;OVH 2 rue Kellermann 59100 Roubaix[\/vc_column_text]<div class=\"dt-fancy-separator title-left h4-size style-thick title-color accent-border-color\" style=\"width: 100%;\"><div class=\"dt-fancy-title\"><span class=\"separator-holder separator-left\"><\/span>2. Conditions g\u00e9n\u00e9rales d\u2019utilisation :<span class=\"separator-holder separator-right\"><\/span><\/div><\/div>[vc_column_text css=\u00a0\u00bb.vc_custom_1512124130508{padding-top: 20px !important;}\u00a0\u00bb]L\u2019utilisation du site Sorhea.com implique l\u2019acceptation pleine et enti\u00e8re des conditions g\u00e9n\u00e9rales d\u2019utilisation\u00a0d\u00e9crites ci-apr\u00e8s. Ces conditions d\u2019utilisation sont susceptibles d\u2019\u00eatre modifi\u00e9es ou compl\u00e9t\u00e9es \u00e0 tout moment, sans pr\u00e9avis, aussi les utilisateurs du site\u00a0Sorhea.com sont\u00a0invit\u00e9s \u00e0 les consulter de mani\u00e8re r\u00e9guli\u00e8re.<br \/>\nSorhea.com est par principe accessible aux utilisateurs 24\/24h, 7\/7j, sauf interruption, programm\u00e9e ou non, pour les besoins de sa maintenance ou cas de force majeure. En cas d\u2019impossibilit\u00e9 d\u2019acc\u00e8s au service,\u00a0Sorhea.com s\u2019engage \u00e0 faire son maximum afin de r\u00e9tablir l\u2019acc\u00e8s au service et s\u2019efforcera alors de communiquer pr\u00e9alablement aux utilisateurs les dates et heures de l\u2019intervention.\u00a0 N\u2019\u00e9tant soumis qu\u2019\u00e0 une obligation de moyen,\u00a0Sorhea.com ne saurait \u00eatre tenu pour responsable de tout dommage, quelle qu\u2019en soit la nature, r\u00e9sultant d\u2019une indisponibilit\u00e9 du service.<\/p>\n<p>Le site\u00a0Sorhea.com est mis \u00e0 jour r\u00e9guli\u00e8rement par le propri\u00e9taire du site. De la m\u00eame fa\u00e7on, les mentions l\u00e9gales peuvent \u00eatre modifi\u00e9es \u00e0 tout moment, sans pr\u00e9avis et\u00a0s\u2019imposent \u00e0 l\u2019utilisateur sans r\u00e9serve. L\u2019utilisateur est r\u00e9put\u00e9 les accepter sans r\u00e9serve et s\u2019y r\u00e9f\u00e9rer r\u00e9guli\u00e8rement pour prendre connaissance des modifications.<br \/>\nLe site\u00a0Sorhea.com se r\u00e9serve aussi le droit de c\u00e9der, transf\u00e9rer, ce sans pr\u00e9avis les droits et\/ou obligations des pr\u00e9sentes CGU et mentions l\u00e9gales. En continuant \u00e0 utiliser les services du site\u00a0Sorhea, l\u2019utilisateur reconna\u00eet accepter les modifications des conditions g\u00e9n\u00e9rales qui seraient intervenues.[\/vc_column_text]<div class=\"dt-fancy-separator title-left h4-size style-thick title-color accent-border-color\" style=\"width: 100%;\"><div class=\"dt-fancy-title\"><span class=\"separator-holder separator-left\"><\/span>3. Description des services fournis :<span class=\"separator-holder separator-right\"><\/span><\/div><\/div>[vc_column_text css=\u00a0\u00bb.vc_custom_1512124078196{padding-top: 20px !important;}\u00a0\u00bb]Le site\u00a0Sorhea.com a pour objet de fournir une information concernant l\u2019ensemble des activit\u00e9s de la soci\u00e9t\u00e9.<br \/>\nLe propri\u00e9taire du site s\u2019efforce de fournir sur le site\u00a0Sorhea.com des informations aussi pr\u00e9cises que possible. Toutefois, il ne pourra \u00eatre tenu responsable des omissions, des inexactitudes et des carences dans la mise \u00e0 jour, qu\u2019elles soient de son fait ou du fait des tiers partenaires qui lui fournissent ces informations.<br \/>\nTous les informations propos\u00e9es sur le site Sorhea.com sont donn\u00e9es \u00e0 titre indicatif, sont non exhaustives, et sont susceptibles d\u2019\u00e9voluer. Elles sont donn\u00e9es sous r\u00e9serve de modifications ayant \u00e9t\u00e9 apport\u00e9es depuis leur mise en ligne.[\/vc_column_text]<div class=\"dt-fancy-separator title-left h4-size style-thick title-color accent-border-color\" style=\"width: 100%;\"><div class=\"dt-fancy-title\"><span class=\"separator-holder separator-left\"><\/span>4. Propri\u00e9t\u00e9 intellectuelle et contrefa\u00e7ons :<span class=\"separator-holder separator-right\"><\/span><\/div><\/div>[vc_column_text css=\u00a0\u00bb.vc_custom_1512124163095{padding-top: 20px !important;}\u00a0\u00bb]Sorhea, en tant que propri\u00e9taire du site internet, reste titulaire de tous les droits de propri\u00e9t\u00e9 intellectuelle relatifs au site et des droits d\u2019usage y aff\u00e9rant, selon la l\u00e9gislation fran\u00e7aise en vigueur. De m\u00eame que les \u00e9l\u00e9ments techniques pr\u00e9sentant les produits et les technologies. Sauf dispositions explicites, il est interdit de reproduire, modifier, transmettre et publier tout ou partie du site, y compris pour les documents iconographiques et photographiques, sans l\u2019autorisation \u00e9crite pr\u00e9alable de Sorhea.[\/vc_column_text]<div class=\"dt-fancy-separator title-left h4-size style-thick title-color accent-border-color\" style=\"width: 100%;\"><div class=\"dt-fancy-title\"><span class=\"separator-holder separator-left\"><\/span>5. Droit applicable et attribution de juridiction :<span class=\"separator-holder separator-right\"><\/span><\/div><\/div>[vc_column_text css=\u00a0\u00bb.vc_custom_1512124529342{padding-top: 20px !important;}\u00a0\u00bb]Tout litige en relation avec l\u2019utilisation du site\u00a0Sorhea.com est soumis au droit fran\u00e7ais. L\u2019utilisateur ainsi que\u00a0Sorhea.com acceptent de se soumettre \u00e0 la comp\u00e9tence exclusive des tribunaux Fran\u00e7ais en cas de litige.[\/vc_column_text]<div class=\"dt-fancy-separator title-left h4-size style-thick title-color accent-border-color\" style=\"width: 100%;\"><div class=\"dt-fancy-title\"><span class=\"separator-holder separator-left\"><\/span>6. Gestion des donn\u00e9es personnelles :<span class=\"separator-holder separator-right\"><\/span><\/div><\/div>[vc_column_text css=\u00a0\u00bb.vc_custom_1540990869458{padding-top: 20px !important;}\u00a0\u00bb]Les donn\u00e9es personnelles collect\u00e9es par ce site ne le sont qu\u2019\u00e0 un usage exclusif de la soci\u00e9t\u00e9 Sorhea afin de satisfaire les utilisateurs du site. Conform\u00e9ment \u00e0 la Loi Informatique et Libert\u00e9s, l\u2019utilisateur dispose d\u2019un droit d\u2019acc\u00e8s, de modification, de rectification et de suppression des donn\u00e9es qui le concernent (article 34 de la Loi Informatique et Libert\u00e9s du 6 janvier 1978). Sorhea.com s\u2019engage \u00e0 supprimer les donn\u00e9es de l\u2019utilisateur sous un d\u00e9lai de 48h \u00e0 compter de l\u2019envoi \u00e0 l\u2019adresse email : <a href=\"marketing@sorhea.fr\" target=\"_blank\" rel=\"noopener noreferrer\">marketing@sorhea.fr<\/a>[\/vc_column_text][\/vc_column][\/vc_row]<\/p>\n<\/div>","protected":false},"excerpt":{"rendered":"<p>[vc_row full_width=\u00a0\u00bbstretch_row\u00a0\u00bb css=\u00a0\u00bb.vc_custom_1511736874837{padding-bottom: 40px !important;background-color: #333333 !important;}\u00a0\u00bb][vc_column][\/vc_column][\/vc_row][vc_row el_class=\u00a0\u00bbdark-arrow\u00a0\u00bb css=\u00a0\u00bb.vc_custom_1511516789691{padding-top: 50px !important;padding-bottom: 20px !important;}\u00a0\u00bb][vc_column][vc_column_text css=\u00a0\u00bb.vc_custom_1772098600739{padding-top: 20px !important;}\u00a0\u00bb]Conform\u00e9ment aux dispositions des articles 6-III et 19 de la Loi n\u00b0 2004-575 du 21 juin 2004 pour la Confiance dans l\u2019\u00e9conomie num\u00e9rique, dite L.C.E.N., nous portons \u00e0 la connaissance des utilisateurs et visiteurs du site de Sorhea les informations&hellip;<\/p>\n","protected":false},"author":1,"featured_media":0,"parent":0,"menu_order":0,"comment_status":"closed","ping_status":"closed","template":"","meta":{"jetpack_post_was_ever_published":false,"footnotes":""},"class_list":["post-41","page","type-page","status-publish","hentry","description-off"],"jetpack_sharing_enabled":true,"jetpack_shortlink":"https:\/\/wp.me\/P9tlUG-F","_links":{"self":[{"href":"https:\/\/www.sorhea.com\/fr\/wp-json\/wp\/v2\/pages\/41","targetHints":{"allow":["GET"]}}],"collection":[{"href":"https:\/\/www.sorhea.com\/fr\/wp-json\/wp\/v2\/pages"}],"about":[{"href":"https:\/\/www.sorhea.com\/fr\/wp-json\/wp\/v2\/types\/page"}],"author":[{"embeddable":true,"href":"https:\/\/www.sorhea.com\/fr\/wp-json\/wp\/v2\/users\/1"}],"replies":[{"embeddable":true,"href":"https:\/\/www.sorhea.com\/fr\/wp-json\/wp\/v2\/comments?post=41"}],"version-history":[{"count":17,"href":"https:\/\/www.sorhea.com\/fr\/wp-json\/wp\/v2\/pages\/41\/revisions"}],"predecessor-version":[{"id":9627,"href":"https:\/\/www.sorhea.com\/fr\/wp-json\/wp\/v2\/pages\/41\/revisions\/9627"}],"wp:attachment":[{"href":"https:\/\/www.sorhea.com\/fr\/wp-json\/wp\/v2\/media?parent=41"}],"curies":[{"name":"wp","href":"https:\/\/api.w.org\/{rel}","templated":true}]}}