{"id":43,"date":"2017-11-23T14:09:11","date_gmt":"2017-11-23T13:09:11","guid":{"rendered":"https:\/\/www.sorhea.com\/?page_id=43"},"modified":"2020-01-14T16:07:50","modified_gmt":"2020-01-14T15:07:50","slug":"plan-du-site","status":"publish","type":"page","link":"https:\/\/www.sorhea.com\/fr\/plan-du-site\/","title":{"rendered":"Plan du site"},"content":{"rendered":"<div class=\"wpb-content-wrapper\"><p>[vc_row full_width=\u00a0\u00bbstretch_row\u00a0\u00bb css=\u00a0\u00bb.vc_custom_1511737374024{padding-bottom: 40px !important;background-color: #333333 !important;}\u00a0\u00bb][vc_column]<div class=\"dt-fancy-separator h2-size style-disabled\" style=\"width: 100%;\"><div class=\"dt-fancy-title\" style=\"color: #ffffff;\"><span class=\"separator-holder separator-left\"><\/span>Sitemap<span class=\"separator-holder separator-right\"><\/span><\/div><\/div>[\/vc_column][\/vc_row][vc_row el_class=\u00a0\u00bbdark-arrow\u00a0\u00bb css=\u00a0\u00bb.vc_custom_1511516789691{padding-top: 50px !important;padding-bottom: 20px !important;}\u00a0\u00bb][vc_column width=\u00a0\u00bb1\/3&Prime;]<div class=\"dt-fancy-separator title-left h3-size title-color\" style=\"width: 100%;\"><div class=\"dt-fancy-title\"><span class=\"separator-holder separator-left\"><\/span>Pages<span class=\"separator-holder separator-right\"><\/span><\/div><\/div>[vc_column_text]<div id=\"simple-sitemap-container-6a00b9eb2d64a\" class=\"simple-sitemap-container simple-sitemap-container-6a00b9eb2d64a tab-disabled\"><div class=\"simple-sitemap-wrap\"><ul class=\"simple-sitemap-page main\"><li class=\"sitemap-item page_item page-item-5\"><a href=\"https:\/\/www.sorhea.com\/fr\/\">Accueil<\/a><\/li>\n<li class=\"sitemap-item page_item page-item-7 page_item_has_children\"><a href=\"https:\/\/www.sorhea.com\/fr\/actualites\/\">Actualit\u00e9s<\/a>\n<ul class='children'>\n\t<li class=\"sitemap-item page_item page-item-6041\"><a href=\"https:\/\/www.sorhea.com\/fr\/actualites\/carrieres\/\">Carri\u00e8res<\/a><\/li>\n\t<li class=\"sitemap-item page_item page-item-37\"><a href=\"https:\/\/www.sorhea.com\/fr\/actualites\/presse\/\">Presse<\/a><\/li>\n<\/ul>\n<\/li>\n<li class=\"sitemap-item page_item page-item-39\"><a href=\"https:\/\/www.sorhea.com\/fr\/c-g-v\/\">C.G.V<\/a><\/li>\n<li class=\"sitemap-item page_item page-item-870\"><a href=\"https:\/\/www.sorhea.com\/fr\/connexion\/\">Connexion<\/a><\/li>\n<li class=\"sitemap-item page_item page-item-29\"><a href=\"https:\/\/www.sorhea.com\/fr\/contact\/\">Contact<\/a><\/li>\n<li class=\"sitemap-item page_item page-item-2050 page_item_has_children\"><a href=\"https:\/\/www.sorhea.com\/fr\/domaines-activite\/\">Domaines d'activit\u00e9<\/a>\n<ul class='children'>\n\t<li class=\"sitemap-item page_item page-item-5319\"><a href=\"https:\/\/www.sorhea.com\/fr\/domaines-activite\/dechetteries\/\">D\u00e9chetteries<\/a><\/li>\n\t<li class=\"sitemap-item page_item page-item-2541\"><a href=\"https:\/\/www.sorhea.com\/fr\/domaines-activite\/fermes-solaires\/\">Fermes Solaires<\/a><\/li>\n\t<li class=\"sitemap-item page_item page-item-2076\"><a href=\"https:\/\/www.sorhea.com\/fr\/domaines-activite\/logistique-et-transports\/\">Logistique et Transports<\/a><\/li>\n\t<li class=\"sitemap-item page_item page-item-5228\"><a href=\"https:\/\/www.sorhea.com\/fr\/domaines-activite\/postes-electriques\/\">Postes \u00e9lectriques<\/a><\/li>\n\t<li class=\"sitemap-item page_item page-item-5433\"><a href=\"https:\/\/www.sorhea.com\/fr\/domaines-activite\/sites-seveso\/\">Sites SEVESO<\/a><\/li>\n\t<li class=\"sitemap-item page_item page-item-2558\"><a href=\"https:\/\/www.sorhea.com\/fr\/domaines-activite\/villas-demeures-et-chateaux\/\">Villas, demeures et ch\u00e2teaux<\/a><\/li>\n<\/ul>\n<\/li>\n<li class=\"sitemap-item page_item page-item-894 page_item_has_children\"><a href=\"https:\/\/www.sorhea.com\/fr\/espace-client\/\">Espace client<\/a>\n<ul class='children'>\n\t<li class=\"sitemap-item page_item page-item-970\"><a href=\"https:\/\/www.sorhea.com\/fr\/espace-client\/elements-graphiques\/\">\u00c9l\u00e9ments graphiques<\/a><\/li>\n\t<li class=\"sitemap-item page_item page-item-1492 page_item_has_children\"><a href=\"https:\/\/www.sorhea.com\/fr\/espace-client\/gmap-tool\/\">GMAP Tool<\/a>\n\t<ul class='children'>\n\t\t<li class=\"sitemap-item page_item page-item-1503\"><a href=\"https:\/\/www.sorhea.com\/fr\/espace-client\/gmap-tool\/gmap-tool-view\/\">GMAP Tool view<\/a><\/li>\n\t<\/ul>\n<\/li>\n\t<li class=\"sitemap-item page_item page-item-951\"><a href=\"https:\/\/www.sorhea.com\/fr\/espace-client\/notices\/\">Notices<\/a><\/li>\n\t<li class=\"sitemap-item page_item page-item-924 page_item_has_children\"><a href=\"https:\/\/www.sorhea.com\/fr\/espace-client\/profil-utilisateur\/\">Profil utilisateur<\/a>\n\t<ul class='children'>\n\t\t<li class=\"sitemap-item page_item page-item-940\"><a href=\"https:\/\/www.sorhea.com\/fr\/espace-client\/profil-utilisateur\/changer-mot-de-passe\/\">Changer mon mot de passe<\/a><\/li>\n\t\t<li class=\"sitemap-item page_item page-item-934\"><a href=\"https:\/\/www.sorhea.com\/fr\/espace-client\/profil-utilisateur\/editer-informations\/\">\u00c9diter mes informations<\/a><\/li>\n\t<\/ul>\n<\/li>\n\t<li class=\"sitemap-item page_item page-item-964\"><a href=\"https:\/\/www.sorhea.com\/fr\/espace-client\/tarifs\/\">Tarifs<\/a><\/li>\n\t<li class=\"sitemap-item page_item page-item-6813\"><a href=\"https:\/\/www.sorhea.com\/fr\/espace-client\/tutoriels-videos\/\">Tutoriels Vid\u00e9os<\/a><\/li>\n<\/ul>\n<\/li>\n<li class=\"sitemap-item page_item page-item-1652\"><a href=\"https:\/\/www.sorhea.com\/fr\/f-a-q\/\">F.A.Q<\/a><\/li>\n<li class=\"sitemap-item page_item page-item-877\"><a href=\"https:\/\/www.sorhea.com\/fr\/inscription\/\">Inscription<\/a><\/li>\n<li class=\"sitemap-item page_item page-item-41\"><a href=\"https:\/\/www.sorhea.com\/fr\/mentions-legales\/\">Mentions l\u00e9gales<\/a><\/li>\n<li class=\"sitemap-item page_item page-item-896\"><a href=\"https:\/\/www.sorhea.com\/fr\/mot-de-passe-oublie\/\">Mot de passe oubli\u00e9 ?<\/a><\/li>\n<li class=\"sitemap-item page_item page-item-12\"><a href=\"https:\/\/www.sorhea.com\/fr\/nos-produits\/\">Nos produits<\/a><\/li>\n<li class=\"sitemap-item page_item page-item-4139\"><a href=\"https:\/\/www.sorhea.com\/fr\/pids-news\/\">PIDS NEWS<\/a><\/li>\n<li class=\"sitemap-item page_item page-item-43\"><a href=\"https:\/\/www.sorhea.com\/fr\/plan-du-site\/\">Plan du site<\/a><\/li>\n<li class=\"sitemap-item page_item page-item-24 page_item_has_children\"><a href=\"https:\/\/www.sorhea.com\/fr\/qui-sommes-nous\/\">Qui sommes-nous<\/a>\n<ul class='children'>\n\t<li class=\"sitemap-item page_item page-item-6903\"><a href=\"https:\/\/www.sorhea.com\/fr\/qui-sommes-nous\/bibliotheque-en-ligne\/\">Biblioth\u00e8que en ligne<\/a><\/li>\n\t<li class=\"sitemap-item page_item page-item-252\"><a href=\"https:\/\/www.sorhea.com\/fr\/qui-sommes-nous\/le-service-en-plus\/\">Le service en plus<\/a><\/li>\n\t<li class=\"sitemap-item page_item page-item-254\"><a href=\"https:\/\/www.sorhea.com\/fr\/qui-sommes-nous\/nos-references\/\">Nos r\u00e9f\u00e9rences<\/a><\/li>\n\t<li class=\"sitemap-item page_item page-item-250\"><a href=\"https:\/\/www.sorhea.com\/fr\/qui-sommes-nous\/notre-metier\/\">Notre m\u00e9tier<\/a><\/li>\n<\/ul>\n<\/li>\n<li class=\"sitemap-item page_item page-item-7752\"><a href=\"https:\/\/www.sorhea.com\/fr\/sorhea-2023\/\">Sorhea 2023<\/a><\/li>\n<li class=\"sitemap-item page_item page-item-4676\"><a href=\"https:\/\/www.sorhea.com\/fr\/sorhea-vous-souhaite-de-bonne-fete\/\">SORHEA vous souhaite de bonne f\u00eate<\/a><\/li>\n<li class=\"sitemap-item page_item page-item-26 page_item_has_children\"><a href=\"https:\/\/www.sorhea.com\/fr\/vos-applications\/\">Vos applications<\/a>\n<ul class='children'>\n\t<li class=\"sitemap-item page_item page-item-1215\"><a href=\"https:\/\/www.sorhea.com\/fr\/vos-applications\/analyser-detection\/\">Analyser les d\u00e9tections<\/a><\/li>\n\t<li class=\"sitemap-item page_item page-item-449\"><a href=\"https:\/\/www.sorhea.com\/fr\/vos-applications\/securiser-la-peripherie-site\/\">S\u00e9curiser la p\u00e9riph\u00e9rie de mon site<\/a><\/li>\n\t<li class=\"sitemap-item page_item page-item-473\"><a href=\"https:\/\/www.sorhea.com\/fr\/vos-applications\/securiser-batiment\/\">S\u00e9curiser mon b\u00e2timent<\/a><\/li>\n\t<li class=\"sitemap-item page_item page-item-468\"><a href=\"https:\/\/www.sorhea.com\/fr\/vos-applications\/securiser-un-acces\/\">S\u00e9curiser un acc\u00e8s<\/a><\/li>\n\t<li class=\"sitemap-item page_item page-item-7074\"><a href=\"https:\/\/www.sorhea.com\/fr\/vos-applications\/securiser-une-cloture\/\">S\u00e9curiser une cl\u00f4ture<\/a><\/li>\n\t<li class=\"sitemap-item page_item page-item-6969\"><a href=\"https:\/\/www.sorhea.com\/fr\/vos-applications\/securiser-infrastructure-ferroviaire\/\">S\u00e9curiser une infrastructure ferroviaire<\/a><\/li>\n\t<li class=\"sitemap-item page_item page-item-457\"><a href=\"https:\/\/www.sorhea.com\/fr\/vos-applications\/securiser-une-zone-specifique\/\">S\u00e9curiser une zone sp\u00e9cifique<\/a><\/li>\n\t<li class=\"sitemap-item page_item page-item-478\"><a href=\"https:\/\/www.sorhea.com\/fr\/vos-applications\/solutions-sur-mesure\/\">Solutions sur mesure<\/a><\/li>\n<\/ul>\n<\/li>\n<li class=\"sitemap-item page_item page-item-1476\"><a href=\"https:\/\/www.sorhea.com\/fr\/yop-poll-archive\/\">Yop Poll Archive<\/a><\/li>\n<\/ul><\/div><\/div><br style=\"clear: both;\">[\/vc_column_text][\/vc_column][vc_column width=\u00a0\u00bb1\/3&Prime;]<div class=\"dt-fancy-separator title-left h3-size title-color\" style=\"width: 100%;\"><div class=\"dt-fancy-title\"><span class=\"separator-holder separator-left\"><\/span>Product families<span class=\"separator-holder separator-right\"><\/span><\/div><\/div>[vc_column_text]<div id=\"simple-sitemap-container-6a00b9eb4a571\" class=\"simple-sitemap-container simple-sitemap-container-6a00b9eb4a571 tab-disabled\"><div class=\"simple-sitemap-wrap\"><ul class=\"simple-sitemap-dt_gallery main\"><li class=\"sitemap-item\"><a href=\"https:\/\/www.sorhea.com\/fr\/famille-produit\/clotures-et-bavolets-detecteurs-gamme-specifique\/\">ACTI-GRID<\/a><\/li><li class=\"sitemap-item\"><a href=\"https:\/\/www.sorhea.com\/fr\/famille-produit\/acti-sas\/\">ACTI-SAS<\/a><\/li><li class=\"sitemap-item\"><a href=\"https:\/\/www.sorhea.com\/fr\/famille-produit\/administration-services-publics\/\">Administration \/ Services Publics<\/a><\/li><li class=\"sitemap-item\"><a href=\"https:\/\/www.sorhea.com\/fr\/famille-produit\/detection-thermique-analyse-video\/\">Analyse vid\u00e9o<\/a><\/li><li class=\"sitemap-item\"><a href=\"https:\/\/www.sorhea.com\/fr\/famille-produit\/barrieres-hyperfrequence\/\">Barri\u00e8res hyperfr\u00e9quence<\/a><\/li><li class=\"sitemap-item\"><a href=\"https:\/\/www.sorhea.com\/fr\/famille-produit\/barrieres-infrarouges\/\">Barri\u00e8res infrarouge actif<\/a><\/li><li class=\"sitemap-item\"><a href=\"https:\/\/www.sorhea.com\/fr\/famille-produit\/detecteurs-de-chocs\/\">C\u00e2bles d\u00e9tection de chocs<\/a><\/li><li class=\"sitemap-item\"><a href=\"https:\/\/www.sorhea.com\/fr\/famille-produit\/cables-de-detection-enterres\/\">C\u00e2bles enterr\u00e9s hyperfr\u00e9quence<\/a><\/li><li class=\"sitemap-item\"><a href=\"https:\/\/www.sorhea.com\/fr\/famille-produit\/chimie-pharmacie\/\">Chimie \/ Pharmacie<\/a><\/li><li class=\"sitemap-item\"><a href=\"https:\/\/www.sorhea.com\/fr\/famille-produit\/clotures-de-detection\/\">Cl\u00f4tures de d\u00e9tection<\/a><\/li><li class=\"sitemap-item\"><a href=\"https:\/\/www.sorhea.com\/fr\/famille-produit\/clotures-et-bavolets-detecteurs\/\">Cl\u00f4tures et bavolets d\u00e9tecteurs<\/a><\/li><li class=\"sitemap-item\"><a href=\"https:\/\/www.sorhea.com\/fr\/famille-produit\/detecteurs-double-technologie\/\">D\u00e9tecteurs double technologie<\/a><\/li><li class=\"sitemap-item\"><a href=\"https:\/\/www.sorhea.com\/fr\/famille-produit\/domaine-v-i-p\/\">Domaine V.I.P<\/a><\/li><li class=\"sitemap-item\"><a href=\"https:\/\/www.sorhea.com\/fr\/famille-produit\/fibre-optique\/\">Fibre optique<\/a><\/li><li class=\"sitemap-item\"><a href=\"https:\/\/www.sorhea.com\/fr\/famille-produit\/industrie-commerce\/\">Industrie \/ Commerce<\/a><\/li><li class=\"sitemap-item\"><a href=\"https:\/\/www.sorhea.com\/fr\/famille-produit\/integration\/\">Int\u00e9gration<\/a><\/li><li class=\"sitemap-item\"><a href=\"https:\/\/www.sorhea.com\/fr\/famille-produit\/militaire-police-prison\/\">Militaire \/ Police \/ Prison<\/a><\/li><li class=\"sitemap-item\"><a href=\"https:\/\/www.sorhea.com\/fr\/famille-produit\/production-energie\/\">Production d&rsquo;\u00e9nergie<\/a><\/li><li class=\"sitemap-item\"><a href=\"https:\/\/www.sorhea.com\/fr\/famille-produit\/produits-complementaires\/\">Produits compl\u00e9mentaires<\/a><\/li><li class=\"sitemap-item\"><a href=\"https:\/\/www.sorhea.com\/fr\/famille-produit\/systemes-delectrification-de-cloture\/\">Syst\u00e8mes d&rsquo;\u00e9lectrification de cl\u00f4ture<\/a><\/li><li class=\"sitemap-item\"><a href=\"https:\/\/www.sorhea.com\/fr\/famille-produit\/transport-logistique\/\">Transport \/ Logistique<\/a><\/li><\/ul><\/div><\/div><br style=\"clear: both;\">[\/vc_column_text][\/vc_column][vc_column width=\u00a0\u00bb1\/3&Prime;]<div class=\"dt-fancy-separator title-left h3-size title-color\" style=\"width: 100%;\"><div class=\"dt-fancy-title\"><span class=\"separator-holder separator-left\"><\/span>Products<span class=\"separator-holder separator-right\"><\/span><\/div><\/div>[vc_column_text]<div id=\"simple-sitemap-container-6a00b9eb51cb8\" class=\"simple-sitemap-container simple-sitemap-container-6a00b9eb51cb8 tab-disabled\"><div class=\"simple-sitemap-wrap\"><ul class=\"simple-sitemap-dt_portfolio main\"><li class=\"sitemap-item\"><a href=\"https:\/\/www.sorhea.com\/fr\/produits\/acti-fence\/\">ACTI-FENCE\u00ae<\/a><\/li><li class=\"sitemap-item\"><a href=\"https:\/\/www.sorhea.com\/fr\/produits\/acti-top\/\">ACTI-TOP<\/a><\/li><li class=\"sitemap-item\"><a href=\"https:\/\/www.sorhea.com\/fr\/produits\/apiris\/\">APIRIS<\/a><\/li><li class=\"sitemap-item\"><a href=\"https:\/\/www.sorhea.com\/fr\/produits\/coliris\/\">COLIRIS<\/a><\/li><li class=\"sitemap-item\"><a href=\"https:\/\/www.sorhea.com\/fr\/produits\/coral\/\">CORAL<\/a><\/li><li class=\"sitemap-item\"><a href=\"https:\/\/www.sorhea.com\/fr\/produits\/ermo-482-x-pro\/\">ERMO 482 X PRO<\/a><\/li><li class=\"sitemap-item\"><a href=\"https:\/\/www.sorhea.com\/fr\/produits\/g-fence-2400\/\">G-FENCE 2400<\/a><\/li><li class=\"sitemap-item\"><a href=\"https:\/\/www.sorhea.com\/fr\/produits\/g-fence-3000\/\">G-FENCE 3000<\/a><\/li><li class=\"sitemap-item\"><a href=\"https:\/\/www.sorhea.com\/fr\/produits\/g-fence-600-600z\/\">G-FENCE 600 &amp; 600Z<\/a><\/li><li class=\"sitemap-item\"><a href=\"https:\/\/www.sorhea.com\/fr\/produits\/hatch-secure\/\">HATCH-SECURE<\/a><\/li><li class=\"sitemap-item\"><a href=\"https:\/\/www.sorhea.com\/fr\/produits\/lumor\/\">LUMOR<\/a><\/li><li class=\"sitemap-item\"><a href=\"https:\/\/www.sorhea.com\/fr\/produits\/maxibus-universel\/\">MAXIBUS UNIVERSEL<\/a><\/li><li class=\"sitemap-item\"><a href=\"https:\/\/www.sorhea.com\/fr\/produits\/maxibus-neo\/\">MAXIBUS-NEO<\/a><\/li><li class=\"sitemap-item\"><a href=\"https:\/\/www.sorhea.com\/fr\/produits\/maxiris\/\">MAXIRIS<\/a><\/li><li class=\"sitemap-item\"><a href=\"https:\/\/www.sorhea.com\/fr\/produits\/miniris\/\">MINIRIS<\/a><\/li><li class=\"sitemap-item\"><a href=\"https:\/\/www.sorhea.com\/fr\/produits\/module-deporte-8-entrees-mi8\/\">MODULE D\u00c9PORT\u00c9 8 ENTR\u00c9ES (MI8)<\/a><\/li><li class=\"sitemap-item\"><a href=\"https:\/\/www.sorhea.com\/fr\/produits\/nos-enveloppes\/\">Nos enveloppes<\/a><\/li><li class=\"sitemap-item\"><a href=\"https:\/\/www.sorhea.com\/fr\/produits\/piramid-connect\/\">PIRAMID<\/a><\/li><li class=\"sitemap-item\"><a href=\"https:\/\/www.sorhea.com\/fr\/produits\/piramid-atex\/\">PIRAMID ATEX<\/a><\/li><li class=\"sitemap-item\"><a href=\"https:\/\/www.sorhea.com\/fr\/produits\/si-lock\/\">SI-LOCK<\/a><\/li><li class=\"sitemap-item\"><a href=\"https:\/\/www.sorhea.com\/fr\/produits\/si-top\/\">SI-TOP<\/a><\/li><li class=\"sitemap-item\"><a href=\"https:\/\/www.sorhea.com\/fr\/produits\/smart-bridge\/\">SMART BRIDGE<\/a><\/li><li class=\"sitemap-item\"><a href=\"https:\/\/www.sorhea.com\/fr\/produits\/so-beam\/\">SO-BEAM<\/a><\/li><li class=\"sitemap-item\"><a href=\"https:\/\/www.sorhea.com\/fr\/produits\/so-map\/\">SO-MAP<\/a><\/li><li class=\"sitemap-item\"><a href=\"https:\/\/www.sorhea.com\/fr\/produits\/solaris-ng\/\">SOLARIS NG<\/a><\/li><li class=\"sitemap-item\"><a href=\"https:\/\/www.sorhea.com\/fr\/produits\/spectra\/\">SPECTRA<\/a><\/li><li class=\"sitemap-item\"><a href=\"https:\/\/www.sorhea.com\/fr\/produits\/systemes-silur\/\">SYST\u00c8MES SILUR 360 et FX<\/a><\/li><li class=\"sitemap-item\"><a href=\"https:\/\/www.sorhea.com\/fr\/produits\/talpa\/\">TALPA<\/a><\/li><li class=\"sitemap-item\"><a href=\"https:\/\/www.sorhea.com\/fr\/produits\/uniris-biris\/\">UNIRIS &#8211; BIRIS<\/a><\/li><\/ul><\/div><\/div><br style=\"clear: both;\">[\/vc_column_text][\/vc_column][\/vc_row]<\/p>\n<\/div>","protected":false},"excerpt":{"rendered":"<p>[vc_row full_width=\u00a0\u00bbstretch_row\u00a0\u00bb css=\u00a0\u00bb.vc_custom_1511737374024{padding-bottom: 40px !important;background-color: #333333 !important;}\u00a0\u00bb][vc_column][\/vc_column][\/vc_row][vc_row el_class=\u00a0\u00bbdark-arrow\u00a0\u00bb css=\u00a0\u00bb.vc_custom_1511516789691{padding-top: 50px !important;padding-bottom: 20px !important;}\u00a0\u00bb][vc_column width=\u00a0\u00bb1\/3&Prime;][vc_column_text][\/vc_column_text][\/vc_column][vc_column width=\u00a0\u00bb1\/3&Prime;][vc_column_text][\/vc_column_text][\/vc_column][vc_column width=\u00a0\u00bb1\/3&Prime;][vc_column_text][\/vc_column_text][\/vc_column][\/vc_row]<\/p>\n","protected":false},"author":1,"featured_media":0,"parent":0,"menu_order":0,"comment_status":"closed","ping_status":"closed","template":"","meta":{"footnotes":""},"class_list":["post-43","page","type-page","status-publish","hentry","dt_portfolio_category-10","dt_portfolio_category-28","dt_portfolio_category-29","description-off"],"jetpack_sharing_enabled":true,"jetpack_shortlink":"https:\/\/wp.me\/P9tlUG-H","_links":{"self":[{"href":"https:\/\/www.sorhea.com\/fr\/wp-json\/wp\/v2\/pages\/43","targetHints":{"allow":["GET"]}}],"collection":[{"href":"https:\/\/www.sorhea.com\/fr\/wp-json\/wp\/v2\/pages"}],"about":[{"href":"https:\/\/www.sorhea.com\/fr\/wp-json\/wp\/v2\/types\/page"}],"author":[{"embeddable":true,"href":"https:\/\/www.sorhea.com\/fr\/wp-json\/wp\/v2\/users\/1"}],"replies":[{"embeddable":true,"href":"https:\/\/www.sorhea.com\/fr\/wp-json\/wp\/v2\/comments?post=43"}],"version-history":[{"count":17,"href":"https:\/\/www.sorhea.com\/fr\/wp-json\/wp\/v2\/pages\/43\/revisions"}],"predecessor-version":[{"id":4791,"href":"https:\/\/www.sorhea.com\/fr\/wp-json\/wp\/v2\/pages\/43\/revisions\/4791"}],"wp:attachment":[{"href":"https:\/\/www.sorhea.com\/fr\/wp-json\/wp\/v2\/media?parent=43"}],"curies":[{"name":"wp","href":"https:\/\/api.w.org\/{rel}","templated":true}]}}