{"id":449,"date":"2022-01-24T15:35:19","date_gmt":"2022-01-24T14:35:19","guid":{"rendered":"https:\/\/www.sorhea.com\/?page_id=449"},"modified":"2026-03-05T14:54:29","modified_gmt":"2026-03-05T13:54:29","slug":"securiser-la-peripherie-site","status":"publish","type":"page","link":"https:\/\/www.sorhea.com\/fr\/vos-applications\/securiser-la-peripherie-site\/","title":{"rendered":"S\u00e9curiser la p\u00e9riph\u00e9rie de mon site"},"content":{"rendered":"<div class=\"wpb-content-wrapper\"><p>[vc_row full_width=\u00a0\u00bbstretch_row\u00a0\u00bb css=\u00a0\u00bb.vc_custom_1511516383864{padding-top: 10px !important;padding-bottom: 20px !important;background-color: #333333 !important;}\u00a0\u00bb][vc_column]<div class=\"dt-fancy-separator title-left h3-size style-disabled\" style=\"width: 100%;\"><div class=\"dt-fancy-title\" style=\"color: #ffffff;\"><span class=\"separator-holder separator-left\"><\/span>S\u00e9curiser la p\u00e9riph\u00e9rie de mon site<span class=\"separator-holder separator-right\"><\/span><\/div><\/div>[vc_column_text el_class=\u00a0\u00bbdark-bkgd-text\u00a0\u00bb css=\u00a0\u00bb.vc_custom_1512126695867{margin-bottom: 20px !important;padding-top: 20px !important;}\u00a0\u00bb]Vous d\u00e9sirez prot\u00e9ger votre site de l\u2019intrusion et votre site est d\u00e9j\u00e0 entour\u00e9 d\u2019une protection physique \u00e0 l\u2019intrusion (cl\u00f4ture ou mur) et vous d\u00e9sirez en renforcer la s\u00e9curit\u00e9. Sorhea propose diff\u00e9rentes solutions pour s\u00e9curiser votre p\u00e9riph\u00e9rie de site, bas\u00e9es sur diff\u00e9rentes technologies.<\/p>\n<p>D\u00e9tection de choc avec un syst\u00e8me directement pos\u00e9 sur votre cl\u00f4ture, Barri\u00e8re infrarouge ou barri\u00e8re hyperfr\u00e9quence \u00e0 l\u2019int\u00e9rieur de l\u2019enceinte (la technologie d\u00e9pendra de la typologie du site) ou encore du c\u00e2ble enterr\u00e9 qui permet une solution 100% invisible du malfaisant.[\/vc_column_text][\/vc_column][\/vc_row][vc_row el_class=\u00a0\u00bbdark-arrow\u00a0\u00bb css=\u00a0\u00bb.vc_custom_1511516789691{padding-top: 50px !important;padding-bottom: 20px !important;}\u00a0\u00bb][vc_column]<div class=\"dt-fancy-separator h3-size title-color\" style=\"width: 50%;\"><div class=\"dt-fancy-title\"><span class=\"separator-holder separator-left\"><\/span>Nos produits<span class=\"separator-holder separator-right\"><\/span><\/div><\/div><div class=\"ult-spacer spacer-69dfaaad9c098\" data-id=\"69dfaaad9c098\" data-height=\"40\" data-height-mobile=\"40\" data-height-tab=\"40\" data-height-tab-portrait=\"\" data-height-mobile-landscape=\"\" style=\"clear:both;display:block;\"><\/div><div class=\"dt-shortcode with-isotope\"><div class=\"wf-container dt-portfolio-shortcode loading-effect-fade-in iso-grid description-on-hover hover-style-one content-align-centre always-show-info\" data-padding=\"20px\" data-cur-page=\"1\" data-posts-per-page=\"-1\" data-width=\"350px\" data-columns=\"3\">\n<div class=\"wf-cell\" data-post-id=\"6100\" data-date=\"2021-05-30T10:08:44+02:00\" data-name=\"G-FENCE 2400\">\n<article class=\"post post-6100 dt_portfolio type-dt_portfolio status-publish has-post-thumbnail hentry dt_portfolio_category-detecteurs-de-chocs dt_portfolio_category-securiser-peripherie-site dt_portfolio_category-9 dt_portfolio_category-25 text-centered\">\n\n\t<figure class=\"rollover-project rollover-active\">\n\t<a href=\"https:\/\/www.sorhea.com\/fr\/produits\/g-fence-2400\/\" class=\"layzr-bg\" title=\"3D-G-FENCE-2400\"  aria-label=\"Post image\"><img fetchpriority=\"high\" decoding=\"async\" class=\"preload-me iso-lazy-load aspect\" src=\"data:image\/svg+xml,%3Csvg%20xmlns%3D&#39;http%3A%2F%2Fwww.w3.org%2F2000%2Fsvg&#39;%20viewBox%3D&#39;0%200%20525%20394&#39;%2F%3E\" data-src=\"https:\/\/www.sorhea.com\/fr\/wp-content\/uploads\/sites\/4\/2021\/04\/3D-G-FENCE-2400-525x394.jpg\" data-srcset=\"https:\/\/www.sorhea.com\/fr\/wp-content\/uploads\/sites\/4\/2021\/04\/3D-G-FENCE-2400-525x394.jpg 525w, https:\/\/www.sorhea.com\/fr\/wp-content\/uploads\/sites\/4\/2021\/04\/3D-G-FENCE-2400-1050x788.jpg 1050w\" loading=\"eager\" style=\"--ratio: 525 \/ 394\" sizes=\"(max-width: 525px) 100vw, 525px\" alt=\"\" width=\"525\" height=\"394\"  \/><\/a>\t\t<figcaption class=\"rollover-content\">\n\t\t<div class=\"links-container\"><a href=\"https:\/\/www.sorhea.com\/fr\/produits\/g-fence-2400\/\" class=\"project-details\">D\u00e9tails<\/a><\/div>\t\t\t\t<div class=\"rollover-content-container\">\n\t\t\t<h3 class=\"entry-title\"><a href=\"https:\/\/www.sorhea.com\/fr\/produits\/g-fence-2400\/\" title=\"G-FENCE 2400\" rel=\"bookmark\">G-FENCE 2400<\/a><\/h3><p>Syst\u00e8me de D\u00e9tection de Chocs sur Cl\u00f4ture<\/p>\n\t\t<\/div>\n\t\t\t\t\t<\/figcaption>\n\t<\/figure>\n<\/article>\n\n<\/div>\n<div class=\"wf-cell\" data-post-id=\"7406\" data-date=\"2017-11-26T21:07:10+01:00\" data-name=\"SOLARIS NG\">\n<article class=\"post post-7406 dt_portfolio type-dt_portfolio status-publish has-post-thumbnail hentry dt_portfolio_category-barrieres-infrarouges dt_portfolio_category-securiser-peripherie-site dt_portfolio_category-securiser-zone-dediee dt_portfolio_category-10 dt_portfolio_category-25 dt_portfolio_category-26 text-centered\">\n\n\t<figure class=\"rollover-project rollover-active\">\n\t<a href=\"https:\/\/www.sorhea.com\/fr\/produits\/solaris-ng\/\" class=\"layzr-bg\" title=\"SOLARIS 3M DF sur embase \u00e9clat\u00e9e.287\"  aria-label=\"Post image\"><img decoding=\"async\" class=\"preload-me iso-lazy-load aspect\" src=\"data:image\/svg+xml,%3Csvg%20xmlns%3D&#39;http%3A%2F%2Fwww.w3.org%2F2000%2Fsvg&#39;%20viewBox%3D&#39;0%200%20525%20700&#39;%2F%3E\" data-src=\"https:\/\/www.sorhea.com\/fr\/wp-content\/uploads\/sites\/4\/2017\/11\/SOLARIS-3M-DF-sur-embase-eclatee.287-525x700.png\" data-srcset=\"https:\/\/www.sorhea.com\/fr\/wp-content\/uploads\/sites\/4\/2017\/11\/SOLARIS-3M-DF-sur-embase-eclatee.287-525x700.png 525w, https:\/\/www.sorhea.com\/fr\/wp-content\/uploads\/sites\/4\/2017\/11\/SOLARIS-3M-DF-sur-embase-eclatee.287-1050x1400.png 1050w\" loading=\"eager\" style=\"--ratio: 525 \/ 700\" sizes=\"(max-width: 525px) 100vw, 525px\" alt=\"\" width=\"525\" height=\"700\"  \/><\/a>\t\t<figcaption class=\"rollover-content\">\n\t\t<div class=\"links-container\"><a href=\"https:\/\/www.sorhea.com\/fr\/produits\/solaris-ng\/\" class=\"project-details\">D\u00e9tails<\/a><\/div>\t\t\t\t<div class=\"rollover-content-container\">\n\t\t\t<h3 class=\"entry-title\"><a href=\"https:\/\/www.sorhea.com\/fr\/produits\/solaris-ng\/\" title=\"SOLARIS NG\" rel=\"bookmark\">SOLARIS NG<\/a><\/h3><p>High performance Autonomous Infrared barrier<\/p>\n\t\t<\/div>\n\t\t\t\t\t<\/figcaption>\n\t<\/figure>\n<\/article>\n\n<\/div>\n<div class=\"wf-cell\" data-post-id=\"776\" data-date=\"2017-11-26T20:16:13+01:00\" data-name=\"MAXIRIS\">\n<article class=\"post post-776 dt_portfolio type-dt_portfolio status-publish has-post-thumbnail hentry dt_portfolio_category-barrieres-infrarouges dt_portfolio_category-securiser-peripherie-site dt_portfolio_category-10 dt_portfolio_category-25 text-centered\">\n\n\t<figure class=\"rollover-project rollover-active\">\n\t<a href=\"https:\/\/www.sorhea.com\/fr\/produits\/maxiris\/\" class=\"layzr-bg\" title=\"MAXIRIS\"  aria-label=\"Post image\"><img decoding=\"async\" class=\"preload-me iso-lazy-load aspect\" src=\"data:image\/svg+xml,%3Csvg%20xmlns%3D&#39;http%3A%2F%2Fwww.w3.org%2F2000%2Fsvg&#39;%20viewBox%3D&#39;0%200%20525%20365&#39;%2F%3E\" data-src=\"https:\/\/www.sorhea.com\/fr\/wp-content\/uploads\/sites\/4\/2017\/11\/MAXIRIS-525x365.jpg\" data-srcset=\"https:\/\/www.sorhea.com\/fr\/wp-content\/uploads\/sites\/4\/2017\/11\/MAXIRIS-525x365.jpg 525w, https:\/\/www.sorhea.com\/fr\/wp-content\/uploads\/sites\/4\/2017\/11\/MAXIRIS.jpg 799w\" loading=\"eager\" style=\"--ratio: 525 \/ 365\" sizes=\"(max-width: 525px) 100vw, 525px\" alt=\"\" width=\"525\" height=\"365\"  \/><\/a>\t\t<figcaption class=\"rollover-content\">\n\t\t<div class=\"links-container\"><a href=\"https:\/\/www.sorhea.com\/fr\/produits\/maxiris\/\" class=\"project-details\">D\u00e9tails<\/a><\/div>\t\t\t\t<div class=\"rollover-content-container\">\n\t\t\t<h3 class=\"entry-title\"><a href=\"https:\/\/www.sorhea.com\/fr\/produits\/maxiris\/\" title=\"MAXIRIS\" rel=\"bookmark\">MAXIRIS<\/a><\/h3><p>Barri\u00e8re infrarouge<\/p>\n\t\t<\/div>\n\t\t\t\t\t<\/figcaption>\n\t<\/figure>\n<\/article>\n\n<\/div>\n<div class=\"wf-cell\" data-post-id=\"733\" data-date=\"2017-11-26T18:31:20+01:00\" data-name=\"G-FENCE 3000\">\n<article class=\"post post-733 dt_portfolio type-dt_portfolio status-publish has-post-thumbnail hentry dt_portfolio_category-detecteurs-de-chocs dt_portfolio_category-securiser-peripherie-site dt_portfolio_category-securiser-site-sensible dt_portfolio_category-9 dt_portfolio_category-25 dt_portfolio_category-27 text-centered\">\n\n\t<figure class=\"rollover-project rollover-active\">\n\t<a href=\"https:\/\/www.sorhea.com\/fr\/produits\/g-fence-3000\/\" class=\"layzr-bg\" title=\"G-FENCE3000\"  aria-label=\"Post image\"><img decoding=\"async\" class=\"preload-me iso-lazy-load aspect\" src=\"data:image\/svg+xml,%3Csvg%20xmlns%3D&#39;http%3A%2F%2Fwww.w3.org%2F2000%2Fsvg&#39;%20viewBox%3D&#39;0%200%20525%20365&#39;%2F%3E\" data-src=\"https:\/\/www.sorhea.com\/fr\/wp-content\/uploads\/sites\/4\/2017\/11\/G-FENCE3000-525x365.jpg\" data-srcset=\"https:\/\/www.sorhea.com\/fr\/wp-content\/uploads\/sites\/4\/2017\/11\/G-FENCE3000-525x365.jpg 525w, https:\/\/www.sorhea.com\/fr\/wp-content\/uploads\/sites\/4\/2017\/11\/G-FENCE3000.jpg 799w\" loading=\"eager\" style=\"--ratio: 525 \/ 365\" sizes=\"(max-width: 525px) 100vw, 525px\" alt=\"\" width=\"525\" height=\"365\"  \/><\/a>\t\t<figcaption class=\"rollover-content\">\n\t\t<div class=\"links-container\"><a href=\"https:\/\/www.sorhea.com\/fr\/produits\/g-fence-3000\/\" class=\"project-details\">D\u00e9tails<\/a><\/div>\t\t\t\t<div class=\"rollover-content-container\">\n\t\t\t<h3 class=\"entry-title\"><a href=\"https:\/\/www.sorhea.com\/fr\/produits\/g-fence-3000\/\" title=\"G-FENCE 3000\" rel=\"bookmark\">G-FENCE 3000<\/a><\/h3><p>Syst\u00e8me de D\u00e9tection de Chocs sur Cl\u00f4ture<\/p>\n\t\t<\/div>\n\t\t\t\t\t<\/figcaption>\n\t<\/figure>\n<\/article>\n\n<\/div>\n<div class=\"wf-cell\" data-post-id=\"1180\" data-date=\"2017-11-25T19:19:26+01:00\" data-name=\"TALPA\">\n<article class=\"post post-1180 dt_portfolio type-dt_portfolio status-publish has-post-thumbnail hentry dt_portfolio_category-cables-de-detection-enterres dt_portfolio_category-securiser-peripherie-site dt_portfolio_category-34 dt_portfolio_category-25 text-centered\">\n\n\t<figure class=\"rollover-project rollover-active\">\n\t<a href=\"https:\/\/www.sorhea.com\/fr\/produits\/talpa\/\" class=\"layzr-bg\" title=\"talpa\"  aria-label=\"Post image\"><img decoding=\"async\" class=\"preload-me iso-lazy-load aspect\" src=\"data:image\/svg+xml,%3Csvg%20xmlns%3D&#39;http%3A%2F%2Fwww.w3.org%2F2000%2Fsvg&#39;%20viewBox%3D&#39;0%200%20525%20365&#39;%2F%3E\" data-src=\"https:\/\/www.sorhea.com\/fr\/wp-content\/uploads\/sites\/4\/2017\/11\/talpa-1-525x365.jpg\" data-srcset=\"https:\/\/www.sorhea.com\/fr\/wp-content\/uploads\/sites\/4\/2017\/11\/talpa-1-525x365.jpg 525w, https:\/\/www.sorhea.com\/fr\/wp-content\/uploads\/sites\/4\/2017\/11\/talpa-1.jpg 799w\" loading=\"eager\" style=\"--ratio: 525 \/ 365\" sizes=\"(max-width: 525px) 100vw, 525px\" alt=\"\" width=\"525\" height=\"365\"  \/><\/a>\t\t<figcaption class=\"rollover-content\">\n\t\t<div class=\"links-container\"><a href=\"https:\/\/www.sorhea.com\/fr\/produits\/talpa\/\" class=\"project-details\">D\u00e9tails<\/a><\/div>\t\t\t\t<div class=\"rollover-content-container\">\n\t\t\t<h3 class=\"entry-title\"><a href=\"https:\/\/www.sorhea.com\/fr\/produits\/talpa\/\" title=\"TALPA\" rel=\"bookmark\">TALPA<\/a><\/h3><p>C\u00e2bles enterr\u00e9s 100% invisibles<\/p>\n\t\t<\/div>\n\t\t\t\t\t<\/figcaption>\n\t<\/figure>\n<\/article>\n\n<\/div><\/div><\/div>[\/vc_column][\/vc_row]<\/p>\n<\/div>","protected":false},"excerpt":{"rendered":"<p>[vc_row full_width=\u00a0\u00bbstretch_row\u00a0\u00bb css=\u00a0\u00bb.vc_custom_1511516383864{padding-top: 10px !important;padding-bottom: 20px !important;background-color: #333333 !important;}\u00a0\u00bb][vc_column][vc_column_text el_class=\u00a0\u00bbdark-bkgd-text\u00a0\u00bb css=\u00a0\u00bb.vc_custom_1512126695867{margin-bottom: 20px !important;padding-top: 20px !important;}\u00a0\u00bb]Vous d\u00e9sirez prot\u00e9ger votre site de l\u2019intrusion et votre site est d\u00e9j\u00e0 entour\u00e9 d\u2019une protection physique \u00e0 l\u2019intrusion (cl\u00f4ture ou mur) et vous d\u00e9sirez en renforcer la s\u00e9curit\u00e9. Sorhea propose diff\u00e9rentes solutions pour s\u00e9curiser votre p\u00e9riph\u00e9rie de site, bas\u00e9es sur diff\u00e9rentes&hellip;<\/p>\n","protected":false},"author":1,"featured_media":0,"parent":26,"menu_order":0,"comment_status":"closed","ping_status":"closed","template":"","meta":{"jetpack_post_was_ever_published":false,"footnotes":""},"class_list":["post-449","page","type-page","status-publish","hentry","description-off"],"jetpack_sharing_enabled":true,"jetpack_shortlink":"https:\/\/wp.me\/P9tlUG-7f","_links":{"self":[{"href":"https:\/\/www.sorhea.com\/fr\/wp-json\/wp\/v2\/pages\/449","targetHints":{"allow":["GET"]}}],"collection":[{"href":"https:\/\/www.sorhea.com\/fr\/wp-json\/wp\/v2\/pages"}],"about":[{"href":"https:\/\/www.sorhea.com\/fr\/wp-json\/wp\/v2\/types\/page"}],"author":[{"embeddable":true,"href":"https:\/\/www.sorhea.com\/fr\/wp-json\/wp\/v2\/users\/1"}],"replies":[{"embeddable":true,"href":"https:\/\/www.sorhea.com\/fr\/wp-json\/wp\/v2\/comments?post=449"}],"version-history":[{"count":15,"href":"https:\/\/www.sorhea.com\/fr\/wp-json\/wp\/v2\/pages\/449\/revisions"}],"predecessor-version":[{"id":7058,"href":"https:\/\/www.sorhea.com\/fr\/wp-json\/wp\/v2\/pages\/449\/revisions\/7058"}],"up":[{"embeddable":true,"href":"https:\/\/www.sorhea.com\/fr\/wp-json\/wp\/v2\/pages\/26"}],"wp:attachment":[{"href":"https:\/\/www.sorhea.com\/fr\/wp-json\/wp\/v2\/media?parent=449"}],"curies":[{"name":"wp","href":"https:\/\/api.w.org\/{rel}","templated":true}]}}