{"id":457,"date":"2017-11-25T15:51:21","date_gmt":"2017-11-25T14:51:21","guid":{"rendered":"https:\/\/www.sorhea.com\/?page_id=457"},"modified":"2026-03-05T14:53:56","modified_gmt":"2026-03-05T13:53:56","slug":"securiser-une-zone-specifique","status":"publish","type":"page","link":"https:\/\/www.sorhea.com\/fr\/vos-applications\/securiser-une-zone-specifique\/","title":{"rendered":"S\u00e9curiser une zone sp\u00e9cifique"},"content":{"rendered":"<div class=\"wpb-content-wrapper\"><p>[vc_row full_width=\u00a0\u00bbstretch_row\u00a0\u00bb css=\u00a0\u00bb.vc_custom_1511516383864{padding-top: 10px !important;padding-bottom: 20px !important;background-color: #333333 !important;}\u00a0\u00bb][vc_column]<div class=\"dt-fancy-separator title-left h3-size style-disabled\" style=\"width: 100%;\"><div class=\"dt-fancy-title\" style=\"color: #ffffff;\"><span class=\"separator-holder separator-left\"><\/span>S\u00e9curiser une zone sp\u00e9cifique<span class=\"separator-holder separator-right\"><\/span><\/div><\/div>[vc_column_text el_class=\u00a0\u00bbdark-bkgd-text\u00a0\u00bb css=\u00a0\u00bb.vc_custom_1512126991556{margin-bottom: 20px !important;padding-top: 20px !important;}\u00a0\u00bb]Vous devez prot\u00e9ger une zone sp\u00e9cifique sur votre site : une zone de stockage ou de d\u00e9chargement, un parking, un quai. Diverses solutions g\u00e9n\u00e9ralistes permettent la protection p\u00e9rim\u00e9trique de zones d\u00e9di\u00e9es. Sorhea va plus loin en offrant plusieurs produits r\u00e9pondant particuli\u00e8rement \u00e0 cette probl\u00e9matique.[\/vc_column_text][\/vc_column][\/vc_row][vc_row el_class=\u00a0\u00bbdark-arrow\u00a0\u00bb css=\u00a0\u00bb.vc_custom_1511516789691{padding-top: 50px !important;padding-bottom: 20px !important;}\u00a0\u00bb][vc_column]<div class=\"dt-fancy-separator h3-size title-color\" style=\"width: 50%;\"><div class=\"dt-fancy-title\"><span class=\"separator-holder separator-left\"><\/span>Nos produits<span class=\"separator-holder separator-right\"><\/span><\/div><\/div><div class=\"ult-spacer spacer-69ded9d7472c4\" data-id=\"69ded9d7472c4\" data-height=\"40\" data-height-mobile=\"40\" data-height-tab=\"40\" data-height-tab-portrait=\"\" data-height-mobile-landscape=\"\" style=\"clear:both;display:block;\"><\/div><div class=\"ult-spacer spacer-69ded9d7472d1\" data-id=\"69ded9d7472d1\" data-height=\"20\" data-height-mobile=\"20\" data-height-tab=\"20\" data-height-tab-portrait=\"\" data-height-mobile-landscape=\"\" style=\"clear:both;display:block;\"><\/div><div class=\"dt-shortcode with-isotope\"><div class=\"wf-container dt-portfolio-shortcode loading-effect-fade-in iso-grid description-on-hover hover-style-one content-align-centre always-show-info\" data-padding=\"20px\" data-cur-page=\"1\" data-posts-per-page=\"-1\" data-width=\"350px\" data-columns=\"3\">\n<div class=\"wf-cell\" data-post-id=\"7406\" data-date=\"2017-11-26T21:07:10+01:00\" data-name=\"SOLARIS NG\">\n<article class=\"post post-7406 dt_portfolio type-dt_portfolio status-publish has-post-thumbnail hentry dt_portfolio_category-barrieres-infrarouges dt_portfolio_category-securiser-peripherie-site dt_portfolio_category-securiser-zone-dediee dt_portfolio_category-10 dt_portfolio_category-25 dt_portfolio_category-26 text-centered\">\n\n\t<figure class=\"rollover-project rollover-active\">\n\t<a href=\"https:\/\/www.sorhea.com\/fr\/produits\/solaris-ng\/\" class=\"layzr-bg\" title=\"SOLARIS 3M DF sur embase \u00e9clat\u00e9e.287\"  aria-label=\"Post image\"><img fetchpriority=\"high\" decoding=\"async\" class=\"preload-me iso-lazy-load aspect\" src=\"data:image\/svg+xml,%3Csvg%20xmlns%3D&#39;http%3A%2F%2Fwww.w3.org%2F2000%2Fsvg&#39;%20viewBox%3D&#39;0%200%20525%20700&#39;%2F%3E\" data-src=\"https:\/\/www.sorhea.com\/fr\/wp-content\/uploads\/sites\/4\/2017\/11\/SOLARIS-3M-DF-sur-embase-eclatee.287-525x700.png\" data-srcset=\"https:\/\/www.sorhea.com\/fr\/wp-content\/uploads\/sites\/4\/2017\/11\/SOLARIS-3M-DF-sur-embase-eclatee.287-525x700.png 525w, https:\/\/www.sorhea.com\/fr\/wp-content\/uploads\/sites\/4\/2017\/11\/SOLARIS-3M-DF-sur-embase-eclatee.287-1050x1400.png 1050w\" loading=\"eager\" style=\"--ratio: 525 \/ 700\" sizes=\"(max-width: 525px) 100vw, 525px\" alt=\"\" width=\"525\" height=\"700\"  \/><\/a>\t\t<figcaption class=\"rollover-content\">\n\t\t<div class=\"links-container\"><a href=\"https:\/\/www.sorhea.com\/fr\/produits\/solaris-ng\/\" class=\"project-details\">D\u00e9tails<\/a><\/div>\t\t\t\t<div class=\"rollover-content-container\">\n\t\t\t<h3 class=\"entry-title\"><a href=\"https:\/\/www.sorhea.com\/fr\/produits\/solaris-ng\/\" title=\"SOLARIS NG\" rel=\"bookmark\">SOLARIS NG<\/a><\/h3><p>High performance Autonomous Infrared barrier<\/p>\n\t\t<\/div>\n\t\t\t\t\t<\/figcaption>\n\t<\/figure>\n<\/article>\n\n<\/div>\n<div class=\"wf-cell\" data-post-id=\"4507\" data-date=\"2017-11-26T21:06:38+01:00\" data-name=\"SO-BEAM\">\n<article class=\"post post-4507 dt_portfolio type-dt_portfolio status-publish has-post-thumbnail hentry dt_portfolio_category-barrieres-infrarouges dt_portfolio_category-securiser-zone-dediee dt_portfolio_category-10 dt_portfolio_category-26 text-centered\">\n\n\t<figure class=\"rollover-project rollover-active\">\n\t<a href=\"https:\/\/www.sorhea.com\/fr\/produits\/so-beam\/\" class=\"layzr-bg\" title=\"so-beam-vignette-alt\"  aria-label=\"Post image\"><img decoding=\"async\" class=\"preload-me iso-lazy-load aspect\" src=\"data:image\/svg+xml,%3Csvg%20xmlns%3D&#39;http%3A%2F%2Fwww.w3.org%2F2000%2Fsvg&#39;%20viewBox%3D&#39;0%200%20525%20364&#39;%2F%3E\" data-src=\"https:\/\/www.sorhea.com\/fr\/wp-content\/uploads\/sites\/4\/2020\/03\/so-beam-vignette-alt-525x364.jpg\" data-srcset=\"https:\/\/www.sorhea.com\/fr\/wp-content\/uploads\/sites\/4\/2020\/03\/so-beam-vignette-alt-525x364.jpg 525w, https:\/\/www.sorhea.com\/fr\/wp-content\/uploads\/sites\/4\/2020\/03\/so-beam-vignette-alt.jpg 800w\" loading=\"eager\" style=\"--ratio: 525 \/ 364\" sizes=\"(max-width: 525px) 100vw, 525px\" alt=\"\" width=\"525\" height=\"364\"  \/><\/a>\t\t<figcaption class=\"rollover-content\">\n\t\t<div class=\"links-container\"><a href=\"https:\/\/www.sorhea.com\/fr\/produits\/so-beam\/\" class=\"project-details\">D\u00e9tails<\/a><\/div>\t\t\t\t<div class=\"rollover-content-container\">\n\t\t\t<h3 class=\"entry-title\"><a href=\"https:\/\/www.sorhea.com\/fr\/produits\/so-beam\/\" title=\"SO-BEAM\" rel=\"bookmark\">SO-BEAM<\/a><\/h3><p>Barri\u00e8re infrarouge autonome<\/p>\n\t\t<\/div>\n\t\t\t\t\t<\/figcaption>\n\t<\/figure>\n<\/article>\n\n<\/div>\n<div class=\"wf-cell\" data-post-id=\"1242\" data-date=\"2017-11-26T17:00:09+01:00\" data-name=\"PIRAMID\">\n<article class=\"post post-1242 dt_portfolio type-dt_portfolio status-publish has-post-thumbnail hentry dt_portfolio_category-analyser-detection dt_portfolio_category-detecteurs-double-technologie dt_portfolio_category-securiser-acces-site dt_portfolio_category-securiser-batiment dt_portfolio_category-securiser-zone-dediee dt_portfolio_category-35 dt_portfolio_category-8 dt_portfolio_category-28 dt_portfolio_category-29 dt_portfolio_category-26 text-centered\">\n\n\t<figure class=\"rollover-project rollover-active\">\n\t<a href=\"https:\/\/www.sorhea.com\/fr\/produits\/piramid-connect\/\" class=\"layzr-bg\" title=\"PIRAMID.\"  aria-label=\"Post image\"><img decoding=\"async\" class=\"preload-me iso-lazy-load aspect\" src=\"data:image\/svg+xml,%3Csvg%20xmlns%3D&#39;http%3A%2F%2Fwww.w3.org%2F2000%2Fsvg&#39;%20viewBox%3D&#39;0%200%20525%20365&#39;%2F%3E\" data-src=\"https:\/\/www.sorhea.com\/fr\/wp-content\/uploads\/sites\/4\/2017\/11\/PIRAMID.-525x365.jpg\" data-srcset=\"https:\/\/www.sorhea.com\/fr\/wp-content\/uploads\/sites\/4\/2017\/11\/PIRAMID.-525x365.jpg 525w, https:\/\/www.sorhea.com\/fr\/wp-content\/uploads\/sites\/4\/2017\/11\/PIRAMID..jpg 799w\" loading=\"eager\" style=\"--ratio: 525 \/ 365\" sizes=\"(max-width: 525px) 100vw, 525px\" alt=\"\" width=\"525\" height=\"365\"  \/><\/a>\t\t<figcaption class=\"rollover-content\">\n\t\t<div class=\"links-container\"><a href=\"https:\/\/www.sorhea.com\/fr\/produits\/piramid-connect\/\" class=\"project-details\">D\u00e9tails<\/a><\/div>\t\t\t\t<div class=\"rollover-content-container\">\n\t\t\t<h3 class=\"entry-title\"><a href=\"https:\/\/www.sorhea.com\/fr\/produits\/piramid-connect\/\" title=\"PIRAMID\" rel=\"bookmark\">PIRAMID<\/a><\/h3><p>D\u00e9tecteur double technologie connect\u00e9<\/p>\n\t\t<\/div>\n\t\t\t\t\t<\/figcaption>\n\t<\/figure>\n<\/article>\n\n<\/div><\/div><\/div>[\/vc_column][\/vc_row]<\/p>\n<\/div>","protected":false},"excerpt":{"rendered":"<p>[vc_row full_width=\u00a0\u00bbstretch_row\u00a0\u00bb css=\u00a0\u00bb.vc_custom_1511516383864{padding-top: 10px !important;padding-bottom: 20px !important;background-color: #333333 !important;}\u00a0\u00bb][vc_column][vc_column_text el_class=\u00a0\u00bbdark-bkgd-text\u00a0\u00bb css=\u00a0\u00bb.vc_custom_1512126991556{margin-bottom: 20px !important;padding-top: 20px !important;}\u00a0\u00bb]Vous devez prot\u00e9ger une zone sp\u00e9cifique sur votre site : une zone de stockage ou de d\u00e9chargement, un parking, un quai. Diverses solutions g\u00e9n\u00e9ralistes permettent la protection p\u00e9rim\u00e9trique de zones d\u00e9di\u00e9es. Sorhea va plus loin en offrant plusieurs produits r\u00e9pondant particuli\u00e8rement&hellip;<\/p>\n","protected":false},"author":1,"featured_media":0,"parent":26,"menu_order":0,"comment_status":"closed","ping_status":"closed","template":"","meta":{"jetpack_post_was_ever_published":false,"footnotes":""},"class_list":["post-457","page","type-page","status-publish","hentry","description-off"],"jetpack_sharing_enabled":true,"jetpack_shortlink":"https:\/\/wp.me\/P9tlUG-7n","_links":{"self":[{"href":"https:\/\/www.sorhea.com\/fr\/wp-json\/wp\/v2\/pages\/457","targetHints":{"allow":["GET"]}}],"collection":[{"href":"https:\/\/www.sorhea.com\/fr\/wp-json\/wp\/v2\/pages"}],"about":[{"href":"https:\/\/www.sorhea.com\/fr\/wp-json\/wp\/v2\/types\/page"}],"author":[{"embeddable":true,"href":"https:\/\/www.sorhea.com\/fr\/wp-json\/wp\/v2\/users\/1"}],"replies":[{"embeddable":true,"href":"https:\/\/www.sorhea.com\/fr\/wp-json\/wp\/v2\/comments?post=457"}],"version-history":[{"count":10,"href":"https:\/\/www.sorhea.com\/fr\/wp-json\/wp\/v2\/pages\/457\/revisions"}],"predecessor-version":[{"id":6964,"href":"https:\/\/www.sorhea.com\/fr\/wp-json\/wp\/v2\/pages\/457\/revisions\/6964"}],"up":[{"embeddable":true,"href":"https:\/\/www.sorhea.com\/fr\/wp-json\/wp\/v2\/pages\/26"}],"wp:attachment":[{"href":"https:\/\/www.sorhea.com\/fr\/wp-json\/wp\/v2\/media?parent=457"}],"curies":[{"name":"wp","href":"https:\/\/api.w.org\/{rel}","templated":true}]}}