{"id":468,"date":"2017-11-25T15:58:22","date_gmt":"2017-11-25T14:58:22","guid":{"rendered":"https:\/\/www.sorhea.com\/?page_id=468"},"modified":"2026-03-05T14:54:44","modified_gmt":"2026-03-05T13:54:44","slug":"securiser-un-acces","status":"publish","type":"page","link":"https:\/\/www.sorhea.com\/fr\/vos-applications\/securiser-un-acces\/","title":{"rendered":"S\u00e9curiser un acc\u00e8s"},"content":{"rendered":"<div class=\"wpb-content-wrapper\"><p>[vc_row full_width=\u00a0\u00bbstretch_row\u00a0\u00bb css=\u00a0\u00bb.vc_custom_1511516383864{padding-top: 10px !important;padding-bottom: 20px !important;background-color: #333333 !important;}\u00a0\u00bb][vc_column]<div class=\"dt-fancy-separator title-left h3-size style-disabled\" style=\"width: 100%;\"><div class=\"dt-fancy-title\" style=\"color: #ffffff;\"><span class=\"separator-holder separator-left\"><\/span>S\u00e9curiser un acc\u00e8s<span class=\"separator-holder separator-right\"><\/span><\/div><\/div>[vc_column_text el_class=\u00a0\u00bbdark-bkgd-text\u00a0\u00bb css=\u00a0\u00bb.vc_custom_1512126782248{margin-bottom: 20px !important;padding-top: 20px !important;}\u00a0\u00bb]Vous souhaitez renforcer la s\u00e9curit\u00e9 de votre entr\u00e9e de site. Les configurations sont diverses et vari\u00e9es depuis un site industriel avec de nombreux syst\u00e8mes de contr\u00f4le d\u2019acc\u00e8s jusqu\u2019\u00e0 la ferme solaire perdue en campagne avec un portail isol\u00e9 sur le p\u00e9rim\u00e8tre, sans \u00e9lectricit\u00e9.<\/p>\n<p>Pour r\u00e9pondre \u00e0 toutes vos probl\u00e9matiques, Sorhea propose plusieurs produits sur plusieurs technologies diff\u00e9rentes afin de s\u2019adapter parfaitement aux conditions du site et aux probl\u00e9matiques de s\u00e9curit\u00e9 du client.[\/vc_column_text][\/vc_column][\/vc_row][vc_row el_class=\u00a0\u00bbdark-arrow\u00a0\u00bb css=\u00a0\u00bb.vc_custom_1511516789691{padding-top: 50px !important;padding-bottom: 20px !important;}\u00a0\u00bb][vc_column]<div class=\"dt-fancy-separator h3-size title-color\" style=\"width: 50%;\"><div class=\"dt-fancy-title\"><span class=\"separator-holder separator-left\"><\/span>Nos produits<span class=\"separator-holder separator-right\"><\/span><\/div><\/div><div class=\"ult-spacer spacer-69ded95c05ac1\" data-id=\"69ded95c05ac1\" data-height=\"40\" data-height-mobile=\"40\" data-height-tab=\"40\" data-height-tab-portrait=\"\" data-height-mobile-landscape=\"\" style=\"clear:both;display:block;\"><\/div><div class=\"dt-shortcode with-isotope\"><div class=\"wf-container dt-portfolio-shortcode loading-effect-fade-in iso-grid description-on-hover hover-style-one content-align-centre always-show-info\" data-padding=\"20px\" data-cur-page=\"1\" data-posts-per-page=\"-1\" data-width=\"350px\" data-columns=\"3\">\n<div class=\"wf-cell\" data-post-id=\"813\" data-date=\"2017-11-26T21:05:52+01:00\" data-name=\"UNIRIS - BIRIS\">\n<article class=\"post post-813 dt_portfolio type-dt_portfolio status-publish has-post-thumbnail hentry dt_portfolio_category-barrieres-infrarouges dt_portfolio_category-securiser-acces-site dt_portfolio_category-securiser-batiment dt_portfolio_category-10 dt_portfolio_category-28 dt_portfolio_category-29 text-centered\">\n\n\t<figure class=\"rollover-project rollover-active\">\n\t<a href=\"https:\/\/www.sorhea.com\/fr\/produits\/uniris-biris\/\" class=\"layzr-bg\" title=\"UNIRIS-BIRIS\"  aria-label=\"Post image\"><img fetchpriority=\"high\" decoding=\"async\" class=\"preload-me iso-lazy-load aspect\" src=\"data:image\/svg+xml,%3Csvg%20xmlns%3D&#39;http%3A%2F%2Fwww.w3.org%2F2000%2Fsvg&#39;%20viewBox%3D&#39;0%200%20525%20365&#39;%2F%3E\" data-src=\"https:\/\/www.sorhea.com\/fr\/wp-content\/uploads\/sites\/4\/2017\/11\/UNIRIS-BIRIS-525x365.jpg\" data-srcset=\"https:\/\/www.sorhea.com\/fr\/wp-content\/uploads\/sites\/4\/2017\/11\/UNIRIS-BIRIS-525x365.jpg 525w, https:\/\/www.sorhea.com\/fr\/wp-content\/uploads\/sites\/4\/2017\/11\/UNIRIS-BIRIS.jpg 799w\" loading=\"eager\" style=\"--ratio: 525 \/ 365\" sizes=\"(max-width: 525px) 100vw, 525px\" alt=\"\" width=\"525\" height=\"365\"  \/><\/a>\t\t<figcaption class=\"rollover-content\">\n\t\t<div class=\"links-container\"><a href=\"https:\/\/www.sorhea.com\/fr\/produits\/uniris-biris\/\" class=\"project-details\">D\u00e9tails<\/a><\/div>\t\t\t\t<div class=\"rollover-content-container\">\n\t\t\t<h3 class=\"entry-title\"><a href=\"https:\/\/www.sorhea.com\/fr\/produits\/uniris-biris\/\" title=\"UNIRIS &#8211; BIRIS\" rel=\"bookmark\">UNIRIS &#8211; BIRIS<\/a><\/h3><p>Barri\u00e8re infrarouge<\/p>\n\t\t<\/div>\n\t\t\t\t\t<\/figcaption>\n\t<\/figure>\n<\/article>\n\n<\/div>\n<div class=\"wf-cell\" data-post-id=\"796\" data-date=\"2017-11-26T20:47:12+01:00\" data-name=\"COLIRIS\">\n<article class=\"post post-796 dt_portfolio type-dt_portfolio status-publish has-post-thumbnail hentry dt_portfolio_category-barrieres-infrarouges dt_portfolio_category-securiser-acces-site dt_portfolio_category-10 dt_portfolio_category-28 text-centered\">\n\n\t<figure class=\"rollover-project rollover-active\">\n\t<a href=\"https:\/\/www.sorhea.com\/fr\/produits\/coliris\/\" class=\"layzr-bg\" title=\"COLIRIS\"  aria-label=\"Post image\"><img decoding=\"async\" class=\"preload-me iso-lazy-load aspect\" src=\"data:image\/svg+xml,%3Csvg%20xmlns%3D&#39;http%3A%2F%2Fwww.w3.org%2F2000%2Fsvg&#39;%20viewBox%3D&#39;0%200%20525%20365&#39;%2F%3E\" data-src=\"https:\/\/www.sorhea.com\/fr\/wp-content\/uploads\/sites\/4\/2017\/11\/COLIRIS-525x365.jpg\" data-srcset=\"https:\/\/www.sorhea.com\/fr\/wp-content\/uploads\/sites\/4\/2017\/11\/COLIRIS-525x365.jpg 525w, https:\/\/www.sorhea.com\/fr\/wp-content\/uploads\/sites\/4\/2017\/11\/COLIRIS.jpg 799w\" loading=\"eager\" style=\"--ratio: 525 \/ 365\" sizes=\"(max-width: 525px) 100vw, 525px\" alt=\"\" width=\"525\" height=\"365\"  \/><\/a>\t\t<figcaption class=\"rollover-content\">\n\t\t<div class=\"links-container\"><a href=\"https:\/\/www.sorhea.com\/fr\/produits\/coliris\/\" class=\"project-details\">D\u00e9tails<\/a><\/div>\t\t\t\t<div class=\"rollover-content-container\">\n\t\t\t<h3 class=\"entry-title\"><a href=\"https:\/\/www.sorhea.com\/fr\/produits\/coliris\/\" title=\"COLIRIS\" rel=\"bookmark\">COLIRIS<\/a><\/h3><p>Barri\u00e8re infrarouge<\/p>\n\t\t<\/div>\n\t\t\t\t\t<\/figcaption>\n\t<\/figure>\n<\/article>\n\n<\/div>\n<div class=\"wf-cell\" data-post-id=\"1242\" data-date=\"2017-11-26T17:00:09+01:00\" data-name=\"PIRAMID\">\n<article class=\"post post-1242 dt_portfolio type-dt_portfolio status-publish has-post-thumbnail hentry dt_portfolio_category-analyser-detection dt_portfolio_category-detecteurs-double-technologie dt_portfolio_category-securiser-acces-site dt_portfolio_category-securiser-batiment dt_portfolio_category-securiser-zone-dediee dt_portfolio_category-35 dt_portfolio_category-8 dt_portfolio_category-28 dt_portfolio_category-29 dt_portfolio_category-26 text-centered\">\n\n\t<figure class=\"rollover-project rollover-active\">\n\t<a href=\"https:\/\/www.sorhea.com\/fr\/produits\/piramid-connect\/\" class=\"layzr-bg\" title=\"PIRAMID.\"  aria-label=\"Post image\"><img decoding=\"async\" class=\"preload-me iso-lazy-load aspect\" src=\"data:image\/svg+xml,%3Csvg%20xmlns%3D&#39;http%3A%2F%2Fwww.w3.org%2F2000%2Fsvg&#39;%20viewBox%3D&#39;0%200%20525%20365&#39;%2F%3E\" data-src=\"https:\/\/www.sorhea.com\/fr\/wp-content\/uploads\/sites\/4\/2017\/11\/PIRAMID.-525x365.jpg\" data-srcset=\"https:\/\/www.sorhea.com\/fr\/wp-content\/uploads\/sites\/4\/2017\/11\/PIRAMID.-525x365.jpg 525w, https:\/\/www.sorhea.com\/fr\/wp-content\/uploads\/sites\/4\/2017\/11\/PIRAMID..jpg 799w\" loading=\"eager\" style=\"--ratio: 525 \/ 365\" sizes=\"(max-width: 525px) 100vw, 525px\" alt=\"\" width=\"525\" height=\"365\"  \/><\/a>\t\t<figcaption class=\"rollover-content\">\n\t\t<div class=\"links-container\"><a href=\"https:\/\/www.sorhea.com\/fr\/produits\/piramid-connect\/\" class=\"project-details\">D\u00e9tails<\/a><\/div>\t\t\t\t<div class=\"rollover-content-container\">\n\t\t\t<h3 class=\"entry-title\"><a href=\"https:\/\/www.sorhea.com\/fr\/produits\/piramid-connect\/\" title=\"PIRAMID\" rel=\"bookmark\">PIRAMID<\/a><\/h3><p>D\u00e9tecteur double technologie connect\u00e9<\/p>\n\t\t<\/div>\n\t\t\t\t\t<\/figcaption>\n\t<\/figure>\n<\/article>\n\n<\/div><\/div><\/div>[\/vc_column][\/vc_row]<\/p>\n<\/div>","protected":false},"excerpt":{"rendered":"<p>[vc_row full_width=\u00a0\u00bbstretch_row\u00a0\u00bb css=\u00a0\u00bb.vc_custom_1511516383864{padding-top: 10px !important;padding-bottom: 20px !important;background-color: #333333 !important;}\u00a0\u00bb][vc_column][vc_column_text el_class=\u00a0\u00bbdark-bkgd-text\u00a0\u00bb css=\u00a0\u00bb.vc_custom_1512126782248{margin-bottom: 20px !important;padding-top: 20px !important;}\u00a0\u00bb]Vous souhaitez renforcer la s\u00e9curit\u00e9 de votre entr\u00e9e de site. Les configurations sont diverses et vari\u00e9es depuis un site industriel avec de nombreux syst\u00e8mes de contr\u00f4le d\u2019acc\u00e8s jusqu\u2019\u00e0 la ferme solaire perdue en campagne avec un portail isol\u00e9 sur le p\u00e9rim\u00e8tre,&hellip;<\/p>\n","protected":false},"author":1,"featured_media":0,"parent":26,"menu_order":0,"comment_status":"closed","ping_status":"closed","template":"","meta":{"jetpack_post_was_ever_published":false,"footnotes":""},"class_list":["post-468","page","type-page","status-publish","hentry","description-off"],"jetpack_sharing_enabled":true,"jetpack_shortlink":"https:\/\/wp.me\/P9tlUG-7y","_links":{"self":[{"href":"https:\/\/www.sorhea.com\/fr\/wp-json\/wp\/v2\/pages\/468","targetHints":{"allow":["GET"]}}],"collection":[{"href":"https:\/\/www.sorhea.com\/fr\/wp-json\/wp\/v2\/pages"}],"about":[{"href":"https:\/\/www.sorhea.com\/fr\/wp-json\/wp\/v2\/types\/page"}],"author":[{"embeddable":true,"href":"https:\/\/www.sorhea.com\/fr\/wp-json\/wp\/v2\/users\/1"}],"replies":[{"embeddable":true,"href":"https:\/\/www.sorhea.com\/fr\/wp-json\/wp\/v2\/comments?post=468"}],"version-history":[{"count":8,"href":"https:\/\/www.sorhea.com\/fr\/wp-json\/wp\/v2\/pages\/468\/revisions"}],"predecessor-version":[{"id":9655,"href":"https:\/\/www.sorhea.com\/fr\/wp-json\/wp\/v2\/pages\/468\/revisions\/9655"}],"up":[{"embeddable":true,"href":"https:\/\/www.sorhea.com\/fr\/wp-json\/wp\/v2\/pages\/26"}],"wp:attachment":[{"href":"https:\/\/www.sorhea.com\/fr\/wp-json\/wp\/v2\/media?parent=468"}],"curies":[{"name":"wp","href":"https:\/\/api.w.org\/{rel}","templated":true}]}}