{"id":478,"date":"2017-11-25T16:03:52","date_gmt":"2017-11-25T15:03:52","guid":{"rendered":"https:\/\/www.sorhea.com\/?page_id=478"},"modified":"2026-03-05T15:01:37","modified_gmt":"2026-03-05T14:01:37","slug":"solutions-sur-mesure","status":"publish","type":"page","link":"https:\/\/www.sorhea.com\/fr\/vos-applications\/solutions-sur-mesure\/","title":{"rendered":"Solutions sur mesure"},"content":{"rendered":"<div class=\"wpb-content-wrapper\"><p>[vc_row full_width=\u00a0\u00bbstretch_row\u00a0\u00bb css=\u00a0\u00bb.vc_custom_1511516383864{padding-top: 10px !important;padding-bottom: 20px !important;background-color: #333333 !important;}\u00a0\u00bb][vc_column]<div class=\"dt-fancy-separator title-left h3-size style-disabled\" style=\"width: 100%;\"><div class=\"dt-fancy-title\" style=\"color: #ffffff;\"><span class=\"separator-holder separator-left\"><\/span>Solutions sur mesure<span class=\"separator-holder separator-right\"><\/span><\/div><\/div>[vc_column_text el_class=\u00a0\u00bbdark-bkgd-text\u00a0\u00bb css=\u00a0\u00bb.vc_custom_1512127051743{margin-bottom: 20px !important;padding-top: 20px !important;}\u00a0\u00bb]Vous devez prot\u00e9ger votre site dans des conditions environnementales, g\u00e9ographiques (quai bord de mer) ou de s\u00e9curit\u00e9 avec des exigences toutes particuli\u00e8res.<\/p>\n<p>N\u2019h\u00e9sitez pas \u00e0 formuler votre demande aupr\u00e8s de nos commerciaux. Ils effectuent avec vous une \u00e9tude avant-vente du site. Ils se rapprochent ensuite du service de Recherche et D\u00e9veloppement pour t\u00e2cher de vous trouver la solution qui conviendra \u00e0 votre probl\u00e9matique.[\/vc_column_text][\/vc_column][\/vc_row][vc_row css=\u00a0\u00bb.vc_custom_1522863597782{padding-bottom: 20px !important;}\u00a0\u00bb][vc_column width=\u00a0\u00bb2\/3&Prime;]<div class=\"dt-fancy-separator title-left h3-size title-color\" style=\"width: 100%;\"><div class=\"dt-fancy-title\"><span class=\"separator-holder separator-left\"><\/span>Discrimination trains et camions<span class=\"separator-holder separator-right\"><\/span><\/div><\/div>[vc_column_text css=\u00a0\u00bb.vc_custom_1512127081106{padding-top: 20px !important;}\u00a0\u00bb]Gr\u00e2ce \u00e0 un traitement logiciel sp\u00e9cifique des signaux re\u00e7us des barri\u00e8res Maxiris 2000, il est possible d\u2019effectuer une reconnaissance de hauteur (pour les niveaux de chargement des camions par exemple). Une option sp\u00e9cifique, utilis\u00e9e sur les sites ferroviaires, permet de discriminer le passage d\u2019un train par rapport \u00e0 celui d\u2019un pi\u00e9ton, permettant ainsi une surveillance efficace des quais et des voies ferr\u00e9es.[\/vc_column_text][\/vc_column][vc_column width=\u00a0\u00bb1\/3&Prime;][vc_single_image image=\u00a0\u00bb483&Prime; img_size=\u00a0\u00bbfull\u00a0\u00bb alignment=\u00a0\u00bbright\u00a0\u00bb image_hovers=\u00a0\u00bbfalse\u00a0\u00bb][\/vc_column][\/vc_row][vc_row css=\u00a0\u00bb.vc_custom_1511623252382{padding-bottom: 20px !important;}\u00a0\u00bb][vc_column]<div class=\"dt-fancy-separator title-left h3-size title-color\" style=\"width: 100%;\"><div class=\"dt-fancy-title\"><span class=\"separator-holder separator-left\"><\/span>Piramid Atex<span class=\"separator-holder separator-right\"><\/span><\/div><\/div>[vc_column_text css=\u00a0\u00bb.vc_custom_1512127128959{padding-top: 20px !important;}\u00a0\u00bb]Piramid Atex est un produit r\u00e9pondant \u00e0 la Directive ATEX 94\/9 EC \u2013 EN 50014-18. Il assure la protection des lieux dangereux menac\u00e9s par la pr\u00e9sence de gaz ou de vapeurs inflammables, de poussi\u00e8res combustibles, de fibres ou d\u2019\u00e9tincelles volantes hautement inflammables. Il convient aux sites sensibles class\u00e9s Zone 1 et 2 pour les gaz et Zone 21 \u00e0 22 pour les poussi\u00e8res : Plateformes p\u00e9troli\u00e8res, sites p\u00e9trochimiques, zones d\u2019entreposage de mati\u00e8res dangereuses. <a href=\"https:\/\/www.sorhea.com\/fr\/produits\/piramid-atex\/\">Voir le produit<\/a>[\/vc_column_text][\/vc_column][\/vc_row][vc_row][vc_column width=\u00a0\u00bb2\/3&Prime;]<div class=\"dt-fancy-separator title-left h3-size title-color\" style=\"width: 100%;\"><div class=\"dt-fancy-title\"><span class=\"separator-holder separator-left\"><\/span>Double enveloppe Bord de mer<span class=\"separator-holder separator-right\"><\/span><\/div><\/div>[vc_column_text css=\u00a0\u00bb.vc_custom_1512127153481{padding-top: 20px !important;}\u00a0\u00bb]Certaines applications peuvent n\u00e9cessiter l\u2019installation de barri\u00e8res infrarouge en bord de mer ou en condition de salinit\u00e9 \u00e9lev\u00e9e. Afin de fonctionner et de garantir un niveau de s\u00e9curit\u00e9 optimal dans de tels environnements. Sorhea a con\u00e7u des produits sp\u00e9cifiques comportant une double enveloppe qui permet \u00e0 l\u2019\u00e9lectronique de r\u00e9sister \u00e0 l\u2019air salin tout en garantissant un indice de protection IP65.[\/vc_column_text][\/vc_column][vc_column width=\u00a0\u00bb1\/3&Prime;]<div class=\"dt-fancy-separator title-left h3-size title-color\" style=\"width: 100%;\"><div class=\"dt-fancy-title\"><span class=\"separator-holder separator-left\"><\/span>Solaris 45\u00b0<span class=\"separator-holder separator-right\"><\/span><\/div><\/div>[vc_column_text css=\u00a0\u00bb.vc_custom_1512127166721{padding-top: 20px !important;}\u00a0\u00bb]Ce produit est sp\u00e9cifique pour les sites ayant du d\u00e9nivel\u00e9. Les colonnes Solaris 45 comporte une fourchette de d\u00e9nivel\u00e9 qui est mont\u00e9e dans les colonnes double rampe et permet de rattraper le d\u00e9nivel\u00e9 jusqu\u2019\u00e0 45\u00b0. La distance maximale entre les colonnes doit \u00eatre de 40 m\u00e8tres.[\/vc_column_text][\/vc_column][\/vc_row][vc_row][vc_column][vc_cta h2=\u00a0\u00bbContactez notre service commercial :\u00a0\u00bb h2_font_container=\u00a0\u00bbfont_size:20|line_height:26px\u00a0\u00bb h2_use_theme_fonts=\u00a0\u00bbyes\u00a0\u00bb h4=\u00a0\u00bb+33(0)4 78 03 06 10&Prime; h4_font_container=\u00a0\u00bbfont_size:16|color:%23d40000&Prime; h4_use_theme_fonts=\u00a0\u00bbyes\u00a0\u00bb style=\u00a0\u00bbcustom\u00a0\u00bb add_button=\u00a0\u00bbright\u00a0\u00bb btn_title=\u00a0\u00bbPar email\u00a0\u00bb btn_style=\u00a0\u00bbcustom\u00a0\u00bb btn_custom_background=\u00a0\u00bb#d40000&Prime; btn_custom_text=\u00a0\u00bb#ffffff\u00a0\u00bb btn_align=\u00a0\u00bbcenter\u00a0\u00bb btn_i_icon_fontawesome=\u00a0\u00bbfa fa-envelope-o\u00a0\u00bb use_custom_fonts_h2=\u00a0\u00bbtrue\u00a0\u00bb use_custom_fonts_h4=\u00a0\u00bbtrue\u00a0\u00bb btn_button_block=\u00a0\u00bbtrue\u00a0\u00bb btn_add_icon=\u00a0\u00bbtrue\u00a0\u00bb h2_el_id=\u00a0\u00bbno-bottom-margin\u00a0\u00bb h4_el_class=\u00a0\u00bbno-bottom-margin\u00a0\u00bb custom_background=\u00a0\u00bb#f3f3f3&Prime; custom_text=\u00a0\u00bb#333333&Prime; btn_link=\u00a0\u00bburl:http%3A%2F%2Fwww.sorhea.com%2Fcontact%2F|||\u00a0\u00bb btn_el_class=\u00a0\u00bbtheme-font-button\u00a0\u00bb css=\u00a0\u00bb.vc_custom_1512127208732{border-right-width: 5px !important;border-left-width: 5px !important;padding-top: 10px !important;padding-bottom: 10px !important;border-left-color: #d40000 !important;border-right-color: #d40000 !important;}\u00a0\u00bb][\/vc_cta][\/vc_column][\/vc_row]<\/p>\n<\/div>","protected":false},"excerpt":{"rendered":"<p>[vc_row full_width=\u00a0\u00bbstretch_row\u00a0\u00bb css=\u00a0\u00bb.vc_custom_1511516383864{padding-top: 10px !important;padding-bottom: 20px !important;background-color: #333333 !important;}\u00a0\u00bb][vc_column][vc_column_text el_class=\u00a0\u00bbdark-bkgd-text\u00a0\u00bb css=\u00a0\u00bb.vc_custom_1512127051743{margin-bottom: 20px !important;padding-top: 20px !important;}\u00a0\u00bb]Vous devez prot\u00e9ger votre site dans des conditions environnementales, g\u00e9ographiques (quai bord de mer) ou de s\u00e9curit\u00e9 avec des exigences toutes particuli\u00e8res. N\u2019h\u00e9sitez pas \u00e0 formuler votre demande aupr\u00e8s de nos commerciaux. Ils effectuent avec vous une \u00e9tude avant-vente du site.&hellip;<\/p>\n","protected":false},"author":1,"featured_media":0,"parent":26,"menu_order":0,"comment_status":"closed","ping_status":"closed","template":"","meta":{"jetpack_post_was_ever_published":false,"footnotes":""},"class_list":["post-478","page","type-page","status-publish","hentry","description-off"],"jetpack_sharing_enabled":true,"jetpack_shortlink":"https:\/\/wp.me\/P9tlUG-7I","_links":{"self":[{"href":"https:\/\/www.sorhea.com\/fr\/wp-json\/wp\/v2\/pages\/478","targetHints":{"allow":["GET"]}}],"collection":[{"href":"https:\/\/www.sorhea.com\/fr\/wp-json\/wp\/v2\/pages"}],"about":[{"href":"https:\/\/www.sorhea.com\/fr\/wp-json\/wp\/v2\/types\/page"}],"author":[{"embeddable":true,"href":"https:\/\/www.sorhea.com\/fr\/wp-json\/wp\/v2\/users\/1"}],"replies":[{"embeddable":true,"href":"https:\/\/www.sorhea.com\/fr\/wp-json\/wp\/v2\/comments?post=478"}],"version-history":[{"count":18,"href":"https:\/\/www.sorhea.com\/fr\/wp-json\/wp\/v2\/pages\/478\/revisions"}],"predecessor-version":[{"id":9654,"href":"https:\/\/www.sorhea.com\/fr\/wp-json\/wp\/v2\/pages\/478\/revisions\/9654"}],"up":[{"embeddable":true,"href":"https:\/\/www.sorhea.com\/fr\/wp-json\/wp\/v2\/pages\/26"}],"wp:attachment":[{"href":"https:\/\/www.sorhea.com\/fr\/wp-json\/wp\/v2\/media?parent=478"}],"curies":[{"name":"wp","href":"https:\/\/api.w.org\/{rel}","templated":true}]}}