{"id":5319,"date":"2020-08-04T10:40:49","date_gmt":"2020-08-04T08:40:49","guid":{"rendered":"https:\/\/www.sorhea.com\/fr\/?page_id=5319"},"modified":"2026-03-05T14:40:28","modified_gmt":"2026-03-05T13:40:28","slug":"dechetteries","status":"publish","type":"page","link":"https:\/\/www.sorhea.com\/fr\/domaines-activite\/dechetteries\/","title":{"rendered":"D\u00e9chetteries"},"content":{"rendered":"<div class=\"wpb-content-wrapper\"><p>[vc_row full_width=\u00a0\u00bbstretch_row\u00a0\u00bb css=\u00a0\u00bb.vc_custom_1533646784504{border-bottom-width: 20px !important;padding-top: 0px !important;padding-bottom: 20px !important;background-color: #333333 !important;}\u00a0\u00bb][vc_column el_class=\u00a0\u00bbdark-arrow\u00a0\u00bb]<div class=\"dt-fancy-separator title-left h3-size style-disabled\" style=\"width: 100%;\"><div class=\"dt-fancy-title\" style=\"color: #ffffff;\"><span class=\"separator-holder separator-left\"><\/span>D\u00e9chetteries<span class=\"separator-holder separator-right\"><\/span><\/div><\/div>[vc_column_text el_class=\u00a0\u00bbdark-bkgd-text\u00a0\u00bb css=\u00a0\u00bb.vc_custom_1596024267202{margin-bottom: 20px !important;padding-top: 20px !important;}\u00a0\u00bb]Installations particuli\u00e8rement sensibles \u00e0 plusieurs titres, les d\u00e9chetteries recueillent des d\u00e9chets parfois dangereux tout en donnant acc\u00e8s au public. Si la majorit\u00e9 des sites sont r\u00e9cents, certains, anciens et parfois construits dans l\u2019urgence, s\u2019av\u00e8rent dangereux pour les usagers.<\/p>\n<p>Par ailleurs, les vols et les effractions sont communs. En cons\u00e9quence, le gestionnaire des sites de collecte et de valorisation des d\u00e9chets se doit de mettre aux normes les \u00e9quipements de cl\u00f4ture et de d\u00e9tection d\u2019intrusion et de r\u00e9pulsion dans le respect des flux des v\u00e9hicules et des personnes, de jour comme de nuit.[\/vc_column_text]<style type=\"text\/css\" data-type=\"the7_shortcodes-inline-css\">#default-btn-17c2dddb40512caf122fb344a78f7e30.ico-right-side > i {\n  margin-right: 0px;\n  margin-left: 8px;\n}\n#default-btn-17c2dddb40512caf122fb344a78f7e30 > i {\n  margin-right: 8px;\n}<\/style><a href=\"https:\/\/www.sorhea.com\/fr\/wp-content\/uploads\/sites\/4\/2020\/07\/01_SORHEA_Application_Dechetterie_V6_BD.pdf\" class=\"default-btn-shortcode dt-btn dt-btn-m link-hover-off btn-inline-left \" target=\"_blank\" id=\"default-btn-17c2dddb40512caf122fb344a78f7e30\" rel=\"noopener\"><span>T\u00e9l\u00e9charger la brochure D\u00e9chetteries<\/span><\/a>[\/vc_column][\/vc_row][vc_row el_class=\u00a0\u00bbdark-arrow\u00a0\u00bb css=\u00a0\u00bb.vc_custom_1533646751207{margin-top: 30px !important;border-top-width: 10px !important;padding-top: 20px !important;}\u00a0\u00bb][vc_column el_class=\u00a0\u00bbdark-arrow\u00a0\u00bb css=\u00a0\u00bb.vc_custom_1533646505489{margin-top: 0px !important;}\u00a0\u00bb]<div class=\"dt-fancy-separator h2-size title-color\" style=\"width: 100%;\"><div class=\"dt-fancy-title\"><span class=\"separator-holder separator-left\"><\/span>Nos technologies en application<span class=\"separator-holder separator-right\"><\/span><\/div><\/div>[vc_column_text]<\/p>\n<p style=\"text-align: center;\">Survolez le sch\u00e9ma ou les \u00e9tiquettes pour identifier les diff\u00e9rentes technologies d\u00e9ploy\u00e9es et cliquez pour plus d&rsquo;information<\/p>\n<p>[\/vc_column_text][vc_column_text]<div id=\"image-map-pro-7308\"><\/div>[\/vc_column_text][\/vc_column][\/vc_row][vc_row css=\u00a0\u00bb.vc_custom_1533646860778{padding-top: 30px !important;padding-bottom: 0px !important;}\u00a0\u00bb][vc_column][vc_single_image image=\u00a0\u00bb5327&Prime; img_size=\u00a0\u00bbfull\u00a0\u00bb alignment=\u00a0\u00bbcenter\u00a0\u00bb image_hovers=\u00a0\u00bbfalse\u00a0\u00bb][\/vc_column][\/vc_row][vc_row][vc_column]<div class=\"ult-spacer spacer-69df756425c2e\" data-id=\"69df756425c2e\" data-height=\"40\" data-height-mobile=\"40\" data-height-tab=\"40\" data-height-tab-portrait=\"\" data-height-mobile-landscape=\"\" style=\"clear:both;display:block;\"><\/div><div class=\"dt-fancy-separator h3-size style-disabled title-color\" style=\"width: 100%;\"><div class=\"dt-fancy-title\"><span class=\"separator-holder separator-left\"><\/span>Nos r\u00e9alisations<span class=\"separator-holder separator-right\"><\/span><\/div><\/div><div class=\"ult-spacer spacer-69df756425c4b\" data-id=\"69df756425c4b\" data-height=\"4\" data-height-mobile=\"4\" data-height-tab=\"4\" data-height-tab-portrait=\"\" data-height-mobile-landscape=\"\" style=\"clear:both;display:block;\"><\/div><div class=\"hr-thin style-line accent-border-color\" style=\"width: 172px;border-top-width: 6px;\"><\/div><div class=\"ult-spacer spacer-69df756425c7f\" data-id=\"69df756425c7f\" data-height=\"40\" data-height-mobile=\"40\" data-height-tab=\"40\" data-height-tab-portrait=\"\" data-height-mobile-landscape=\"\" style=\"clear:both;display:block;\"><\/div><style type=\"text\/css\" data-type=\"the7_shortcodes-inline-css\">.blog-carousel-shortcode.blog-carousel-shortcode-id-104abe7310d31075216cdaf0a345f08b.dividers-on.classic-layout-list article {\n  padding-top: 0;\n}\n.blog-carousel-shortcode.blog-carousel-shortcode-id-104abe7310d31075216cdaf0a345f08b.dividers-on.classic-layout-list article:first-of-type {\n  margin-top: 0;\n  padding-top: 0;\n}\n.blog-carousel-shortcode.blog-carousel-shortcode-id-104abe7310d31075216cdaf0a345f08b.classic-layout-list.mode-list .post-entry-content {\n  width: calc(100% - );\n}\n.blog-carousel-shortcode.blog-carousel-shortcode-id-104abe7310d31075216cdaf0a345f08b.classic-layout-list.mode-list .no-img .post-entry-content {\n  width: 100%;\n}\n.blog-carousel-shortcode.blog-carousel-shortcode-id-104abe7310d31075216cdaf0a345f08b .filter-bg-decoration .filter-categories a.act {\n  color: #fff;\n}\n.blog-carousel-shortcode.blog-carousel-shortcode-id-104abe7310d31075216cdaf0a345f08b:not(.mode-masonry) article:first-of-type,\n.blog-carousel-shortcode.blog-carousel-shortcode-id-104abe7310d31075216cdaf0a345f08b:not(.mode-masonry) article.visible.first:not(.product) {\n  margin-top: 0;\n}\n.blog-carousel-shortcode.blog-carousel-shortcode-id-104abe7310d31075216cdaf0a345f08b.dividers-on:not(.mode-masonry) article {\n  margin-top: 0;\n}\n.blog-carousel-shortcode.blog-carousel-shortcode-id-104abe7310d31075216cdaf0a345f08b.dividers-on:not(.mode-masonry) article:first-of-type,\n.blog-carousel-shortcode.blog-carousel-shortcode-id-104abe7310d31075216cdaf0a345f08b.dividers-on:not(.mode-masonry) article.visible.first:not(.product) {\n  margin-top: 0;\n  padding-top: 0;\n}\n.blog-carousel-shortcode.blog-carousel-shortcode-id-104abe7310d31075216cdaf0a345f08b .post-thumbnail-wrap {\n  padding: 0px 0px 0px 0px;\n}\n.blog-carousel-shortcode.blog-carousel-shortcode-id-104abe7310d31075216cdaf0a345f08b.enable-bg-rollover .post-thumbnail-rollover:after {\n  background: -webkit-linear-gradient();\n  background: linear-gradient();\n}\n.blog-carousel-shortcode.blog-carousel-shortcode-id-104abe7310d31075216cdaf0a345f08b .gallery-zoom-ico {\n  width: 44px;\n  height: 44px;\n  line-height: 44px;\n  border-radius: 100px;\n  margin: -22px 0 0 -22px;\n  border-width: 0px;\n  color: #ffffff;\n  background: none;\n}\n.bottom-overlap-layout-list.blog-carousel-shortcode.blog-carousel-shortcode-id-104abe7310d31075216cdaf0a345f08b .gallery-zoom-ico {\n  margin-top: -72px;\n}\n.gradient-overlay-layout-list.blog-carousel-shortcode.blog-carousel-shortcode-id-104abe7310d31075216cdaf0a345f08b .gallery-zoom-ico,\n.content-rollover-layout-list.blog-carousel-shortcode.blog-carousel-shortcode-id-104abe7310d31075216cdaf0a345f08b .gallery-zoom-ico {\n  margin: 0 0 10px;\n}\n.content-align-center.gradient-overlay-layout-list.blog-carousel-shortcode.blog-carousel-shortcode-id-104abe7310d31075216cdaf0a345f08b .gallery-zoom-ico,\n.content-align-center.content-rollover-layout-list.blog-carousel-shortcode.blog-carousel-shortcode-id-104abe7310d31075216cdaf0a345f08b .gallery-zoom-ico {\n  margin: 0 auto 10px;\n}\n.dt-icon-bg-on.blog-carousel-shortcode.blog-carousel-shortcode-id-104abe7310d31075216cdaf0a345f08b .gallery-zoom-ico {\n  background: rgba(255,255,255,0.3);\n  box-shadow: none;\n}\n.blog-carousel-shortcode.blog-carousel-shortcode-id-104abe7310d31075216cdaf0a345f08b .gallery-zoom-ico > span,\n.blog-carousel-shortcode.blog-carousel-shortcode-id-104abe7310d31075216cdaf0a345f08b .gallery-zoom-ico:before {\n  font-size: 32px;\n  line-height: 44px;\n}\n.blog-carousel-shortcode.blog-carousel-shortcode-id-104abe7310d31075216cdaf0a345f08b .gallery-zoom-ico > span,\n.blog-carousel-shortcode.blog-carousel-shortcode-id-104abe7310d31075216cdaf0a345f08b .gallery-zoom-ico:before {\n  color: #ffffff;\n  background: none;\n}\n.blog-carousel-shortcode.blog-carousel-shortcode-id-104abe7310d31075216cdaf0a345f08b .entry-title,\n.blog-carousel-shortcode.blog-carousel-shortcode-id-104abe7310d31075216cdaf0a345f08b.owl-carousel .entry-title {\n  margin-bottom: 5px;\n  font-weight: bold;\n}\n.blog-carousel-shortcode.blog-carousel-shortcode-id-104abe7310d31075216cdaf0a345f08b .entry-meta {\n  margin-bottom: 15px;\n}\n.blog-carousel-shortcode.blog-carousel-shortcode-id-104abe7310d31075216cdaf0a345f08b .portfolio-categories {\n  margin-bottom: 15px;\n}\n.blog-carousel-shortcode.blog-carousel-shortcode-id-104abe7310d31075216cdaf0a345f08b .entry-excerpt {\n  margin-bottom: 5px;\n}\n.blog-carousel-shortcode.blog-carousel-shortcode-id-104abe7310d31075216cdaf0a345f08b:not(.centered-layout-list) .post-entry-content {\n  padding: 15px 20px 20px 20px;\n}\n.blog-carousel-shortcode.blog-carousel-shortcode-id-104abe7310d31075216cdaf0a345f08b:not(.centered-layout-list):not(.content-bg-on):not(.mode-list) .no-img .post-entry-content {\n  padding: 0;\n}\n@media screen and (max-width: ) {\n  .blog-carousel-shortcode.blog-carousel-shortcode-id-104abe7310d31075216cdaf0a345f08b article {\n    -ms-flex-flow: column nowrap;\n    flex-flow: column nowrap;\n    margin-top: 20px;\n  }\n  .blog-carousel-shortcode.blog-carousel-shortcode-id-104abe7310d31075216cdaf0a345f08b.dividers-on article {\n    border: none;\n  }\n  .blog-carousel-shortcode.blog-carousel-shortcode-id-104abe7310d31075216cdaf0a345f08b.content-bg-on.centered-layout-list article {\n    padding: 0;\n  }\n  .blog-carousel-shortcode.blog-carousel-shortcode-id-104abe7310d31075216cdaf0a345f08b.blog-shortcode.dividers-on article,\n  .blog-carousel-shortcode.blog-carousel-shortcode-id-104abe7310d31075216cdaf0a345f08b.dividers-on.classic-layout-list article {\n    margin-top: 20px;\n    padding: 0;\n  }\n  .blog-carousel-shortcode.blog-carousel-shortcode-id-104abe7310d31075216cdaf0a345f08b.blog-shortcode.dividers-on article:first-of-type,\n  .blog-carousel-shortcode.blog-carousel-shortcode-id-104abe7310d31075216cdaf0a345f08b.dividers-on.classic-layout-list article:first-of-type {\n    padding: 0;\n  }\n  #page .blog-carousel-shortcode.blog-carousel-shortcode-id-104abe7310d31075216cdaf0a345f08b .post-thumbnail-wrap,\n  #page .blog-carousel-shortcode.blog-carousel-shortcode-id-104abe7310d31075216cdaf0a345f08b .post-entry-content {\n    width: 100%;\n    margin: 0;\n    top: 0;\n  }\n  #page .blog-carousel-shortcode.blog-carousel-shortcode-id-104abe7310d31075216cdaf0a345f08b .post-thumbnail-wrap {\n    padding: 0;\n  }\n  #page .blog-carousel-shortcode.blog-carousel-shortcode-id-104abe7310d31075216cdaf0a345f08b .post-entry-content:after {\n    display: none;\n  }\n  #page .blog-carousel-shortcode.blog-carousel-shortcode-id-104abe7310d31075216cdaf0a345f08b .project-even .post-thumbnail-wrap,\n  #page .blog-carousel-shortcode.blog-carousel-shortcode-id-104abe7310d31075216cdaf0a345f08b.centered-layout-list .post-thumbnail-wrap {\n    -ms-flex-order: 0;\n    order: 0;\n  }\n  #page .blog-carousel-shortcode.blog-carousel-shortcode-id-104abe7310d31075216cdaf0a345f08b.centered-layout-list .post-entry-title-content {\n    -ms-flex-order: 1;\n    order: 1;\n    width: 100%;\n    padding: 20px 20px 0;\n  }\n  #page .blog-carousel-shortcode.blog-carousel-shortcode-id-104abe7310d31075216cdaf0a345f08b.centered-layout-list .post-entry-content {\n    -ms-flex-order: 2;\n    order: 2;\n    padding-top: 0;\n  }\n  #page .blog-carousel-shortcode.blog-carousel-shortcode-id-104abe7310d31075216cdaf0a345f08b .fancy-categories {\n    top: 10px;\n    left: 10px;\n    bottom: auto;\n    right: auto;\n  }\n  #page .blog-carousel-shortcode.blog-carousel-shortcode-id-104abe7310d31075216cdaf0a345f08b .fancy-date a {\n    top: 10px;\n    right: 10px;\n    left: auto;\n    bottom: auto;\n  }\n  #page .blog-carousel-shortcode.blog-carousel-shortcode-id-104abe7310d31075216cdaf0a345f08b .post-entry-content {\n    padding: 20px;\n  }\n  #page .blog-carousel-shortcode.blog-carousel-shortcode-id-104abe7310d31075216cdaf0a345f08b .entry-title {\n    margin: 3px 0 5px;\n    font-size: 20px;\n    line-height: 26px;\n  }\n  #page .blog-carousel-shortcode.blog-carousel-shortcode-id-104abe7310d31075216cdaf0a345f08b .entry-meta {\n    margin: 5px 0 5px;\n  }\n  #page .blog-carousel-shortcode.blog-carousel-shortcode-id-104abe7310d31075216cdaf0a345f08b .entry-excerpt {\n    margin: 15px 0 0;\n  }\n  #page .blog-carousel-shortcode.blog-carousel-shortcode-id-104abe7310d31075216cdaf0a345f08b .post-details {\n    margin: 5px 0 10px;\n  }\n  #page .blog-carousel-shortcode.blog-carousel-shortcode-id-104abe7310d31075216cdaf0a345f08b .post-details.details-type-link {\n    margin-bottom: 2px;\n  }\n}\n.blog-carousel-shortcode.blog-carousel-shortcode-id-104abe7310d31075216cdaf0a345f08b.owl-carousel .owl-nav div {\n  width: 36px;\n  height: 36px;\n  border-radius: 500px;\n}\n.dt-arrow-border-on.blog-carousel-shortcode.blog-carousel-shortcode-id-104abe7310d31075216cdaf0a345f08b.owl-carousel .owl-nav div:not(:hover):before {\n  border-width: 0px;\n}\n.dt-arrow-hover-border-on.blog-carousel-shortcode.blog-carousel-shortcode-id-104abe7310d31075216cdaf0a345f08b.owl-carousel .owl-nav div:hover:after {\n  border-width: 0px;\n}\n.blog-carousel-shortcode.blog-carousel-shortcode-id-104abe7310d31075216cdaf0a345f08b.owl-carousel .owl-nav div.owl-prev {\n  top: 50%;\n  transform: translateY(calc(-50% + 0px));\n  left: -43px;\n}\n@media all and (-ms-high-contrast: none) {\n  .blog-carousel-shortcode.blog-carousel-shortcode-id-104abe7310d31075216cdaf0a345f08b.owl-carousel .owl-nav div.owl-prev {\n    transform: translateY(-50%);\n    margin-top: 0px;\n  }\n}\n.blog-carousel-shortcode.blog-carousel-shortcode-id-104abe7310d31075216cdaf0a345f08b.owl-carousel .owl-nav div.owl-prev i {\n  padding: 0px 0px 0px 0px;\n}\n.blog-carousel-shortcode.blog-carousel-shortcode-id-104abe7310d31075216cdaf0a345f08b.owl-carousel .owl-nav div.owl-next {\n  top: 50%;\n  transform: translateY(calc(-50% + 0px));\n  right: -43px;\n}\n@media all and (-ms-high-contrast: none) {\n  .blog-carousel-shortcode.blog-carousel-shortcode-id-104abe7310d31075216cdaf0a345f08b.owl-carousel .owl-nav div.owl-next {\n    transform: translateY(-50%);\n    margin-top: 0px;\n  }\n}\n.blog-carousel-shortcode.blog-carousel-shortcode-id-104abe7310d31075216cdaf0a345f08b.owl-carousel .owl-nav div.owl-next i {\n  padding: 0px 0px 0px 0px;\n}\n.blog-carousel-shortcode.blog-carousel-shortcode-id-104abe7310d31075216cdaf0a345f08b.owl-carousel .owl-nav i {\n  font-size: 18px;\n}\n.blog-carousel-shortcode.blog-carousel-shortcode-id-104abe7310d31075216cdaf0a345f08b.owl-carousel .owl-nav div:not(:hover) i,\n.blog-carousel-shortcode.blog-carousel-shortcode-id-104abe7310d31075216cdaf0a345f08b.owl-carousel .owl-nav div:not(:hover) i:before {\n  color: #ffffff;\n  background: none;\n}\n.blog-carousel-shortcode.blog-carousel-shortcode-id-104abe7310d31075216cdaf0a345f08b.owl-carousel .owl-nav div:hover i,\n.blog-carousel-shortcode.blog-carousel-shortcode-id-104abe7310d31075216cdaf0a345f08b.owl-carousel .owl-nav div:hover i:before {\n  color: rgba(255,255,255,0.75);\n  background: none;\n}\n.blog-carousel-shortcode.blog-carousel-shortcode-id-104abe7310d31075216cdaf0a345f08b .owl-dots {\n  top: calc(100% + 20px);\n  left: 50%;\n  transform: translateX(calc(-50% + 0px));\n}\n@media all and (-ms-high-contrast: none) {\n  .blog-carousel-shortcode.blog-carousel-shortcode-id-104abe7310d31075216cdaf0a345f08b .owl-dots {\n    transform: translateX(-50%);\n    margin-left: 0px;\n  }\n}\n.blog-carousel-shortcode.blog-carousel-shortcode-id-104abe7310d31075216cdaf0a345f08b .owl-dot {\n  width: 10px;\n  height: 10px;\n  margin: 0 8px;\n}\n@media screen and (max-width: 778px) {\n  .blog-carousel-shortcode.blog-carousel-shortcode-id-104abe7310d31075216cdaf0a345f08b.hide-arrows .owl-nav a {\n    display: none;\n  }\n}\n@media screen and (max-width: 778px) {\n  .blog-carousel-shortcode.blog-carousel-shortcode-id-104abe7310d31075216cdaf0a345f08b.reposition-arrows .owl-nav div.owl-prev {\n    top: 50%;\n    transform: translateY(calc(-50% + 0px));\n    left: 10px;\n  }\n  .blog-carousel-shortcode.blog-carousel-shortcode-id-104abe7310d31075216cdaf0a345f08b.reposition-arrows .owl-nav div.owl-next {\n    top: 50%;\n    transform: translateY(calc(-50% + 0px));\n    right: 10px;\n  }\n}\n@media screen and (max-width: 778px) and all and (-ms-high-contrast: none) {\n  .blog-carousel-shortcode.blog-carousel-shortcode-id-104abe7310d31075216cdaf0a345f08b.reposition-arrows .owl-nav div.owl-prev {\n    transform: translateY(-50%);\n    margin-top: 0px;\n  }\n}\n@media screen and (max-width: 778px) and all and (-ms-high-contrast: none) {\n  .blog-carousel-shortcode.blog-carousel-shortcode-id-104abe7310d31075216cdaf0a345f08b.reposition-arrows .owl-nav div.owl-next {\n    transform: translateY(-50%);\n    margin-top: 0px;\n  }\n}<\/style><div class=\"owl-carousel blog-carousel-shortcode dt-owl-carousel-call blog-carousel-shortcode-id-104abe7310d31075216cdaf0a345f08b classic-layout-list content-bg-on dt-icon-bg-off dt-arrow-border-on dt-arrow-hover-border-on meta-info-off bullets-small-dot-stroke reposition-arrows arrows-bg-on disable-arrows-hover-bg arrows-hover-bg-on  \" data-scroll-mode=\"1\" data-col-num=\"3\" data-wide-col-num=\"4\" data-laptop-col=\"3\" data-h-tablet-columns-num=\"3\" data-v-tablet-columns-num=\"2\" data-phone-columns-num=\"1\" data-auto-height=\"true\" data-col-gap=\"30\" data-stage-padding=\"0\" data-speed=\"600\" data-autoplay=\"false\" data-autoplay_speed=\"6000\" data-arrows=\"true\" data-bullet=\"false\" data-next-icon=\"icon-ar-017-r\" data-prev-icon=\"icon-ar-017-l\"><article class=\"post post-3255 type-post status-publish format-standard has-post-thumbnail hentry category-actualites tag-dechetteries category-1\" data-name=\"D\u00e9chetteries : toutes nos solutions de d\u00e9tection d\u2019intrusion\" data-date=\"2019-04-18T14:39:05+02:00\">\n\n<div class=\"post-thumbnail-wrap\">\n\t<div class=\"post-thumbnail\">\n\t\t\n\t\t\n\t\t<a href=\"https:\/\/www.sorhea.com\/fr\/dechetteries-toutes-nos-solutions-de-detection-dintrusion\/\" class=\"post-thumbnail-rollover layzr-bg\" ><img fetchpriority=\"high\" decoding=\"async\" class=\"preload-me owl-lazy-load aspect\" src=\"data:image\/svg+xml,%3Csvg%20xmlns%3D&#39;http%3A%2F%2Fwww.w3.org%2F2000%2Fsvg&#39;%20viewBox%3D&#39;0%200%20525%20350&#39;%2F%3E\" data-src=\"https:\/\/www.sorhea.com\/fr\/wp-content\/uploads\/sites\/4\/2019\/04\/D\u00e9chetteries-Actualit\u00e9.-525x350.jpg\" data-srcset=\"https:\/\/www.sorhea.com\/fr\/wp-content\/uploads\/sites\/4\/2019\/04\/D\u00e9chetteries-Actualit\u00e9.-525x350.jpg 525w\" loading=\"eager\" style=\"--ratio: 525 \/ 350\" sizes=\"(max-width: 525px) 100vw, 525px\" alt=\"\" title=\"D\u00e9chetteries &#8211; Actualit\u00e9.\" width=\"525\" height=\"350\"  \/><\/a>\t<\/div>\n<\/div>\n\n\n<div class=\"post-entry-content\">\n\n\t<h3 class=\"entry-title\">\n\t\t<a href=\"https:\/\/www.sorhea.com\/fr\/dechetteries-toutes-nos-solutions-de-detection-dintrusion\/\" title=\"D\u00e9chetteries : toutes nos solutions de d\u00e9tection d\u2019intrusion\" rel=\"bookmark\">D\u00e9chetteries : toutes nos solutions de d\u00e9tection d\u2019intrusion<\/a>\n\t<\/h3>\n\n\t\n\t<div class=\"entry-excerpt\"><p>[vc_row][vc_column][vc_column_text]Chacun de vos besoins est pris en compte, de la d\u00e9tection \u00e0 l&rsquo;approche jusqu&rsquo;\u00e0 l&rsquo;int\u00e9gration \u00e0 votre syst\u00e8me en place. Installations particuli\u00e8rement sensibles \u00e0 plus\u2026<\/p>\n<\/div>\n\t\n<a href=\"https:\/\/www.sorhea.com\/fr\/dechetteries-toutes-nos-solutions-de-detection-dintrusion\/\" class=\"post-details details-type-link\" aria-label=\"Read more about D\u00e9chetteries : toutes nos solutions de d\u00e9tection d\u2019intrusion\">Lire la suite<i class=\"dt-icon-the7-arrow-03\" aria-hidden=\"true\"><\/i><\/a>\n\n<\/div><\/article><\/div>[\/vc_column][\/vc_row]<\/p>\n<\/div>","protected":false},"excerpt":{"rendered":"<p>[vc_row full_width=\u00a0\u00bbstretch_row\u00a0\u00bb css=\u00a0\u00bb.vc_custom_1533646784504{border-bottom-width: 20px !important;padding-top: 0px !important;padding-bottom: 20px !important;background-color: #333333 !important;}\u00a0\u00bb][vc_column el_class=\u00a0\u00bbdark-arrow\u00a0\u00bb][vc_column_text el_class=\u00a0\u00bbdark-bkgd-text\u00a0\u00bb css=\u00a0\u00bb.vc_custom_1596024267202{margin-bottom: 20px !important;padding-top: 20px !important;}\u00a0\u00bb]Installations particuli\u00e8rement sensibles \u00e0 plusieurs titres, les d\u00e9chetteries recueillent des d\u00e9chets parfois dangereux tout en donnant acc\u00e8s au public. Si la majorit\u00e9 des sites sont r\u00e9cents, certains, anciens et parfois construits dans l\u2019urgence, s\u2019av\u00e8rent dangereux pour les usagers.&hellip;<\/p>\n","protected":false},"author":1,"featured_media":0,"parent":2050,"menu_order":0,"comment_status":"closed","ping_status":"closed","template":"","meta":{"jetpack_post_was_ever_published":false,"footnotes":""},"class_list":["post-5319","page","type-page","status-publish","hentry","description-off"],"jetpack_sharing_enabled":true,"jetpack_shortlink":"https:\/\/wp.me\/P9tlUG-1nN","_links":{"self":[{"href":"https:\/\/www.sorhea.com\/fr\/wp-json\/wp\/v2\/pages\/5319","targetHints":{"allow":["GET"]}}],"collection":[{"href":"https:\/\/www.sorhea.com\/fr\/wp-json\/wp\/v2\/pages"}],"about":[{"href":"https:\/\/www.sorhea.com\/fr\/wp-json\/wp\/v2\/types\/page"}],"author":[{"embeddable":true,"href":"https:\/\/www.sorhea.com\/fr\/wp-json\/wp\/v2\/users\/1"}],"replies":[{"embeddable":true,"href":"https:\/\/www.sorhea.com\/fr\/wp-json\/wp\/v2\/comments?post=5319"}],"version-history":[{"count":7,"href":"https:\/\/www.sorhea.com\/fr\/wp-json\/wp\/v2\/pages\/5319\/revisions"}],"predecessor-version":[{"id":9652,"href":"https:\/\/www.sorhea.com\/fr\/wp-json\/wp\/v2\/pages\/5319\/revisions\/9652"}],"up":[{"embeddable":true,"href":"https:\/\/www.sorhea.com\/fr\/wp-json\/wp\/v2\/pages\/2050"}],"wp:attachment":[{"href":"https:\/\/www.sorhea.com\/fr\/wp-json\/wp\/v2\/media?parent=5319"}],"curies":[{"name":"wp","href":"https:\/\/api.w.org\/{rel}","templated":true}]}}