{"id":6813,"date":"2021-11-02T09:49:46","date_gmt":"2021-11-02T08:49:46","guid":{"rendered":"https:\/\/www.sorhea.com\/fr\/?page_id=6813"},"modified":"2024-10-04T11:02:11","modified_gmt":"2024-10-04T09:02:11","slug":"tutoriels-videos","status":"publish","type":"page","link":"https:\/\/www.sorhea.com\/fr\/espace-client\/tutoriels-videos\/","title":{"rendered":"Tutoriels Vid\u00e9os"},"content":{"rendered":"<div class=\"wpb-content-wrapper\"><p>[vc_row full_width=\u00a0\u00bbstretch_row\u00a0\u00bb css=\u00a0\u00bb.vc_custom_1511790371581{padding-bottom: 40px !important;background-color: #333333 !important;}\u00a0\u00bb][vc_column]<div class=\"dt-fancy-separator h2-size style-disabled\" style=\"width: 100%;\"><div class=\"dt-fancy-title\" style=\"color: #ffffff;\"><span class=\"separator-holder separator-left\"><\/span>Espace client<span class=\"separator-holder separator-right\"><\/span><\/div><\/div>[\/vc_column][\/vc_row][vc_row el_class=\u00a0\u00bbdark-arrow\u00a0\u00bb css=\u00a0\u00bb.vc_custom_1511516789691{padding-top: 50px !important;padding-bottom: 20px !important;}\u00a0\u00bb][vc_column width=\u00a0\u00bb1\/3&Prime;][vc_widget_sidebar sidebar_id=\u00a0\u00bbsidebar_3&Prime;][\/vc_column][vc_column width=\u00a0\u00bb2\/3&Prime;]<div class=\"dt-fancy-separator title-left h3-size title-color\" style=\"width: 100%;\"><div class=\"dt-fancy-title\"><span class=\"separator-holder separator-left\"><\/span>Tutoriels Vid\u00e9os<span class=\"separator-holder separator-right\"><\/span><\/div><\/div><div class=\"ult-spacer spacer-69e0c6d2dd29b\" data-id=\"69e0c6d2dd29b\" data-height=\"20\" data-height-mobile=\"20\" data-height-tab=\"20\" data-height-tab-portrait=\"\" data-height-mobile-landscape=\"\" style=\"clear:both;display:block;\"><\/div>[vc_column_text]D\u00e9couvrez sans plus attendre nos tutoriels vid\u00e9os.<\/p>\n<p>Dans ces tutoriels, nous d\u00e9taillons les \u00e9tapes de l\u2019installation du mat\u00e9riel et les pr\u00e9conisations de mise en service.[\/vc_column_text]<div class=\"dt-fancy-separator title-left h4-size accent-title-color\" style=\"width: 100%;\"><div class=\"dt-fancy-title\"><span class=\"separator-holder separator-left\"><\/span>ALIGNEMENT D\u2019UNE BARRI\u00c8RE IR<span class=\"separator-holder separator-right\"><\/span><\/div><\/div>[vc_video link=\u00a0\u00bbhttps:\/\/youtu.be\/SxLp0Nmeiwo\u00a0\u00bb]<div class=\"dt-fancy-separator title-left h4-size accent-title-color\" style=\"width: 100%;\"><div class=\"dt-fancy-title\"><span class=\"separator-holder separator-left\"><\/span>CABLE G-FENCE<span class=\"separator-holder separator-right\"><\/span><\/div><\/div>[vc_video link=\u00a0\u00bbhttps:\/\/youtu.be\/9J-zY6wDfTc\u00a0\u00bb]<div class=\"dt-fancy-separator title-left h4-size accent-title-color\" style=\"width: 100%;\"><div class=\"dt-fancy-title\"><span class=\"separator-holder separator-left\"><\/span>PIRAMID<span class=\"separator-holder separator-right\"><\/span><\/div><\/div><div class=\"ult-spacer spacer-69e0c6d2dd2be\" data-id=\"69e0c6d2dd2be\" data-height=\"10\" data-height-mobile=\"10\" data-height-tab=\"10\" data-height-tab-portrait=\"\" data-height-mobile-landscape=\"\" style=\"clear:both;display:block;\"><\/div>[vc_video link=\u00a0\u00bbhttps:\/\/youtu.be\/_W0YVLS5rW4&Prime;]<div class=\"dt-fancy-separator title-left h4-size accent-title-color\" style=\"width: 100%;\"><div class=\"dt-fancy-title\"><span class=\"separator-holder separator-left\"><\/span>SMART BRIDGE - VMS<span class=\"separator-holder separator-right\"><\/span><\/div><\/div>[vc_video link=\u00a0\u00bbhttps:\/\/youtu.be\/OA2dK22dCMA\u00a0\u00bb][vc_video link=\u00a0\u00bbhttps:\/\/youtu.be\/Rbg6kdoCLlc\u00a0\u00bb][vc_video link=\u00a0\u00bbhttps:\/\/youtu.be\/umXaqFMdNS8&Prime;][vc_video link=\u00a0\u00bbhttps:\/\/youtu.be\/SPrWcx0LAiU\u00a0\u00bb][vc_video link=\u00a0\u00bbhttps:\/\/youtu.be\/xkdjp8d7s1o\u00a0\u00bb][\/vc_column][\/vc_row]<\/p>\n<\/div>","protected":false},"excerpt":{"rendered":"<p>[vc_row full_width=\u00a0\u00bbstretch_row\u00a0\u00bb css=\u00a0\u00bb.vc_custom_1511790371581{padding-bottom: 40px !important;background-color: #333333 !important;}\u00a0\u00bb][vc_column][\/vc_column][\/vc_row][vc_row el_class=\u00a0\u00bbdark-arrow\u00a0\u00bb css=\u00a0\u00bb.vc_custom_1511516789691{padding-top: 50px !important;padding-bottom: 20px !important;}\u00a0\u00bb][vc_column width=\u00a0\u00bb1\/3&Prime;][vc_widget_sidebar sidebar_id=\u00a0\u00bbsidebar_3&Prime;][\/vc_column][vc_column width=\u00a0\u00bb2\/3&Prime;][vc_column_text]D\u00e9couvrez sans plus attendre nos tutoriels vid\u00e9os. Dans ces tutoriels, nous d\u00e9taillons les \u00e9tapes de l\u2019installation du mat\u00e9riel et les pr\u00e9conisations de mise en service.[\/vc_column_text][vc_video link=\u00a0\u00bbhttps:\/\/youtu.be\/SxLp0Nmeiwo\u00a0\u00bb][vc_video link=\u00a0\u00bbhttps:\/\/youtu.be\/9J-zY6wDfTc\u00a0\u00bb][vc_video link=\u00a0\u00bbhttps:\/\/youtu.be\/_W0YVLS5rW4&Prime;][vc_video link=\u00a0\u00bbhttps:\/\/youtu.be\/OA2dK22dCMA\u00a0\u00bb][vc_video link=\u00a0\u00bbhttps:\/\/youtu.be\/Rbg6kdoCLlc\u00a0\u00bb][vc_video link=\u00a0\u00bbhttps:\/\/youtu.be\/umXaqFMdNS8&Prime;][vc_video link=\u00a0\u00bbhttps:\/\/youtu.be\/SPrWcx0LAiU\u00a0\u00bb][vc_video link=\u00a0\u00bbhttps:\/\/youtu.be\/xkdjp8d7s1o\u00a0\u00bb][\/vc_column][\/vc_row]<\/p>\n","protected":false},"author":430,"featured_media":0,"parent":894,"menu_order":0,"comment_status":"closed","ping_status":"closed","template":"","meta":{"jetpack_post_was_ever_published":false,"footnotes":""},"class_list":["post-6813","page","type-page","status-publish","hentry","description-off"],"jetpack_sharing_enabled":true,"jetpack_shortlink":"https:\/\/wp.me\/P9tlUG-1LT","_links":{"self":[{"href":"https:\/\/www.sorhea.com\/fr\/wp-json\/wp\/v2\/pages\/6813","targetHints":{"allow":["GET"]}}],"collection":[{"href":"https:\/\/www.sorhea.com\/fr\/wp-json\/wp\/v2\/pages"}],"about":[{"href":"https:\/\/www.sorhea.com\/fr\/wp-json\/wp\/v2\/types\/page"}],"author":[{"embeddable":true,"href":"https:\/\/www.sorhea.com\/fr\/wp-json\/wp\/v2\/users\/430"}],"replies":[{"embeddable":true,"href":"https:\/\/www.sorhea.com\/fr\/wp-json\/wp\/v2\/comments?post=6813"}],"version-history":[{"count":9,"href":"https:\/\/www.sorhea.com\/fr\/wp-json\/wp\/v2\/pages\/6813\/revisions"}],"predecessor-version":[{"id":8703,"href":"https:\/\/www.sorhea.com\/fr\/wp-json\/wp\/v2\/pages\/6813\/revisions\/8703"}],"up":[{"embeddable":true,"href":"https:\/\/www.sorhea.com\/fr\/wp-json\/wp\/v2\/pages\/894"}],"wp:attachment":[{"href":"https:\/\/www.sorhea.com\/fr\/wp-json\/wp\/v2\/media?parent=6813"}],"curies":[{"name":"wp","href":"https:\/\/api.w.org\/{rel}","templated":true}]}}