{"id":6903,"date":"2021-12-13T16:26:21","date_gmt":"2021-12-13T15:26:21","guid":{"rendered":"https:\/\/www.sorhea.com\/fr\/?page_id=6903"},"modified":"2026-03-05T14:36:22","modified_gmt":"2026-03-05T13:36:22","slug":"bibliotheque-en-ligne","status":"publish","type":"page","link":"https:\/\/www.sorhea.com\/fr\/qui-sommes-nous\/bibliotheque-en-ligne\/","title":{"rendered":"Biblioth\u00e8que en ligne"},"content":{"rendered":"<div class=\"wpb-content-wrapper\"><p>[vc_row full_width=\u00a0\u00bbstretch_row\u00a0\u00bb css=\u00a0\u00bb.vc_custom_1511516383864{padding-top: 10px !important;padding-bottom: 20px !important;background-color: #333333 !important;}\u00a0\u00bb][vc_column]<div class=\"dt-fancy-separator title-left h3-size style-disabled\" style=\"width: 100%;\"><div class=\"dt-fancy-title\" style=\"color: #ffffff;\"><span class=\"separator-holder separator-left\"><\/span>Biblioth\u00e8que en ligne<span class=\"separator-holder separator-right\"><\/span><\/div><\/div>[vc_column_text el_class=\u00a0\u00bbdark-bkgd-text\u00a0\u00bb css=\u00a0\u00bb.vc_custom_1639402764609{margin-bottom: 20px !important;padding-top: 20px !important;}\u00a0\u00bb]Visitez notre biblioth\u00e8que en ligne pour trouver des brochures, des manuels techniques et d&rsquo;autres documents pour vous renseigner sur l&rsquo;ensemble de nos gammes de produits.[\/vc_column_text][\/vc_column][\/vc_row][vc_row el_class=\u00a0\u00bbdark-arrow\u00a0\u00bb css=\u00a0\u00bb.vc_custom_1511516789691{padding-top: 50px !important;padding-bottom: 20px !important;}\u00a0\u00bb][vc_column]<div class=\"dt-fancy-separator h3-size title-color\" style=\"width: 100%;\"><div class=\"dt-fancy-title\"><span class=\"separator-holder separator-left\"><\/span>Documentation<span class=\"separator-holder separator-right\"><\/span><\/div><\/div><div class=\"ult-spacer spacer-69d7f66b04084\" data-id=\"69d7f66b04084\" data-height=\"30\" data-height-mobile=\"30\" data-height-tab=\"30\" data-height-tab-portrait=\"\" data-height-mobile-landscape=\"\" style=\"clear:both;display:block;\"><\/div>[vc_cta h2=\u00a0\u00bbNotre plaquette institutionnelle en PDF\u00a0\u00bb h2_font_container=\u00a0\u00bbtag:h2|font_size:20px|text_align:left|line_height:48px\u00a0\u00bb h2_use_theme_fonts=\u00a0\u00bbyes\u00a0\u00bb style=\u00a0\u00bbcustom\u00a0\u00bb add_button=\u00a0\u00bbleft\u00a0\u00bb btn_title=\u00a0\u00bbT\u00e9l\u00e9charger\u00a0\u00bb btn_style=\u00a0\u00bbcustom\u00a0\u00bb btn_custom_background=\u00a0\u00bb#d40000&Prime; btn_custom_text=\u00a0\u00bb#ffffff\u00a0\u00bb btn_align=\u00a0\u00bbcenter\u00a0\u00bb btn_i_icon_fontawesome=\u00a0\u00bbfar fa-file-pdf\u00a0\u00bb use_custom_fonts_h2=\u00a0\u00bbtrue\u00a0\u00bb btn_button_block=\u00a0\u00bbtrue\u00a0\u00bb btn_add_icon=\u00a0\u00bbtrue\u00a0\u00bb custom_background=\u00a0\u00bb#f3f3f3&Prime; custom_text=\u00a0\u00bb#333333&Prime; btn_el_class=\u00a0\u00bbtheme-font-button\u00a0\u00bb css=\u00a0\u00bb.vc_custom_1686293710745{border-right-width: 5px !important;border-left-width: 5px !important;padding-top: 15px !important;padding-bottom: 15px !important;border-left-color: #d40000 !important;border-right-color: #d40000 !important;}\u00a0\u00bb h2_el_class=\u00a0\u00bbno-bottom-margin\u00a0\u00bb btn_link=\u00a0\u00bburl:https%3A%2F%2Fwww.sorhea.com%2Ffr%2Fwp-content%2Fuploads%2Fsites%2F4%2F2023%2F06%2FBrochure-Corporate-FR_2023_V1-min.pdf|target:_blank\u00a0\u00bb][\/vc_cta]<div class=\"ult-spacer spacer-69d7f66b0408e\" data-id=\"69d7f66b0408e\" data-height=\"30\" data-height-mobile=\"30\" data-height-tab=\"30\" data-height-tab-portrait=\"\" data-height-mobile-landscape=\"\" style=\"clear:both;display:block;\"><\/div>[vc_tabs interval=\u00a0\u00bb0&Prime; title_size=\u00a0\u00bbh5&Prime; style=\u00a0\u00bbtab-style-four\u00a0\u00bb][vc_tab title=\u00a0\u00bbNotices produits\u00a0\u00bb tab_id=\u00a0\u00bb062cc576-e865-9&Prime;][vc_row_inner][vc_column_inner width=\u00a0\u00bb1\/2&Prime;][vc_column_text]<strong>Barri\u00e8res infrarouge actif<\/strong><\/p>\n<p><ul class=\"standard-arrow list-divider\"><li><p><a href=\"\/ftp-uploads\/NC_COLIRIS_FR.pdf\" target=\"_blank\" rel=\"noopener noreferrer\">COLIRIS<\/a><\/p>\n<\/li><li><p><a href=\"\/ftp-uploads\/NC_MAXIRIS_FR.pdf\" target=\"_blank\" rel=\"noopener noreferrer\">MAXIRIS<\/a><\/p>\n<\/li><li><p><a href=\"\/ftp-uploads\/NC_SOBEAM_FR.pdf\" target=\"_blank\" rel=\"noopener noreferrer\">SOBEAM<\/a><\/p>\n<\/li><li><p><a href=\"https:\/\/www.sorhea.com\/fr\/wp-content\/uploads\/sites\/4\/2022\/09\/02.6-SOLARIS-NG_FR.pdf\" target=\"_blank\" rel=\"noopener noreferrer\">SOLARIS NG<\/a><\/p>\n<\/li><li><p><a href=\"\/ftp-uploads\/NC_MINIRIS_FR.pdf\" target=\"_blank\" rel=\"noopener noreferrer\">MINIRIS<\/a><\/p>\n<\/li><li><p><a href=\"\/ftp-uploads\/NC_BIRIS_FR.pdf\" target=\"_blank\" rel=\"noopener noreferrer\">BIRIS<\/a><\/p>\n<\/li><li><p><a href=\"\/ftp-uploads\/NC_APIRIS_FR.pdf\" target=\"_blank\" rel=\"noopener noreferrer\">APIRIS<\/a><\/p>\n<\/li><\/ul><strong>C\u00e2bles \u00e0 d\u00e9tection de chocs<\/strong><\/p>\n<p><ul class=\"standard-arrow list-divider\"><li><p><a href=\"\/ftp-uploads\/NC_G-FENCE-3000_FR.pdf\" target=\"_blank\" rel=\"noopener noreferrer\">G-FENCE 3000<\/a><\/p>\n<\/li><li><p><a href=\"\/ftp-uploads\/NC_G-FENCE-2400_FR.pdf\" target=\"_blank\" rel=\"noopener noreferrer\">G-FENCE 2400<\/a><\/p>\n<\/li><li><p><a href=\"\/ftp-uploads\/NC_G-FENCE-600_FR.pdf\" target=\"_blank\" rel=\"noopener noreferrer\">G-FENCE 600 &amp; 600Z<\/a><\/p>\n<\/li><li><p><a href=\"https:\/\/www.sorhea.com\/fr\/wp-content\/uploads\/sites\/4\/2023\/09\/SORHEA_NC246-FR_GFENCE_CONNECTOR_2023.pdf\" target=\"_blank\" rel=\"noopener noreferrer\">CONNECTEUR DE PORTAIL<\/a><\/p>\n<\/li><\/ul><strong>Syst\u00e8me d&rsquo;\u00e9lectrification de cl\u00f4ture<\/strong><\/p>\n<p><ul class=\"standard-arrow list-divider\"><li><p><a href=\"\/ftp-uploads\/NC_SILUR_FR.pdf\" target=\"_blank\" rel=\"noopener noreferrer\">SILUR 360 &amp; FX<\/a><\/p>\n<\/li><li><p><a href=\"\/ftp-uploads\/NC_SI-TOP_FR.pdf\" target=\"_blank\" rel=\"noopener noreferrer\">SI-TOP<\/a><\/p>\n<\/li><li><p><a href=\"\/ftp-uploads\/NC_SI-LOCK_FR.pdf\" target=\"_blank\" rel=\"noopener noreferrer\">SI-LOCK<\/a><\/p>\n<\/li><\/ul>[\/vc_column_text][\/vc_column_inner][vc_column_inner width=\u00a0\u00bb1\/2&Prime;][vc_column_text]<strong>Cl\u00f4tures et bavolets d\u00e9tecteurs<\/strong><\/p>\n<p><ul class=\"standard-arrow list-divider\"><li><p><a href=\"\/ftp-uploads\/NC_ACTI-TOP_FR.pdf\" target=\"_blank\" rel=\"noopener noreferrer\">ACTI-TOP<\/a><\/p>\n<\/li><li><p><a href=\"\/ftp-uploads\/NC_ACTI-FENCE_FR.pdf\" target=\"_blank\" rel=\"noopener noreferrer\">ACTI-FENCE<\/a><\/p>\n<\/li><\/ul><strong>D\u00e9tecteurs double technologie<\/strong><\/p>\n<p><ul class=\"standard-arrow list-divider\"><li><p><a href=\"\/ftp-uploads\/NC_PIRAMID_FR.pdf\" target=\"_blank\" rel=\"noopener noreferrer\">PIRAMID<\/a><\/p>\n<\/li><li><p><a href=\"\/ftp-uploads\/NC_PIRMAID-ATEX_FR.pdf\" target=\"_blank\" rel=\"noopener noreferrer\">PIRAMID ATEX<\/a><\/p>\n<\/li><\/ul><strong>Analyse vid\u00e9o<\/strong><\/p>\n<p><ul class=\"standard-arrow list-divider\"><\/ul><strong>C\u00e2bles enterr\u00e9s hyperfr\u00e9quence<\/strong><\/p>\n<p><ul class=\"standard-arrow list-divider\"><li><p><a href=\"\/ftp-uploads\/NC_TALPA_FR.pdf\" target=\"_blank\" rel=\"noopener noreferrer\">TALPA<\/a><\/p>\n<\/li><\/ul><strong>Barri\u00e8res hyperfr\u00e9quence<\/strong><\/p>\n<p><ul class=\"standard-arrow list-divider\"><li><p><a href=\"\/ftp-uploads\/NC_ERMO-CORAL_FR.pdf\" target=\"_blank\" rel=\"noopener noreferrer\">ERMO \/ CORAL<\/a><\/p>\n<\/li><\/ul><strong>Int\u00e9gration<\/strong><\/p>\n<p><ul class=\"standard-arrow list-divider\"><li><p><a href=\"\/ftp-uploads\/NC_MAXIBUS_FR.pdf\" target=\"_blank\" rel=\"noopener noreferrer\">MAXIBUS UNIVERSEL<\/a><\/p>\n<\/li><li><p><a href=\"\/ftp-uploads\/NC_SO-MAP_FR.pdf\" target=\"_blank\" rel=\"noopener noreferrer\">SO-MAP<\/a><\/p>\n<\/li><li><p><a href=\"https:\/\/www.sorhea.com\/fr\/wp-content\/uploads\/sites\/4\/2023\/04\/Smart-Bridge_FR_2023.pdf\" target=\"_blank\" rel=\"noopener noreferrer\">SMART BRIDGE<\/a><\/p>\n<\/li><li><p><a href=\"\/ftp-uploads\/NC_MI8_FR.pdf\" target=\"_blank\" rel=\"noopener noreferrer\">MODULE D\u00c9PORT\u00c9 8 ENTR\u00c9ES (MI8)<\/a><\/p>\n<\/li><\/ul>[\/vc_column_text][\/vc_column_inner][\/vc_row_inner][\/vc_tab][vc_tab title=\u00a0\u00bbPlaquettes domaines d&rsquo;activit\u00e9\u00a0\u00bb tab_id=\u00a0\u00bb4edeaec3-fdf2-7&Prime;][vc_row_inner][vc_column_inner width=\u00a0\u00bb1\/2&Prime;][vc_column_text]<ul class=\"standard-arrow list-divider\"><li><p><a href=\"\/ftp-uploads\/DA_INFRASTRUCTURE-PORTUAIRE_FR.pdf\" target=\"_blank\" rel=\"noopener noreferrer\">INFRASTRUCTURE PORTUAIRE<\/a><\/p>\n<\/li><li><p><a href=\"\/ftp-uploads\/DA_FERMES-SOLAIRES_FR.pdf\" target=\"_blank\" rel=\"noopener noreferrer\">FERMES SOLAIRES<\/a><\/p>\n<\/li><li><p><a href=\"\/ftp-uploads\/DA_DECHETTERIES_FR.pdf\" target=\"_blank\" rel=\"noopener noreferrer\">DECHETTERIES<\/a><\/p>\n<\/li><\/ul>[\/vc_column_text][\/vc_column_inner][vc_column_inner width=\u00a0\u00bb1\/2&Prime;][vc_column_text]<ul class=\"standard-arrow list-divider\"><li><p><a href=\"\/ftp-uploads\/DA_DOMAINE-VIP_FR.pdf\" target=\"_blank\" rel=\"noopener noreferrer\">DOMAINE VIP<\/a><\/p>\n<\/li><li><p><a href=\"\/ftp-uploads\/DA_POSTES-ELECTRIQUES_FR.pdf\" target=\"_blank\" rel=\"noopener noreferrer\">POSTES ELECTRIQUES<\/a><\/p>\n<\/li><li><p><a href=\"\/ftp-uploads\/DA_SITES-SEVESO_FR.pdf\" target=\"_blank\" rel=\"noopener noreferrer\">SITES SEVESO<\/a><\/p>\n<\/li><\/ul>[\/vc_column_text][\/vc_column_inner][\/vc_row_inner][\/vc_tab][vc_tab title=\u00a0\u00bbVid\u00e9os\u00a0\u00bb tab_id=\u00a0\u00bb1639404752859-2-7&Prime;][vc_row_inner][vc_column_inner width=\u00a0\u00bb1\/2&Prime;]<div class=\"dt-fancy-separator title-left h4-size style-thick accent-title-color\" style=\"width: 100%;\"><div class=\"dt-fancy-title\"><span class=\"separator-holder separator-left\"><\/span>MAXIRIS<span class=\"separator-holder separator-right\"><\/span><\/div><\/div><div class=\"ult-spacer spacer-69d7f66b04551\" data-id=\"69d7f66b04551\" data-height=\"10\" data-height-mobile=\"10\" data-height-tab=\"10\" data-height-tab-portrait=\"\" data-height-mobile-landscape=\"\" style=\"clear:both;display:block;\"><\/div>[vc_video link=\u00a0\u00bbhttps:\/\/www.youtube.com\/watch?v=F2IEQFtw1Us\u00a0\u00bb align=\u00a0\u00bbcenter\u00a0\u00bb][vc_video link=\u00a0\u00bbhttps:\/\/www.youtube.com\/watch?v=ZxirdiAd2Jc\u00a0\u00bb align=\u00a0\u00bbcenter\u00a0\u00bb]<div class=\"ult-spacer spacer-69d7f66b04558\" data-id=\"69d7f66b04558\" data-height=\"10\" data-height-mobile=\"10\" data-height-tab=\"10\" data-height-tab-portrait=\"\" data-height-mobile-landscape=\"\" style=\"clear:both;display:block;\"><\/div><div class=\"dt-fancy-separator title-left h4-size style-thick accent-title-color\" style=\"width: 100%;\"><div class=\"dt-fancy-title\"><span class=\"separator-holder separator-left\"><\/span>SOLARIS<span class=\"separator-holder separator-right\"><\/span><\/div><\/div><div class=\"ult-spacer spacer-69d7f66b04567\" data-id=\"69d7f66b04567\" data-height=\"10\" data-height-mobile=\"10\" data-height-tab=\"10\" data-height-tab-portrait=\"\" data-height-mobile-landscape=\"\" style=\"clear:both;display:block;\"><\/div>[vc_video link=\u00a0\u00bbhttps:\/\/www.youtube.com\/watch?v=1EumGFYgBus\u00a0\u00bb align=\u00a0\u00bbcenter\u00a0\u00bb]<div class=\"ult-spacer spacer-69d7f66b0456c\" data-id=\"69d7f66b0456c\" data-height=\"10\" data-height-mobile=\"10\" data-height-tab=\"10\" data-height-tab-portrait=\"\" data-height-mobile-landscape=\"\" style=\"clear:both;display:block;\"><\/div><div class=\"dt-fancy-separator title-left h4-size style-thick accent-title-color\" style=\"width: 100%;\"><div class=\"dt-fancy-title\"><span class=\"separator-holder separator-left\"><\/span>MINIRIS<span class=\"separator-holder separator-right\"><\/span><\/div><\/div><div class=\"ult-spacer spacer-69d7f66b04579\" data-id=\"69d7f66b04579\" data-height=\"10\" data-height-mobile=\"10\" data-height-tab=\"10\" data-height-tab-portrait=\"\" data-height-mobile-landscape=\"\" style=\"clear:both;display:block;\"><\/div>[vc_video link=\u00a0\u00bbhttps:\/\/www.youtube.com\/watch?v=kqhm_qyTcRg\u00a0\u00bb align=\u00a0\u00bbcenter\u00a0\u00bb][\/vc_column_inner][vc_column_inner width=\u00a0\u00bb1\/2&Prime;]<div class=\"dt-fancy-separator title-left h4-size style-thick accent-title-color\" style=\"width: 100%;\"><div class=\"dt-fancy-title\"><span class=\"separator-holder separator-left\"><\/span>G-FENCE<span class=\"separator-holder separator-right\"><\/span><\/div><\/div><div class=\"ult-spacer spacer-69d7f66b04585\" data-id=\"69d7f66b04585\" data-height=\"10\" data-height-mobile=\"10\" data-height-tab=\"10\" data-height-tab-portrait=\"\" data-height-mobile-landscape=\"\" style=\"clear:both;display:block;\"><\/div>[vc_video link=\u00a0\u00bbhttps:\/\/www.youtube.com\/watch?v=WwHAbewBMSs\u00a0\u00bb align=\u00a0\u00bbcenter\u00a0\u00bb][vc_video link=\u00a0\u00bbhttps:\/\/www.youtube.com\/watch?v=EzPG1RI-HJE\u00a0\u00bb align=\u00a0\u00bbcenter\u00a0\u00bb]<div class=\"ult-spacer spacer-69d7f66b0458a\" data-id=\"69d7f66b0458a\" data-height=\"10\" data-height-mobile=\"10\" data-height-tab=\"10\" data-height-tab-portrait=\"\" data-height-mobile-landscape=\"\" style=\"clear:both;display:block;\"><\/div><div class=\"dt-fancy-separator title-left h4-size style-thick accent-title-color\" style=\"width: 100%;\"><div class=\"dt-fancy-title\"><span class=\"separator-holder separator-left\"><\/span>PIRAMID<span class=\"separator-holder separator-right\"><\/span><\/div><\/div><div class=\"ult-spacer spacer-69d7f66b04597\" data-id=\"69d7f66b04597\" data-height=\"10\" data-height-mobile=\"10\" data-height-tab=\"10\" data-height-tab-portrait=\"\" data-height-mobile-landscape=\"\" style=\"clear:both;display:block;\"><\/div>[vc_video link=\u00a0\u00bbhttps:\/\/www.youtube.com\/watch?v=65fzY_Qucr0&Prime; align=\u00a0\u00bbcenter\u00a0\u00bb][\/vc_column_inner][\/vc_row_inner][\/vc_tab][\/vc_tabs][\/vc_column][\/vc_row]<\/p>\n<\/div>","protected":false},"excerpt":{"rendered":"<p>[vc_row full_width=\u00a0\u00bbstretch_row\u00a0\u00bb css=\u00a0\u00bb.vc_custom_1511516383864{padding-top: 10px !important;padding-bottom: 20px !important;background-color: #333333 !important;}\u00a0\u00bb][vc_column][vc_column_text el_class=\u00a0\u00bbdark-bkgd-text\u00a0\u00bb css=\u00a0\u00bb.vc_custom_1639402764609{margin-bottom: 20px !important;padding-top: 20px !important;}\u00a0\u00bb]Visitez notre biblioth\u00e8que en ligne pour trouver des brochures, des manuels techniques et d&rsquo;autres documents pour vous renseigner sur l&rsquo;ensemble de nos gammes de produits.[\/vc_column_text][\/vc_column][\/vc_row][vc_row el_class=\u00a0\u00bbdark-arrow\u00a0\u00bb css=\u00a0\u00bb.vc_custom_1511516789691{padding-top: 50px !important;padding-bottom: 20px !important;}\u00a0\u00bb][vc_column][vc_cta h2=\u00a0\u00bbNotre plaquette institutionnelle en PDF\u00a0\u00bb h2_font_container=\u00a0\u00bbtag:h2|font_size:20px|text_align:left|line_height:48px\u00a0\u00bb h2_use_theme_fonts=\u00a0\u00bbyes\u00a0\u00bb style=\u00a0\u00bbcustom\u00a0\u00bb add_button=\u00a0\u00bbleft\u00a0\u00bb btn_title=\u00a0\u00bbT\u00e9l\u00e9charger\u00a0\u00bb&hellip;<\/p>\n","protected":false},"author":1,"featured_media":0,"parent":24,"menu_order":0,"comment_status":"closed","ping_status":"closed","template":"","meta":{"jetpack_post_was_ever_published":false,"footnotes":""},"class_list":["post-6903","page","type-page","status-publish","hentry","description-off"],"jetpack_sharing_enabled":true,"jetpack_shortlink":"https:\/\/wp.me\/P9tlUG-1Nl","_links":{"self":[{"href":"https:\/\/www.sorhea.com\/fr\/wp-json\/wp\/v2\/pages\/6903","targetHints":{"allow":["GET"]}}],"collection":[{"href":"https:\/\/www.sorhea.com\/fr\/wp-json\/wp\/v2\/pages"}],"about":[{"href":"https:\/\/www.sorhea.com\/fr\/wp-json\/wp\/v2\/types\/page"}],"author":[{"embeddable":true,"href":"https:\/\/www.sorhea.com\/fr\/wp-json\/wp\/v2\/users\/1"}],"replies":[{"embeddable":true,"href":"https:\/\/www.sorhea.com\/fr\/wp-json\/wp\/v2\/comments?post=6903"}],"version-history":[{"count":22,"href":"https:\/\/www.sorhea.com\/fr\/wp-json\/wp\/v2\/pages\/6903\/revisions"}],"predecessor-version":[{"id":9646,"href":"https:\/\/www.sorhea.com\/fr\/wp-json\/wp\/v2\/pages\/6903\/revisions\/9646"}],"up":[{"embeddable":true,"href":"https:\/\/www.sorhea.com\/fr\/wp-json\/wp\/v2\/pages\/24"}],"wp:attachment":[{"href":"https:\/\/www.sorhea.com\/fr\/wp-json\/wp\/v2\/media?parent=6903"}],"curies":[{"name":"wp","href":"https:\/\/api.w.org\/{rel}","templated":true}]}}