{"id":877,"date":"2017-11-27T11:57:24","date_gmt":"2017-11-27T10:57:24","guid":{"rendered":"https:\/\/www.sorhea.com\/?page_id=877"},"modified":"2021-02-03T10:50:37","modified_gmt":"2021-02-03T09:50:37","slug":"inscription","status":"publish","type":"page","link":"https:\/\/www.sorhea.com\/fr\/inscription\/","title":{"rendered":"Inscription"},"content":{"rendered":"<div class=\"wpb-content-wrapper\"><p>[vc_row full_width=\u00a0\u00bbstretch_row\u00a0\u00bb css=\u00a0\u00bb.vc_custom_1511780342866{padding-bottom: 40px !important;background-color: #333333 !important;}\u00a0\u00bb][vc_column]<div class=\"dt-fancy-separator h2-size style-disabled\" style=\"width: 100%;\"><div class=\"dt-fancy-title\" style=\"color: #ffffff;\"><span class=\"separator-holder separator-left\"><\/span>Inscription<span class=\"separator-holder separator-right\"><\/span><\/div><\/div>[\/vc_column][\/vc_row][vc_row el_class=\u00a0\u00bbdark-arrow\u00a0\u00bb css=\u00a0\u00bb.vc_custom_1511516789691{padding-top: 50px !important;padding-bottom: 20px !important;}\u00a0\u00bb][vc_column offset=\u00a0\u00bbvc_col-lg-offset-3 vc_col-lg-6 vc_col-md-offset-2 vc_col-md-8&Prime; css=\u00a0\u00bb.vc_custom_1511782883589{padding-top: 0px !important;}\u00a0\u00bb][vc_column_text]<\/p>\n<p style=\"text-align: center;\"><i class=\"fa icon-info-circled\"><\/i> Le nom d&rsquo;utilisateur ne peut \u00eatre compos\u00e9 que de lettres minuscules et de chiffres.<br \/>\nLes espaces et caract\u00e8res sp\u00e9ciaux ne sont pas autoris\u00e9s \u00e0 l&rsquo;exception des tirets (-).<\/p>\n<p>[\/vc_column_text][vc_column_text]<div id=\"wpmem_reg\"><a id=\"register\"><\/a><form name=\"form\" method=\"post\" action=\"https:\/\/www.sorhea.com\/fr\/inscription\/\" id=\"wpmem_register_form\" class=\"form\"><input type=\"hidden\" id=\"_wpmem_register_nonce\" name=\"_wpmem_register_nonce\" value=\"8008b21c5b\" \/><input type=\"hidden\" name=\"_wp_http_referer\" value=\"\/fr\/wp-json\/wp\/v2\/pages\/877\" \/><fieldset><legend>Nouvel utilisateur\u00a0?<\/legend><label for=\"username\" class=\"text\">Choisissez un Nom d\u2019utilisateur<span class=\"req\">*<\/span><\/label><div class=\"div_text\"><input name=\"username\" type=\"text\" id=\"username\" value=\"\" class=\"textbox\" required  \/><\/div><label for=\"first_name\" class=\"text\">Pr\u00e9nom<span class=\"req\">*<\/span><\/label><div class=\"div_text\"><input name=\"first_name\" type=\"text\" id=\"first_name\" value=\"\" class=\"textbox\" required  \/><\/div><label for=\"last_name\" class=\"text\">Nom<span class=\"req\">*<\/span><\/label><div class=\"div_text\"><input name=\"last_name\" type=\"text\" id=\"last_name\" value=\"\" class=\"textbox\" required  \/><\/div><label for=\"company\" class=\"text\">Entreprise<span class=\"req\">*<\/span><\/label><div class=\"div_text\"><input name=\"company\" type=\"text\" id=\"company\" value=\"\" class=\"textbox\" required  \/><\/div><label for=\"addr1\" class=\"text\">Adresse 1<span class=\"req\">*<\/span><\/label><div class=\"div_text\"><input name=\"addr1\" type=\"text\" id=\"addr1\" value=\"\" class=\"textbox\" required  \/><\/div><label for=\"addr2\" class=\"text\">Compl\u00e9ment d\u2019adresse<\/label><div class=\"div_text\"><input name=\"addr2\" type=\"text\" id=\"addr2\" value=\"\" class=\"textbox\" \/><\/div><label for=\"zip\" class=\"text\">Code postal<span class=\"req\">*<\/span><\/label><div class=\"div_text\"><input name=\"zip\" type=\"text\" id=\"zip\" value=\"\" class=\"textbox\" required  \/><\/div><label for=\"city\" class=\"text\">Ville<span class=\"req\">*<\/span><\/label><div class=\"div_text\"><input name=\"city\" type=\"text\" id=\"city\" value=\"\" class=\"textbox\" required  \/><\/div><label for=\"country_code\" class=\"select\">Pays<span class=\"req\">*<\/span><\/label><div class=\"div_select\"><select name=\"country_code\" id=\"country_code\" class=\"dropdown\" required ><option value=\"\">&lt;---- Selectionner ----&gt;<\/option><option value=\"AFG\">Afghanistan<\/option><option value=\"ALA\">\u00celes d&#039;\u00c5land<\/option><option value=\"ALB\">Albanie<\/option><option value=\"DZA\">Alg\u00e9rie<\/option><option value=\"ASM\">Samoa am\u00e9ricaines<\/option><option value=\"AND\">Andorre<\/option><option value=\"AGO\">Angola<\/option><option value=\"AIA\">Anguilla<\/option><option value=\"ATA\">Antarctique<\/option><option value=\"ATG\">Antigue-et-Barbude<\/option><option value=\"ARG\">Argentine<\/option><option value=\"ARM\">Arm\u00e9nie<\/option><option value=\"ABW\">Aruba<\/option><option value=\"AUS\">Australie<\/option><option value=\"AUT\">Autriche<\/option><option value=\"AZE\">Azerbaijan<\/option><option value=\"BHS\">Bahamas<\/option><option value=\"BHR\">Bahrain<\/option><option value=\"BGD\">Bangladesh<\/option><option value=\"BRB\">Barbade<\/option><option value=\"BLR\">Bi\u00e9lorussie<\/option><option value=\"BEL\">Belgique<\/option><option value=\"BLZ\">Belize<\/option><option value=\"BEN\">Benin<\/option><option value=\"BMU\">Bermudes<\/option><option value=\"BTN\">Bhutan<\/option><option value=\"BOL\">Bolivie<\/option><option value=\"BES\">Bonaire<\/option><option value=\"BIH\">Bosnie-Herz\u00e9govine<\/option><option value=\"BWA\">Botswana<\/option><option value=\"BVT\">\u00cele Bouvet<\/option><option value=\"BRA\">Br\u00e9sil<\/option><option value=\"IOT\">Territoire britannique de l&#039;oc\u00e9an Indien<\/option><option value=\"BRN\">Brunei<\/option><option value=\"BGR\">Bulgarie<\/option><option value=\"BFA\">Burkina Faso<\/option><option value=\"BDI\">Burundi<\/option><option value=\"KHM\">Cambodge<\/option><option value=\"CMR\">Cameroun<\/option><option value=\"CAN\">Canada<\/option><option value=\"CPV\">Cape Verde<\/option><option value=\"CYM\">\u00celes Ca\u00efmans<\/option><option value=\"CAF\">R\u00e9publique centrafricaine<\/option><option value=\"TCD\">Chad<\/option><option value=\"CHL\">Chili<\/option><option value=\"CHN\">Chine<\/option><option value=\"CXR\">\u00cele Christmas<\/option><option value=\"CCK\">\u00celes Cocos<\/option><option value=\"COL\">Colombie<\/option><option value=\"COM\">Comores<\/option><option value=\"COG\">Congo<\/option><option value=\"COD\">R\u00e9publique d\u00e9mocratique du Congo<\/option><option value=\"COK\">\u00celes Cook<\/option><option value=\"CRI\">Costa Rica<\/option><option value=\"CIV\">C\u00f4te d&#039;Ivoire<\/option><option value=\"HRV\">Croatie<\/option><option value=\"CUB\">Cuba<\/option><option value=\"CUW\">Cura\u00e7ao<\/option><option value=\"CYP\">Chypre<\/option><option value=\"CZE\">R\u00e9publique tch\u00e8que<\/option><option value=\"DNK\">Danemark<\/option><option value=\"DJI\">Djibouti<\/option><option value=\"DMA\">Dominique<\/option><option value=\"DOM\">R\u00e9publique dominicaine<\/option><option value=\"ECU\">\u00c9quateur<\/option><option value=\"EGY\">Egypte<\/option><option value=\"SLV\">Salvador<\/option><option value=\"GNQ\">Guin\u00e9e \u00e9quatoriale<\/option><option value=\"ERI\">\u00c9rythr\u00e9e<\/option><option value=\"EST\">Estonie<\/option><option value=\"ETH\">Ethiopie<\/option><option value=\"FLK\">\u00celes Malouines<\/option><option value=\"FRO\">\u00celes F\u00e9ro\u00e9<\/option><option value=\"FJI\">Fiji<\/option><option value=\"FIN\">Finlande<\/option><option value=\"FRA\">France<\/option><option value=\"GUF\">Guyane fran\u00e7aise<\/option><option value=\"PYF\">Polyn\u00e9sie fran\u00e7aise<\/option><option value=\"ATF\">Terres australes et antarctiques fran\u00e7aises<\/option><option value=\"GAB\">Gabon<\/option><option value=\"GMB\">Gambie<\/option><option value=\"GEO\">G\u00e9orgie<\/option><option value=\"DEU\">Allemagne<\/option><option value=\"GHA\">Ghana<\/option><option value=\"GIB\">Gibraltar<\/option><option value=\"GRC\">Gr\u00e8ce<\/option><option value=\"GRL\">Groenland<\/option><option value=\"GRD\">Grenade<\/option><option value=\"GLP\">Guadeloupe<\/option><option value=\"GUM\">Guam<\/option><option value=\"GTM\">Guatemala<\/option><option value=\"GGY\">Guernsey<\/option><option value=\"GIN\">Guin\u00e9e<\/option><option value=\"GNB\">Guin\u00e9e-Bissau<\/option><option value=\"GUY\">Guyane<\/option><option value=\"HTI\">Haiti<\/option><option value=\"HMD\">\u00celes Heard-et-MacDonald<\/option><option value=\"VAT\">Saint-Si\u00e8ge (Vatican)<\/option><option value=\"HND\">Honduras<\/option><option value=\"HKG\">Hong Kong<\/option><option value=\"HUN\">Hongrie<\/option><option value=\"ISL\">Islande<\/option><option value=\"IND\">Inde<\/option><option value=\"IDN\">Indon\u00e9sie<\/option><option value=\"IRN\">Iran<\/option><option value=\"IRQ\">Iraq<\/option><option value=\"IRL\">Irlande<\/option><option value=\"IMN\">\u00cele de Man<\/option><option value=\"ISR\">Israel<\/option><option value=\"ITA\">Italie<\/option><option value=\"JAM\">Jama\u00efque<\/option><option value=\"JPN\">Japon<\/option><option value=\"JEY\">Jersey<\/option><option value=\"JOR\">Jordanie<\/option><option value=\"KAZ\">Kazakhstan<\/option><option value=\"KEN\">Kenya<\/option><option value=\"KIR\">Kiribati<\/option><option value=\"PRK\">Cor\u00e9e du Nord<\/option><option value=\"KOR\">Cor\u00e9e du Sud<\/option><option value=\"KWT\">Kowe\u00eft<\/option><option value=\"KGZ\">Kirghizistan<\/option><option value=\"LAO\">Laos<\/option><option value=\"LVA\">Lettonie<\/option><option value=\"LBN\">Liban<\/option><option value=\"LSO\">Lesotho<\/option><option value=\"LBR\">Liberia<\/option><option value=\"LBY\">Libye<\/option><option value=\"LIE\">Liechtenstein<\/option><option value=\"LTU\">Lithuanie<\/option><option value=\"LUX\">Luxembourg<\/option><option value=\"MAC\">Macao<\/option><option value=\"MKD\">Mac\u00e9doine<\/option><option value=\"MDG\">Madagascar<\/option><option value=\"MWI\">Malawi<\/option><option value=\"MYS\">Malaysie<\/option><option value=\"MDV\">Maldives<\/option><option value=\"MLI\">Mali<\/option><option value=\"MLT\">Malte<\/option><option value=\"MHL\">\u00celes Marshall<\/option><option value=\"MTQ\">Martinique<\/option><option value=\"MRT\">Mauritanie<\/option><option value=\"MUS\">Maurice<\/option><option value=\"MYT\">Mayotte<\/option><option value=\"MEX\">Mexico<\/option><option value=\"FSM\">Micronesie<\/option><option value=\"MDA\">Moldavie<\/option><option value=\"MCO\">Monaco<\/option><option value=\"MNG\">Mongolie<\/option><option value=\"MNE\">Montenegro<\/option><option value=\"MSR\">Montserrat<\/option><option value=\"MAR\">Maroc<\/option><option value=\"MOZ\">Mozambique<\/option><option value=\"MMR\">Birmanie<\/option><option value=\"NAM\">Namibie<\/option><option value=\"NRU\">Nauru<\/option><option value=\"NPL\">Nepal<\/option><option value=\"NLD\">Pays-bas<\/option><option value=\"NCL\">Nouvelle-Cal\u00e9donie<\/option><option value=\"NZL\">Nouvelle-Z\u00e9lande<\/option><option value=\"NIC\">Nicaragua<\/option><option value=\"NER\">Niger<\/option><option value=\"NGA\">Nigeria<\/option><option value=\"NIU\">Niue<\/option><option value=\"NFK\">\u00cele Norfolk<\/option><option value=\"MNP\">\u00celes Mariannes du Nord<\/option><option value=\"NOR\">Norv\u00e8ge<\/option><option value=\"OMN\">Oman<\/option><option value=\"PAK\">Pakistan<\/option><option value=\"PLW\">Palaos<\/option><option value=\"PSE\">Territoires palestiniens occup\u00e9s<\/option><option value=\"PAN\">Panama<\/option><option value=\"PNG\">Papouasie-Nouvelle-Guin\u00e9e<\/option><option value=\"PRY\">Paraguay<\/option><option value=\"PER\">P\u00e9rou<\/option><option value=\"PHL\">Philippines<\/option><option value=\"PCN\">\u00celes Pitcairn<\/option><option value=\"POL\">Pologne<\/option><option value=\"PRT\">Portugal<\/option><option value=\"PRI\">Puerto Rico<\/option><option value=\"QAT\">Qatar<\/option><option value=\"REU\">R\u00e9union<\/option><option value=\"ROU\">Roumanie<\/option><option value=\"RUS\">Russie<\/option><option value=\"RWA\">Rwanda<\/option><option value=\"BLM\">Saint Barth\u00e9lemy<\/option><option value=\"\">Sainte-H\u00e9l\u00e8ne<\/option><option value=\"SHN\">Ascension et Tristan da Cunha<\/option><option value=\"KNA\">Saint-Christophe-et-Ni\u00e9v\u00e8s<\/option><option value=\"LCA\">Sainte-Lucie<\/option><option value=\"MAF\">Saint Martin<\/option><option value=\"SPM\">Saint-Pierre-et-Miquelon<\/option><option value=\"VCT\">Saint-Vincent-et-les-Grenadines<\/option><option value=\"WSM\">Samoa<\/option><option value=\"SMR\">Saint Marin<\/option><option value=\"STP\">Sao Tom\u00e9-et-Principe<\/option><option value=\"SAU\">Arabie saoudite<\/option><option value=\"SEN\">S\u00e9n\u00e9gal<\/option><option value=\"SRB\">Serbie<\/option><option value=\"SYC\">Seychelles<\/option><option value=\"SLE\">Sierra Leone<\/option><option value=\"SGP\">Singapour<\/option><option value=\"SXM\">Sint Maarten<\/option><option value=\"SVK\">Slovaquie<\/option><option value=\"SVN\">Slov\u00e9nie<\/option><option value=\"SLB\">\u00celes Salomon<\/option><option value=\"SOM\">Somalie<\/option><option value=\"ZAF\">Afrique du Sud<\/option><option value=\"SGS\">G\u00e9orgie du Sud-et-les \u00celes Sandwich du Sud<\/option><option value=\"SSD\">Soudan du Sud<\/option><option value=\"ESP\">Espagne<\/option><option value=\"LKA\">Sri Lanka<\/option><option value=\"SDN\">Soudan<\/option><option value=\"SUR\">Suriname<\/option><option value=\"SJM\">Svalbard et Jan Mayen<\/option><option value=\"SWZ\">Swaziland<\/option><option value=\"SWE\">Su\u00e8de<\/option><option value=\"CHE\">Suisse<\/option><option value=\"SYR\">Syrie<\/option><option value=\"TWN\">Ta\u00efwan<\/option><option value=\"TJK\">Tadjikistan<\/option><option value=\"TZA\">Tanzanie<\/option><option value=\"THA\">Tha\u00eflande<\/option><option value=\"TLS\">Timor oriental<\/option><option value=\"TGO\">Togo<\/option><option value=\"TKL\">Tokelau<\/option><option value=\"TON\">Tonga<\/option><option value=\"TTO\">Trinit\u00e9-et-Tobago<\/option><option value=\"TUN\">Tunisie<\/option><option value=\"TUR\">Turquie<\/option><option value=\"TKM\">Turkm\u00e9nistan<\/option><option value=\"TCA\">\u00celes Turques-et-Ca\u00efques<\/option><option value=\"TUV\">Tuvalu<\/option><option value=\"UGA\">Ouganda<\/option><option value=\"UKR\">Ukraine<\/option><option value=\"ARE\">\u00c9mirats arabes unis<\/option><option value=\"GBR\">Royaume-Uni<\/option><option value=\"USA\">\u00c9tats-unis<\/option><option value=\"UMI\">\u00celes mineures \u00e9loign\u00e9es des \u00c9tats-Unis<\/option><option value=\"URY\">Uruguay<\/option><option value=\"UZB\">Ouzb\u00e9kistan<\/option><option value=\"VUT\">Vanuatu<\/option><option value=\"VEN\">Venezuela<\/option><option value=\"VNM\">Vi\u00eat Nam<\/option><option value=\"VGB\">\u00celes Vierges britanniques<\/option><option value=\"VIR\">\u00celes Vierges des \u00c9tats-Unis<\/option><option value=\"WLF\">Wallis-et-Futuna<\/option><option value=\"ESH\">Sahara occidental<\/option><option value=\"YEM\">Yemen<\/option><option value=\"ZMB\">Zambie<\/option><option value=\"ZWE\">Zimbabwe<\/option><\/select><\/div><label for=\"phone1\" class=\"text\">T\u00e9l\u00e9phone<span class=\"req\">*<\/span><\/label><div class=\"div_text\"><input name=\"phone1\" type=\"text\" id=\"phone1\" value=\"\" class=\"textbox\" required  \/><\/div><label for=\"user_email\" class=\"text\">Courriel<span class=\"req\">*<\/span><\/label><div class=\"div_text\"><input name=\"user_email\" type=\"email\" id=\"user_email\" value=\"\" class=\"textbox\" required  \/><\/div><div class=\"div_text\"><input name=\"tos\" type=\"checkbox\" id=\"tos\" value=\"agree\" required  \/> <a href=\"#\" onClick=\"window.open('\/fr\/wp-json\/wp\/v2\/pages\/877?tos=display','tos');\">TOS<\/a><span class=\"req\">*<\/span><\/div><script src=\"https:\/\/www.google.com\/recaptcha\/api.js?render=6LdVmoopAAAAACuLFri9sktfEyvWWZ_iV4OIpKEo\"><\/script><script>grecaptcha.ready(function () {grecaptcha.execute('6LdVmoopAAAAACuLFri9sktfEyvWWZ_iV4OIpKEo', { action: 'contact' }).then(function (token) {var recaptchaResponse = document.getElementById('recaptchaResponse');recaptchaResponse.value = token;});});<\/script><input type=\"hidden\" name=\"recaptcha_response\" id=\"recaptchaResponse\"><input name=\"a\" type=\"hidden\" value=\"register\" \/><input name=\"wpmem_reg_page\" type=\"hidden\" value=\"https:\/\/www.sorhea.com\/fr\/inscription\/\" \/><div class=\"button_div\"><input name=\"submit\" type=\"submit\" value=\"S\u2019inscrire\" class=\"buttons\" \/><\/div><div class=\"req-text\"><span class=\"req\">*<\/span>Champ requis<\/div><\/fieldset><\/form><\/div>[\/vc_column_text][\/vc_column][\/vc_row]<\/p>\n<\/div>","protected":false},"excerpt":{"rendered":"<p>[vc_row full_width=\u00a0\u00bbstretch_row\u00a0\u00bb css=\u00a0\u00bb.vc_custom_1511780342866{padding-bottom: 40px !important;background-color: #333333 !important;}\u00a0\u00bb][vc_column][\/vc_column][\/vc_row][vc_row el_class=\u00a0\u00bbdark-arrow\u00a0\u00bb css=\u00a0\u00bb.vc_custom_1511516789691{padding-top: 50px !important;padding-bottom: 20px !important;}\u00a0\u00bb][vc_column offset=\u00a0\u00bbvc_col-lg-offset-3 vc_col-lg-6 vc_col-md-offset-2 vc_col-md-8&Prime; css=\u00a0\u00bb.vc_custom_1511782883589{padding-top: 0px !important;}\u00a0\u00bb][vc_column_text] Le nom d&rsquo;utilisateur ne peut \u00eatre compos\u00e9 que de lettres minuscules et de chiffres. Les espaces et caract\u00e8res sp\u00e9ciaux ne sont pas autoris\u00e9s \u00e0 l&rsquo;exception des tirets (-). [\/vc_column_text][vc_column_text][\/vc_column_text][\/vc_column][\/vc_row]<\/p>\n","protected":false},"author":1,"featured_media":0,"parent":0,"menu_order":0,"comment_status":"closed","ping_status":"closed","template":"","meta":{"jetpack_post_was_ever_published":false,"footnotes":""},"class_list":["post-877","page","type-page","status-publish","hentry","description-off"],"jetpack_sharing_enabled":true,"jetpack_shortlink":"https:\/\/wp.me\/P9tlUG-e9","_links":{"self":[{"href":"https:\/\/www.sorhea.com\/fr\/wp-json\/wp\/v2\/pages\/877","targetHints":{"allow":["GET"]}}],"collection":[{"href":"https:\/\/www.sorhea.com\/fr\/wp-json\/wp\/v2\/pages"}],"about":[{"href":"https:\/\/www.sorhea.com\/fr\/wp-json\/wp\/v2\/types\/page"}],"author":[{"embeddable":true,"href":"https:\/\/www.sorhea.com\/fr\/wp-json\/wp\/v2\/users\/1"}],"replies":[{"embeddable":true,"href":"https:\/\/www.sorhea.com\/fr\/wp-json\/wp\/v2\/comments?post=877"}],"version-history":[{"count":8,"href":"https:\/\/www.sorhea.com\/fr\/wp-json\/wp\/v2\/pages\/877\/revisions"}],"predecessor-version":[{"id":1287,"href":"https:\/\/www.sorhea.com\/fr\/wp-json\/wp\/v2\/pages\/877\/revisions\/1287"}],"wp:attachment":[{"href":"https:\/\/www.sorhea.com\/fr\/wp-json\/wp\/v2\/media?parent=877"}],"curies":[{"name":"wp","href":"https:\/\/api.w.org\/{rel}","templated":true}]}}