{"id":924,"date":"2017-11-27T15:48:24","date_gmt":"2017-11-27T14:48:24","guid":{"rendered":"https:\/\/www.sorhea.com\/?page_id=924"},"modified":"2021-02-03T10:29:00","modified_gmt":"2021-02-03T09:29:00","slug":"profil-utilisateur","status":"publish","type":"page","link":"https:\/\/www.sorhea.com\/fr\/espace-client\/profil-utilisateur\/","title":{"rendered":"Profil utilisateur"},"content":{"rendered":"Vous devez \u00eatre connect\u00e9 pour voir ce contenu.","protected":false},"excerpt":{"rendered":"Vous devez \u00eatre connect\u00e9 pour voir ce contenu.","protected":false},"author":1,"featured_media":0,"parent":894,"menu_order":0,"comment_status":"closed","ping_status":"closed","template":"","meta":{"jetpack_post_was_ever_published":false,"footnotes":""},"class_list":["post-924","page","type-page","status-publish","hentry","description-off"],"jetpack_sharing_enabled":true,"jetpack_shortlink":"https:\/\/wp.me\/P9tlUG-eU","_links":{"self":[{"href":"https:\/\/www.sorhea.com\/fr\/wp-json\/wp\/v2\/pages\/924","targetHints":{"allow":["GET"]}}],"collection":[{"href":"https:\/\/www.sorhea.com\/fr\/wp-json\/wp\/v2\/pages"}],"about":[{"href":"https:\/\/www.sorhea.com\/fr\/wp-json\/wp\/v2\/types\/page"}],"author":[{"embeddable":true,"href":"https:\/\/www.sorhea.com\/fr\/wp-json\/wp\/v2\/users\/1"}],"replies":[{"embeddable":true,"href":"https:\/\/www.sorhea.com\/fr\/wp-json\/wp\/v2\/comments?post=924"}],"version-history":[{"count":9,"href":"https:\/\/www.sorhea.com\/fr\/wp-json\/wp\/v2\/pages\/924\/revisions"}],"predecessor-version":[{"id":1232,"href":"https:\/\/www.sorhea.com\/fr\/wp-json\/wp\/v2\/pages\/924\/revisions\/1232"}],"up":[{"embeddable":true,"href":"https:\/\/www.sorhea.com\/fr\/wp-json\/wp\/v2\/pages\/894"}],"wp:attachment":[{"href":"https:\/\/www.sorhea.com\/fr\/wp-json\/wp\/v2\/media?parent=924"}],"curies":[{"name":"wp","href":"https:\/\/api.w.org\/{rel}","templated":true}]}}