{"id":964,"date":"2017-11-27T17:17:29","date_gmt":"2017-11-27T16:17:29","guid":{"rendered":"https:\/\/www.sorhea.com\/?page_id=964"},"modified":"2026-02-27T15:28:24","modified_gmt":"2026-02-27T14:28:24","slug":"tarifs","status":"publish","type":"page","link":"https:\/\/www.sorhea.com\/fr\/espace-client\/tarifs\/","title":{"rendered":"Tarifs"},"content":{"rendered":"Vous devez \u00eatre connect\u00e9 pour voir ce contenu.","protected":false},"excerpt":{"rendered":"Vous devez \u00eatre connect\u00e9 pour voir ce contenu.","protected":false},"author":1,"featured_media":0,"parent":894,"menu_order":0,"comment_status":"closed","ping_status":"closed","template":"","meta":{"jetpack_post_was_ever_published":false,"footnotes":""},"class_list":["post-964","page","type-page","status-publish","hentry","description-off"],"jetpack_sharing_enabled":true,"jetpack_shortlink":"https:\/\/wp.me\/P9tlUG-fy","_links":{"self":[{"href":"https:\/\/www.sorhea.com\/fr\/wp-json\/wp\/v2\/pages\/964","targetHints":{"allow":["GET"]}}],"collection":[{"href":"https:\/\/www.sorhea.com\/fr\/wp-json\/wp\/v2\/pages"}],"about":[{"href":"https:\/\/www.sorhea.com\/fr\/wp-json\/wp\/v2\/types\/page"}],"author":[{"embeddable":true,"href":"https:\/\/www.sorhea.com\/fr\/wp-json\/wp\/v2\/users\/1"}],"replies":[{"embeddable":true,"href":"https:\/\/www.sorhea.com\/fr\/wp-json\/wp\/v2\/comments?post=964"}],"version-history":[{"count":100,"href":"https:\/\/www.sorhea.com\/fr\/wp-json\/wp\/v2\/pages\/964\/revisions"}],"predecessor-version":[{"id":9631,"href":"https:\/\/www.sorhea.com\/fr\/wp-json\/wp\/v2\/pages\/964\/revisions\/9631"}],"up":[{"embeddable":true,"href":"https:\/\/www.sorhea.com\/fr\/wp-json\/wp\/v2\/pages\/894"}],"wp:attachment":[{"href":"https:\/\/www.sorhea.com\/fr\/wp-json\/wp\/v2\/media?parent=964"}],"curies":[{"name":"wp","href":"https:\/\/api.w.org\/{rel}","templated":true}]}}